{"id":8603,"date":"2025-03-29T15:51:07","date_gmt":"2025-03-29T07:51:07","guid":{"rendered":"https:\/\/zojopackaging.com\/?post_type=product&#038;p=8603"},"modified":"2025-03-29T16:22:10","modified_gmt":"2025-03-29T08:22:10","slug":"custom-child-proof-1ml-vape-cartridge-packaging-boxes","status":"publish","type":"product","link":"https:\/\/zojopackaging.com\/pl\/product\/custom-child-proof-1ml-vape-cartridge-packaging-boxes\/","title":{"rendered":"Niestandardowe, zabezpieczone przed dzie\u0107mi opakowania na naboje Vape o pojemno\u015bci 1 ml"},"content":{"rendered":"<h3 id=\"customized-child-proof-1ml-electronic-cigarette-cartridge-packaging-box-description\">Indywidualne, zabezpieczone przed dzie\u0107mi opakowanie na wk\u0142ady do papieros\u00f3w elektronicznych o pojemno\u015bci 1 ml opis<\/h3>\n<h4 id=\"-2-child-proof-opening-and-humanized-design-\"><strong>1. Zabezpieczenie przed otwarciem przez dzieci i humanizowana konstrukcja<\/strong><\/h4>\n<ol>\n<li><strong>Struktura szuflady na papier<\/strong>: Przyjmuje\u00a0<strong>Konstrukcja z przesuwanym otworem<\/strong>Dzi\u0119ki precyzyjnej wsp\u00f3\u0142pracy klamry mi\u0119dzy korpusem pude\u0142ka a pokryw\u0105, nie tylko zapewnia, \u017ce dzieciom trudno jest otworzy\u0107 je jedn\u0105 r\u0119k\u0105 (obie r\u0119ce s\u0105 wymagane do naci\u015bni\u0119cia rowk\u00f3w po obu stronach i przesuwania w tym samym czasie), ale tak\u017ce zapewnia p\u0142ynne otwieranie i zamykanie dla doros\u0142ych, bior\u0105c pod uwag\u0119 bezpiecze\u0144stwo i wygod\u0119.<\/li>\n<li><strong>Optymalizacja rowka na kciuk<\/strong>: Ergonomiczny\u00a0<strong>rowki \u0142ukowe<\/strong>\u00a0s\u0105 umieszczone po obu stronach obudowy. G\u0142\u0119boko\u015b\u0107 i szeroko\u015b\u0107 s\u0105 dostosowane do rozmiaru kciuk\u00f3w doros\u0142ych, co u\u0142atwia otwieranie przy u\u017cyciu si\u0142y. Jednocze\u015bnie kraw\u0119dzie rowk\u00f3w s\u0105 zaokr\u0105glone i pozbawione zadzior\u00f3w, aby unikn\u0105\u0107 zarysowa\u0144.<\/li>\n<\/ol>\n<h4 id=\"-iii-visual-and-brand-communication-\"><strong>2. Komunikacja wizualna i komunikacja marki<\/strong><\/h4>\n<ol>\n<li><strong>Zastosowanie psychologii kolor\u00f3w<\/strong>: G\u0142\u00f3wnym kolorem jest\u00a0<strong>jasno\u017c\u00f3\u0142ty<\/strong>kt\u00f3ry promuje wydzielanie dopaminy poprzez stymulacj\u0119 wizualn\u0105 o wysokim nasyceniu, przekazuje witalno\u015b\u0107 i przyjemno\u015b\u0107 i jest szczeg\u00f3lnie odpowiedni do \u0142agodzenia przygn\u0119bionych emocji u\u017cytkownik\u00f3w podczas korzystania z CBD lub waporyzacji konopi.<\/li>\n<li><strong>Cz\u0119\u015bciowy proces UV<\/strong>:\u00a0<strong>Cz\u0119\u015bciowa pow\u0142oka UV<\/strong>\u00a0jest u\u017cywany na logo marki, kluczowych tekstach i wzorach, aby stworzy\u0107 efekt kontrastu mi\u0119dzy matowymi i b\u0142yszcz\u0105cymi powierzchniami oraz poprawi\u0107 tekstur\u0119; obszar UV jest odporny na zarysowania i odciski palc\u00f3w, co jest odpowiednie dla potrzeb wy\u015bwietlania w wysokiej klasy scenariuszach konsumenckich.<\/li>\n<\/ol>\n<h4 id=\"-fourth-highly-customized-services-\"><strong>3. wysoce spersonalizowane us\u0142ugi<\/strong><\/h4>\n<ol>\n<li><strong>Elastyczne potrzeby adaptacyjne<\/strong>: Obs\u0142uguje pe\u0142ne dostosowanie od materia\u0142\u00f3w (takich jak papier matowy, papier falisty), kolor\u00f3w (dostosowanie kart kolor\u00f3w Pantone), rozmiar\u00f3w (dostosowanie do wk\u0142ad\u00f3w o r\u00f3\u017cnej pojemno\u015bci) do proces\u00f3w powierzchniowych (t\u0142oczenie na gor\u0105co, wyt\u0142aczanie, laser), aby sprosta\u0107 pozycjonowaniu r\u00f3\u017cnicowania marki.<\/li>\n<li><strong>Fabryczne wsparcie techniczne<\/strong>: Fabryka sp\u00f3\u0142dzielcza zapewnia\u00a0<strong>darmowy projekt<\/strong>\u00a0(w tym modelowanie 3D i optymalizacja strukturalna),\u00a0<strong>Bezp\u0142atne sprawdzanie pr\u00f3bek<\/strong>\u00a0oraz\u00a0<strong>Pe\u0142ne wytyczne techniczne dotycz\u0105ce procesu produkcji<\/strong>\u00a0aby zapewni\u0107 dok\u0142adne wdro\u017cenie od rysunk\u00f3w do gotowych produkt\u00f3w. Pod wzgl\u0119dem ceny, opieraj\u0105c si\u0119 na produkcji na du\u017c\u0105 skal\u0119 i zaletach \u0142a\u0144cucha dostaw, mo\u017ce zapewni\u0107 najni\u017csze koszty w bran\u017cy.<\/li>\n<\/ol>\n<h4 id=\"-five-compliance-and-safety-standards-\"><strong>4. Zgodno\u015b\u0107 i standardy bezpiecze\u0144stwa<\/strong><\/h4>\n<ol>\n<li><strong>Certyfikacja w zakresie ochrony dzieci<\/strong>: Opakowanie przesz\u0142o mi\u0119dzynarodowy test ASTM, a dzieci poni\u017cej 5 roku \u017cycia nie mog\u0105 go otworzy\u0107 w ci\u0105gu 5 minut w te\u015bcie symulacyjnym, co spe\u0142nia wymogi prawne FDA dotycz\u0105ce opakowa\u0144 zabezpieczonych przed dzie\u0107mi.<\/li>\n<li><strong>Odporno\u015b\u0107 chemiczna i trwa\u0142o\u015b\u0107<\/strong>: Materia\u0142 przeszed\u0142 testy odporno\u015bci na korozj\u0119, odporno\u015bci na wysok\u0105 temperatur\u0119 (dostosowanie do \u015brodowiska transportowego) i odporno\u015bci na przenikanie atramentu, aby zapewni\u0107 d\u0142ugoterminow\u0105 stabilno\u015b\u0107 przechowywania.<\/li>\n<\/ol>\n<h4 id=\"-vi-application-scenarios-and-added-value-\"><strong>5. Scenariusze zastosowa\u0144 i warto\u015b\u0107 dodana<\/strong><\/h4>\n<p>Ten rodzaj opakowania nadaje si\u0119 nie tylko do wk\u0142ad\u00f3w do papieros\u00f3w elektronicznych, ale mo\u017ce by\u0107 r\u00f3wnie\u017c rozszerzony na atomizery CBD, leki medyczne i inne obszary wymagaj\u0105ce ochrony dzieci. Integruj\u0105c historie marki (takie jak koncepcje ochrony \u015brodowiska lub o\u015bwiadczenia zdrowotne) i inteligentne etykiety (takie jak kody identyfikowalno\u015bci RFID), mo\u017cna jeszcze bardziej wzmocni\u0107 zaufanie konsument\u00f3w i warto\u015b\u0107 dodan\u0105 produktu.<\/p>","protected":false},"excerpt":{"rendered":"<p>1. Powlekany papier artystyczny C2S 157 g, sztywny karton 1200 g, g\u0142adka powierzchnia, materia\u0142 przyjazny dla \u015brodowiska<br \/>\n2. Spot UV podkre\u015bla wysokiej klasy scen\u0119 logo marki i wra\u017cenia u\u017cytkownika.<br \/>\n3. Wysoce konfigurowalny, materia\u0142, kolor, rozmiar, proces drukowania powierzchni w celu dopasowania do opakowania 1 ml wk\u0142adu do e-papierosa<\/p>","protected":false},"featured_media":8606,"template":"","meta":[],"product_brand":[],"product_cat":[30,431,420,31],"product_tag":[903,902,792],"class_list":{"0":"post-8603","1":"product","2":"type-product","3":"status-publish","4":"has-post-thumbnail","6":"product_cat-by-industry","7":"product_cat-child-resistant-packaging","8":"product_cat-custom-cannabis-boxes","9":"product_cat-paper-box-style","10":"product_tag-1ml-vape-boxes","11":"product_tag-1ml-vape-cartridge-packaging","12":"product_tag-child-proof-vape-packaging","14":"first","15":"instock","16":"shipping-taxable","17":"product-type-simple"},"_links":{"self":[{"href":"https:\/\/zojopackaging.com\/pl\/wp-json\/wp\/v2\/product\/8603","targetHints":{"allow":["GET"]}}],"collection":[{"href":"https:\/\/zojopackaging.com\/pl\/wp-json\/wp\/v2\/product"}],"about":[{"href":"https:\/\/zojopackaging.com\/pl\/wp-json\/wp\/v2\/types\/product"}],"version-history":[{"count":1,"href":"https:\/\/zojopackaging.com\/pl\/wp-json\/wp\/v2\/product\/8603\/revisions"}],"predecessor-version":[{"id":8610,"href":"https:\/\/zojopackaging.com\/pl\/wp-json\/wp\/v2\/product\/8603\/revisions\/8610"}],"wp:featuredmedia":[{"embeddable":true,"href":"https:\/\/zojopackaging.com\/pl\/wp-json\/wp\/v2\/media\/8606"}],"wp:attachment":[{"href":"https:\/\/zojopackaging.com\/pl\/wp-json\/wp\/v2\/media?parent=8603"}],"wp:term":[{"taxonomy":"product_brand","embeddable":true,"href":"https:\/\/zojopackaging.com\/pl\/wp-json\/wp\/v2\/product_brand?post=8603"},{"taxonomy":"product_cat","embeddable":true,"href":"https:\/\/zojopackaging.com\/pl\/wp-json\/wp\/v2\/product_cat?post=8603"},{"taxonomy":"product_tag","embeddable":true,"href":"https:\/\/zojopackaging.com\/pl\/wp-json\/wp\/v2\/product_tag?post=8603"}],"curies":[{"name":"wp","href":"https:\/\/api.w.org\/{rel}","templated":true}]}}