{"id":8611,"date":"2025-03-29T16:22:17","date_gmt":"2025-03-29T08:22:17","guid":{"rendered":"https:\/\/zojopackaging.com\/?post_type=product&#038;p=8611"},"modified":"2025-03-29T16:55:13","modified_gmt":"2025-03-29T08:55:13","slug":"high-quality-customized-jewelry-drawer-paper-box-manufacturer","status":"publish","type":"product","link":"https:\/\/zojopackaging.com\/pl\/product\/high-quality-customized-jewelry-drawer-paper-box-manufacturer\/","title":{"rendered":"Wysokiej jako\u015bci niestandardowe pude\u0142ko papierowe do szuflady na bi\u017cuteri\u0119 Producent"},"content":{"rendered":"<h2 id=\"manufacturer-s-description-of-high-quality-custom-jewelry-drawer-paper-boxes\">Opis producenta wysokiej jako\u015bci niestandardowych pude\u0142ek papierowych do szuflad na bi\u017cuteri\u0119<\/h2>\n<h3 id=\"-1-innovative-box-design-and-environmental-sustainability-\"><strong>1. Innowacyjna konstrukcja pude\u0142ka i zr\u00f3wnowa\u017cony rozw\u00f3j<\/strong><\/h3>\n<p>Jako starsza fabryka specjalizuj\u0105ca si\u0119 w produkcji pude\u0142ek do pakowania bi\u017cuterii, przyjmujemy d<strong>surowsza konstrukcja pude\u0142ka<\/strong>Z przesuwn\u0105 struktur\u0105 otwierania jako rdzeniem, w po\u0142\u0105czeniu z ergonomi\u0105, aby zoptymalizowa\u0107 otwieranie i zamykanie. Korpus skrzynki i wewn\u0119trzna szuflada s\u0105 po\u0142\u0105czone precyzyjnymi szynami, a otwieranie i zamykanie s\u0105 p\u0142ynne, a t\u0142umienie jest umiarkowane, co pozwala nie tylko unikn\u0105\u0107 przypadkowego po\u015blizgu, ale tak\u017ce zweryfikowa\u0107 jego trwa\u0142o\u015b\u0107 poprzez wielokrotne otwieranie i zamykanie. Materia\u0142\u00a0<strong>157g papier powlekany C2S + 1200g twardy karton<\/strong>Powierzchnia jest pokryta pow\u0142ok\u0105 o wysokim po\u0142ysku, dzi\u0119ki czemu jest delikatna i g\u0142adka w dotyku, a tak\u017ce ma doskona\u0142\u0105 przyczepno\u015b\u0107 nadruku, co pozwala na dok\u0142adn\u0105 prezentacj\u0119 z\u0142o\u017conych wzor\u00f3w i logo marki. Ponadto karton przeszed\u0142 certyfikacj\u0119 le\u015bn\u0105 FSC, aby zapewni\u0107, \u017ce \u017ar\u00f3d\u0142o surowc\u00f3w spe\u0142nia normy ochrony \u015brodowiska i wspiera recykling.<\/p>\n<h3 id=\"-second-luxury-details-and-brand-value-enhancement-\"><strong>2. Luksusowe detale i zwi\u0119kszenie warto\u015bci marki<\/strong><\/h3>\n<p>Aby zwi\u0119kszy\u0107 atrakcyjno\u015b\u0107 wizualn\u0105 i rozpoznawalno\u015b\u0107 marki opakowania, umieszczamy w nim\u00a0<strong>per\u0142y naturalne lub imitacje pere\u0142<\/strong> na g\u00f3rnej cz\u0119\u015bci korpusu pude\u0142ka i przymocowa\u0107 je za pomoc\u0105 technologii r\u0119cznego nak\u0142adania, kt\u00f3ra nie tylko zachowuje naturalny po\u0142ysk, ale tak\u017ce zwi\u0119ksza og\u00f3lny luksus. Druk powierzchniowy przyjmuje CMKY<strong>\u00a0Precyzyjna technologia druku<\/strong>Obs\u0142uguje personalizacj\u0119 kolor\u00f3w Pantone i jest cz\u0119\u015bciowo dopasowana do technologii t\u0142oczenia na gor\u0105co, laminowania UV lub wyt\u0142aczania. Na przyk\u0142ad tr\u00f3jwymiarowe wybrzuszenia UV s\u0105 u\u017cywane w logo marki, tworz\u0105c podw\u00f3jny punkt pami\u0119ci dotykowej i wzrokowej. Podszewka wykonana jest z\u00a0<strong>niestandardowy materia\u0142 flokowany<\/strong>a kontur bi\u017cuterii jest dok\u0142adnie dopasowany dzi\u0119ki modelowaniu 3D. Na przyk\u0142ad, rowek na pier\u015bcionek ma falisty aksamitny rowek, a wspornik naszyjnika ma regulowan\u0105 konstrukcj\u0119 do zawieszania, kt\u00f3ra nie tylko chroni produkt przed zadrapaniami, ale tak\u017ce poprawia estetyk\u0119 wy\u015bwietlania.<\/p>\n<h3 id=\"-three-full-link-customized-service-capabilities-\"><strong>3. w pe\u0142ni dostosowane mo\u017cliwo\u015bci us\u0142ug<\/strong><\/h3>\n<p>Poleganie na\u00a0<strong>16 lat do\u015bwiadczenia w produkcji opakowa\u0144 jubilerskich<\/strong>Zapewniamy kompleksowe dostosowanie od projektu do produkcji:<\/p>\n<ol>\n<li><strong>Elastyczna adaptacja pude\u0142ka<\/strong>: Obs\u0142uguje r\u00f3\u017cne typy pude\u0142ek pochodnych, takie jak g\u00f3rne i dolne pokrywy, klapki, zamki magnetyczne itp., o rozmiarach od 30 mm \u00d7 30 mm do 300 mm \u00d7 300 mm, spe\u0142niaj\u0105c potrzeby przechowywania pojedynczej bi\u017cuterii do kompletnych zestaw\u00f3w bi\u017cuterii.<\/li>\n<li><strong>Rozwi\u0105zanie do modernizacji materia\u0142\u00f3w<\/strong>: Opr\u00f3cz standardowego kartonu mo\u017cna wybra\u0107 specjalne materia\u0142y, takie jak z\u0142oty i srebrny karton, papier per\u0142owy i papier wype\u0142niony sk\u00f3r\u0105, lub procesy kompozytowe, takie jak metalowe obramowanie i sk\u00f3rzana okleina, aby dostosowa\u0107 si\u0119 do wysokiej klasy niestandardowych scenariuszy.<\/li>\n<li><strong>Inteligentne rozszerzenie funkcji<\/strong>: Mo\u017ce integrowa\u0107 chipy RFID zapobiegaj\u0105ce fa\u0142szerstwom, znaczniki NFC itp. U\u017cytkownicy mog\u0105 uzyska\u0107 informacje o identyfikowalno\u015bci produktu, dotykaj\u0105c swoich telefon\u00f3w kom\u00f3rkowych, aby zwi\u0119kszy\u0107 zaufanie konsument\u00f3w.<\/li>\n<\/ol>\n<h3 id=\"-fourth-large-scale-production-and-quality-control-guarantee-\"><strong>4. Produkcja na du\u017c\u0105 skal\u0119 i gwarancja kontroli jako\u015bci<\/strong><\/h3>\n<p>Fabryka posiada\u00a0<strong>20 w pe\u0142ni automatycznych linii produkcyjnych<\/strong>w tym wykrawarki CNC, precyzyjne maszyny do t\u0142oczenia na gor\u0105co i inteligentny sprz\u0119t do kontroli jako\u015bci, o \u015bredniej dziennej zdolno\u015bci produkcyjnej wynosz\u0105cej 100 000 sztuk, obs\u0142uguj\u0105ce 48-godzinny ultraszybki proofing i dostaw\u0119 na du\u017c\u0105 skal\u0119 w ci\u0105gu 15 dni. System kontroli jako\u015bci przeszed\u0142\u00a0<strong>Certyfikat zarz\u0105dzania jako\u015bci\u0105 ISO 9001<\/strong>\u00a0oraz\u00a0<strong>Certyfikacja \u015brodowiskowa FSC<\/strong>i wdra\u017ca potr\u00f3jny proces testowania:<\/p>\n<ul>\n<li><strong>Testowanie surowc\u00f3w<\/strong>: Laboratoryjne testy gramatury kartonu, odporno\u015bci na zginanie i zawarto\u015bci metali ci\u0119\u017ckich w tuszu;<\/li>\n<li><strong>Monitorowanie procesu produkcji<\/strong>: U\u017cyj kolorymetru do kalibracji kolor\u00f3w druku w czasie rzeczywistym, aby zapewni\u0107 sp\u00f3jno\u015b\u0107 partii;<\/li>\n<li><strong>Testy ci\u015bnieniowe gotowego produktu<\/strong>: Symulacja \u015brodowiska transportowego w celu przetestowania opakowania pod k\u0105tem cykli \u015bciskania, upuszczania, temperatury i wilgotno\u015bci, z wytrzyma\u0142o\u015bci\u0105 na obci\u0105\u017cenia przekraczaj\u0105c\u0105 20 kg.<\/li>\n<\/ul>\n<h4 id=\"-five-one-stop-service-and-industry-solutions-\"><strong>5. Kompleksowa obs\u0142uga i rozwi\u0105zania bran\u017cowe<\/strong><\/h4>\n<p>Nasz profesjonalny zesp\u00f3\u0142 zapewnia\u00a0<strong>Bezp\u0142atne wsparcie projektowe<\/strong>w tym renderowanie strukturalne 3D, rozwi\u0105zania integracyjne marki VI i sugestie dotycz\u0105ce optymalizacji koszt\u00f3w. Ukierunkowanie na r\u00f3\u017cne pozycje rynkowe:<\/p>\n<ul>\n<li><strong>Transgraniczni klienci e-commerce<\/strong>: Dostarczanie lekkich opakowa\u0144 i odpornych na wstrz\u0105sy rozwi\u0105za\u0144 logistycznych spe\u0142niaj\u0105cych wymagania platform Amazon i eBay;<\/li>\n<li><strong>Wysokiej klasy marki bi\u017cuterii<\/strong>: Wsp\u00f3\u0142praca z w\u0142oskimi zespo\u0142ami projektant\u00f3w w celu opracowania limitowanej edycji artystycznych pude\u0142ek na prezenty, integruj\u0105cych orientalne rzemios\u0142o lakiernicze z zachodni\u0105 minimalistyczn\u0105 estetyk\u0105;<\/li>\n<li><strong>Potrzeby w zakresie dzia\u0142a\u0144 promocyjnych<\/strong>: Obs\u0142uguje ma\u0142e zam\u00f3wienia seryjne (minimum 500 sztuk) i mo\u017ce by\u0107 dopasowana do niestandardowych torebek, kart gwarancyjnych i innych materia\u0142\u00f3w peryferyjnych.<\/li>\n<\/ul>\n<p><strong>Warto\u015b\u0107 wsp\u00f3\u0142pracy<\/strong>: Wybieraj\u0105c nas, otrzymasz rozwi\u0105zanie do pakowania bi\u017cuterii, kt\u00f3re \u0142\u0105czy w sobie funkcjonalno\u015b\u0107, artyzm i odpowiedzialno\u015b\u0107 za \u015brodowisko, przekazuje histori\u0119 marki za po\u015brednictwem medi\u00f3w opakowaniowych i zwi\u0119ksza przestrze\u0144 premium produktu.<\/p>","protected":false},"excerpt":{"rendered":"<p>1. Powlekany papier artystyczny C2S 157 g, sztywny materia\u0142 kartonowy 1200 g, g\u0142adka powierzchnia, silna przyczepno\u015b\u0107, wyra\u017any nadruk<br \/>\n2. Per\u0142owe akcesoria zwi\u0119kszaj\u0105 poczucie luksusu i atrakcyjno\u015bci wizualnej oraz zwi\u0119kszaj\u0105 rozpoznawalno\u015b\u0107 marki.<br \/>\n3. Typ pude\u0142ka, rozmiar, materia\u0142 i nadruk powierzchni mo\u017cna w du\u017cym stopniu dostosowa\u0107 do opakowania bi\u017cuterii<\/p>","protected":false},"featured_media":8612,"template":"","meta":[],"product_brand":[],"product_cat":[30,415,31,426],"product_tag":[906,904,905],"class_list":{"0":"post-8611","1":"product","2":"type-product","3":"status-publish","4":"has-post-thumbnail","6":"product_cat-by-industry","7":"product_cat-custom-jewelry-boxes-by-industry","8":"product_cat-paper-box-style","9":"product_cat-paper-drawer-boxes","10":"product_tag-customized-jewelry-box","11":"product_tag-high-quality-logo-customized-jewelry-drawer-paper-box-manufacturer-jewelry-drawer-paper-box","12":"product_tag-jewelry-box-manufacturer","14":"first","15":"instock","16":"shipping-taxable","17":"product-type-simple"},"_links":{"self":[{"href":"https:\/\/zojopackaging.com\/pl\/wp-json\/wp\/v2\/product\/8611","targetHints":{"allow":["GET"]}}],"collection":[{"href":"https:\/\/zojopackaging.com\/pl\/wp-json\/wp\/v2\/product"}],"about":[{"href":"https:\/\/zojopackaging.com\/pl\/wp-json\/wp\/v2\/types\/product"}],"version-history":[{"count":1,"href":"https:\/\/zojopackaging.com\/pl\/wp-json\/wp\/v2\/product\/8611\/revisions"}],"predecessor-version":[{"id":8623,"href":"https:\/\/zojopackaging.com\/pl\/wp-json\/wp\/v2\/product\/8611\/revisions\/8623"}],"wp:featuredmedia":[{"embeddable":true,"href":"https:\/\/zojopackaging.com\/pl\/wp-json\/wp\/v2\/media\/8612"}],"wp:attachment":[{"href":"https:\/\/zojopackaging.com\/pl\/wp-json\/wp\/v2\/media?parent=8611"}],"wp:term":[{"taxonomy":"product_brand","embeddable":true,"href":"https:\/\/zojopackaging.com\/pl\/wp-json\/wp\/v2\/product_brand?post=8611"},{"taxonomy":"product_cat","embeddable":true,"href":"https:\/\/zojopackaging.com\/pl\/wp-json\/wp\/v2\/product_cat?post=8611"},{"taxonomy":"product_tag","embeddable":true,"href":"https:\/\/zojopackaging.com\/pl\/wp-json\/wp\/v2\/product_tag?post=8611"}],"curies":[{"name":"wp","href":"https:\/\/api.w.org\/{rel}","templated":true}]}}