{"id":8626,"date":"2025-03-29T16:56:23","date_gmt":"2025-03-29T08:56:23","guid":{"rendered":"https:\/\/zojopackaging.com\/?post_type=product&#038;p=8626"},"modified":"2025-03-29T17:22:16","modified_gmt":"2025-03-29T09:22:16","slug":"premium-custom-printed-perfume-fragrance-boxes-manufacturer","status":"publish","type":"product","link":"https:\/\/zojopackaging.com\/pl\/product\/premium-custom-printed-perfume-fragrance-boxes-manufacturer\/","title":{"rendered":"Pude\u0142ka na perfumy z nadrukiem Premium Producent"},"content":{"rendered":"<h3 id=\"manufacturer-s-description-of-high-quality-custom-printed-perfume-and-aromatherapy-boxes\">Opis producenta wysokiej jako\u015bci niestandardowych drukowanych pude\u0142ek na perfumy i aromaterapi\u0119<\/h3>\n<h4 id=\"-1-innovative-design-and-humanized-experience-\"><strong>1. Innowacyjny design i humanizowane do\u015bwiadczenie<\/strong><\/h4>\n<p>Jako profesjonalna fabryka, kt\u00f3ra od wielu lat jest g\u0142\u0119boko zaanga\u017cowana w produkcj\u0119 opakowa\u0144, na nowo definiujemy wygod\u0119 pude\u0142ek na perfumy i aromaterapi\u0119.\u00a0<strong>papier szufladowy i konstrukcja zamkni\u0119cia<\/strong>\u00a0jako rdze\u0144. Korpus pude\u0142ka przyjmuje precyzyjn\u0105 konstrukcj\u0119 szyny \u015blizgowej, a pokrywa pude\u0142ka mo\u017ce by\u0107 p\u0142ynnie otwierana i zamykana jednym naci\u015bni\u0119ciem r\u0119ki, bez potrzeby naciskania obur\u0105cz lub skomplikowanych krok\u00f3w (patrz opatentowana koncepcja optymalizacji strukturalnej). Wewn\u0119trzna szuflada i zewn\u0119trzna pow\u0142oka s\u0105 mocowane za pomoc\u0105 magnetycznych klamer, co nie tylko zapewnia stabilno\u015b\u0107 transportu, ale tak\u017ce pozwala u\u017cytkownikom szybko podnosi\u0107 i wk\u0142ada\u0107 produkty. Kraw\u0119dzie obudowy s\u0105 zaokr\u0105glone i dopasowane do technologii matowej powierzchni, kt\u00f3ra jest delikatna w dotyku i antypo\u015blizgowa, bior\u0105c pod uwag\u0119 praktyczno\u015b\u0107 i wra\u017cenie wysokiej jako\u015bci.<\/p>\n<h4 id=\"-2-luxury-materials-and-environmental-protection-concept-\"><strong>2. Luksusowe materia\u0142y i koncepcja ochrony \u015brodowiska<\/strong><\/h4>\n<p>G\u0142\u00f3wny korpus opakowania przyjmuje\u00a0<strong>157g papier powlekany C2S + 1200g twardy karton<\/strong>Powierzchnia jest pokryta precyzyjn\u0105 technologi\u0105 powlekania, charakteryzuj\u0105c\u0105 si\u0119 du\u017c\u0105 przyczepno\u015bci\u0105 i odporno\u015bci\u0105 na zarysowania. B\u0142yszcz\u0105cy papier powlekany mo\u017ce dok\u0142adnie prezentowa\u0107 szczeg\u00f3\u0142y procesu, takie jak t\u0142oczenie na gor\u0105co i wyt\u0142aczanie UV, podczas gdy p\u0142yta pil\u015bniowa przesz\u0142a certyfikacj\u0119 le\u015bn\u0105 FSC, aby zapewni\u0107, \u017ce \u017ar\u00f3d\u0142o surowc\u00f3w spe\u0142nia normy \u015brodowiskowe i wspiera recykling. Podszewka wykorzystuje biodegradowalne\u00a0<strong>niestandardowe flokowanie lub materia\u0142 EVA<\/strong>i dok\u0142adnie dopasowuje si\u0119 do kontur\u00f3w produktu dzi\u0119ki technologii modelowania 3D. Na przyk\u0142ad okr\u0105g\u0142a butelka perfum jest przymocowana za pomoc\u0105 rowka pier\u015bcieniowego, a pasek do aromaterapii jest zaprojektowany z zatrzaskowym uchwytem, aby zmniejszy\u0107 luk\u0119 w opakowaniu, jednocze\u015bnie poprawiaj\u0105c odporno\u015b\u0107 na wstrz\u0105sy.<\/p>\n<h4 id=\"-third-visual-aesthetics-and-brand-value-transmission-\"><strong>3. Estetyka wizualna i przekazywanie warto\u015bci marki<\/strong><\/h4>\n<ol>\n<li><strong>System dekoracji wst\u0105\u017ckami<\/strong>:\u00a0<strong>R\u0119cznie tkane wst\u0105\u017cki<\/strong>\u00a0s\u0105 osadzone na \u015brodku lub z boku pokrywy pude\u0142ka. Dost\u0119pne s\u0105 materia\u0142y jedwabne, satynowe lub t\u0142oczone na gor\u0105co, a kokardki, fr\u0119dzle i inne kszta\u0142ty s\u0105 u\u017cywane w celu zwi\u0119kszenia rozpoznawalno\u015bci marki. Na przyk\u0142ad jasnor\u00f3\u017cowa wst\u0105\u017cka z per\u0142owymi klamrami jest odpowiednia dla romantycznego tonu kobiecych perfum; ciemnoniebieska pleciona wst\u0105\u017cka pasuje do spokojnego temperamentu neutralnego zapachu.<\/li>\n<li><strong>Minimalistyczny j\u0119zyk projektowania<\/strong>: Z kolorem Morandi jako g\u0142\u00f3wnym tonem, elegancka estetyka \"mniej znaczy wi\u0119cej\" jest podkre\u015blona poprzez kontrast matowych i b\u0142yszcz\u0105cych materia\u0142\u00f3w, pusty uk\u0142ad i inne techniki. Logo marki wykorzystuje lokaln\u0105 technologi\u0119 wyt\u0142aczania UV, kt\u00f3ra jest tr\u00f3jwymiarowa i odporna na zu\u017cycie w dotyku, tworz\u0105c unikalny wizualny punkt pami\u0119ci w \u015bwietle i cieniu.<\/li>\n<\/ol>\n<h4 id=\"-fourth-full-link-customized-service-\"><strong>4. Pe\u0142na us\u0142uga dostosowana do potrzeb klienta<\/strong><\/h4>\n<p>Poleganie na\u00a0<strong>16 lat do\u015bwiadczenia w produkcji opakowa\u0144<\/strong>Zapewniamy kompleksowe rozwi\u0105zanie od projektu do masowej produkcji:<\/p>\n<ul>\n<li><strong>Elastyczna adaptacja pude\u0142ka<\/strong>: Obs\u0142uguje struktury pochodne, takie jak g\u00f3rne i dolne pokrywy, pude\u0142ka w kszta\u0142cie ksi\u0105\u017cki i klapki magnetyczne. Rozmiar obejmuje od 30 mm \u00d7 30 mm do 300 mm \u00d7 300 mm i jest odpowiedni dla opakowa\u0144 pr\u00f3bnych perfum o pojemno\u015bci od 1 ml do pude\u0142ek upominkowych do aromaterapii o pojemno\u015bci 200 ml.<\/li>\n<li><strong>Rozszerzenie funkcji<\/strong>: Mo\u017ce integrowa\u0107 chipy RFID zapobiegaj\u0105ce podrabianiu i znaczniki NFC, a u\u017cytkownicy mog\u0105 uzyska\u0107 informacje o identyfikowalno\u015bci produktu, dotykaj\u0105c swoich telefon\u00f3w kom\u00f3rkowych; lub doda\u0107 modu\u0142y powolnego uwalniania zapachu, aby opakowanie samo w sobie by\u0142o no\u015bnikiem zapachu.<\/li>\n<li><strong>Inteligentny system produkcji<\/strong>20 w pe\u0142ni zautomatyzowanych linii produkcyjnych wyposa\u017conych w wykrawarki CNC i precyzyjny sprz\u0119t do t\u0142oczenia na gor\u0105co, obs\u0142uguj\u0105cych 48-godzinny ultraszybki proofing, realizuj\u0105cych zam\u00f3wienia na 100 000 sztuk w ci\u0105gu 15 dni i posiadaj\u0105cych certyfikat systemu jako\u015bci ISO 9001.<\/li>\n<\/ul>\n<h4 id=\"-v-scenario-based-application-and-market-competitiveness-\"><strong>5. Zastosowanie oparte na scenariuszach i konkurencyjno\u015b\u0107 rynkowa<\/strong><\/h4>\n<p>Ten rodzaj opakowania nadaje si\u0119 nie tylko do perfum i produkt\u00f3w do aromaterapii, ale mo\u017ce by\u0107 r\u00f3wnie\u017c rozszerzony na wysokiej klasy produkty do piel\u0119gnacji sk\u00f3ry, prezenty jubilerskie i inne dziedziny. Na przyk\u0142ad:<\/p>\n<ul>\n<li><strong>Festiwalowe limitowane pude\u0142ko upominkowe<\/strong>: Po\u0142\u0105cz t\u0142oczone na gor\u0105co wst\u0105\u017cki z p\u0142atkami \u015bniegu z tektur\u0105 o fakturze drewna sosnowego, aby stworzy\u0107 zimowy zestaw tematyczny;<\/li>\n<li><strong>Wsp\u00f3lna seria marki<\/strong>: Wsp\u00f3\u0142praca z artystami w celu zaprojektowania abstrakcyjnych wzor\u00f3w wst\u0105\u017cek, dopasowania matowego czarnego korpusu pude\u0142ka i stworzenia lekkiego luksusowego stylu. Przekazuj\u0105c historie marki za po\u015brednictwem medi\u00f3w opakowaniowych, przestrze\u0144 premium produkt\u00f3w klienta mo\u017ce zosta\u0107 zwi\u0119kszona o ponad 30%, przy jednoczesnym zmniejszeniu wska\u017anika strat transportowych do mniej ni\u017c 0,5%.<\/li>\n<\/ul>\n<p><strong>Warto\u015b\u0107 wsp\u00f3\u0142pracy<\/strong>: Wybieraj\u0105c nas, otrzymasz rozwi\u0105zanie opakowaniowe, kt\u00f3re \u0142\u0105czy w sobie funkcjonalno\u015b\u0107, kunszt i odpowiedzialno\u015b\u0107 za \u015brodowisko, a tak\u017ce zwi\u0119ksza warto\u015b\u0107 marki dzi\u0119ki kunsztowi wykonania.<\/p>","protected":false},"excerpt":{"rendered":"<p>1. Konstrukcja otwierania i zamykania szuflady na papier nie wymaga skomplikowanych czynno\u015bci. U\u017cytkownicy mog\u0105 z \u0142atwo\u015bci\u0105 wyjmowa\u0107 i wk\u0142ada\u0107 produkty jedn\u0105 r\u0119k\u0105, co poprawia wydajno\u015b\u0107 otwierania pude\u0142ka.<br \/>\n2. Akcesoria do wst\u0105\u017cek to podstawowe elementy dekoracyjne, kt\u00f3re mog\u0105 zwi\u0119kszy\u0107 warto\u015b\u0107 dodan\u0105 produktu.<br \/>\n3. Powlekany papier artystyczny C2S o gramaturze 157 g, sztywny karton o gramaturze 1200 g to materia\u0142y przyjazne dla \u015brodowiska, mocne i trwa\u0142e.<\/p>","protected":false},"featured_media":8627,"template":"","meta":[],"product_brand":[],"product_cat":[30,417,31,426],"product_tag":[225,910,911],"class_list":{"0":"post-8626","1":"product","2":"type-product","3":"status-publish","4":"has-post-thumbnail","6":"product_cat-by-industry","7":"product_cat-custom-perfume-boxes-by-industry","8":"product_cat-paper-box-style","9":"product_cat-paper-drawer-boxes","10":"product_tag-custom-perfume-boxes","11":"product_tag-fragrance-boxes-manufacturer","12":"product_tag-premium-perfume-boxes","14":"first","15":"instock","16":"shipping-taxable","17":"product-type-simple"},"_links":{"self":[{"href":"https:\/\/zojopackaging.com\/pl\/wp-json\/wp\/v2\/product\/8626","targetHints":{"allow":["GET"]}}],"collection":[{"href":"https:\/\/zojopackaging.com\/pl\/wp-json\/wp\/v2\/product"}],"about":[{"href":"https:\/\/zojopackaging.com\/pl\/wp-json\/wp\/v2\/types\/product"}],"version-history":[{"count":1,"href":"https:\/\/zojopackaging.com\/pl\/wp-json\/wp\/v2\/product\/8626\/revisions"}],"predecessor-version":[{"id":8636,"href":"https:\/\/zojopackaging.com\/pl\/wp-json\/wp\/v2\/product\/8626\/revisions\/8636"}],"wp:featuredmedia":[{"embeddable":true,"href":"https:\/\/zojopackaging.com\/pl\/wp-json\/wp\/v2\/media\/8627"}],"wp:attachment":[{"href":"https:\/\/zojopackaging.com\/pl\/wp-json\/wp\/v2\/media?parent=8626"}],"wp:term":[{"taxonomy":"product_brand","embeddable":true,"href":"https:\/\/zojopackaging.com\/pl\/wp-json\/wp\/v2\/product_brand?post=8626"},{"taxonomy":"product_cat","embeddable":true,"href":"https:\/\/zojopackaging.com\/pl\/wp-json\/wp\/v2\/product_cat?post=8626"},{"taxonomy":"product_tag","embeddable":true,"href":"https:\/\/zojopackaging.com\/pl\/wp-json\/wp\/v2\/product_tag?post=8626"}],"curies":[{"name":"wp","href":"https:\/\/api.w.org\/{rel}","templated":true}]}}