{"id":8650,"date":"2025-03-29T18:38:04","date_gmt":"2025-03-29T10:38:04","guid":{"rendered":"https:\/\/zojopackaging.com\/?post_type=product&#038;p=8650"},"modified":"2025-03-29T18:51:30","modified_gmt":"2025-03-29T10:51:30","slug":"custom-hard-packing-wax-figure-statue-ceramic-packaging-box","status":"publish","type":"product","link":"https:\/\/zojopackaging.com\/pl\/product\/custom-hard-packing-wax-figure-statue-ceramic-packaging-box\/","title":{"rendered":"Niestandardowe twarde opakowanie Figurka woskowa Statuetka Ceramiczne pude\u0142ko do pakowania"},"content":{"rendered":"<h3 id=\"customized-hard-packaging-wax-statue-ceramic-packaging-box-product-description\">Dostosowane twarde opakowanie woskowe statuetka ceramiczne pude\u0142ko do pakowania<\/h3>\n<h4 id=\"1-environmentally-friendly-and-sustainable-materials-a-balance-between-nature-and-technology-\">1.\u00a0<strong>Przyjazne dla \u015brodowiska i zr\u00f3wnowa\u017cone materia\u0142y: r\u00f3wnowaga mi\u0119dzy natur\u0105 a technologi\u0105<\/strong><\/h4>\n<p>Ten produkt wykorzystuje\u00a0<strong>Powlekany papier artystyczny C2S 157 g (papier powlekany) i sztywna tektura 1200 g (karton)<\/strong>\u00a0po\u0142\u0105czenie materia\u0142\u00f3w, kt\u00f3re s\u0105 zar\u00f3wno estetyczne, jak i funkcjonalne.<\/p>\n<ul>\n<li><strong>Korzy\u015bci dla \u015brodowiska<\/strong>: Wszystkie surowce posiadaj\u0105 certyfikat FSC i wspieraj\u0105 recykling. Wewn\u0119trzny karton jest \u0142\u0105czony bezklejowo, aby zmniejszy\u0107 zanieczyszczenie chemiczne; zewn\u0119trzny powlekany papier jest pokryty matow\u0105 pow\u0142ok\u0105, aby unikn\u0105\u0107 odbicia \u015bwiat\u0142a i poprawi\u0107 delikatno\u015b\u0107 dotyku.<\/li>\n<li><strong>Zr\u00f3wnowa\u017cony projekt<\/strong>: Dzi\u0119ki optymalizacji struktury w celu zmniejszenia ilo\u015bci odpad\u00f3w materia\u0142owych, opakowanie mo\u017ce by\u0107 w ca\u0142o\u015bci poddane recyklingowi lub degradacji, zgodnie z unijnymi normami ochrony \u015brodowiska REACH.<\/li>\n<\/ul>\n<h4 id=\"2-head-and-earth-cover-box-type-dual-upgrade-of-ritual-sense-and-protection-\">2. Pokrywa i podstawa<strong>\u00a0Typ pude\u0142ka: podw\u00f3jne ulepszenie zmys\u0142u rytualnego i ochrony<\/strong><\/h4>\n<p>Przyj\u0119cie klasycznego\u00a0<strong>Struktura g\u00f3rnej i dolnej pokrywy<\/strong>w po\u0142\u0105czeniu z wyj\u0105tkowymi w\u0142a\u015bciwo\u015bciami woskowych statuetek, aby stworzy\u0107 wci\u0105gaj\u0105ce wra\u017cenia podczas rozpakowywania.<\/p>\n<ul>\n<li><strong>Zalety strukturalne<\/strong>: Pude\u0142ko z g\u00f3rn\u0105 i doln\u0105 pokryw\u0105 ma du\u017c\u0105 przestrze\u0144 wewn\u0119trzn\u0105 i mo\u017ce pomie\u015bci\u0107 ceramiczne statuetki o wysoko\u015bci do 50 cm. Precyzyjnie obliczona konstrukcja szczeliny zapewnia zerowe przemieszczenie podczas transportu.<\/li>\n<li><strong>Warto\u015b\u0107 estetyczna<\/strong>: Po otwarciu pokrywy uzyskuje si\u0119 \"sceniczny\" efekt wizualny, jakby ods\u0142aniane by\u0142o dzie\u0142o sztuki. LOGO marki lub spersonalizowany totem s\u0105 wyt\u0142aczane na gor\u0105co na powierzchni, a matowy niebieski kolor g\u0142\u00f3wny tworzy uzdrawiaj\u0105c\u0105 atmosfer\u0119.<\/li>\n<\/ul>\n<h4 id=\"3-unlimited-customization-comprehensive-adaptation-from-function-to-art-\">3.\u00a0<strong>Nieograniczona personalizacja: Wszechstronne dostosowanie od funkcji do sztuki<\/strong><\/h4>\n<ol>\n<li><strong>Typ i rozmiar pude\u0142ka<\/strong>: Obs\u0142uguje ci\u0119cie w specjalnych kszta\u0142tach (takich jak \u0142uk, puste okno perspektywiczne), warstwow\u0105 struktur\u0119 szuflady i nadaje si\u0119 do figur woskowych i rze\u017ab ceramicznych o r\u00f3\u017cnych rozmiarach.<\/li>\n<li><strong>Kolor i wykonanie<\/strong>:<\/li>\n<li><strong>Kolor g\u0142\u00f3wny<\/strong>: Adoptuj\u00a0<strong>Morandi niebieski<\/strong>Dok\u0142adnie dostosuj kolor za pomoc\u0105 karty kolor\u00f3w Pantone, zmniejsz zm\u0119czenie wzroku i dopasuj temperament wysokiej klasy r\u0119kodzie\u0142a.<\/li>\n<li><strong>Technologia druku<\/strong>: Druk offsetowy w wysokiej rozdzielczo\u015bci + lokalna technologia UV, aby osi\u0105gn\u0105\u0107 brak r\u00f3\u017cnicy kolor\u00f3w we wzorze, ostro\u015b\u0107 tekstu 300 dpi i doskonale prezentowa\u0107 r\u0119cznie malowane detale i logo marki.<\/li>\n<li><strong>Wewn\u0119trzna ochrona podszewki<\/strong>:<\/li>\n<li><strong>Dostosowana taca wewn\u0119trzna<\/strong>: U\u017cywana jest g\u0105bka EVA lub degradowalny papier o strukturze plastra miodu, wycinany zgodnie z konturem produktu, a wydajno\u015b\u0107 amortyzacji osi\u0105ga standard ASTM D4169, kt\u00f3ry jest odporny na wstrz\u0105sy i nacisk.<\/li>\n<li><strong>Warstwowa konstrukcja<\/strong>: Mo\u017cna doda\u0107 niezale\u017cne bariery w celu ochrony akcesori\u00f3w (takich jak certyfikaty, narz\u0119dzia konserwacyjne).<\/li>\n<\/ol>\n<h4 id=\"4-direct-connection-to-the-source-factory-double-guarantee-of-efficiency-and-quality-\">4.\u00a0<strong>Bezpo\u015brednie po\u0142\u0105czenie z fabryk\u0105 \u017ar\u00f3d\u0142ow\u0105: podw\u00f3jna gwarancja wydajno\u015bci i jako\u015bci<\/strong><\/h4>\n<ul>\n<li><strong>\u0141a\u0144cuch produkcyjny<\/strong>: Bezpo\u015brednio pod\u0142\u0105czony do\u00a0<strong>profesjonalna fabryka r\u0119cznie robionych opakowa\u0144 na produkty<\/strong>\u00a0w regionie delty Rzeki Per\u0142owej w Chinach, przy u\u017cyciu w pe\u0142ni automatycznej maszyny pakuj\u0105cej z g\u00f3rn\u0105 i doln\u0105 pokryw\u0105, o \u015bredniej dziennej zdolno\u015bci produkcyjnej 5000+ i wska\u017aniku b\u0142\u0119du &lt;0,1 mm.<\/li>\n<li><strong>Zalety us\u0142ugi<\/strong>:<\/li>\n<li>Pliki pr\u00f3bne 3D s\u0105 dostarczane w ci\u0105gu 48 godzin, a fizyczna dostawa pude\u0142ka pr\u00f3bnego jest realizowana w ci\u0105gu 72 godzin;<\/li>\n<li>Obs\u0142uga dostosowywania ma\u0142ych partii (minimalne zam\u00f3wienie 50 sztuk), bez dodatkowych op\u0142at za wersj\u0119.<\/li>\n<\/ul>\n<h4 id=\"5-application-scenarios-and-brand-empowerment-\">5.\u00a0<strong>Scenariusze zastosowa\u0144 i wzmocnienie marki<\/strong><\/h4>\n<ul>\n<li><strong>Adaptacja scenariusza<\/strong>: Ma zastosowanie do transportu figur woskowych na poziomie muzealnym, wysokiej klasy kolekcji sztuki ceramicznej, r\u0119cznie robionych pude\u0142ek na prezenty z limitowanej edycji itp.<\/li>\n<li><strong>Warto\u015b\u0107 marki<\/strong>: Przez\u00a0<strong>Funkcja \"dodatkowego wy\u015bwietlacza\"<\/strong>\u00a0opakowania (np. podwieszany korpus pude\u0142ka, po\u0142\u0105czony projekt wy\u015bwietlacza), wyd\u0142u\u017caj\u0105 cykl ekspozycji marki i zwi\u0119kszaj\u0105 ch\u0119\u0107 u\u017cytkownik\u00f3w do udost\u0119pniania w mediach spo\u0142eczno\u015bciowych.<\/li>\n<\/ul>\n<h4 id=\"6-technical-parameters-and-after-sales-commitment-\">6.\u00a0<strong>Parametry techniczne i zaanga\u017cowanie posprzeda\u017cowe<\/strong><\/h4>\n<table>\n<thead>\n<tr>\n<th>Projekt<\/th>\n<th>Parametry\/zobowi\u0105zania<\/th>\n<\/tr>\n<\/thead>\n<tbody>\n<tr>\n<td>No\u015bno\u015b\u0107<\/td>\n<td>Statyczna no\u015bno\u015b\u0107 \u226520 kg, dynamiczna wysoko\u015b\u0107 zapobiegaj\u0105ca upadkowi 1,2 m<\/td>\n<\/tr>\n<tr>\n<td>Certyfikacja \u015brodowiskowa<\/td>\n<td>FSC, SGS, RoHS<\/td>\n<\/tr>\n<tr>\n<td>Standardowa r\u00f3\u017cnica kolor\u00f3w<\/td>\n<td>\u0394E\u22641,5 (ISO 12647-2)<\/td>\n<\/tr>\n<tr>\n<td>Gwarancja posprzeda\u017cna<\/td>\n<td>Pe\u0142na rekompensata za szkody transportowe, do\u017cywotnie bezp\u0142atne przechowywanie plik\u00f3w projektowych<\/td>\n<\/tr>\n<\/tbody>\n<\/table>\n<p><strong>Wybieraj\u0105c nas, wybierasz nie tylko opakowanie, ale tak\u017ce nadajesz swojej pracy trwa\u0142\u0105 witalno\u015b\u0107.<\/strong><\/p>","protected":false},"excerpt":{"rendered":"<p>1. Powlekany papier artystyczny C2S 157 g + sztywny karton 1200 g, przyjazne dla \u015brodowiska i zr\u00f3wnowa\u017cone materia\u0142y<br \/>\n2. Typ pude\u0142ka z g\u00f3rn\u0105 i doln\u0105 pokryw\u0105, z g\u00f3rn\u0105 i doln\u0105 struktur\u0105 pokrywy, aby poprawi\u0107 wra\u017cenia klienta podczas rozpakowywania.<br \/>\n3. Nieograniczone dostosowanie typu pude\u0142ka, materia\u0142u, koloru, rozmiaru do opakowania ceramicznego statuetki woskowej<\/p>","protected":false},"featured_media":8651,"template":"","meta":[],"product_brand":[],"product_cat":[30,423,425,31],"product_tag":[931,929,930],"class_list":{"0":"post-8650","1":"product","2":"type-product","3":"status-publish","4":"has-post-thumbnail","6":"product_cat-by-industry","7":"product_cat-custom-presentation-boxes-by-industry","8":"product_cat-lid-and-base-gift-box","9":"product_cat-paper-box-style","10":"product_tag-ceramic-packaging-box","11":"product_tag-hard-packing-wax-figure","12":"product_tag-statue-packaging","14":"first","15":"instock","16":"shipping-taxable","17":"product-type-simple"},"_links":{"self":[{"href":"https:\/\/zojopackaging.com\/pl\/wp-json\/wp\/v2\/product\/8650","targetHints":{"allow":["GET"]}}],"collection":[{"href":"https:\/\/zojopackaging.com\/pl\/wp-json\/wp\/v2\/product"}],"about":[{"href":"https:\/\/zojopackaging.com\/pl\/wp-json\/wp\/v2\/types\/product"}],"version-history":[{"count":1,"href":"https:\/\/zojopackaging.com\/pl\/wp-json\/wp\/v2\/product\/8650\/revisions"}],"predecessor-version":[{"id":8660,"href":"https:\/\/zojopackaging.com\/pl\/wp-json\/wp\/v2\/product\/8650\/revisions\/8660"}],"wp:featuredmedia":[{"embeddable":true,"href":"https:\/\/zojopackaging.com\/pl\/wp-json\/wp\/v2\/media\/8651"}],"wp:attachment":[{"href":"https:\/\/zojopackaging.com\/pl\/wp-json\/wp\/v2\/media?parent=8650"}],"wp:term":[{"taxonomy":"product_brand","embeddable":true,"href":"https:\/\/zojopackaging.com\/pl\/wp-json\/wp\/v2\/product_brand?post=8650"},{"taxonomy":"product_cat","embeddable":true,"href":"https:\/\/zojopackaging.com\/pl\/wp-json\/wp\/v2\/product_cat?post=8650"},{"taxonomy":"product_tag","embeddable":true,"href":"https:\/\/zojopackaging.com\/pl\/wp-json\/wp\/v2\/product_tag?post=8650"}],"curies":[{"name":"wp","href":"https:\/\/api.w.org\/{rel}","templated":true}]}}