{"id":8662,"date":"2025-03-29T18:52:17","date_gmt":"2025-03-29T10:52:17","guid":{"rendered":"https:\/\/zojopackaging.com\/?post_type=product&#038;p=8662"},"modified":"2025-03-29T19:08:58","modified_gmt":"2025-03-29T11:08:58","slug":"black-small-cardboard-100ml-perfume-spray-packaging-boxes","status":"publish","type":"product","link":"https:\/\/zojopackaging.com\/pl\/product\/black-small-cardboard-100ml-perfume-spray-packaging-boxes\/","title":{"rendered":"Czarne ma\u0142e kartonowe pude\u0142ka na perfumy w sprayu 100 ml"},"content":{"rendered":"<h3 id=\"black-small-cardboard-100ml-perfume-spray-packaging-box-product\">Czarne ma\u0142e kartonowe pude\u0142ko na perfumy w sprayu 100 ml produkt<\/h3>\n<h4 id=\"1-environmentally-friendly-materials-and-sustainable-design-\">1.\u00a0<strong>Materia\u0142y przyjazne dla \u015brodowiska i zr\u00f3wnowa\u017cona konstrukcja<\/strong><\/h4>\n<p>Ten produkt wykorzystuje\u00a0<strong>120g Leatherette Paper (papier dotykowy ze sk\u00f3ry ekologicznej) i 1200g Rigid Paperboard (karton)<\/strong>\u00a0kombinacji materia\u0142\u00f3w, z uwzgl\u0119dnieniem wysokiej jako\u015bci tekstury i koncepcji ochrony \u015brodowiska.<\/p>\n<ul>\n<li><strong>Zielone pod\u0142o\u017ce<\/strong>: Leatherette Paper jest oparty na nadaj\u0105cym si\u0119 do recyklingu i biodegradowalnym pod\u0142o\u017cu papierowym, z matow\u0105 pow\u0142ok\u0105 dotykow\u0105 na powierzchni, \u0142\u0105cz\u0105c\u0105 delikatn\u0105 faktur\u0119 sk\u00f3ry z w\u0142a\u015bciwo\u015bciami papieru w zakresie ochrony \u015brodowiska. Wewn\u0119trzna warstwa kartonu o gramaturze 1200 g jest wykonana w technologii bezklejowej, zgodnie z unijnymi normami REACH i wspiera recykling.<\/li>\n<li><strong>Zr\u00f3wnowa\u017cona certyfikacja<\/strong>: Materia\u0142 przeszed\u0142 certyfikacj\u0119 le\u015bn\u0105 FSC i testy \u015brodowiskowe SGS, z cyklem degradacji \u2264 180 dni, co jest zgodne z globalnym trendem ekologicznej konsumpcji.<\/li>\n<\/ul>\n<h4 id=\"2-magnetic-box-type-precise-alignment-and-efficient-opening-and-closing-\">2.\u00a0<strong>Magnetyczne zamkni\u0119cie pude\u0142ka: precyzyjne wyr\u00f3wnanie i wydajne otwieranie i zamykanie<\/strong><\/h4>\n<p>Innowacyjny\u00a0<strong>pude\u0142ko z magnetycznym zamkni\u0119ciem<\/strong>Pokrywa pude\u0142ka jest automatycznie wyr\u00f3wnana i mocno zaadsorbowana przez wbudowane magnesy, a wydajno\u015b\u0107 otwierania i zamykania jest zwi\u0119kszona o 50%.<\/p>\n<ul>\n<li><strong>Zalety funkcjonalne<\/strong>:<\/li>\n<li>B\u0142\u0105d rozstawu magnes\u00f3w \u22640,1 mm, si\u0142a adsorpcji \u22651,2 N, zapewniaj\u0105ca zerowe poluzowanie podczas transportu;<\/li>\n<li>Pokrywka zosta\u0142a zaprojektowana tak, aby po zamkni\u0119ciu by\u0142a bezszwowa, skutecznie izoluj\u0105c tlen i wilgo\u0107 oraz wyd\u0142u\u017caj\u0105c okres trwa\u0142o\u015bci perfum.<\/li>\n<li><strong>Do\u015bwiadczenie u\u017cytkownika<\/strong>: Operacj\u0119 otwierania i zamykania mo\u017cna wykona\u0107 jedn\u0105 r\u0119k\u0105, a d\u017awi\u0119k magnetyczny jest wyra\u017any i przyjemny, daj\u0105c poczucie rytua\u0142u podczas rozpakowywania.<\/li>\n<\/ul>\n<h4 id=\"3-hot-stamping-process-dual-empowerment-of-vision-and-value-\">3. Srebrna folia do t\u0142oczenia na gor\u0105co <strong>proces: podw\u00f3jne wzmocnienie wizji i warto\u015bci<\/strong><\/h4>\n<p>Przyj\u0119cie\u00a0<strong>Technologia nano srebrnej folii t\u0142oczonej na gor\u0105co<\/strong>Metalowa folia jest dok\u0142adnie przymocowana do powierzchni pude\u0142ka w procesie wyt\u0142aczania w wysokiej temperaturze.<\/p>\n<ul>\n<li><strong>Najwa\u017cniejsze technologie<\/strong>:<\/li>\n<li>Obs\u0142uguje tr\u00f3jwymiarowy relief, laser lustrzany i inne efekty, odporno\u015b\u0107 na tarcie obszaru t\u0142oczenia na gor\u0105co osi\u0105ga twardo\u015b\u0107 3H, a wyrazisto\u015b\u0107 wzoru osi\u0105ga 300 dpi;<\/li>\n<li>Konfigurowalne LOGO marki, totem lub tekst artystyczny, standardowa r\u00f3\u017cnica kolor\u00f3w \u0394E\u22641,5 (ISO 12647-2), aby zwi\u0119kszy\u0107 przestrze\u0144 premium produktu.<\/li>\n<li><strong>Przypadek zastosowania<\/strong>: Odwo\u0142aj si\u0119 do luksusowego projektu opakowania, takiego jak proces t\u0142oczenia na gor\u0105co pude\u0142ka perfum Dita von Teese Signature, aby przekszta\u0142ci\u0107 logo marki w kolekcjonerski symbol wizualny.<\/li>\n<\/ul>\n<h4 id=\"4-unlimited-customization-comprehensive-adaptation-from-function-to-aesthetics-\">4.\u00a0<strong>Nieograniczona personalizacja: kompleksowa adaptacja od funkcji po estetyk\u0119<\/strong><\/h4>\n<ol>\n<li><strong>Typ i rozmiar pude\u0142ka<\/strong>: Obs\u0142uguje magnetyczn\u0105 klapk\u0119, g\u00f3rn\u0105 i doln\u0105 pokryw\u0119, typ szuflady i inne typy pude\u0142ek, odpowiednie dla butelek perfum o pojemno\u015bci od 30 ml do 200 ml, z poziomem b\u0142\u0119du \u22640,1 mm.<\/li>\n<li><strong>Kolor i materia\u0142<\/strong>:<\/li>\n<li><strong>Kolor g\u0142\u00f3wny<\/strong>: 12 kart kolor\u00f3w Pantone, takich jak klasyczna czer\u0144, b\u0142\u0119kit Morandi, szampa\u0144skie z\u0142oto itp. oraz mo\u017cliwo\u015b\u0107 prze\u0142\u0105czania efekt\u00f3w mat\/po\u0142ysk;<\/li>\n<li><strong>Ulepszony materia\u0142<\/strong>: Opcjonalny papier flokowany, papier kompozytowy z foli\u0105 metalow\u0105 itp. w celu zaspokojenia potrzeb w zakresie luksusowych opakowa\u0144.<\/li>\n<li><strong>Optymalizacja wy\u015bci\u00f3\u0142ki wewn\u0119trznej<\/strong>:<\/li>\n<li><strong>Wycinana tacka wewn\u0119trzna EVA<\/strong>: Precyzyjnie wyci\u0119ty zgodnie z konturem butelki perfum, wydajno\u015b\u0107 amortyzacji osi\u0105ga standard ASTM D4169, a wsp\u00f3\u0142czynnik pustki wynosi \u22645%;<\/li>\n<li><strong>Warstwowa konstrukcja<\/strong>: Mo\u017cna doda\u0107 niezale\u017cne bloki do przechowywania instrukcji i akcesori\u00f3w dysz, a stopie\u0144 wykorzystania przestrzeni zwi\u0119ksza si\u0119 o 30%.<\/li>\n<\/ol>\n<h4 id=\"5-production-strength-and-delivery-guarantee-\">5.\u00a0<strong>Si\u0142a produkcji i gwarancja dostawy<\/strong><\/h4>\n<ul>\n<li><strong>Pojemno\u015b\u0107 fabryki<\/strong>: Bezpo\u015brednio pod\u0142\u0105czony do\u00a0<strong>profesjonalna fabryka opakowa\u0144 kartonowych na perfumy<\/strong>\u00a0w regionie delty Rzeki Per\u0142owej, wyposa\u017cona w ponad 20 w pe\u0142ni automatycznych linii produkcyjnych, obejmuj\u0105cych t\u0142oczenie na gor\u0105co, sztancowanie, klejenie pude\u0142ek i inne procesy, o \u015bredniej dziennej zdolno\u015bci produkcyjnej 100 000+.<\/li>\n<li><strong>Zalety us\u0142ugi<\/strong>:<\/li>\n<li>Pliki pr\u00f3bne 3D s\u0105 dostarczane w ci\u0105gu 48 godzin, a fizyczne pude\u0142ka pr\u00f3bne s\u0105 dostarczane w ci\u0105gu 72 godzin;<\/li>\n<li>Obs\u0142uga 50 sztuk minimalnego zam\u00f3wienia, brak dodatkowej op\u0142aty za wersj\u0119, a cena jednostkowa du\u017cych zam\u00f3wie\u0144 mo\u017ce wynosi\u0107 nawet 3 juany za pude\u0142ko.<\/li>\n<li><strong>Standardy kontroli jako\u015bci<\/strong>: Przeszed\u0142 certyfikacj\u0119 systemu jako\u015bci ISO 9001, no\u015bno\u015b\u0107 \u226515 kg i wysoko\u015b\u0107 zapobiegaj\u0105ca upadkowi 1,5 m.<\/li>\n<\/ul>\n<h4 id=\"vi-technical-parameters-and-scene-adaptation-\">6. <strong>Parametry techniczne i adaptacja sceny<\/strong><\/h4>\n<table>\n<thead>\n<tr>\n<th>Projekt<\/th>\n<th>Parametry\/zobowi\u0105zania<\/th>\n<\/tr>\n<\/thead>\n<tbody>\n<tr>\n<td>Certyfikacja \u015brodowiskowa<\/td>\n<td>FSC, SGS, RoHS, REACH<\/td>\n<\/tr>\n<tr>\n<td>\u017bycie magnetyczne<\/td>\n<td>\u2265100 000 otwar\u0107 i zamkni\u0119\u0107<\/td>\n<\/tr>\n<tr>\n<td style=\"text-align: center;\">Przyczepno\u015b\u0107 podczas t\u0142oczenia na gor\u0105co<\/td>\n<td>Ocena 4B w te\u015bcie Baige<\/td>\n<\/tr>\n<tr>\n<td>Minimalna ilo\u015b\u0107 zam\u00f3wienia<\/td>\n<td>500 sztuk<\/td>\n<\/tr>\n<tr>\n<td>Cykl dostawy<\/td>\n<td>7-10 dni (mniej ni\u017c 10 000 sztuk)<\/td>\n<\/tr>\n<\/tbody>\n<\/table>\n<p><strong>Wybieraj\u0105c nas, wybierasz nie tylko opakowanie, ale tak\u017ce zapewniasz swoim perfumom zr\u00f3wnowa\u017cony luksus.<\/strong><\/p>","protected":false},"excerpt":{"rendered":"<p>1. 120g papier ze sztucznej sk\u00f3ry, 1200g sztywna tektura 100% materia\u0142 przyjazny dla \u015brodowiska<br \/>\n2. Magnetyczna skrzynka zamykaj\u0105ca mo\u017ce realizowa\u0107 automatyczne wyr\u00f3wnanie i mocn\u0105 adsorpcj\u0119 magnes\u00f3w, znacznie poprawiaj\u0105c wydajno\u015b\u0107 u\u017cytkowania<br \/>\n3. Leatherette Paper jest wykonany z nadaj\u0105cego si\u0119 do recyklingu i biodegradowalnego pod\u0142o\u017ca papierowego, co jest zgodne z trendem ekologicznej konsumpcji<\/p>","protected":false},"featured_media":8665,"template":"","meta":[],"product_brand":[],"product_cat":[30,417,424,31],"product_tag":[943,945,944],"class_list":{"0":"post-8662","1":"product","2":"type-product","3":"status-publish","4":"has-post-thumbnail","6":"product_cat-by-industry","7":"product_cat-custom-perfume-boxes-by-industry","8":"product_cat-magnetic-closure-boxes","9":"product_cat-paper-box-style","10":"product_tag-100ml-perfume-packaging","11":"product_tag-black-perfume-boxes","12":"product_tag-perfume-spray-packaging","14":"first","15":"instock","16":"shipping-taxable","17":"product-type-simple"},"_links":{"self":[{"href":"https:\/\/zojopackaging.com\/pl\/wp-json\/wp\/v2\/product\/8662","targetHints":{"allow":["GET"]}}],"collection":[{"href":"https:\/\/zojopackaging.com\/pl\/wp-json\/wp\/v2\/product"}],"about":[{"href":"https:\/\/zojopackaging.com\/pl\/wp-json\/wp\/v2\/types\/product"}],"version-history":[{"count":1,"href":"https:\/\/zojopackaging.com\/pl\/wp-json\/wp\/v2\/product\/8662\/revisions"}],"predecessor-version":[{"id":8675,"href":"https:\/\/zojopackaging.com\/pl\/wp-json\/wp\/v2\/product\/8662\/revisions\/8675"}],"wp:featuredmedia":[{"embeddable":true,"href":"https:\/\/zojopackaging.com\/pl\/wp-json\/wp\/v2\/media\/8665"}],"wp:attachment":[{"href":"https:\/\/zojopackaging.com\/pl\/wp-json\/wp\/v2\/media?parent=8662"}],"wp:term":[{"taxonomy":"product_brand","embeddable":true,"href":"https:\/\/zojopackaging.com\/pl\/wp-json\/wp\/v2\/product_brand?post=8662"},{"taxonomy":"product_cat","embeddable":true,"href":"https:\/\/zojopackaging.com\/pl\/wp-json\/wp\/v2\/product_cat?post=8662"},{"taxonomy":"product_tag","embeddable":true,"href":"https:\/\/zojopackaging.com\/pl\/wp-json\/wp\/v2\/product_tag?post=8662"}],"curies":[{"name":"wp","href":"https:\/\/api.w.org\/{rel}","templated":true}]}}