{"id":8676,"date":"2025-03-29T19:09:27","date_gmt":"2025-03-29T11:09:27","guid":{"rendered":"https:\/\/zojopackaging.com\/?post_type=product&#038;p=8676"},"modified":"2025-03-29T19:35:04","modified_gmt":"2025-03-29T11:35:04","slug":"custom-personalized-rings-necklaces-gift-box-wholesale","status":"publish","type":"product","link":"https:\/\/zojopackaging.com\/pl\/product\/custom-personalized-rings-necklaces-gift-box-wholesale\/","title":{"rendered":"Niestandardowe spersonalizowane pier\u015bcionki Naszyjniki Pude\u0142ko na prezenty Hurtownia"},"content":{"rendered":"<h3 id=\"customized-personalized-ring-and-necklace-gift-box-wholesale-product-description\">Spersonalizowane spersonalizowane pude\u0142ko na pier\u015bcionek i naszyjnik hurtowo<\/h3>\n<h4 id=\"1-head-and-bottom-lid-box-type-the-perfect-balance-of-ritual-and-convenience-\">1.\u00a0<strong>Rodzaj pokrywy i podstawy pude\u0142ka: idealna r\u00f3wnowaga rytua\u0142u i wygody<\/strong><\/h4>\n<p>Ten produkt przyjmuje\u00a0<strong>typ pokrywy i podstawy<\/strong>G\u00f3rna pokrywa i dolne pude\u0142ko umo\u017cliwiaj\u0105 otwieranie i zamykanie jedn\u0105 r\u0119k\u0105 dzi\u0119ki precyzyjnej strukturze zagnie\u017cd\u017cania, kt\u00f3ra poprawia wra\u017cenia z rozpakowywania, a jednocze\u015bnie zapewnia ochron\u0119.<\/p>\n<ul>\n<li><strong>Zalety funkcjonalne<\/strong>: Wewn\u0119trzna przestrze\u0144 pude\u0142ka jest dostosowana do rozmiaru pier\u015bcionk\u00f3w, naszyjnik\u00f3w i innych akcesori\u00f3w, k\u0105t otwarcia g\u00f3rnej pokrywy wynosi \u226560\u00b0, a otwieranie i zamykanie mo\u017cna wykona\u0107 jednym ruchem r\u0119ki, unikaj\u0105c uszkodzenia opakowania spowodowanego uci\u0105\u017cliw\u0105 obs\u0142ug\u0105.<\/li>\n<li><strong>Estetyczny wygl\u0105d<\/strong>: Pokrywa pude\u0142ka jest idealnie dopasowana po zamkni\u0119ciu, a powierzchni\u0119 mo\u017cna dostosowa\u0107 za pomoc\u0105 wyt\u0142oczonych tekstur lub totem\u00f3w marki, z matowym niebieskim kolorem macaron, aby stworzy\u0107 lecznicz\u0105 atmosfer\u0119.<\/li>\n<\/ul>\n<h4 id=\"2-special-paper-material-a-double-breakthrough-in-environmental-protection-and-high-end-\">2.\u00a0<strong>Specjalny materia\u0142 papierowy: podw\u00f3jny prze\u0142om w ochronie \u015brodowiska i wysokiej jako\u015bci<\/strong><\/h4>\n<p>Wybierz\u00a0<strong>Papier specjalny z certyfikatem FSC<\/strong>Prze\u0142amujemy ograniczenia tradycyjnego papieru i \u0142\u0105czymy technologi\u0119 ochrony \u015brodowiska, aby uzyska\u0107 zr\u00f3wnowa\u017cone rozwi\u0105zania opakowaniowe.<\/p>\n<ul>\n<li><strong>W\u0142a\u015bciwo\u015bci materia\u0142u<\/strong>:<\/li>\n<li>Warstwa powierzchniowa sk\u0142ada si\u0119 z\u00a0<strong>Sk\u00f3ropodobny papier dotykowy<\/strong>\u00a0lub\u00a0<strong>Specjalny papier z tekstur\u0105 otworkow\u0105<\/strong>o grubo\u015bci 0,12 mm, sztywno\u015bci zgodnej z norm\u0105 ASTM D774 i odporno\u015bci na rozerwanie \u226580 kPa;<\/li>\n<li>Warstwa wewn\u0119trzna jest dopasowana do\u00a0<strong>Karton z recyklingu o gramaturze 1200 g<\/strong>Bezklejowy proces \u0142\u0105czenia zmniejsza zanieczyszczenie chemiczne, a cykl degradacji wynosi \u2264180 dni.<\/li>\n<li><strong>Scenariusze zastosowa\u0144<\/strong>: Nadaje si\u0119 do ekspozycji w sklepach jubilerskich, transportu e-commerce, dostosowywania wysokiej klasy prezent\u00f3w i innych scenariuszy, wspieraj\u0105c recykling.<\/li>\n<\/ul>\n<h4 id=\"3-hot-stamping-process-details-empower-brand-value-\">3. Sliver h<strong>Proces t\u0142oczenia folii: szczeg\u00f3\u0142y zwi\u0119kszaj\u0105 warto\u015b\u0107 marki<\/strong><\/h4>\n<p>Przez\u00a0<strong>Technologia t\u0142oczenia na gor\u0105co na poziomie nano<\/strong>W celu zwi\u0119kszenia warto\u015bci dodanej produktu mo\u017cna uzyska\u0107 linie t\u0142oczone na gor\u0105co i logo o grubo\u015bci nawet 0,1 mm.<\/p>\n<ul>\n<li><strong>Najwa\u017cniejsze technologie<\/strong>:<\/li>\n<li>Wsparcie\u00a0<strong>Tr\u00f3jwymiarowy relief t\u0142oczony na gor\u0105co<\/strong>,\u00a0<strong>efekt lasera lustrzanego<\/strong>Standardowa r\u00f3\u017cnica kolor\u00f3w \u0394E\u22641,5 (ISO 12647-2), przyczepno\u015b\u0107 osi\u0105ga poziom 4B w te\u015bcie Baige;<\/li>\n<li>Konfigurowalne LOGO marki, tekst artystyczny lub totem kulturowy, przypadki referencyjne obejmuj\u0105 pude\u0142ko na pier\u015bcionek z t\u0142oczeniem na gor\u0105co z serii Chow Tai Fook ING i projekt pude\u0142ka upominkowego Tiffany Blue Book.<\/li>\n<\/ul>\n<h4 id=\"4-unlimited-customization-comprehensive-adaptation-from-function-to-aesthetics-\">4.\u00a0<strong>Nieograniczona personalizacja: kompleksowa adaptacja od funkcji po estetyk\u0119<\/strong><\/h4>\n<ol>\n<li><strong>Typ i rozmiar pude\u0142ka<\/strong>: Obs\u0142uguje typy pude\u0142ek, takie jak g\u00f3rna i dolna pokrywa, typ szuflady, magnetyczna klapka itp., dostosowane do pier\u015bcionk\u00f3w (od 5 \u00d7 5 cm do 9 \u00d7 9 cm), naszyjnik\u00f3w (pude\u0142ko o d\u0142ugo\u015bci 22 \u00d7 5 cm) i innych rozmiar\u00f3w, z poziomem b\u0142\u0119du \u22640,1 mm.<\/li>\n<li><strong>Kolor i materia\u0142<\/strong>:<\/li>\n<li><strong>Kolor g\u0142\u00f3wny<\/strong>: 12 kart kolor\u00f3w Pantone, w tym\u00a0<strong>Morandi niebieski<\/strong>\u00a0i szampa\u0144skie z\u0142oto, a efekty matowe\/b\u0142yszcz\u0105ce mo\u017cna prze\u0142\u0105cza\u0107;<\/li>\n<li><strong>Opcje aktualizacji<\/strong>: Opcjonalny papier flokowany, papier kompozytowy z foli\u0105 metalow\u0105 lub niestandardowa wyt\u0142aczana powierzchnia dotykowa.<\/li>\n<li><strong>Optymalizacja wy\u015bci\u00f3\u0142ki wewn\u0119trznej<\/strong>:<\/li>\n<li><strong>Wycinana tacka wewn\u0119trzna EVA<\/strong>: Precyzyjnie wyci\u0119te zgodnie z konturem produktu, wsp\u00f3\u0142czynnik pustych przestrzeni \u22645%, wydajno\u015b\u0107 amortyzacji spe\u0142nia norm\u0119 ASTM D4169;<\/li>\n<li><strong>Warstwowa konstrukcja<\/strong>: Mo\u017cliwo\u015b\u0107 dodania niezale\u017cnych blok\u00f3w do przechowywania certyfikat\u00f3w i narz\u0119dzi konserwacyjnych. Etui referencyjne zawieraj\u0105 per\u0142ow\u0105 bawe\u0142nian\u0105 aksamitn\u0105 podszewk\u0119 z serii Little Prince.<\/li>\n<\/ol>\n<h4 id=\"5-production-strength-and-delivery-guarantee-\">5.\u00a0<strong>Si\u0142a produkcji i gwarancja dostawy<\/strong><\/h4>\n<ul>\n<li><strong>W pe\u0142ni zautomatyzowana produkcja<\/strong>: Bezpo\u015brednio pod\u0142\u0105czony do\u00a0<strong>profesjonalna fabryka opakowa\u0144<\/strong>\u00a0w regionie delty Rzeki Per\u0142owej, wyposa\u017cony w ponad 20 w pe\u0142ni automatycznych linii produkcyjnych, obejmuj\u0105cych t\u0142oczenie na gor\u0105co, sztancowanie, klejenie pude\u0142ek i inne procesy, o \u015bredniej dziennej zdolno\u015bci produkcyjnej 100 000+, a dostawa jest realizowana w ci\u0105gu 7-14 dni.<\/li>\n<li><strong>Zalety us\u0142ugi<\/strong>:<\/li>\n<li><strong>Bezp\u0142atne pr\u00f3bki i projekty<\/strong>: Pliki pr\u00f3bne 3D s\u0105 dostarczane w ci\u0105gu 48 godzin, fizyczne pude\u0142ka pr\u00f3bne s\u0105 dostarczane w ci\u0105gu 72 godzin, a minimalne zam\u00f3wienie 50 sztuk jest obs\u0142ugiwane bez op\u0142at za wersj\u0119;<\/li>\n<li><strong>Korzy\u015bci cenowe<\/strong>: Model sprzeda\u017cy bezpo\u015bredniej w fabryce zmniejsza r\u00f3\u017cnic\u0119 cen mi\u0119dzy po\u015brednikami, a cena jednostkowa wynosi zaledwie 1,6 juana za pude\u0142ko (do negocjacji w przypadku du\u017cych ilo\u015bci).<\/li>\n<li><strong>Standardy kontroli jako\u015bci<\/strong>: Przeszed\u0142 certyfikacj\u0119 systemu jako\u015bci ISO 9001, no\u015bno\u015b\u0107 \u226515 kg, wysoko\u015b\u0107 zapobiegaj\u0105ca upadkowi 1,5 m i pe\u0142na rekompensata za szkody transportowe.<\/li>\n<\/ul>\n<h4 id=\"vi-technical-parameters-and-brand-empowerment-\">6. <strong>Parametry techniczne i wzmocnienie marki<\/strong><\/h4>\n<table>\n<thead>\n<tr>\n<th>Projekt<\/th>\n<th>Parametry\/zobowi\u0105zania<\/th>\n<\/tr>\n<\/thead>\n<tbody>\n<tr>\n<td>Certyfikacja \u015brodowiskowa<\/td>\n<td>FSC, SGS, RoHS, REACH<\/td>\n<\/tr>\n<tr>\n<td>Dok\u0142adno\u015b\u0107 t\u0142oczenia na gor\u0105co<\/td>\n<td>Dok\u0142adno\u015b\u0107 linii 0,1 mm, rozdzielczo\u015b\u0107 wzoru 300 dpi<\/td>\n<\/tr>\n<tr>\n<td>Minimalna ilo\u015b\u0107 zam\u00f3wienia<\/td>\n<td>500 sztuk<\/td>\n<\/tr>\n<tr>\n<td>Cykl dostawy<\/td>\n<td>7-14 dni (mniej ni\u017c 10 000 sztuk)<\/td>\n<\/tr>\n<\/tbody>\n<\/table>\n<p><strong>Wybieraj\u0105c nas, wybierasz nie tylko opakowanie, ale tak\u017ce nadajesz swojej marce zr\u00f3wnowa\u017cony, luksusowy gen.<\/strong><\/p>","protected":false},"excerpt":{"rendered":"<p>1. Pokrywa i podstawa s\u0105 ciasno zagnie\u017cd\u017cone i mo\u017cna je otworzy\u0107 jedn\u0105 r\u0119k\u0105, co u\u0142atwia obs\u0142ug\u0119<br \/>\n2. Specjalny materia\u0142 papierowy prze\u0142amuje u\u017cycie tradycyjnego papieru i jest zgodny z trendem zr\u00f3wnowa\u017conego rozwoju.<br \/>\n3. Srebrna folia do t\u0142oczenia na gor\u0105co zwi\u0119ksza warto\u015b\u0107 dodan\u0105 produktu, a niewielki efekt t\u0142oczenia na gor\u0105co mo\u017ce by\u0107 r\u00f3wnie\u017c wyra\u017anie widoczny<\/p>","protected":false},"featured_media":8678,"template":"","meta":[],"product_brand":[],"product_cat":[30,415,425,31],"product_tag":[948,947,946],"class_list":{"0":"post-8676","1":"product","2":"type-product","3":"status-publish","4":"has-post-thumbnail","6":"product_cat-by-industry","7":"product_cat-custom-jewelry-boxes-by-industry","8":"product_cat-lid-and-base-gift-box","9":"product_cat-paper-box-style","10":"product_tag-custom-box-wholesale","11":"product_tag-necklaces-gift-box","12":"product_tag-rings-gift-box","14":"first","15":"instock","16":"shipping-taxable","17":"product-type-simple"},"_links":{"self":[{"href":"https:\/\/zojopackaging.com\/pl\/wp-json\/wp\/v2\/product\/8676","targetHints":{"allow":["GET"]}}],"collection":[{"href":"https:\/\/zojopackaging.com\/pl\/wp-json\/wp\/v2\/product"}],"about":[{"href":"https:\/\/zojopackaging.com\/pl\/wp-json\/wp\/v2\/types\/product"}],"version-history":[{"count":2,"href":"https:\/\/zojopackaging.com\/pl\/wp-json\/wp\/v2\/product\/8676\/revisions"}],"predecessor-version":[{"id":8683,"href":"https:\/\/zojopackaging.com\/pl\/wp-json\/wp\/v2\/product\/8676\/revisions\/8683"}],"wp:featuredmedia":[{"embeddable":true,"href":"https:\/\/zojopackaging.com\/pl\/wp-json\/wp\/v2\/media\/8678"}],"wp:attachment":[{"href":"https:\/\/zojopackaging.com\/pl\/wp-json\/wp\/v2\/media?parent=8676"}],"wp:term":[{"taxonomy":"product_brand","embeddable":true,"href":"https:\/\/zojopackaging.com\/pl\/wp-json\/wp\/v2\/product_brand?post=8676"},{"taxonomy":"product_cat","embeddable":true,"href":"https:\/\/zojopackaging.com\/pl\/wp-json\/wp\/v2\/product_cat?post=8676"},{"taxonomy":"product_tag","embeddable":true,"href":"https:\/\/zojopackaging.com\/pl\/wp-json\/wp\/v2\/product_tag?post=8676"}],"curies":[{"name":"wp","href":"https:\/\/api.w.org\/{rel}","templated":true}]}}