{"id":8684,"date":"2025-03-29T19:35:52","date_gmt":"2025-03-29T11:35:52","guid":{"rendered":"https:\/\/zojopackaging.com\/?post_type=product&#038;p=8684"},"modified":"2025-03-29T20:12:05","modified_gmt":"2025-03-29T12:12:05","slug":"premium-custom-assorted-loose-teas-gift-boxes-manufacturer","status":"publish","type":"product","link":"https:\/\/zojopackaging.com\/pl\/product\/premium-custom-assorted-loose-teas-gift-boxes-manufacturer\/","title":{"rendered":"Wysokiej jako\u015bci niestandardowe pude\u0142ka na herbat\u0119 luzem Producent"},"content":{"rendered":"<h3 id=\"product-description-of-high-quality-customized-assorted-bulk-tea-gift-box\">Wysokiej jako\u015bci spersonalizowane pude\u0142ko prezentowe na herbat\u0119 luzem<\/h3>\n<h4 id=\"-1-environmentally-friendly-and-sustainable-materials-157g-c2s-coated-art-paper-1200g-hardboard-\"><strong>1. Przyjazne dla \u015brodowiska i zr\u00f3wnowa\u017cone materia\u0142y: 157g C2S powlekany papier artystyczny + 1200g twarda tektura<\/strong><\/h4>\n<p>Pude\u0142ko upominkowe wykonane jest z powlekanego papieru artystycznego C2S o gramaturze 157 g i twardej tektury o gramaturze 1200 g, z uwzgl\u0119dnieniem zar\u00f3wno tekstury, jak i w\u0142a\u015bciwo\u015bci ochrony \u015brodowiska. Powierzchnia papieru powlekanego C2S jest delikatna i g\u0142adka, co pozwala uzyska\u0107 bardzo precyzyjne efekty drukowania, podczas gdy twarda p\u0142yta zapewnia pude\u0142ku wsparcie strukturalne, zapewniaj\u0105c odporno\u015b\u0107 na \u015bciskanie i trwa\u0142o\u015b\u0107. Materia\u0142 jest zgodny z certyfikatem FSC, ulega degradacji i nadaje si\u0119 do recyklingu oraz spe\u0142nia wymagania wsp\u00f3\u0142czesnych konsument\u00f3w w zakresie ekologicznych opakowa\u0144.<\/p>\n<h4 id=\"-2-magnetic-box-design-embedded-magnets-taking-into-account-both-aesthetics-and-functionality-\"><strong>2. Konstrukcja magnetycznego zamkni\u0119cia pude\u0142ka: wbudowane magnesy, uwzgl\u0119dniaj\u0105ce zar\u00f3wno estetyk\u0119, jak i funkcjonalno\u015b\u0107.<\/strong><\/h4>\n<p>Konstrukcja zapi\u0119cia magnetycznego pozwala unikn\u0105\u0107 problemu zu\u017cycia tradycyjnych klamer magnetycznych dzi\u0119ki wbudowanemu magnesowi i poprawia p\u0142ynno\u015b\u0107 otwierania i zamykania oraz \u017cywotno\u015b\u0107. Linia pude\u0142ka jest prosta i schludna, a po zamkni\u0119ciu \u015bci\u015ble przylega, co jest bardziej wysokiej klasy wizualnie. Ten projekt jest szczeg\u00f3lnie odpowiedni do prezent\u00f3w biznesowych, przekazuj\u0105c poczucie wyrafinowania i rytua\u0142u.<\/p>\n<h4 id=\"-3-geometric-design-aesthetic-balance-between-rationality-and-sensibility-\"><strong>3. Geometryczny design: Estetyczna r\u00f3wnowaga mi\u0119dzy racjonalno\u015bci\u0105 a wra\u017cliwo\u015bci\u0105<\/strong><\/h4>\n<p>Powierzchnia pude\u0142ka upominkowego wykorzystuje geometryczn\u0105 grafik\u0119 jako podstawowy j\u0119zyk projektowania i buduje r\u00f3wnowag\u0119 mi\u0119dzy racjonalnym porz\u0105dkiem a artystycznym napi\u0119ciem poprzez dekonstrukcj\u0119 i reorganizacj\u0119 element\u00f3w, takich jak tr\u00f3jk\u0105ty i ko\u0142a. Na przyk\u0142ad, diamentowa linia podzia\u0142u symbolizuje naturalne \u017cy\u0142ki li\u015bci herbaty, a okr\u0105g\u0142e zdobienie na gor\u0105co odzwierciedla \u0142agodny smak zupy herbacianej. Projekt ten nie tylko oddaje nowoczesny minimalistyczny styl, ale tak\u017ce sugeruje kulturowe implikacje \"kwadratu i ko\u0142a\" w filozofii Wschodu.<\/p>\n<h4 id=\"-4-cardboard-lining-both-economical-and-environmentally-friendly-advantages-\"><strong>4. Podszewka kartonowa: zalety zar\u00f3wno ekonomiczne, jak i przyjazne dla \u015brodowiska<\/strong><\/h4>\n<p>Podszewka jest wycinana z tektury o wysokiej g\u0119sto\u015bci, a ochrona przed uderzeniami jest osi\u0105gana dzi\u0119ki strukturze plastra miodu lub warstwowej konstrukcji. Koszt tektury wynosi tylko 1\/3 kosztu podszewki EVA, a przetwarzanie jest elastyczne, co mo\u017ce zaspokoi\u0107 niestandardowe potrzeby puszek herbaty o specjalnym kszta\u0142cie lub torebek herbaty luzem. Materia\u0142 nie zawiera klej\u00f3w chemicznych, spe\u0142nia standardy kontaktu z \u017cywno\u015bci\u0105 i obs\u0142uguje recykling 100%.<\/p>\n<h4 id=\"-5-lamination-process-physical-protection-and-visual-upgrade-in-one-\"><strong>5. Proces laminowania: ochrona fizyczna i poprawa wizualna w jednym<\/strong><\/h4>\n<p>Powierzchnia jest laminowana na bazie wody, tworz\u0105c przezroczyst\u0105 warstw\u0119 ochronn\u0105, kt\u00f3ra jest odporna na wilgo\u0107, porastanie i zu\u017cycie. Laminowanie matowe nadaje tekstur\u0119 o niskiej tonacji, podczas gdy laminowanie b\u0142yszcz\u0105ce zwi\u0119ksza nasycenie kolor\u00f3w. Przyk\u0142adowo, tekstura z\u0142ota jest bardziej tr\u00f3jwymiarowa po laminowaniu. Koszt procesu wynosi tylko 60% pow\u0142oki UV, ale mo\u017ce osi\u0105gn\u0105\u0107 podobne wysokiej klasy efekty wizualne, co jest najlepszym op\u0142acalnym rozwi\u0105zaniem.<\/p>\n<h4 id=\"-6-highly-customized-service-comprehensive-adaptation-from-box-type-to-printing-\"><strong>6. Wysoce spersonalizowana us\u0142uga: kompleksowe dostosowanie od typu pude\u0142ka do drukowania<\/strong><\/h4>\n<p>Obs\u0142uga pe\u0142nej personalizacji:<\/p>\n<ul>\n<li><strong>Typ pude\u0142ka<\/strong>: Ponad 20 podstawowych typ\u00f3w pude\u0142ek, takich jak g\u00f3rne i dolne pokrywy, pude\u0142ka w kszta\u0142cie ksi\u0105\u017cki, pude\u0142ka z szufladami itp. oraz mo\u017cliwo\u015b\u0107 tworzenia konstrukcji o specjalnych kszta\u0142tach;<\/li>\n<li><strong>Drukowanie<\/strong>T\u0142oczenie na gor\u0105co, wyt\u0142aczanie, lokalny druk UV, sitodruk i inne procesy, obs\u0142uga kolor\u00f3w dodatkowych Pantone i efekt\u00f3w gradientu;<\/li>\n<li><strong>Funkcja<\/strong>Modu\u0142owa konstrukcja, taka jak wbudowane gniazda na zestaw do herbaty, niezale\u017cny obszar pakowania torebek herbaty i od\u0142\u0105czana taca wewn\u0119trzna;<\/li>\n<li><strong>Temat<\/strong>Dostosowywanie na podstawie scen, takich jak festiwale, biznes i wesela, takie jak t\u0142oczenie na gor\u0105co element\u00f3w Festiwalu \u015arodka Jesieni lub wszczepianie firmowego LOGO.<\/li>\n<\/ul>\n<h4 id=\"-7-chinese-source-manufacturers-free-design-samples-high-cost-performance-\"><strong>7. Chi\u0144scy producenci \u017ar\u00f3d\u0142owi: bezp\u0142atny projekt + pr\u00f3bki + wysoka wydajno\u015b\u0107 kosztowa<\/strong><\/h4>\n<p>Jako chi\u0144ska firma produkcyjna z 10-letnim do\u015bwiadczeniem w dziedzinie opakowa\u0144 do herbaty, zapewniamy:<\/p>\n<ul>\n<li><strong>Us\u0142uga z zerowym progiem<\/strong>Bezp\u0142atny projekt i odbitka pr\u00f3bna, minimalne zam\u00f3wienie 1 sztuka, dostawa w ci\u0105gu 3-7 dni;<\/li>\n<li><strong>Przewaga cenowa<\/strong>: Produkcja na du\u017c\u0105 skal\u0119 zmniejsza koszty o 30%, na przyk\u0142ad cena jednostkowa standardowego magnetycznego pude\u0142ka upominkowego wynosi tylko $0,15 USD\/sztuk\u0119 (pocz\u0105wszy od 2000 sztuk);<\/li>\n<li><strong>Zapewnienie jako\u015bci<\/strong>: Przeszed\u0142 certyfikacj\u0119 HACCP, wyposa\u017cony w pe\u0142ny system kontroli jako\u015bci procesu, aby zapewni\u0107 wytrzyma\u0142o\u015b\u0107 na \u015bciskanie \u2265200 kg\/m\u00b2 i tolerancj\u0119 wilgotno\u015bci \u226585%RH.<\/li>\n<\/ul>\n<h4 id=\"-cooperation-process-\"><strong>Proces wsp\u00f3\u0142pracy<\/strong><\/h4>\n<ol>\n<li><strong>Komunikacja na \u017c\u0105danie<\/strong>: Podaj informacje, takie jak kategorie herbaty, bud\u017cet, preferencje projektowe itp;<\/li>\n<li><strong>Projekt schematu<\/strong>: Wydrukowanie rendering\u00f3w 3D i pr\u00f3bek materia\u0142\u00f3w w ci\u0105gu 3 dni roboczych;<\/li>\n<li><strong>Potwierdzenie proofingu<\/strong>: Wysy\u0142ane s\u0105 bezp\u0142atne pr\u00f3bki fizyczne i obs\u0142ugiwanych jest 5 dostosowa\u0144 szczeg\u00f3\u0142\u00f3w;<\/li>\n<li><strong>Produkcja masowa<\/strong>: Dostawa w ci\u0105gu 30 dni (do 20 000 sztuk), obs\u0142uga globalnego \u015bledzenia logistycznego.<\/li>\n<\/ol>\n<h3 id=\"-why-choose-us-\"><strong>Dlaczego warto nas wybra\u0107?<\/strong><\/h3>\n<ul>\n<li><strong>Wzmocnienie pozycji kulturowej<\/strong>: W\u0142\u0105czenie tekstur kaligrafii i element\u00f3w niematerialnego dziedzictwa kulturowego do opakowa\u0144 (takich jak t\u0142oczone z\u0142otem wzory chmur) w celu zwi\u0119kszenia warto\u015bci kulturowej pude\u0142ek na prezenty;<\/li>\n<li><strong>Kompleksowa obs\u0142uga<\/strong>: Od projektu opakowania po zakup herbaty i logistyczn\u0105 odpraw\u0119 celn\u0105, zapewniamy pe\u0142n\u0105 obs\u0142ug\u0119 procesu;<\/li>\n<li><strong>Zr\u00f3wnowa\u017cone zaanga\u017cowanie<\/strong>: System identyfikowalno\u015bci \u015bladu w\u0119glowego + atrament ro\u015blinny wspomagaj\u0105cy strategi\u0119 ESG marki.<\/li>\n<\/ul>\n<p><strong>Uzyskaj bezp\u0142atne pr\u00f3bki i wyceny ju\u017c teraz<\/strong>: Wy\u015blij prywatn\u0105 wiadomo\u015b\u0107 lub odwied\u017a oficjaln\u0105 stron\u0119 internetow\u0105, aby rozpocz\u0105\u0107 ekskluzywn\u0105 przygod\u0119 z personalizacj\u0105 pude\u0142ka na herbat\u0119.<\/p>","protected":false},"excerpt":{"rendered":"<p>1. Powlekany papier artystyczny C2S 157 g, sztywny karton 1200 g, przyjazne dla \u015brodowiska i zr\u00f3wnowa\u017cone materia\u0142y<br \/>\n2. Magnetyczne zamkni\u0119cie pude\u0142ka, wbudowany magnes, aby unikn\u0105\u0107 zewn\u0119trznego zu\u017cycia, dzi\u0119ki czemu opakowanie wygl\u0105da na wysokiej klasy<br \/>\n3. Geometryczny design r\u00f3wnowa\u017cy racjonalno\u015b\u0107 i wra\u017cliwo\u015b\u0107, bior\u0105c pod uwag\u0119 estetyczn\u0105 g\u0142\u0119bi\u0119 i pragmatyzm.<\/p>","protected":false},"featured_media":8685,"template":"","meta":[],"product_brand":[],"product_cat":[30,422,424,31],"product_tag":[951,949,950],"class_list":{"0":"post-8684","1":"product","2":"type-product","3":"status-publish","4":"has-post-thumbnail","6":"product_cat-by-industry","7":"product_cat-custom-gourmet-boxes-by-industry","8":"product_cat-magnetic-closure-boxes","9":"product_cat-paper-box-style","10":"product_tag-custom-assorted-boxes","11":"product_tag-loose-teas-gift-boxes","12":"product_tag-teas-gift-boxes-manufacturer","14":"first","15":"instock","16":"shipping-taxable","17":"product-type-simple"},"_links":{"self":[{"href":"https:\/\/zojopackaging.com\/pl\/wp-json\/wp\/v2\/product\/8684","targetHints":{"allow":["GET"]}}],"collection":[{"href":"https:\/\/zojopackaging.com\/pl\/wp-json\/wp\/v2\/product"}],"about":[{"href":"https:\/\/zojopackaging.com\/pl\/wp-json\/wp\/v2\/types\/product"}],"version-history":[{"count":1,"href":"https:\/\/zojopackaging.com\/pl\/wp-json\/wp\/v2\/product\/8684\/revisions"}],"predecessor-version":[{"id":8690,"href":"https:\/\/zojopackaging.com\/pl\/wp-json\/wp\/v2\/product\/8684\/revisions\/8690"}],"wp:featuredmedia":[{"embeddable":true,"href":"https:\/\/zojopackaging.com\/pl\/wp-json\/wp\/v2\/media\/8685"}],"wp:attachment":[{"href":"https:\/\/zojopackaging.com\/pl\/wp-json\/wp\/v2\/media?parent=8684"}],"wp:term":[{"taxonomy":"product_brand","embeddable":true,"href":"https:\/\/zojopackaging.com\/pl\/wp-json\/wp\/v2\/product_brand?post=8684"},{"taxonomy":"product_cat","embeddable":true,"href":"https:\/\/zojopackaging.com\/pl\/wp-json\/wp\/v2\/product_cat?post=8684"},{"taxonomy":"product_tag","embeddable":true,"href":"https:\/\/zojopackaging.com\/pl\/wp-json\/wp\/v2\/product_tag?post=8684"}],"curies":[{"name":"wp","href":"https:\/\/api.w.org\/{rel}","templated":true}]}}