{"id":8691,"date":"2025-03-29T20:12:13","date_gmt":"2025-03-29T12:12:13","guid":{"rendered":"https:\/\/zojopackaging.com\/?post_type=product&#038;p=8691"},"modified":"2025-03-29T20:43:31","modified_gmt":"2025-03-29T12:43:31","slug":"custom-towel-athletic-sleeve-shoe-packaging-box-wholesale","status":"publish","type":"product","link":"https:\/\/zojopackaging.com\/pl\/product\/custom-towel-athletic-sleeve-shoe-packaging-box-wholesale\/","title":{"rendered":"Niestandardowy r\u0119cznik Sportowy r\u0119kaw Opakowanie na buty Hurtownia"},"content":{"rendered":"<h2 id=\"-high-end-customized-towel-sports-overshoe-packaging-box-technical-parameters-\"><strong>1. Wysokiej klasy niestandardowe pude\u0142ko do pakowania r\u0119cznik\u00f3w sportowych<\/strong><\/h2>\n<ol>\n<li><strong>Technologia materia\u0142\u00f3w podstawowych<\/strong>\u00a0Przyj\u0119cie 1200GSM szarego pod\u0142o\u017ca o wysokiej wytrzyma\u0142o\u015bci + 157GSM powlekanego papieru pokrywaj\u0105cego struktur\u0119. Szara p\u0142yta zapewnia sztywne podparcie, aby zapewni\u0107, \u017ce wytrzyma\u0142o\u015b\u0107 na \u015bciskanie w transporcie osi\u0105gnie 30 kg \/ \u33a1; g\u0142adko\u015b\u0107 powierzchni powlekanego papieru osi\u0105ga ponad 1000, obs\u0142uguje 150-liniowe precyzyjne drukowanie logo marki, a stopie\u0144 reprodukcji kolor\u00f3w jest poprawiony o 40%.<\/li>\n<li><strong>Innowacyjna konstrukcja szuflady<\/strong>\u00a0Konstrukcja prowadnicy w stylu szuflady, op\u00f3r otwierania i zamykania jest kontrolowany w zakresie 0,5-1,2 N i jest wyposa\u017cona w antypo\u015blizgowy system klamry. Zewn\u0119trzne pude\u0142ko i wewn\u0119trzna taca przyjmuj\u0105 proces zagnie\u017cd\u017cania g\u00f3rnej i dolnej pokrywy, z tolerancj\u0105 \u00b1 0,3 mm, aby uzyska\u0107 jedwabiste wra\u017cenia podczas otwierania. Wyt\u0142oczone LOGO mo\u017cna dostosowa\u0107 z boku pude\u0142ka, a dok\u0142adno\u015b\u0107 dotyku osi\u0105ga poziomy wkl\u0119s\u0142o\u015bci i wypuk\u0142o\u015bci 0,1 mm.<\/li>\n<li><strong>Funkcjonalny system estetyczny Ribbon<\/strong>\u00a0Zapewnia trzy opcje wst\u0105\u017cki: satynow\u0105\/matow\u0105\/laserow\u0105, z regulowan\u0105 szeroko\u015bci\u0105 15-50 mm i testem no\u015bno\u015bci 8 kg. Oryginalna opatentowana konstrukcja \"podw\u00f3jnego w\u0119z\u0142a\" mo\u017ce nie tylko mocowa\u0107 obuwie, aby zapobiec jego przemieszczaniu si\u0119, ale tak\u017ce mo\u017ce by\u0107 od\u0142\u0105czona do u\u017cytku jako bransoletka sportowa lub sznurowad\u0142a. Obs\u0142uguje proces t\u0142oczenia na zimno UV do drukowania slogan\u00f3w marki, a znaki s\u0105 odporne na tarcie ponad 2000 razy.<\/li>\n<\/ol>\n<h2 id=\"-visual-and-environmental-performance-optimization-plan-\"><strong>2. Plan optymalizacji wydajno\u015bci wizualnej i \u015brodowiskowej<\/strong><\/h2>\n<ol>\n<li><strong>System kolor\u00f3w antystresowych<\/strong>\u00a0G\u0142\u00f3wnie promuje Morandi Green (Pantone 16-5938TPG), kt\u00f3ry zosta\u0142 zweryfikowany przez eksperymenty psychologii kolor\u00f3w w celu zmniejszenia poziomu kortyzolu w \u015blinie o 15% i wska\u017anika l\u0119ku o 22%. Wspomagany przez gradientow\u0105 tekstur\u0119 \u017cy\u0142 t\u0142oczonych na gor\u0105co, k\u0105t za\u0142amania \u015bwiat\u0142a jest zoptymalizowany do 15\u00b0-75\u00b0, a dynamiczne \u015bwiat\u0142o i cie\u0144 poprawiaj\u0105 poziom wizualny.<\/li>\n<li><strong>Ulepszona technologia t\u0142oczenia na gor\u0105co<\/strong>\u00a0Wykorzystuj\u0105c technologi\u0119 nano-t\u0142oczenia na gor\u0105co, grubo\u015b\u0107 warstwy z\u0142ota wynosi 0,08-0,12 \u03bcm, a odporno\u015b\u0107 na warunki atmosferyczne osi\u0105ga poziom 5 (norma ISO 4892). Obs\u0142uguje pozycjonowanie 3D na gor\u0105co, minimalny tekst t\u0142oczony na gor\u0105co wynosi 0,8 mm i jest wyra\u017anie widoczny, a kontrast mi\u0119dzy metalow\u0105 tekstur\u0105 a matowym pod\u0142o\u017cem jest zwi\u0119kszony o 300%.<\/li>\n<li><strong>System laminowania z podw\u00f3jnym zabezpieczeniem<\/strong>\u00a0Proces laminowania na bazie wody (emisja LZO &lt;2%), grubo\u015b\u0107 pow\u0142oki 12 \u03bcm, poziom odporno\u015bci na \u015bcieranie 4H (ASTM D3363). Modu\u0142 dotykowy oferuje trzy opcje: zamsz \/ krystaliczny piasek \/ dotyk sk\u00f3ry, a wsp\u00f3\u0142czynnik tarcia jest zoptymalizowany odpowiednio do 0,35\/0,28\/0,18, co zwi\u0119ksza poczucie ceremonii rozpakowywania.<\/li>\n<\/ol>\n<h2 id=\"-in-depth-customization-service-system-\"><strong>3. Dog\u0142\u0119bny system us\u0142ug dostosowywania<\/strong><\/h2>\n<ol>\n<li><strong>Wielowymiarowa matryca personalizacji<\/strong><\/li>\n<li><strong>Biblioteka typu Box<\/strong>obejmuje 6 podstawowych typ\u00f3w pude\u0142ek (typu ksi\u0105\u017cka\/dolna i dolna pokrywa\/podw\u00f3jne drzwiczki itp.) + 12 konstrukcji o specjalnych kszta\u0142tach (\u0142uk\/wkl\u0119s\u0142y\/sk\u0142adany stojak ekspozycyjny itp.)<\/li>\n<li><strong>Biblioteka materia\u0142\u00f3w<\/strong>: wymienna bambusowa p\u0142yta pil\u015bniowa (zawieraj\u0105ca materia\u0142y odnawialne 30%)\/ PET klasy spo\u017cywczej i inne przyjazne dla \u015brodowiska opcje<\/li>\n<li><strong>Biblioteka proces\u00f3w<\/strong>8 rozwi\u0105za\u0144 obr\u00f3bki powierzchni, takich jak \u0142\u0105czone t\u0142oczenie na gor\u0105co + wyt\u0142aczanie + miejscowe oszklenie UV<\/li>\n<li><strong>Inteligentne rozwi\u0105zanie podszewki<\/strong>\u00a0Wykorzystanie technologii wykrawania pianki EVA z pami\u0119ci\u0105 kszta\u0142tu, o g\u0119sto\u015bci 45D\u00b15, dostosowanej do r\u00f3\u017cnych rozk\u0142ad\u00f3w nacisku buta. Opracowanie tr\u00f3jkana\u0142owego systemu przegr\u00f3d:<\/li>\n<li>G\u0142\u00f3wna kabina: Modelowanie skanowania 3D, b\u0142\u0105d &lt;0,5 mm<\/li>\n<li>Obszar akcesori\u00f3w: magnetyczna tablica dzia\u0142owa, dowolna kombinacja do 12 rodzaj\u00f3w<\/li>\n<li>Warstwa sucha: wszczepione w\u0142\u00f3kno z w\u0119glem aktywnym, zakres kontroli wilgotno\u015bci 40%-60%RH<\/li>\n<\/ol>\n<h2 id=\"-advantages-of-china-s-source-factory-\"><strong>Zalety chi\u0144skiej fabryki \u017ar\u00f3d\u0142owej<\/strong><\/h2>\n<ol>\n<li><strong>Gwarancja elastycznego \u0142a\u0144cucha dostaw<\/strong> 50 niemieckich jednostek drukuj\u0105cych Heidelberg Speedmaster, obs\u0142uguj\u0105cych elastyczne zam\u00f3wienia od 500 do 10 000 000 sztuk. 48-godzinny ultraszybki proofing, zapewniaj\u0105cy efekt makiety 3D + us\u0142ug\u0119 podw\u00f3jnego potwierdzenia fizycznej pr\u00f3bki pude\u0142ka. Bezp\u0142atna us\u0142uga projektowania obejmuje:<\/li>\n<li>Plan adaptacji marki VI (w tym 5 wersji propozycji)<\/li>\n<li>Raport z testu symulacji transportu (standard ISTA 3A)<\/li>\n<li>Lista ksi\u0119gowa \u015bladu w\u0119glowego (zgodna z certyfikatem EPD)<\/li>\n<\/ol>","protected":false},"excerpt":{"rendered":"<p>1. Szuflada na papier otwiera si\u0119, co jest dobrym wyborem, aby zr\u00f3wnowa\u017cy\u0107 funkcjonalno\u015b\u0107 i estetyczny wygl\u0105d<br \/>\n2. Akcesoria wst\u0105\u017ckowe odgrywaj\u0105 wa\u017cn\u0105 rol\u0119 w dekoracji, brandingu i zastosowaniach funkcjonalnych ze wzgl\u0119du na ich r\u00f3\u017cnorodno\u015b\u0107 i praktyczno\u015b\u0107.<br \/>\n3. Typ pude\u0142ka, rozmiar, materia\u0142, projekt i proces drukowania powierzchni mo\u017cna w du\u017cym stopniu dostosowa\u0107 do opakowania r\u0119cznik\u00f3w sportowych<\/p>","protected":false},"featured_media":8696,"template":"","meta":[],"product_brand":[],"product_cat":[30,414,31,426],"product_tag":[953,952,954],"class_list":{"0":"post-8691","1":"product","2":"type-product","3":"status-publish","4":"has-post-thumbnail","6":"product_cat-by-industry","7":"product_cat-custom-apparel-boxes","8":"product_cat-paper-box-style","9":"product_cat-paper-drawer-boxes","10":"product_tag-athletic-sleeve-packaging-box","11":"product_tag-custom-towel-packaging","12":"product_tag-shoe-packaging-box-wholesale","14":"first","15":"instock","16":"shipping-taxable","17":"product-type-simple"},"_links":{"self":[{"href":"https:\/\/zojopackaging.com\/pl\/wp-json\/wp\/v2\/product\/8691","targetHints":{"allow":["GET"]}}],"collection":[{"href":"https:\/\/zojopackaging.com\/pl\/wp-json\/wp\/v2\/product"}],"about":[{"href":"https:\/\/zojopackaging.com\/pl\/wp-json\/wp\/v2\/types\/product"}],"version-history":[{"count":1,"href":"https:\/\/zojopackaging.com\/pl\/wp-json\/wp\/v2\/product\/8691\/revisions"}],"predecessor-version":[{"id":8698,"href":"https:\/\/zojopackaging.com\/pl\/wp-json\/wp\/v2\/product\/8691\/revisions\/8698"}],"wp:featuredmedia":[{"embeddable":true,"href":"https:\/\/zojopackaging.com\/pl\/wp-json\/wp\/v2\/media\/8696"}],"wp:attachment":[{"href":"https:\/\/zojopackaging.com\/pl\/wp-json\/wp\/v2\/media?parent=8691"}],"wp:term":[{"taxonomy":"product_brand","embeddable":true,"href":"https:\/\/zojopackaging.com\/pl\/wp-json\/wp\/v2\/product_brand?post=8691"},{"taxonomy":"product_cat","embeddable":true,"href":"https:\/\/zojopackaging.com\/pl\/wp-json\/wp\/v2\/product_cat?post=8691"},{"taxonomy":"product_tag","embeddable":true,"href":"https:\/\/zojopackaging.com\/pl\/wp-json\/wp\/v2\/product_tag?post=8691"}],"curies":[{"name":"wp","href":"https:\/\/api.w.org\/{rel}","templated":true}]}}