{"id":8699,"date":"2025-03-29T20:43:56","date_gmt":"2025-03-29T12:43:56","guid":{"rendered":"https:\/\/zojopackaging.com\/?post_type=product&#038;p=8699"},"modified":"2025-03-29T21:48:00","modified_gmt":"2025-03-29T13:48:00","slug":"premium-gourmet-assorted-chocolates-truffles-candy-gift-box","status":"publish","type":"product","link":"https:\/\/zojopackaging.com\/pl\/product\/premium-gourmet-assorted-chocolates-truffles-candy-gift-box\/","title":{"rendered":"Pude\u0142ko upominkowe Premium Gourmet Assorted Chocolates Truffles Candy"},"content":{"rendered":"<h2 id=\"-product-description-of-premium-gourmet-assorted-chocolate-truffle-candy-gift-box-\"><strong>Opis produktu Premium Gourmet Assorted Chocolate Truffle Candy Gift Box<\/strong><\/h2>\n<h3 id=\"2-special-paper-material-and-surface-technology-luxurious-tactile-and-visual-experience\">1. Specjalny materia\u0142 papierowy i technologia powierzchni: luksusowe wra\u017cenia dotykowe i wizualne<\/h3>\n<p>Pude\u0142ko upominkowe wykorzystuje\u00a0<strong>importowane specjalne pod\u0142o\u017ce papierowe<\/strong>Papier ze sk\u00f3ry liczi, papier per\u0142owy lub papier tkany z w\u0142\u00f3kien, z faktur\u0105 sk\u00f3ry naturalnej lub matow\u0105 faktur\u0105 metalu na powierzchni. Poprzez wyt\u0142aczanie, t\u0142oczenie na gor\u0105co, cz\u0119\u015bciowe UV i inne procesy, tworzony jest tr\u00f3jwymiarowy efekt reliefu, taki jak tekstura kaligrafii lub z\u0142ocone linie, nadaj\u0105c opakowaniu konotacje kulturowe i warto\u015b\u0107 artystyczn\u0105. Wszystkie materia\u0142y papierowe posiadaj\u0105 certyfikat FSC, s\u0105 przyjazne dla \u015brodowiska i nadaj\u0105 si\u0119 do recyklingu, bior\u0105c pod uwag\u0119 poczucie luksusu i koncepcj\u0119 zr\u00f3wnowa\u017conego rozwoju.<\/p>\n<h3 id=\"3-highly-customized-service-all-round-adaptation-from-box-type-to-lining\">2. Wysoce spersonalizowana us\u0142uga: wszechstronne dostosowanie od typu pude\u0142ka do podszewki<\/h3>\n<ol>\n<li><strong>Elastyczne dostosowywanie typu i rozmiaru pude\u0142ka<\/strong>Obs\u0142uguje r\u00f3\u017cne struktury, takie jak g\u00f3rna i dolna pokrywa, typ szuflady, ci\u0119cie o specjalnym kszta\u0142cie itp., aby dostosowa\u0107 si\u0119 do wymaga\u0144 aran\u017cacyjnych trufli czekoladowych o r\u00f3\u017cnych specyfikacjach (takich jak \u015brednica 15-30 mm).<\/li>\n<li><strong>Proces drukowania powierzchniowego<\/strong>Opcjonalna pow\u0142oka poliuretanowa na bazie wody (wodoodporna i olejoodporna), grawerowanie laserowe, drukowanie siatki 3D itp., na przyk\u0142ad grubo\u015b\u0107 pow\u0142oki osi\u0105ga 8 g \/ \u33a1, a odporno\u015b\u0107 na zarysowania poprawia si\u0119 o 200%.<\/li>\n<li><strong>Indywidualne rozwi\u0105zanie podszewki<\/strong>Wykorzystanie bawe\u0142ny per\u0142owej EVA lub EPE o jako\u015bci spo\u017cywczej, precyzyjne otwieranie formy dzi\u0119ki technologii skanowania 3D, aby uzyska\u0107 niezale\u017cne pozycjonowanie i mocowanie cukierk\u00f3w truflowych, doskona\u0142\u0105 wydajno\u015b\u0107 buforowania i wsp\u00f3\u0142czynnik sejsmiczny 320 kPa.<\/li>\n<\/ol>\n<h3 id=\"4-folding-structure-and-logistics-optimization-efficient-warehousing-and-low-cost-transportation\">3. Struktura sk\u0142adania i optymalizacja logistyki: wydajne magazynowanie i tani transport<\/h3>\n<p>Pude\u0142ko upominkowe przyjmuje\u00a0<strong>Sk\u0142adana na p\u0142asko konstrukcja<\/strong>co zmniejsza obj\u0119to\u015b\u0107 pustego pude\u0142ka o 70% i zwi\u0119ksza stopie\u0144 wykorzystania przestrzeni magazynowej o 50%. Podczas uk\u0142adania w stos, konstrukcja dolnego \u017cebra wzmacniaj\u0105cego mo\u017ce wytrzyma\u0107 obci\u0105\u017cenie 15 kg, co jest odpowiednie dla zautomatyzowanego procesu pakowania na linii produkcyjnej. Jest kompatybilny ze standardowymi rozmiarami palet podczas transportu, zmniejszaj\u0105c koszty logistyczne o 20%-30%.<\/p>\n<h3 id=\"5-triple-protection-process-all-round-guarantee-of-product-quality\">4. Potr\u00f3jny proces ochrony: wszechstronna gwarancja jako\u015bci produktu<\/h3>\n<ol>\n<li><strong>Technologia powlekania powierzchni<\/strong>Pow\u0142oka poliuretanowa na bazie wody jest stosowana do tworzenia bariery wodoodpornej na poziomie nano. Odporno\u015b\u0107 na wilgo\u0107 przechodzi 48-godzinny test wilgotno\u015bci 90% i skutecznie blokuje przenikanie pary wodnej.<\/li>\n<\/ol>\n<h3 id=\"vi-advantages-of-china-s-source-factory-one-stop-service-and-cost-advantage\">5. Zalety chi\u0144skiej fabryki \u017ar\u00f3d\u0142owej: kompleksowa obs\u0142uga i przewaga kosztowa<\/h3>\n<p>Jako\u00a0<strong>Chi\u0144ska fabryka opakowa\u0144 \u017ar\u00f3d\u0142owych<\/strong>zapewniamy:<\/p>\n<ul>\n<li><strong>Bezp\u0142atne pr\u00f3bki i projekty<\/strong>: Prototypowanie jest zako\u0144czone w ci\u0105gu 3 dni roboczych, a generowanie inteligentnych projekt\u00f3w jest obs\u0142ugiwane przez sztuczn\u0105 inteligencj\u0119.<\/li>\n<li><strong>Elastyczna produkcja<\/strong>: Obs\u0142uguje minimalne zam\u00f3wienie 100 pude\u0142ek, a cena jest 30%-40% ni\u017csza ni\u017c podobnych produkt\u00f3w na rynku.<\/li>\n<li><strong>Pe\u0142na kontrola jako\u015bci procesu<\/strong>: Przeszed\u0142 certyfikacj\u0119 bezpiecze\u0144stwa \u017cywno\u015bci ISO 22000, a materia\u0142 podszewki spe\u0142nia standardy FDA.<\/li>\n<\/ul>\n<p><strong>Dostosuj swoje ekskluzywne pude\u0142ko upominkowe ju\u017c teraz<\/strong>\u00a0Skontaktuj si\u0119 z nami, aby uzyska\u0107 bezp\u0142atne pr\u00f3bki i rozwi\u0105zania projektowe, zwi\u0119kszy\u0107 warto\u015b\u0107 marki dzi\u0119ki ekstremalnemu opakowaniu i sprawi\u0107, by ka\u017cda czekoladka truflowa by\u0142a dzie\u0142em sztuki, kt\u00f3re przekazuje Twoje serce.<\/p>","protected":false},"excerpt":{"rendered":"<p>1. Pude\u0142ko z podw\u00f3jnymi drzwiczkami ma unikalny symetryczny spos\u00f3b otwierania, co zapewnia przewag\u0119 pod wzgl\u0119dem funkcjonalno\u015bci i prezentacji wizualnej.<br \/>\n2. Specjalny materia\u0142 papierowy ze specjalnymi liniami tekstur, wygl\u0105da luksusowo i wysokiej klasy oraz wzmacnia efekt marki<br \/>\n3. Typ pude\u0142ka, rozmiar, materia\u0142, projekt i proces drukowania powierzchni mo\u017cna w du\u017cym stopniu dostosowa\u0107 do potrzeb smakoszy r\u00f3\u017cnorodnych opakowa\u0144 cukierk\u00f3w czekoladowych trufli<\/p>","protected":false},"featured_media":8700,"template":"","meta":[],"product_brand":[],"product_cat":[30,422,428,31],"product_tag":[956,955,957],"class_list":{"0":"post-8699","1":"product","2":"type-product","3":"status-publish","4":"has-post-thumbnail","6":"product_cat-by-industry","7":"product_cat-custom-gourmet-boxes-by-industry","8":"product_cat-irregular-shaped-gift-boxes","9":"product_cat-paper-box-style","10":"product_tag-chocolates-candy-gift-box","11":"product_tag-premium-chocolates-gift-box","12":"product_tag-truffles-candy-gift-box","14":"first","15":"instock","16":"shipping-taxable","17":"product-type-simple"},"_links":{"self":[{"href":"https:\/\/zojopackaging.com\/pl\/wp-json\/wp\/v2\/product\/8699","targetHints":{"allow":["GET"]}}],"collection":[{"href":"https:\/\/zojopackaging.com\/pl\/wp-json\/wp\/v2\/product"}],"about":[{"href":"https:\/\/zojopackaging.com\/pl\/wp-json\/wp\/v2\/types\/product"}],"version-history":[{"count":1,"href":"https:\/\/zojopackaging.com\/pl\/wp-json\/wp\/v2\/product\/8699\/revisions"}],"predecessor-version":[{"id":8707,"href":"https:\/\/zojopackaging.com\/pl\/wp-json\/wp\/v2\/product\/8699\/revisions\/8707"}],"wp:featuredmedia":[{"embeddable":true,"href":"https:\/\/zojopackaging.com\/pl\/wp-json\/wp\/v2\/media\/8700"}],"wp:attachment":[{"href":"https:\/\/zojopackaging.com\/pl\/wp-json\/wp\/v2\/media?parent=8699"}],"wp:term":[{"taxonomy":"product_brand","embeddable":true,"href":"https:\/\/zojopackaging.com\/pl\/wp-json\/wp\/v2\/product_brand?post=8699"},{"taxonomy":"product_cat","embeddable":true,"href":"https:\/\/zojopackaging.com\/pl\/wp-json\/wp\/v2\/product_cat?post=8699"},{"taxonomy":"product_tag","embeddable":true,"href":"https:\/\/zojopackaging.com\/pl\/wp-json\/wp\/v2\/product_tag?post=8699"}],"curies":[{"name":"wp","href":"https:\/\/api.w.org\/{rel}","templated":true}]}}