{"id":8708,"date":"2025-03-29T21:48:29","date_gmt":"2025-03-29T13:48:29","guid":{"rendered":"https:\/\/zojopackaging.com\/?post_type=product&#038;p=8708"},"modified":"2025-03-31T10:38:49","modified_gmt":"2025-03-31T02:38:49","slug":"premium-custom-coffee-magnetic-closure-gift-boxes","status":"publish","type":"product","link":"https:\/\/zojopackaging.com\/pl\/product\/premium-custom-coffee-magnetic-closure-gift-boxes\/","title":{"rendered":"Wysokiej jako\u015bci niestandardowe pude\u0142ka na kaw\u0119 z magnetycznym zamkni\u0119ciem"},"content":{"rendered":"<h2 id=\"-product-description-of-advanced-customized-coffee-magnetic-gift-box-\">Wysokiej jako\u015bci niestandardowe pude\u0142ka na kaw\u0119 z magnetycznym zamkni\u0119ciem<\/h2>\n<h3 id=\"-1-innovative-magnetic-embedded-design-\"><strong>1. Innowacyjna konstrukcja pude\u0142ek z zamkni\u0119ciem magnetycznym<\/strong><\/h3>\n<p>Ten produkt przyjmuje konstrukcj\u0119 pude\u0142ek z zamkni\u0119ciem magnetycznym, a struktura magnetyczna jest ukryta wewn\u0105trz korpusu pude\u0142ka, unikaj\u0105c wad tradycyjnych ods\u0142oni\u0119tych magnes\u00f3w, kt\u00f3re s\u0105 \u0142atwe do noszenia i wp\u0142ywaj\u0105 na wygl\u0105d. Magnetyczne otwieranie i zamykanie jest p\u0142ynne i stabilne, co poprawia wygod\u0119 obs\u0142ugi i wyd\u0142u\u017ca \u017cywotno\u015b\u0107 opakowania. Nadaje si\u0119 do otwierania i zamykania prezent\u00f3w z du\u017c\u0105 cz\u0119stotliwo\u015bci\u0105.<\/p>\n<h3 id=\"-2-strong-and-environmentally-friendly-material-\"><strong>2. Mocny i przyjazny dla \u015brodowiska materia\u0142<\/strong><\/h3>\n<p>Korpus pude\u0142ka wykorzystuje szary papier tekturowy o wysokiej gramaturze 1200 GSM i technologi\u0119 papieru powlekanego 157 GSM, kt\u00f3ra charakteryzuje si\u0119 zar\u00f3wno odporno\u015bci\u0105 na nacisk, jak i trwa\u0142o\u015bci\u0105, doskona\u0142\u0105 no\u015bno\u015bci\u0105 i mo\u017ce wytrzyma\u0107 nacisk transportu na du\u017ce odleg\u0142o\u015bci. Materia\u0142 spe\u0142nia normy ochrony \u015brodowiska, szary papier kartonowy nadaje si\u0119 do recyklingu i degradacji, a nadruk na papierze powlekanym jest wyrazisty, bior\u0105c pod uwag\u0119 zr\u00f3wnowa\u017cony rozw\u00f3j i wysokiej jako\u015bci tekstur\u0119.<\/p>\n<h3 id=\"-3-double-sided-high-definition-printing-technology-\"><strong>3. Technologia druku dwustronnego w wysokiej rozdzielczo\u015bci<\/strong><\/h3>\n<p>Dzi\u0119ki procesowi dwustronnego drukowania, logo marki, informacje o produkcie i wzory artystyczne s\u0105 dok\u0142adnie prezentowane na powierzchni korpusu pude\u0142ka, wspieraj\u0105c punktowe kolory Pantone, lokalny lakier UV i inne procesy w celu zwi\u0119kszenia efektu wizualnego i rozpoznawalno\u015bci marki. Na przyk\u0142ad na pokrywie pude\u0142ka mo\u017cna wydrukowa\u0107 histori\u0119 pochodzenia kawy, a na spodzie pude\u0142ka mo\u017cna wy\u015bwietli\u0107 przewodnik parzenia, aby przekaza\u0107 warto\u015b\u0107 marki we wszystkich kierunkach.<\/p>\n<h3 id=\"-4-highly-flexible-customization-scheme-\"><strong>4. Wysoce elastyczny schemat dostosowywania<\/strong><\/h3>\n<ul>\n<li><strong>Typ i rozmiar pude\u0142ka<\/strong>: Obs\u0142uguje r\u00f3\u017cne struktury, takie jak g\u00f3rne i dolne pokrywy, pude\u0142ka w kszta\u0142cie ksi\u0105\u017cki, pude\u0142ka szufladowe (takie jak pude\u0142ka typu rurowego i dyskowego), odpowiednie dla r\u00f3\u017cnych form produkt\u00f3w, takich jak kapsu\u0142ki z kaw\u0105, wisz\u0105ce torebki na uszy, ziarna kawy itp.<\/li>\n<li><strong>Kolor i materia\u0142<\/strong>: Zapewniaj\u0105 matowe, b\u0142yszcz\u0105ce, t\u0142oczone na gor\u0105co\/srebrne, wyt\u0142aczane i inne efekty powierzchniowe, a materia\u0142 mo\u017cna wybra\u0107 spo\u015br\u00f3d papieru powlekanego, papieru artystycznego itp. w celu zaspokojenia potrzeb prezent\u00f3w biznesowych lub motyw\u00f3w \u015bwi\u0105tecznych.<\/li>\n<li><strong>Efekt drukowania<\/strong>: Po\u0142\u0105czenie technologii druku cyfrowego i sitodruku w celu uzyskania z\u0142o\u017conych wzor\u00f3w, takich jak gradient i stereoskopowe 3D, odpowiednie dla tonu marki.<\/li>\n<\/ul>\n<h3 id=\"-5-precisely-fit-eva-shockproof-lining-\"><strong>5. Precyzyjnie dopasowana, odporna na wstrz\u0105sy wy\u015bci\u00f3\u0142ka EVA<\/strong><\/h3>\n<p>Podszewka z pianki EVA dostosowana do rozmiaru produktu, o opcjonalnej g\u0119sto\u015bci 25\u00b0-50\u00b0, poprzez ci\u0119cie CNC, aby zapewni\u0107 idealne dopasowanie do produkt\u00f3w kawowych, zmniejszy\u0107 wibracje transportowe i marnotrawstwo miejsca. Podszewka obs\u0142uguje obr\u00f3bk\u0119 antystatyczn\u0105, kt\u00f3ra jest odpowiednia dla potrzeb ochrony elektronicznych akcesori\u00f3w do kawy (takich jak akcesoria do r\u0119cznego parzenia kawy).<\/p>\n<h3 id=\"-6-triple-protection-lamination-process-\"><strong>6. Proces laminowania z potr\u00f3jn\u0105 ochron\u0105<\/strong><\/h3>\n<p>Na powierzchni zastosowano technologi\u0119 laminowania nanopoziomowego, kt\u00f3ra ma funkcje wodoodporne, olejoodporne i odporne na wilgo\u0107, skutecznie chroni przed rozpryskami cieczy i wilgotnym \u015brodowiskiem oraz chroni nadruk na pude\u0142ku przed blakni\u0119ciem i deformacj\u0105. Proces ten mo\u017ce r\u00f3wnie\u017c zwi\u0119kszy\u0107 odporno\u015b\u0107 powierzchni na zu\u017cycie i wyd\u0142u\u017cy\u0107 okres przechowywania pude\u0142ek upominkowych w magazynach i logistyce.<\/p>\n<h3 id=\"-7-fully-automated-and-efficient-production-\"><strong>7. W pe\u0142ni zautomatyzowana i wydajna produkcja<\/strong><\/h3>\n<p>Opieraj\u0105c si\u0119 na w pe\u0142ni automatycznej linii produkcyjnej, osi\u0105ga dzienn\u0105 zdolno\u015b\u0107 produkcyjn\u0105 10 milion\u00f3w sztuk (10 000 000 sztuk), obejmuj\u0105c\u0105 sztancowanie, laminowanie, monta\u017c magnetyczny, laminowanie podszewki i inne procesy. Dzi\u0119ki inteligentnemu systemowi sterowania PLC i sprz\u0119towi do kontroli wizualnej zapewniamy, \u017ce dok\u0142adno\u015b\u0107 produkcji i wska\u017anik wydajno\u015bci osi\u0105gaj\u0105 99,5%, spe\u0142niaj\u0105c potrzeby pilnych zam\u00f3wie\u0144 i dostaw na du\u017c\u0105 skal\u0119.<\/p>\n<h3 id=\"-8-advantageous-service-of-the-source-factory-\"><strong>8. Korzystna obs\u0142uga fabryki \u017ar\u00f3d\u0142owej<\/strong><\/h3>\n<p>Jako fabryka opakowa\u0144 do kawy w Chinach zapewniamy:<\/p>\n<ul>\n<li><strong>Bezp\u0142atne pr\u00f3bki i projekty<\/strong>: Profesjonalny zesp\u00f3\u0142 zapewnia projekty 3D w ci\u0105gu 1 dnia, fizyczne pr\u00f3bki s\u0105 wysy\u0142ane w ci\u0105gu 2 dni, a spersonalizowane korekty s\u0105 obs\u0142ugiwane.<\/li>\n<li><strong>Optymalizacja koszt\u00f3w<\/strong>: Zakupy na du\u017c\u0105 skal\u0119 i zautomatyzowana produkcja obni\u017caj\u0105 koszty, a cena tej samej jako\u015bci jest 30% ni\u017csza ni\u017c na rynku.<\/li>\n<li><strong>Kompleksowe rozwi\u0105zanie<\/strong>: Pocz\u0105wszy od projektowania opakowa\u0144, wyboru materia\u0142\u00f3w, a\u017c po logistyk\u0119 i dystrybucj\u0119, us\u0142uga ca\u0142ego procesu zapewnia terminow\u0105 realizacj\u0119 projektu.<\/li>\n<\/ul>\n<p><strong>Scenariusz zastosowania<\/strong><\/p>\n<ul>\n<li><strong>Prezent biznesowy<\/strong>: Magnetyczne otwieranie i zamykanie podkre\u015bla poczucie ceremonii, a po\u0142\u0105czenie korporacyjnego systemu kolor\u00f3w VI wzmacnia wizerunek marki.<\/li>\n<li><strong>Pude\u0142ko na prezent \u015bwi\u0105teczny<\/strong>: Indywidualny wz\u00f3r \u015bwi\u0105teczny, podszewka nadaje si\u0119 do kombinacji produkt\u00f3w kawowych o r\u00f3\u017cnych specyfikacjach.<\/li>\n<li><strong>Handel detaliczny przez internet<\/strong>: Wodoodporna pow\u0142oka i wyk\u0142adzina odporna na trz\u0119sienia ziemi zapewniaj\u0105 bezpiecze\u0144stwo transportu i zmniejszaj\u0105 straty posprzeda\u017cowe.<\/li>\n<\/ul>\n<p><strong>Podejmij dzia\u0142anie teraz<\/strong>\u00a0Skontaktuj si\u0119 z fabryk\u0105 \u017ar\u00f3d\u0142ow\u0105 w Chinach, uzyskaj bezp\u0142atne pr\u00f3bki i rozwi\u0105zania projektowe i rozpocznij swoj\u0105 przygod\u0119 z dostosowywaniem wysokiej klasy opakowa\u0144 do kawy!<\/p>","protected":false},"excerpt":{"rendered":"<p>1. Magnetyczne opakowanie, konstrukcja z wbudowanym magnesem, aby unikn\u0105\u0107 zewn\u0119trznego zu\u017cycia<br \/>\n2. Wykonana z szarej tektury 1200 GSM i powlekanego papieru artystycznego 157 GSM, trwa\u0142a, przyjazna dla \u015brodowiska i zr\u00f3wnowa\u017cona.<br \/>\n3. Druk dwustronny, mo\u017ce drukowa\u0107 informacje o produkcie i logo marki na powierzchni pude\u0142ka, aby wzmocni\u0107 efekt marki<\/p>","protected":false},"featured_media":8713,"template":"","meta":[],"product_brand":[],"product_cat":[30,422,424,31],"product_tag":[959,958,960],"class_list":{"0":"post-8708","1":"product","2":"type-product","3":"status-publish","4":"has-post-thumbnail","6":"product_cat-by-industry","7":"product_cat-custom-gourmet-boxes-by-industry","8":"product_cat-magnetic-closure-boxes","9":"product_cat-paper-box-style","10":"product_tag-coffee-magnetic-closure-boxes","11":"product_tag-custom-coffee-boxes","12":"product_tag-premium-coffee-gift-boxes","14":"first","15":"instock","16":"shipping-taxable","17":"product-type-simple"},"_links":{"self":[{"href":"https:\/\/zojopackaging.com\/pl\/wp-json\/wp\/v2\/product\/8708","targetHints":{"allow":["GET"]}}],"collection":[{"href":"https:\/\/zojopackaging.com\/pl\/wp-json\/wp\/v2\/product"}],"about":[{"href":"https:\/\/zojopackaging.com\/pl\/wp-json\/wp\/v2\/types\/product"}],"version-history":[{"count":3,"href":"https:\/\/zojopackaging.com\/pl\/wp-json\/wp\/v2\/product\/8708\/revisions"}],"predecessor-version":[{"id":8728,"href":"https:\/\/zojopackaging.com\/pl\/wp-json\/wp\/v2\/product\/8708\/revisions\/8728"}],"wp:featuredmedia":[{"embeddable":true,"href":"https:\/\/zojopackaging.com\/pl\/wp-json\/wp\/v2\/media\/8713"}],"wp:attachment":[{"href":"https:\/\/zojopackaging.com\/pl\/wp-json\/wp\/v2\/media?parent=8708"}],"wp:term":[{"taxonomy":"product_brand","embeddable":true,"href":"https:\/\/zojopackaging.com\/pl\/wp-json\/wp\/v2\/product_brand?post=8708"},{"taxonomy":"product_cat","embeddable":true,"href":"https:\/\/zojopackaging.com\/pl\/wp-json\/wp\/v2\/product_cat?post=8708"},{"taxonomy":"product_tag","embeddable":true,"href":"https:\/\/zojopackaging.com\/pl\/wp-json\/wp\/v2\/product_tag?post=8708"}],"curies":[{"name":"wp","href":"https:\/\/api.w.org\/{rel}","templated":true}]}}