{"id":8737,"date":"2025-03-31T10:57:16","date_gmt":"2025-03-31T02:57:16","guid":{"rendered":"https:\/\/zojopackaging.com\/?post_type=product&#038;p=8737"},"modified":"2025-03-31T11:23:20","modified_gmt":"2025-03-31T03:23:20","slug":"custom-apparel-clothes-dress-collapsible-gift-box-wholesale","status":"publish","type":"product","link":"https:\/\/zojopackaging.com\/pl\/product\/custom-apparel-clothes-dress-collapsible-gift-box-wholesale\/","title":{"rendered":"Niestandardowa odzie\u017c Sukienka Sk\u0142adane pude\u0142ko na prezent Hurtownia"},"content":{"rendered":"<h2 id=\"custom-clothing-dress-foldable-magnetic-gift-box-wholesale-product-description\">Niestandardowa odzie\u017c Sukienka Sk\u0142adane pude\u0142ko na prezent Hurtownia<\/h2>\n<h3 id=\"-product-core-highlights-\"><strong>Najwa\u017cniejsze cechy produktu<\/strong><\/h3>\n<ol>\n<li><strong>Sk\u0142adana konstrukcja z magnetycznym zamkni\u0119ciem<\/strong> Dzi\u0119ki zastosowaniu ukrytej struktury magnesu, otwieranie i zamykanie magnetyczne jest p\u0142ynne i pozwala unikn\u0105\u0107 problemu zu\u017cycia spowodowanego przez ods\u0142oni\u0119ty magnes. Po z\u0142o\u017ceniu obj\u0119to\u015b\u0107 mo\u017cna skompresowa\u0107 do 1\/3 stanu roz\u0142o\u017conego, co znacznie zmniejsza koszty transportu i magazynowania. Dzi\u0119ki precyzyjnej technologii optymalizacji obwodu magnetycznego, si\u0142a adsorpcji jest stabilna (3-5N), zapewniaj\u0105c stabilno\u015b\u0107 zamkni\u0119cia, wygodn\u0105 obs\u0142ug\u0119 jedn\u0105 r\u0119k\u0105 i daj\u0105c poczucie ceremonii rozpakowywania.<\/li>\n<li><strong>Dwustronny nadruk kolorowy z motywem r\u00f3\u017cowym<\/strong>\u00a0Wykorzystuj\u0105c papier powlekany C2S o gramaturze 157 g jako no\u015bnik, dwustronn\u0105 technologi\u0119 precyzyjnego druku kolorowego, g\u0142\u00f3wnym kolorem jest delikatny r\u00f3\u017c (dostosowanie karty kolor\u00f3w Pantone), w po\u0142\u0105czeniu z zasadami psychologicznymi, aby stymulowa\u0107 romantyczne i s\u0142odkie skojarzenia emocjonalne. Warstwa wewn\u0119trzna zosta\u0142a zaprojektowana z dziewcz\u0119cymi wzorami, takimi jak kwiaty i koronki, aby zwi\u0119kszy\u0107 fantazj\u0119 konsument\u00f3w i ch\u0119\u0107 zakupu produkt\u00f3w odzie\u017cowych.<\/li>\n<li><strong>Akcesoria do ta\u015bm i identyfikacja marki<\/strong>\u00a0Dostosowane wst\u0105\u017cki (opcjonalne materia\u0142y satynowe\/szyfonowe) s\u0105 standardem, z kontrastuj\u0105cymi kokardkami lub technologi\u0105 t\u0142oczenia na gor\u0105co LOGO, aby zwi\u0119kszy\u0107 pi\u0119kno i wizualny poziom rozpakowywania. Obs\u0142uga personalizacji wst\u0105\u017cek z logo marki i wzmocnienie punkt\u00f3w pami\u0119ci marki poprzez zr\u00f3\u017cnicowanie kolor\u00f3w i rzemios\u0142a.<\/li>\n<li><strong>Lekka luksusowa z\u0142ota technologia t\u0142oczenia na gor\u0105co<\/strong> Technologia cz\u0119\u015bciowego t\u0142oczenia z\u0142ot\u0105 foli\u0105 na gor\u0105co jest wykorzystywana do uzyskania matowych i b\u0142yszcz\u0105cych efekt\u00f3w kontrastu na detalach, takich jak powierzchnia pude\u0142ka, LOGO i ramka, i drukowana jest przyjaznymi dla \u015brodowiska atramentami, bior\u0105c pod uwag\u0119 luksusow\u0105 tekstur\u0119 i zr\u00f3wnowa\u017cone koncepcje.<\/li>\n<\/ol>\n<h4 id=\"-environmentally-friendly-materials-and-structural-innovation-\"><strong>Przyjazne dla \u015brodowiska materia\u0142y i innowacje konstrukcyjne<\/strong><\/h4>\n<ul>\n<li><strong>Kombinacja materia\u0142\u00f3w<\/strong>: 157 g bia\u0142ego papieru powlekanego C2S (z certyfikatem FSC) na warstwie zewn\u0119trznej + 1200 g twardej szarej tektury na warstwie wewn\u0119trznej, o wytrzyma\u0142o\u015bci na \u015bciskanie 200 kg\/\u33a1 i wska\u017aniku recyklingu ponad 90%.<\/li>\n<li><strong>Sk\u0142adana konstrukcja<\/strong>: Imitacja tr\u00f3jwymiarowej struktury plastra miodu + sto\u017ckowa konstrukcja k\u0105ta pozycjonowania 60 \u00b0, osi\u0105gaj\u0105ca dok\u0142adno\u015b\u0107 powtarzalnego pozycjonowania na poziomie 0,1 mm, odpowiednia do pakowania odzie\u017cy o specjalnych kszta\u0142tach.<\/li>\n<\/ul>\n<h4 id=\"-highly-customized-service-\"><strong>Wysoce spersonalizowana us\u0142uga<\/strong><\/h4>\n<ol>\n<li><strong>Typ i rozmiar pude\u0142ka<\/strong>: Zapewnia ponad 10 typ\u00f3w pude\u0142ek, takich jak pokrywa g\u00f3rna i dolna, typ szuflady, typ ksi\u0105\u017cki z klapk\u0105 itp., z zakresem rozmiar\u00f3w od 50 \u00d7 30 \u00d7 5 cm do 80 \u00d7 50 \u00d7 15 cm, obs\u0142uguje niestandardowe dostosowywanie rozmiaru, a b\u0142\u0105d jest kontrolowany w zakresie \u00b1 0,5 mm.<\/li>\n<li><strong>Adaptacja wyk\u0142adziny wewn\u0119trznej<\/strong>: Wyk\u0142adzina EVA\/g\u0105bka jest dostosowana do konturu produktu, o g\u0119sto\u015bci 30-80 kg\/m\u00b3, precyzyjnym buforowaniu i odporno\u015bci na wstrz\u0105sy, a wykorzystanie przestrzeni jest zwi\u0119kszone o 40%.<\/li>\n<li><strong>Technologia powierzchniowa<\/strong>Ponad 20 efekt\u00f3w, takich jak lokalny lakier UV, wyt\u0142aczanie, laser itp. s\u0105 opcjonalne, obs\u0142uguj\u0105c specjalny numer koloru Pantone, druk gradientowy i technologi\u0119 wyt\u0142aczania 3D.<\/li>\n<\/ol>\n<h4 id=\"-application-scenarios-and-benefits-\"><strong>Scenariusze zastosowa\u0144 i korzy\u015bci<\/strong><\/h4>\n<ul>\n<li><strong>Marka premium<\/strong>: Poprawa warto\u015bci dodanej produktu dzi\u0119ki wysokiej jako\u015bci opakowaniu. Badania klient\u00f3w pokazuj\u0105, \u017ce opakowanie prezentowe mo\u017ce zwi\u0119kszy\u0107 cen\u0119 sukienek o 15%-20%.<\/li>\n<li><strong>Optymalizacja logistyki<\/strong>: Po z\u0142o\u017ceniu koszty transportu s\u0105 zmniejszone o 30%, co jest odpowiednie dla potrzeb transgranicznego handlu elektronicznego.<\/li>\n<li><strong>Certyfikacja \u015brodowiskowa<\/strong>: Zgodno\u015b\u0107 z normami UE REACH i US FDA oraz uzyskanie certyfikatu SGS w zakresie biodegradowalno\u015bci.<\/li>\n<\/ul>\n<h4 id=\"-ordering-process-\"><strong>Proces zamawiania<\/strong><\/h4>\n<ol>\n<li>Dostarczenie rozmiaru odzie\u017cy\/wymaga\u0144 projektowych \u2192 2. Modelowanie 3D w celu potwierdzenia struktury pude\u0142ka \u2192 3. Wycena rozwi\u0105zania materia\u0142owego\/procesowego \u2192 4. Wykonanie pr\u00f3bki (5-7 dni roboczych) \u2192 5. Masowa produkcja (MOQ 500 sztuk, czas dostawy 10-15 dni).<\/li>\n<\/ol>\n<p><strong>Przypadek wsp\u00f3\u0142pracy<\/strong>: Obs\u0142ugiwa\u0142 marki takie jak SHEIN i UR, ze \u015bredni\u0105 miesi\u0119czn\u0105 zdolno\u015bci\u0105 produkcyjn\u0105 300 000 sztuk i szybko\u015bci\u0105 dostosowywania 85%.<\/p>\n<p><strong>Dostosuj teraz<\/strong>: Zapewnij ciep\u0142o marki dzi\u0119ki ekskluzywnemu opakowaniu, dzi\u0119ki czemu ka\u017cda sukienka b\u0119dzie wymarzonym prezentem dla dziewczynek.<\/p>","protected":false},"excerpt":{"rendered":"<p>1. Magnetyczne pude\u0142ko zamykaj\u0105ce, wbudowany magnes, aby unikn\u0105\u0107 zewn\u0119trznego zu\u017cycia, sk\u0142adana konstrukcja, aby zmniejszy\u0107 wykorzystanie przestrzeni podczas transportu<br \/>\n2. R\u00f3\u017cowy nadruk mo\u017ce inspirowa\u0107 romantyczne i s\u0142odkie skojarzenia emocjonalne, zwi\u0119ksza\u0107 fantazj\u0119 dziewcz\u0105t na temat odzie\u017cy, ubra\u0144 i sukienek<br \/>\n3. Dwustronny druk kolorowy w celu zwi\u0119kszenia efektu dopasowania kolor\u00f3w i zaspokojenia potrzeb dziewcz\u0105t<\/p>","protected":false},"featured_media":8738,"template":"","meta":[],"product_brand":[],"product_cat":[30,427,414,31],"product_tag":[964,963,965],"class_list":{"0":"post-8737","1":"product","2":"type-product","3":"status-publish","4":"has-post-thumbnail","6":"product_cat-by-industry","7":"product_cat-collapsible-gift-boxes","8":"product_cat-custom-apparel-boxes","9":"product_cat-paper-box-style","10":"product_tag-clothes-box-wholesale","11":"product_tag-custom-apparel-gift-box","12":"product_tag-dress-collapsible-gift-box","14":"first","15":"instock","16":"shipping-taxable","17":"product-type-simple"},"_links":{"self":[{"href":"https:\/\/zojopackaging.com\/pl\/wp-json\/wp\/v2\/product\/8737","targetHints":{"allow":["GET"]}}],"collection":[{"href":"https:\/\/zojopackaging.com\/pl\/wp-json\/wp\/v2\/product"}],"about":[{"href":"https:\/\/zojopackaging.com\/pl\/wp-json\/wp\/v2\/types\/product"}],"version-history":[{"count":1,"href":"https:\/\/zojopackaging.com\/pl\/wp-json\/wp\/v2\/product\/8737\/revisions"}],"predecessor-version":[{"id":8743,"href":"https:\/\/zojopackaging.com\/pl\/wp-json\/wp\/v2\/product\/8737\/revisions\/8743"}],"wp:featuredmedia":[{"embeddable":true,"href":"https:\/\/zojopackaging.com\/pl\/wp-json\/wp\/v2\/media\/8738"}],"wp:attachment":[{"href":"https:\/\/zojopackaging.com\/pl\/wp-json\/wp\/v2\/media?parent=8737"}],"wp:term":[{"taxonomy":"product_brand","embeddable":true,"href":"https:\/\/zojopackaging.com\/pl\/wp-json\/wp\/v2\/product_brand?post=8737"},{"taxonomy":"product_cat","embeddable":true,"href":"https:\/\/zojopackaging.com\/pl\/wp-json\/wp\/v2\/product_cat?post=8737"},{"taxonomy":"product_tag","embeddable":true,"href":"https:\/\/zojopackaging.com\/pl\/wp-json\/wp\/v2\/product_tag?post=8737"}],"curies":[{"name":"wp","href":"https:\/\/api.w.org\/{rel}","templated":true}]}}