{"id":8744,"date":"2025-03-31T11:23:34","date_gmt":"2025-03-31T03:23:34","guid":{"rendered":"https:\/\/zojopackaging.com\/?post_type=product&#038;p=8744"},"modified":"2025-03-31T11:35:36","modified_gmt":"2025-03-31T03:35:36","slug":"high-quality-smart-mobile-phone-packaging-boxes-wholesale","status":"publish","type":"product","link":"https:\/\/zojopackaging.com\/pl\/product\/high-quality-smart-mobile-phone-packaging-boxes-wholesale\/","title":{"rendered":"Wysokiej jako\u015bci pude\u0142ka do pakowania inteligentnych telefon\u00f3w kom\u00f3rkowych hurtowo"},"content":{"rendered":"<h2 id=\"high-quality-smartphone-packaging-box-wholesale-product-description\">Wysokiej jako\u015bci pude\u0142ka do pakowania inteligentnych telefon\u00f3w kom\u00f3rkowych hurtowo<\/h2>\n<h3 id=\"1-top-and-bottom-cover-box-design-both-safety-and-brand-display-\">1.\u00a0<strong>Konstrukcja g\u00f3rnej i dolnej pokrywy pude\u0142ka, zar\u00f3wno pod wzgl\u0119dem bezpiecze\u0144stwa, jak i ekspozycji marki<\/strong><\/h3>\n<p>Przyjmuj\u0105c zintegrowan\u0105 struktur\u0119 g\u00f3rnej i dolnej pokrywy, bezszwowe zamkni\u0119cie uzyskuje si\u0119 dzi\u0119ki precyzyjnej technologii otwierania formy, skutecznie zapobiegaj\u0105c uszkodzeniom przedmiot\u00f3w spowodowanym wyt\u0142aczaniem i kolizj\u0105 podczas transportu. Powierzchnia pude\u0142ka mo\u017ce by\u0107 zadrukowana wysokiej rozdzielczo\u015bci LOGO marki, informacjami o produkcie lub technologi\u0105 laserowego t\u0142oczenia na gor\u0105co, z tr\u00f3jwymiarowym efektem t\u0142oczenia, co znacznie zwi\u0119ksza rozpoznawalno\u015b\u0107 marki i wysokiej jako\u015bci tekstur\u0119, przyci\u0105gaj\u0105c uwag\u0119 konsument\u00f3w.<\/p>\n<h3 id=\"2-environmentally-friendly-and-sustainable-materials-taking-into-account-strength-and-environmental-responsibility-\">2.\u00a0<strong>Przyjazne dla \u015brodowiska i zr\u00f3wnowa\u017cone materia\u0142y, uwzgl\u0119dniaj\u0105ce wytrzyma\u0142o\u015b\u0107 i odpowiedzialno\u015b\u0107 \u015brodowiskow\u0105<\/strong><\/h3>\n<p>Materia\u0142 rdzenia to\u00a0<strong>157g papier powlekany C2S + 1200g twarda tektura<\/strong>. Zewn\u0119trzny powlekany papier zapewnia delikatn\u0105 podstaw\u0119 do drukowania, a wewn\u0119trzna twarda tektura ma wytrzyma\u0142o\u015b\u0107 na \u015bciskanie ponad 3 razy wi\u0119ksz\u0105 ni\u017c standard bran\u017cowy. Przeszed\u0142 certyfikacj\u0119 le\u015bn\u0105 FSC i testy \u015brodowiskowe UE (RoHS) i nadaje si\u0119 do recyklingu i degradacji 100%. Powierzchnia jest pokryta matow\u0105\/b\u0142yszcz\u0105c\u0105, przyjazn\u0105 dla \u015brodowiska pow\u0142ok\u0105 na bazie wody, aby unikn\u0105\u0107 zanieczyszczenia tradycyjnym tuszem, co jest zgodne z globalnym trendem ekologicznych opakowa\u0144.<\/p>\n<h3 id=\"3-highly-customized-service-all-round-adaptation-needs-\">3.\u00a0<strong>Wysoce spersonalizowana us\u0142uga, wszechstronne potrzeby adaptacyjne<\/strong><\/h3>\n<ul>\n<li><strong>Elastyczny typ obudowy<\/strong>Obs\u0142uguje ponad 20 typ\u00f3w pude\u0142ek, takich jak g\u00f3rna i dolna pokrywa, typ szuflady, pude\u0142ko w kszta\u0142cie ksi\u0105\u017cki itp., kompatybilne ze sk\u0142adanymi konstrukcjami o specjalnym kszta\u0142cie (takimi jak wy\u015bwietlacz okienny, magnetyczna klapka);<\/li>\n<li><strong>Precyzyjny rozmiar<\/strong>Obejmuje pe\u0142ny zakres rozmiar\u00f3w telefon\u00f3w kom\u00f3rkowych od 4,7 cala do 7,2 cala, z kontrol\u0105 tolerancji w zakresie \u00b10,5 mm;<\/li>\n<li><strong>Zr\u00f3\u017cnicowane procesy<\/strong>Opcjonalne t\u0142oczenie na gor\u0105co \/ srebro, lokalny lakier UV, wyt\u0142aczanie, laser i inne obr\u00f3bki powierzchni, obs\u0142uga specjalnego druku kolorowego Pantone, r\u00f3\u017cnica kolor\u00f3w \u0394E \u2264 1,5;<\/li>\n<li><strong>Ulepszenie materia\u0142\u00f3w<\/strong>mo\u017cna zast\u0105pi\u0107 specjalnymi materia\u0142ami przyjaznymi dla \u015brodowiska, takimi jak tektura z pulpy trzciny cukrowej i materia\u0142y kompozytowe z w\u0142\u00f3kna bambusowego.<\/li>\n<\/ul>\n<h3 id=\"4-intelligent-lining-system-precise-product-protection-\">4.\u00a0<strong>Inteligentny system podszewki, precyzyjna ochrona produktu<\/strong><\/h3>\n<p>Przyj\u0119cie podszewki z g\u0105bki EVA lub masy celulozowej o strukturze plastra miodu, dostosowanie po\u0142o\u017cenia komory do tr\u00f3jwymiarowego rozmiaru telefonu kom\u00f3rkowego (d\u0142ugo\u015b\u0107 \u00d7 szeroko\u015b\u0107 \u00d7 grubo\u015b\u0107), realizacja\u00a0<strong>utrwalenie luki zerowej<\/strong>a odporno\u015b\u0107 na wstrz\u0105sy sejsmiczne zosta\u0142a potwierdzona certyfikatem ISTA 3A. Obs\u0142uguje warstwow\u0105 konstrukcj\u0119, kompatybiln\u0105 ze zintegrowanym przechowywaniem akcesori\u00f3w (takich jak \u0142adowarki, s\u0142uchawki) i zwi\u0119ksza wykorzystanie przestrzeni przez 40%.<\/p>\n<h3 id=\"5-triple-protective-coating-technology-to-resist-environmental-erosion-\">5.\u00a0<strong>Technologia potr\u00f3jnej pow\u0142oki ochronnej odpornej na erozj\u0119 \u015brodowiskow\u0105<\/strong><\/h3>\n<p>Powierzchnia jest pokryta nanopoziomow\u0105 wodoodporn\u0105 i olejoodporn\u0105 foli\u0105 (pow\u0142oka PVDC), osi\u0105gaj\u0105c poziom wodoodporno\u015bci IPX4, brak deformacji przez 48 godzin w \u015brodowisku o wilgotno\u015bci 90%, a przepuszczalno\u015b\u0107 oleju jest mniejsza ni\u017c 0,1%. Wewn\u0119trzna warstwa zawiera odporne na wilgo\u0107 sita molekularne, kt\u00f3re poch\u0142aniaj\u0105 wilgo\u0107 w opakowaniu, zapewniaj\u0105c stabilno\u015b\u0107 produkt\u00f3w elektronicznych w \u015brodowiskach o ekstremalnych temperaturach i wilgotno\u015bci.<\/p>\n<h3 id=\"6-fully-automatic-intelligent-manufacturing-system-dual-guarantee-of-production-capacity-and-delivery-\">6.\u00a0<strong>W pe\u0142ni zautomatyzowany inteligentny system produkcji, podw\u00f3jna gwarancja zdolno\u015bci produkcyjnej i dostawy<\/strong><\/h3>\n<p>Poleganie na\u00a0<strong>36 w pe\u0142ni automatycznych linii monta\u017cowych<\/strong>Dzi\u0119ki zintegrowanej wizualnej kontroli jako\u015bci AI i systemowi logistycznemu AGV, dzienna zdolno\u015b\u0107 produkcyjna przekracza 10 milion\u00f3w sztuk, a cykl odpowiedzi na zam\u00f3wienie jest skr\u00f3cony do 48 godzin. Obs\u0142uguje tryb dostawy JIT (Just-in-Time), wska\u017anik b\u0142\u0119du zam\u00f3wienia partii &lt;0,3% i uzyska\u0142 certyfikat systemu zarz\u0105dzania jako\u015bci\u0105 ISO 9001.<\/p>\n<h3 id=\"7-source-factory-advantage-zero-cost-empowerment-brand-\">7.\u00a0<strong>Przewaga fabryki \u017ar\u00f3d\u0142owej, marka upodmiotowienia bez koszt\u00f3w<\/strong><\/h3>\n<p>Jako\u00a0<strong>pude\u0142ko na telefon kom\u00f3rkowy fabryka \u017ar\u00f3de\u0142 ODM \/ OEM<\/strong>\u00a0w g\u0142\u00f3wnym obszarze produkcyjnym delty Rzeki Per\u0142owej w Chinach, zapewniamy:<\/p>\n<ul>\n<li><strong>bezp\u0142atny proofing<\/strong>Pr\u00f3bki fizyczne zostan\u0105 wys\u0142ane w ci\u0105gu 3 dni roboczych;<\/li>\n<li><strong>darmowy projekt<\/strong>: profesjonalny zesp\u00f3\u0142 zapewnia 3 zestawy rozwi\u0105za\u0144 projektowych (w tym renderingi 3D);<\/li>\n<li><strong>przewaga cenowa<\/strong>Zakupy na du\u017c\u0105 skal\u0119 zmniejszaj\u0105 koszty o 30%, a pocz\u0105tkowa cena zam\u00f3wienia 100 000 sztuk wynosi zaledwie 0,48 juana\/sztuk\u0119.<\/li>\n<\/ul>\n<h3 id=\"technical-parameters\">Parametry techniczne<\/h3>\n<table>\n<thead>\n<tr>\n<th>Projekt<\/th>\n<th>Parametr<\/th>\n<th>Standard certyfikacji<\/th>\n<\/tr>\n<\/thead>\n<tbody>\n<tr>\n<td>Wytrzyma\u0142o\u015b\u0107 na \u015bciskanie<\/td>\n<td>\u22658000N\/\u33a1<\/td>\n<td>GB\/T 6544-2008<\/td>\n<\/tr>\n<tr>\n<td>Test upadku<\/td>\n<td>10 razy na wysoko\u015bci 1,2 m bez uszkodze\u0144<\/td>\n<td>ISTA 3A<\/td>\n<\/tr>\n<tr>\n<td>Zawarto\u015b\u0107 wilgoci<\/td>\n<td>\u22649%<\/td>\n<td>ISO 535:2014<\/td>\n<\/tr>\n<tr>\n<td>Cykl dostawy<\/td>\n<td>5-15 dni (w zale\u017cno\u015bci od wielko\u015bci zam\u00f3wienia)<\/td>\n<td>-<\/td>\n<\/tr>\n<\/tbody>\n<\/table>\n<p>W celu uzyskania dalszych niestandardowych rozwi\u0105za\u0144 lub pr\u00f3bek prosimy o kontakt z naszym zespo\u0142em projektowym. Zapewnimy Ci kompleksowe rozwi\u0105zanie opakowaniowe z\u00a0<strong>24-godzinny mechanizm reagowania<\/strong>.<\/p>","protected":false},"excerpt":{"rendered":"<p>1. Typ pude\u0142ka z g\u00f3rn\u0105 i doln\u0105 pokryw\u0105 przyjmuje struktur\u0119 g\u00f3rnej i dolnej pokrywy, kt\u00f3ra mo\u017ce skutecznie zapobiega\u0107 uszkodzeniu przedmiot\u00f3w w opakowaniu, a marka mo\u017ce by\u0107 wyra\u017anie oznaczona, aby konsumenci zwracali na ni\u0105 uwag\u0119.<br \/>\n2. 157 g powlekanego papieru artystycznego C2S + 1200 g sztywnej tektury - przyjazne dla \u015brodowiska, zr\u00f3wnowa\u017cone opakowanie<br \/>\n3. Typ pude\u0142ka, rozmiar, kolor, materia\u0142 i efekt drukowania powierzchni mo\u017cna w du\u017cym stopniu dostosowa\u0107 do opakowania smartfona<\/p>","protected":false},"featured_media":8749,"template":"","meta":[],"product_brand":[],"product_cat":[30,413,425,31],"product_tag":[966,968,967],"class_list":{"0":"post-8744","1":"product","2":"type-product","3":"status-publish","4":"has-post-thumbnail","6":"product_cat-by-industry","7":"product_cat-consumer-electronics-boxes","8":"product_cat-lid-and-base-gift-box","9":"product_cat-paper-box-style","10":"product_tag-high-quality-phone-packaging","11":"product_tag-phone-boxes-wholesale","12":"product_tag-smart-mobile-phone-packaging","14":"first","15":"instock","16":"shipping-taxable","17":"product-type-simple"},"_links":{"self":[{"href":"https:\/\/zojopackaging.com\/pl\/wp-json\/wp\/v2\/product\/8744","targetHints":{"allow":["GET"]}}],"collection":[{"href":"https:\/\/zojopackaging.com\/pl\/wp-json\/wp\/v2\/product"}],"about":[{"href":"https:\/\/zojopackaging.com\/pl\/wp-json\/wp\/v2\/types\/product"}],"version-history":[{"count":1,"href":"https:\/\/zojopackaging.com\/pl\/wp-json\/wp\/v2\/product\/8744\/revisions"}],"predecessor-version":[{"id":8750,"href":"https:\/\/zojopackaging.com\/pl\/wp-json\/wp\/v2\/product\/8744\/revisions\/8750"}],"wp:featuredmedia":[{"embeddable":true,"href":"https:\/\/zojopackaging.com\/pl\/wp-json\/wp\/v2\/media\/8749"}],"wp:attachment":[{"href":"https:\/\/zojopackaging.com\/pl\/wp-json\/wp\/v2\/media?parent=8744"}],"wp:term":[{"taxonomy":"product_brand","embeddable":true,"href":"https:\/\/zojopackaging.com\/pl\/wp-json\/wp\/v2\/product_brand?post=8744"},{"taxonomy":"product_cat","embeddable":true,"href":"https:\/\/zojopackaging.com\/pl\/wp-json\/wp\/v2\/product_cat?post=8744"},{"taxonomy":"product_tag","embeddable":true,"href":"https:\/\/zojopackaging.com\/pl\/wp-json\/wp\/v2\/product_tag?post=8744"}],"curies":[{"name":"wp","href":"https:\/\/api.w.org\/{rel}","templated":true}]}}