{"id":8751,"date":"2025-03-31T11:36:10","date_gmt":"2025-03-31T03:36:10","guid":{"rendered":"https:\/\/zojopackaging.com\/?post_type=product&#038;p=8751"},"modified":"2025-03-31T11:52:11","modified_gmt":"2025-03-31T03:52:11","slug":"custom-dental-teeth-aligner-packaging-rigid-gift-boxes","status":"publish","type":"product","link":"https:\/\/zojopackaging.com\/pl\/product\/custom-dental-teeth-aligner-packaging-rigid-gift-boxes\/","title":{"rendered":"Niestandardowe sztywne pude\u0142ka na prezenty dla dentystycznych aligner\u00f3w z\u0119b\u00f3w"},"content":{"rendered":"<h2 id=\"customized-dental-braces-packaging-hard-gift-box-product-description\">Niestandardowe sztywne pude\u0142ka na prezenty dla dentystycznych aligner\u00f3w z\u0119b\u00f3w<\/h2>\n<h3 id=\"-1-pull-out-box-design-convenient-opening-and-closing-experience-\"><strong>1. Konstrukcja szuflady na papier, wygodne otwieranie i zamykanie<\/strong><\/h3>\n<p>Przyj\u0119cie\u00a0<strong>nak\u0142adana struktura prowadnicy typu szufladowego<\/strong>Korpus skrzynki przesuwa si\u0119 i otwiera p\u0142ynnie, a czas pracy jest skr\u00f3cony o ponad 50%. Pude\u0142ko wewn\u0119trzne i pude\u0142ko zewn\u0119trzne s\u0105 po\u0142\u0105czone precyzyjnym rowkiem, aby zapewni\u0107 stabilny i wolny od zakleszcze\u0144 proces ci\u0105gni\u0119cia, kt\u00f3ry jest odpowiedni do cz\u0119stego u\u017cywania aparat\u00f3w ortodontycznych. W po\u0142\u0105czeniu z ergonomicznym uchwytem z p\u00f3\u0142okr\u0105g\u0142ym rowkiem, mo\u017cna go \u0142atwo otworzy\u0107 jedn\u0105 r\u0119k\u0105, aby zwi\u0119kszy\u0107 komfort u\u017cytkowania.<\/p>\n<h3 id=\"-2-ribbon-accessories-and-brand-aesthetics-integration-\"><strong>2. Akcesoria do wst\u0105\u017cek i integracja estetyki marki<\/strong><\/h3>\n<p>G\u00f3rna cz\u0119\u015b\u0107 pude\u0142ka prezentowego jest dopasowana do\u00a0<strong>niestandardowa dekoracja wst\u0105\u017ck\u0105<\/strong>kt\u00f3ra mo\u017ce by\u0107 wybrana spo\u015br\u00f3d satynowych lub wyt\u0142aczanych materia\u0142\u00f3w teksturowych i obs\u0142uguje haftowanie logo marki. Kolor wst\u0105\u017cki pasuje do procesu t\u0142oczenia na gor\u0105co, takiego jak szampa\u0144skie z\u0142oto, ciemnoczerwony itp. W po\u0142\u0105czeniu z\u00a0<strong>ca\u0142kowicie czarna obudowa<\/strong>Wst\u0105\u017cka staje si\u0119 wyko\u0144czeniem, wzmacniaj\u0105c rozpoznawalno\u015b\u0107 marki, jednocze\u015bnie przekazuj\u0105c wysokiej klasy atrybuty prezentu.<\/p>\n<h3 id=\"-3-all-black-box-design-interpreting-modern-luxury-\"><strong>3. Ca\u0142kowicie czarne pude\u0142ko, interpretuj\u0105ce nowoczesny luksus<\/strong><\/h3>\n<p>Korpus skrzynki przyjmuje\u00a0<strong>matowe pod\u0142o\u017ce w kolorze czystej czerni<\/strong>i prezentuje delikatn\u0105 tekstur\u0119 dzi\u0119ki specjalnemu procesowi powlekania, aby unikn\u0105\u0107 pozostawiania odcisk\u00f3w palc\u00f3w. Czarny kolor symbolizuje profesjonalizm i zaufanie, co jest bardzo sp\u00f3jne z tonacj\u0105 bran\u017cy stomatologicznej. Kraw\u0119d\u017a pokrywy pude\u0142ka jest wyko\u0144czona z\u0142ot\u0105 lam\u00f3wk\u0105 o grubo\u015bci 3 mm, podkre\u015blaj\u0105c poczucie technologii i nowoczesnej estetyki w stonowany spos\u00f3b.<\/p>\n<h3 id=\"-4-hot-stamping-process-enhances-visual-texture-\"><strong>4. Proces t\u0142oczenia na gor\u0105co poprawia tekstur\u0119 wizualn\u0105<\/strong><\/h3>\n<p>Korzystanie z\u00a0<strong>Precyzyjna technologia t\u0142oczenia na gor\u0105co<\/strong>Na powierzchni pude\u0142ka prezentowane jest logo marki, geometryczny wz\u00f3r z\u0119b\u00f3w lub spersonalizowany tekst. Obs\u0142uguje wiele efekt\u00f3w, takich jak matowe z\u0142oto, jasne z\u0142oto i kolorowa folia, z dok\u0142adno\u015bci\u0105 linii 0,1 mm. Warstwa t\u0142oczona na gor\u0105co jest odporna na zarysowania, dzi\u0119ki czemu nie blaknie po d\u0142ugotrwa\u0142ym u\u017cytkowaniu, nadaj\u0105c opakowaniu warto\u015b\u0107 kolekcjonersk\u0105.<\/p>\n<h3 id=\"-5-environmentally-friendly-materials-and-sustainable-structures-\"><strong>5. Materia\u0142y przyjazne dla \u015brodowiska i zr\u00f3wnowa\u017cone struktury<\/strong><\/h3>\n<p>G\u0142\u00f3wny korpus przyjmuje\u00a0<strong>Powlekany papier artystyczny C2S 157 g + twardy karton 1200 g<\/strong>\u00a0o wytrzyma\u0142o\u015bci na \u015bciskanie ponad 50 kg, kt\u00f3ry spe\u0142nia wymogi certyfikatu \u015brodowiskowego FSC. Wy\u015bci\u00f3\u0142ka wykorzystuje degradowaln\u0105 bawe\u0142n\u0119 EVA w celu zast\u0105pienia tradycyjnych plastikowych wype\u0142niaczy, a og\u00f3lny wska\u017anik recyklingu materia\u0142\u00f3w opakowaniowych osi\u0105ga 95%. Konstrukcja pude\u0142ka jest bezklejowa i mo\u017ce by\u0107 demontowana bez zanieczyszcze\u0144 poprzez monta\u017c zatrzaskowy.<\/p>\n<h3 id=\"-6-precise-lining-customization-to-optimize-space-utilization-\"><strong>6. Precyzyjne dostosowanie ok\u0142adzin w celu optymalizacji wykorzystania przestrzeni<\/strong><\/h3>\n<p>Zapewni\u0107\u00a0<strong>Modu\u0142owe rozwi\u0105zania ok\u0142adzinowe<\/strong>:<\/p>\n<ul>\n<li><strong>Konstrukcja siatki<\/strong>: Obszar instrumentu, szczelina na patyczki do \u017cucia i warstwa po\u015brednia arkusza instrukcji s\u0105 podzielone ruchomymi przegrodami.<\/li>\n<li><strong>Wewn\u0119trzne dopasowanie 3D<\/strong>: Grawerowanie laserowe rowk\u00f3w buforowych zgodnie z rozmiarem korektora, z tolerancj\u0105 \u00b10,5 mm.<\/li>\n<li><strong>Magnetyczna warstwa mocuj\u0105ca<\/strong>: Wbudowane silne magnesy mocuj\u0105 skrzynk\u0119 korektora, aby zapobiec jej przemieszczaniu si\u0119 podczas transportu.<\/li>\n<\/ul>\n<h3 id=\"-7-one-stop-service-advantages-of-chinese-factories-\"><strong>7. Zalety kompleksowej obs\u0142ugi chi\u0144skich fabryk<\/strong><\/h3>\n<ul>\n<li><strong>Bezp\u0142atne pr\u00f3bki<\/strong>: Do test\u00f3w dostarczane s\u0105 3 fizyczne pr\u00f3bki (w tym podstawowe wersje t\u0142oczone na gor\u0105co).<\/li>\n<li><strong>Konstrukcja o zerowych kosztach<\/strong>: Profesjonalny zesp\u00f3\u0142 tworzy 3 zestawy plan\u00f3w projektowych w ci\u0105gu 72 godzin, obs\u0142uguj\u0105c podgl\u0105dy renderowania 3D.<\/li>\n<li><strong>Konkurencyjno\u015b\u0107 cenowa<\/strong>: Pocz\u0105tkowa cena zam\u00f3wienia dla 1 000 000 sztuk jest tak niska jak\u00a0<strong>0.1$\u00a0<\/strong>, w tym podatek i op\u0142ata za ple\u015b\u0144.<\/li>\n<li><strong>Szybka dostawa<\/strong>7 dni na proofing, 15 dni na dostaw\u0119 hurtow\u0105, wsparcie globalnej logistyki DDP.<\/li>\n<\/ul>\n<p><strong>Proces wsp\u00f3\u0142pracy<\/strong><\/p>\n<ol>\n<li><strong>Potwierdzenie wymaga\u0144<\/strong>: Nale\u017cy poda\u0107 rozmiar korektora i mark\u0119 VI instrukcji.<\/li>\n<li><strong>Propozycja projektu<\/strong>: Dostarczenie rendering\u00f3w 3D i pr\u00f3bek materia\u0142\u00f3w w ci\u0105gu 3 dni roboczych.<\/li>\n<li><strong>Produkcja masowa<\/strong>: Skorzystaj z rabatu cenowego 5% na pierwsze zam\u00f3wienie.<\/li>\n<\/ol>","protected":false},"excerpt":{"rendered":"<p>1. Konstrukcja szuflady na papier i przesuwne otwieranie u\u0142atwiaj\u0105 u\u017cytkownikom otwieranie i zamykanie, co mo\u017ce skr\u00f3ci\u0107 czas pracy u\u017cytkownika<br \/>\n2. Dzi\u0119ki akcesoriom, takim jak wst\u0105\u017cki, zwi\u0119ksza pi\u0119kno i atrakcyjno\u015b\u0107 wizualn\u0105 oraz zwi\u0119ksza rozpoznawalno\u015b\u0107 marki.<br \/>\n3. Obudowa pude\u0142ka zosta\u0142a zaprojektowana w ca\u0142o\u015bci w kolorze czarnym, co doskonale \u0142\u0105czy w sobie symbol luksusu i nowoczesno\u015bci<br \/>\n4. Fabryka opakowa\u0144 aparat\u00f3w dentystycznych w Chinach mo\u017ce zapewni\u0107 bezp\u0142atne pr\u00f3bki, bezp\u0142atny projekt i zapewni\u0107 produkty wysokiej jako\u015bci w najni\u017cszej cenie<\/p>","protected":false},"featured_media":8753,"template":"","meta":[],"product_brand":[],"product_cat":[30,413,31,426],"product_tag":[969,971,970],"class_list":{"0":"post-8751","1":"product","2":"type-product","3":"status-publish","4":"has-post-thumbnail","6":"product_cat-by-industry","7":"product_cat-consumer-electronics-boxes","8":"product_cat-paper-box-style","9":"product_cat-paper-drawer-boxes","10":"product_tag-custom-dental-aligner-packaging","11":"product_tag-teeth-aligner-gift-boxes","12":"product_tag-teeth-aligner-packaging","14":"first","15":"instock","16":"shipping-taxable","17":"product-type-simple"},"_links":{"self":[{"href":"https:\/\/zojopackaging.com\/pl\/wp-json\/wp\/v2\/product\/8751","targetHints":{"allow":["GET"]}}],"collection":[{"href":"https:\/\/zojopackaging.com\/pl\/wp-json\/wp\/v2\/product"}],"about":[{"href":"https:\/\/zojopackaging.com\/pl\/wp-json\/wp\/v2\/types\/product"}],"version-history":[{"count":2,"href":"https:\/\/zojopackaging.com\/pl\/wp-json\/wp\/v2\/product\/8751\/revisions"}],"predecessor-version":[{"id":8759,"href":"https:\/\/zojopackaging.com\/pl\/wp-json\/wp\/v2\/product\/8751\/revisions\/8759"}],"wp:featuredmedia":[{"embeddable":true,"href":"https:\/\/zojopackaging.com\/pl\/wp-json\/wp\/v2\/media\/8753"}],"wp:attachment":[{"href":"https:\/\/zojopackaging.com\/pl\/wp-json\/wp\/v2\/media?parent=8751"}],"wp:term":[{"taxonomy":"product_brand","embeddable":true,"href":"https:\/\/zojopackaging.com\/pl\/wp-json\/wp\/v2\/product_brand?post=8751"},{"taxonomy":"product_cat","embeddable":true,"href":"https:\/\/zojopackaging.com\/pl\/wp-json\/wp\/v2\/product_cat?post=8751"},{"taxonomy":"product_tag","embeddable":true,"href":"https:\/\/zojopackaging.com\/pl\/wp-json\/wp\/v2\/product_tag?post=8751"}],"curies":[{"name":"wp","href":"https:\/\/api.w.org\/{rel}","templated":true}]}}