{"id":8760,"date":"2025-03-31T11:53:01","date_gmt":"2025-03-31T03:53:01","guid":{"rendered":"https:\/\/zojopackaging.com\/?post_type=product&#038;p=8760"},"modified":"2025-03-31T12:14:34","modified_gmt":"2025-03-31T04:14:34","slug":"custom-collagen-powder-sachet-packaging-boxes-wholesale","status":"publish","type":"product","link":"https:\/\/zojopackaging.com\/pl\/product\/custom-collagen-powder-sachet-packaging-boxes-wholesale\/","title":{"rendered":"Niestandardowe pude\u0142ka do pakowania saszetek z proszkiem kolagenowym hurtowo"},"content":{"rendered":"<h2 id=\"customized-collagen-powder-bag-magnetic-packaging-box-wholesale-product-description\">Niestandardowe pude\u0142ka do pakowania saszetek z proszkiem kolagenowym hurtowo<\/h2>\n<h3 id=\"-1-magnetic-embedded-design-a-combination-of-convenience-and-durability-\"><strong>1. Magnetyczna konstrukcja wbudowana: Po\u0142\u0105czenie wygody i trwa\u0142o\u015bci<\/strong><\/h3>\n<p>Wbudowana technologia magnetyczna jest wykorzystywana do osi\u0105gni\u0119cia automatycznego wyr\u00f3wnania i funkcji adsorpcji, gdy opakowanie jest zamkni\u0119te przez wbudowany magnes o wysokiej wytrzyma\u0142o\u015bci, bez potrzeby ods\u0142oni\u0119tych cz\u0119\u015bci metalowych, unikaj\u0105c problemu \u0142atwego zu\u017cycia i utleniania tradycyjnych naklejek magnetycznych. Taka konstrukcja nie tylko poprawia p\u0142ynno\u015b\u0107 otwierania i zamykania (stabilne i r\u00f3wnomierne przyci\u0105ganie magnetyczne), ale tak\u017ce wyd\u0142u\u017ca \u017cywotno\u015b\u0107 opakowania, szczeg\u00f3lnie przydatnego w scenariuszach o wysokiej cz\u0119stotliwo\u015bci u\u017cytkowania (takich jak codzienne stosowanie produkt\u00f3w zdrowotnych). Po zamkni\u0119ciu korpusu pude\u0142ka kraw\u0119dzie s\u0105 szczelnie zamkni\u0119te, skutecznie zapobiegaj\u0105c wilgoci i kurzowi, zapewniaj\u0105c szczelno\u015b\u0107 produktu.<\/p>\n<h3 id=\"-2-double-sided-high-definition-color-printing-visual-communication-of-brand-and-product-characteristics-\"><strong>2. Dwustronny druk kolorowy w wysokiej rozdzielczo\u015bci: wizualna komunikacja marki i cech produktu<\/strong><\/h3>\n<p>Dwustronna technologia druku w pe\u0142nym kolorze, 9-kolorowy sprz\u0119t do wkl\u0119s\u0142odruku i przyjazny dla \u015brodowiska atrament na bazie wody zapewniaj\u0105 wyra\u017ane i delikatne wzory oraz wysokie nasycenie kolor\u00f3w. G\u0142\u00f3wnym kolorem opakowania jest \u017cywy pomara\u0144czowy, w po\u0142\u0105czeniu z efektem gradientu i procesem t\u0142oczenia na gor\u0105co LOGO marki, aby przekaza\u0107 ciep\u0142y i innowacyjny wizerunek marki; podstawowe punkty sprzeda\u017cy proszku kolagenowego (takie jak \"ma\u0142e cz\u0105steczki s\u0105 \u0142atwe do wch\u0142oni\u0119cia\" i \"dodana witamina C\") mo\u017cna wydrukowa\u0107 z ty\u0142u, aby wzmocni\u0107 punkty pami\u0119ci klienta. Obs\u0142uga dostosowywania kolor\u00f3w dodatkowych Pantone w celu spe\u0142nienia ujednoliconych potrzeb marki VI.<\/p>\n<h3 id=\"-3-environmentally-friendly-materials-and-structural-optimization-sustainability-and-practicality-are-equally-important-\"><strong>3. Przyjazne dla \u015brodowiska materia\u0142y i optymalizacja konstrukcji: zr\u00f3wnowa\u017cony rozw\u00f3j i praktyczno\u015b\u0107 s\u0105 r\u00f3wnie wa\u017cne.<\/strong><\/h3>\n<ul>\n<li><strong>Materia\u0142<\/strong>: Zewn\u0119trzna warstwa wykorzystuje papier artystyczny powlekany C2S o gramaturze 157 g (matowa tekstura, odporno\u015b\u0107 na zarysowania), a wewn\u0119trzna warstwa wykorzystuje twardy karton o gramaturze 1200 g (no\u015bno\u015b\u0107 5 kg, du\u017ca odporno\u015b\u0107 na nacisk), z kt\u00f3rych oba przesz\u0142y certyfikacj\u0119 le\u015bn\u0105 FSC i mog\u0105 by\u0107 poddane recyklingowi i degradacji 100%.<\/li>\n<li><strong>Wewn\u0119trzna podszewka<\/strong>: Dostosowana podszewka z EVA lub tektury z recyklingu, mocowanie worka z proszkiem kolagenowym za pomoc\u0105 struktury plastra miodu lub sk\u0142adanych szczelin, maksymalne wykorzystanie przestrzeni (pojedyncze pude\u0142ko mo\u017ce pomie\u015bci\u0107 10-20 work\u00f3w) i zmniejszenie strat transportowych. Wewn\u0119trzna powierzchnia wy\u015bci\u00f3\u0142ki jest pokryta foli\u0105 PE o jako\u015bci spo\u017cywczej, kt\u00f3ra jest odporna na wilgo\u0107 i porastanie.<\/li>\n<\/ul>\n<h3 id=\"-4-fully-automated-production-efficient-delivery-and-cost-advantages-\"><strong>4. W pe\u0142ni zautomatyzowana produkcja: wydajna dostawa i korzy\u015bci finansowe<\/strong><\/h3>\n<p>Fabryka wyposa\u017cona jest w pe\u0142ni zautomatyzowane linie produkcyjne do sztancowania, monta\u017cu magnetycznego i druku UV, o dziennej zdolno\u015bci produkcyjnej wynosz\u0105cej 10 milion\u00f3w sztuk, obs\u0142uguj\u0105ce dostaw\u0119 100 000 zam\u00f3wie\u0144 w ci\u0105gu 72 godzin. Linia produkcyjna integruje system kontroli jako\u015bci AI, aby zapewni\u0107, \u017ce b\u0142\u0105d rozmiaru ka\u017cdej partii produkt\u00f3w wynosi \u22640,5 mm, jednorodno\u015b\u0107 przyci\u0105gania magnetycznego spe\u0142nia norm\u0119, a wska\u017anik wadliwo\u015bci jest mniejszy ni\u017c 0,1%. Produkcja na du\u017c\u0105 skal\u0119 znacznie obni\u017ca cen\u0119 jednostkow\u0105, a koszt zam\u00f3wie\u0144 hurtowych (pocz\u0105wszy od 100 000 sztuk) mo\u017cna skompresowa\u0107 do 70% podobnych produkt\u00f3w.<\/p>\n<h3 id=\"-5-one-stop-customization-service-seamless-support-from-design-to-samples-\"><strong>5. Kompleksowa us\u0142uga dostosowywania: p\u0142ynne wsparcie od projektu do pr\u00f3bek<\/strong><\/h3>\n<p>Jako fabryka \u017ar\u00f3d\u0142owa w Chinach zapewnia:<\/p>\n<ul>\n<li><strong>Bezp\u0142atny proofing<\/strong>: Pr\u00f3bki fizyczne zostan\u0105 wys\u0142ane w ci\u0105gu 3 dni roboczych, wspieraj\u0105c dostosowanie struktury i efektu drukowania.<\/li>\n<li><strong>Wsparcie projektowe<\/strong>: Profesjonalne zespo\u0142y zapewniaj\u0105 renderingi 3D i rozwi\u0105zania materia\u0142owe oparte na potrzebach marki, zgodne ze specyfikacjami opakowa\u0144 transgranicznych platform handlu elektronicznego (takich jak Amazon i Shopify).<\/li>\n<li><strong>Dostawy transgraniczne<\/strong>: Obs\u0142uguje mi\u0119dzynarodowe certyfikaty, takie jak FDA i REACH, a tak\u017ce zapewnia us\u0142ugi o warto\u015bci dodanej, takie jak etykietowanie i dostawa podzielonych pude\u0142ek.<\/li>\n<\/ul>\n<hr \/>\n<h2 id=\"-technical-parameters-\"><strong>Parametry techniczne<\/strong><\/h2>\n<table>\n<thead>\n<tr>\n<th>Projekt<\/th>\n<th>Specyfikacje<\/th>\n<\/tr>\n<\/thead>\n<tbody>\n<tr>\n<td>Materia\u0142<\/td>\n<td>Papier artystyczny C2S 157 g + karton 1200 g<\/td>\n<\/tr>\n<tr>\n<td>Przyci\u0105ganie magnetyczne<\/td>\n<td>\u22653N (zmierzone 10 000 razy przy otwieraniu i zamykaniu bez t\u0142umienia)<\/td>\n<\/tr>\n<tr>\n<td>Proces drukowania<\/td>\n<td>Dwustronna wkl\u0119s\u0142odruk + cz\u0119\u015bciowe t\u0142oczenie UV \/ na gor\u0105co<\/td>\n<\/tr>\n<tr>\n<td>Minimalna ilo\u015b\u0107 zam\u00f3wienia<\/td>\n<td>500 sztuk<\/td>\n<\/tr>\n<tr>\n<td>Cykl dostawy<\/td>\n<td>7-15 dni (w zale\u017cno\u015bci od wielko\u015bci zam\u00f3wienia)<\/td>\n<\/tr>\n<\/tbody>\n<\/table>\n<hr \/>\n<p><strong>Zalety wsp\u00f3\u0142pracy<\/strong><\/p>\n<ul>\n<li><strong>Przewaga cenowa<\/strong>: Bezpo\u015brednia dostawa fabryczna, brak r\u00f3\u017cnicy w cenie po\u015brednika.<\/li>\n<li><strong>Zielona certyfikacja<\/strong>: Spe\u0142nia biodegradowaln\u0105 norm\u0119 UE EN13432, pomagaj\u0105c w realizacji cel\u00f3w ESG marki.<\/li>\n<li><strong>Elastyczna personalizacja<\/strong>Obs\u0142uguje r\u00f3\u017cne konstrukcje, takie jak pude\u0142ka o specjalnych kszta\u0142tach i pude\u0142ka z szufladami, i nadaje si\u0119 do work\u00f3w z proszkiem kolagenowym o r\u00f3\u017cnych specyfikacjach.<\/li>\n<\/ul>","protected":false},"excerpt":{"rendered":"<p>1. Magnetyczne pude\u0142ko zamykaj\u0105ce, konstrukcja z wbudowanym magnesem pozwala unikn\u0105\u0107 nara\u017cenia na zu\u017cycie i mo\u017ce automatycznie wyr\u00f3wna\u0107 i wch\u0142on\u0105\u0107, gdy opakowanie jest zamkni\u0119te<br \/>\n2. Dwustronne drukowanie w kolorze zwi\u0119ksza efekt dopasowania kolor\u00f3w. Cechy produktu i zalety marki mo\u017cna wydrukowa\u0107 na pude\u0142ku, aby poprawi\u0107 wra\u017cenie klienta.<br \/>\n3. Pomara\u0144czowy to ciep\u0142y kolor, pe\u0142en witalno\u015bci i ciep\u0142a, kt\u00f3ry mo\u017ce sprawi\u0107, \u017ce klienci poczuj\u0105 si\u0119 od\u015bwie\u017ceni<\/p>","protected":false},"featured_media":8761,"template":"","meta":[],"product_brand":[],"product_cat":[30,422,424,31],"product_tag":[972,974,973],"class_list":{"0":"post-8760","1":"product","2":"type-product","3":"status-publish","4":"has-post-thumbnail","6":"product_cat-by-industry","7":"product_cat-custom-gourmet-boxes-by-industry","8":"product_cat-magnetic-closure-boxes","9":"product_cat-paper-box-style","10":"product_tag-collagen-packaging","11":"product_tag-custom-collagen-boxes-wholesale","12":"product_tag-powder-sachet-packaging","14":"first","15":"instock","16":"shipping-taxable","17":"product-type-simple"},"_links":{"self":[{"href":"https:\/\/zojopackaging.com\/pl\/wp-json\/wp\/v2\/product\/8760","targetHints":{"allow":["GET"]}}],"collection":[{"href":"https:\/\/zojopackaging.com\/pl\/wp-json\/wp\/v2\/product"}],"about":[{"href":"https:\/\/zojopackaging.com\/pl\/wp-json\/wp\/v2\/types\/product"}],"version-history":[{"count":1,"href":"https:\/\/zojopackaging.com\/pl\/wp-json\/wp\/v2\/product\/8760\/revisions"}],"predecessor-version":[{"id":8767,"href":"https:\/\/zojopackaging.com\/pl\/wp-json\/wp\/v2\/product\/8760\/revisions\/8767"}],"wp:featuredmedia":[{"embeddable":true,"href":"https:\/\/zojopackaging.com\/pl\/wp-json\/wp\/v2\/media\/8761"}],"wp:attachment":[{"href":"https:\/\/zojopackaging.com\/pl\/wp-json\/wp\/v2\/media?parent=8760"}],"wp:term":[{"taxonomy":"product_brand","embeddable":true,"href":"https:\/\/zojopackaging.com\/pl\/wp-json\/wp\/v2\/product_brand?post=8760"},{"taxonomy":"product_cat","embeddable":true,"href":"https:\/\/zojopackaging.com\/pl\/wp-json\/wp\/v2\/product_cat?post=8760"},{"taxonomy":"product_tag","embeddable":true,"href":"https:\/\/zojopackaging.com\/pl\/wp-json\/wp\/v2\/product_tag?post=8760"}],"curies":[{"name":"wp","href":"https:\/\/api.w.org\/{rel}","templated":true}]}}