{"id":8768,"date":"2025-03-31T12:14:43","date_gmt":"2025-03-31T04:14:43","guid":{"rendered":"https:\/\/zojopackaging.com\/?post_type=product&#038;p=8768"},"modified":"2025-03-31T13:30:23","modified_gmt":"2025-03-31T05:30:23","slug":"custom-eyeshadow-makeup-palette-packaging-boxes-wholesale","status":"publish","type":"product","link":"https:\/\/zojopackaging.com\/pl\/product\/custom-eyeshadow-makeup-palette-packaging-boxes-wholesale\/","title":{"rendered":"Niestandardowe opakowania palet do makija\u017cu cieni do powiek hurtowo"},"content":{"rendered":"<p>Zaprojektowany z my\u015bl\u0105 o wiza\u017cystach, markach makija\u017cowych i profesjonalistach z bran\u017cy kosmetycznej, \u0142\u0105czy w sobie modn\u0105 estetyk\u0119 z praktycznymi funkcjami, zapewniaj\u0105c kompleksowe rozwi\u0105zanie do przechowywania i ekspozycji marki.<\/p>\n<h2 id=\"-core-selling-points-\"><strong>G\u0142\u00f3wne punkty sprzeda\u017cy<\/strong><\/h2>\n<ol>\n<li><strong>T\u0119czowy gradient o wysokiej warto\u015bci<\/strong><\/li>\n<li>W wygl\u0105dzie zastosowano technologi\u0119 gradientu kolor\u00f3w t\u0119czy o du\u017cej sile uderzenia, a powierzchnia pokryta jest \u015bwiec\u0105cymi i odblaskowymi pow\u0142okami (opcjonalnie natrysk, lakier UV lub materia\u0142 sk\u00f3rzany PU flash), kt\u00f3re prezentuj\u0105 dynamiczne efekty serpentyn pod za\u0142amaniem \u015bwiat\u0142a, aby spe\u0142ni\u0107 potrzeby atrakcyjno\u015bci wizualnej.<\/li>\n<li>Obs\u0142uguje spersonalizowane dopasowywanie kolor\u00f3w, zapewnia jednokolorowy, dwukolorowy gradient lub holograficzne efekty t\u0119czy i nadaje si\u0119 do kolor\u00f3w motyw\u00f3w marki.<\/li>\n<li><strong>Nowoczesna i prosta konstrukcja<\/strong><\/li>\n<li>Obudowa ma op\u0142ywowy kszta\u0142t, grubo\u015b\u0107 zaledwie 16-20 mm i wag\u0119 mniejsz\u0105 ni\u017c 200 g, co u\u0142atwia przenoszenie lub wk\u0142adanie do kosmetyczki.<\/li>\n<li>Opcjonalny kwadratowy lub zaokr\u0105glony prostok\u0105tny typ pude\u0142ka, bez zb\u0119dnych dekoracji na kraw\u0119dzi, kt\u00f3ry spe\u0142nia minimalistyczne potrzeby studia i lokalizacji.<\/li>\n<li><strong>Naukowe przechowywanie partycji<\/strong><\/li>\n<li>Wbudowane 12 niezale\u017cnych okr\u0105g\u0142ych przegr\u00f3dek, \u015brednica 25-30 mm (regulowana), g\u0142\u0119boko\u015b\u0107 12-15 mm, odpowiednie do jednokolorowych cieni do powiek, r\u00f3\u017cu, pudru roz\u015bwietlaj\u0105cego i innych produkt\u00f3w, aby unikn\u0105\u0107 mieszania kolor\u00f3w.<\/li>\n<li>Dno komory wykorzystuje antypo\u015blizgow\u0105 podk\u0142adk\u0119 silikonow\u0105, aby zapobiec wstrz\u0105saniu i \u0142amaniu proszku; obs\u0142uguje warstwow\u0105 konstrukcj\u0119 modu\u0142ow\u0105, elastyczn\u0105 regulacj\u0119 uk\u0142adu.<\/li>\n<li><strong>Bezpiecze\u0144stwo i trwa\u0142o\u015b\u0107<\/strong><\/li>\n<li><strong>Magnetyczny system uszczelniaj\u0105cy<\/strong>: Pokrywa ma wbudowany silny magnes, kt\u00f3ry jest mocno zablokowany po zamkni\u0119ciu, odporny na wstrz\u0105sy i upadki, odpowiedni do podr\u00f3\u017cy i mobilnych scen.<\/li>\n<li><strong>Struktura zapobiegaj\u0105ca rozbiciu<\/strong>: Obudowa wykonana jest z materia\u0142u kompozytowego ABS+PETG, o zwi\u0119kszonej odporno\u015bci na uderzenia 50%; wewn\u0119trzna pogrubiona warstwa buforowa mo\u017ce wytrzyma\u0107 u\u017cytkowanie w studiu przy wysokich cz\u0119stotliwo\u015bciach.<\/li>\n<li><strong>Przestrze\u0144 personalizacji marki<\/strong><\/li>\n<li>Po wewn\u0119trznej stronie pokrywy zarezerwowany jest pusty obszar, kt\u00f3ry obs\u0142uguje grawerowanie laserowe, sitodruk lub t\u0142oczenie na gor\u0105co i mo\u017ce by\u0107 dostosowany do logo marki, sloganu lub wzoru artystycznego.<\/li>\n<li>Zapewnij wysokiej klasy opcje rzemie\u015blnicze, takie jak laserowe t\u0142oczenie na gor\u0105co i wyt\u0142aczanie 3D, aby zwi\u0119kszy\u0107 rozpoznawalno\u015b\u0107 marki.<\/li>\n<\/ol>\n<h2 id=\"-customization-options-\"><strong>Opcje dostosowywania<\/strong><\/h2>\n<ul>\n<li><strong>Rozmiar<\/strong>: Mo\u017cliwo\u015b\u0107 dostosowania od 70 mm \u00d7 70 mm do 150 mm \u00d7 100 mm, grubo\u015b\u0107 regulowana w zakresie 10-25 mm.<\/li>\n<li><strong>Materia\u0142<\/strong>:<\/li>\n<li>Model podstawowy: Przyjazne dla \u015brodowiska tworzywo ABS\/PETG (lekkie, odporne na korozj\u0119).<\/li>\n<li>Model wysokiej klasy: Metalowa aluminiowa obudowa (matowa\/ lustrzana pow\u0142oka galwaniczna) lub materia\u0142 akrylowy (efekt przezroczysty\/szroniony).<\/li>\n<li><strong>Obr\u00f3bka powierzchni<\/strong>:<\/li>\n<li>Proces drukowania: sitodruk, termotransfer, cyfrowy druk atramentowy.<\/li>\n<li>Efekty specjalne: per\u0142owa pow\u0142oka, gradient laserowy, matowy dotyk.<\/li>\n<li><strong>Dodatkowe us\u0142ugi pakowania<\/strong>:<\/li>\n<li>Obs\u0142uga opakowa\u0144 kartonowych z tektury falistej lub work\u00f3w OPP, obs\u0142uga drukowania zewn\u0119trznych pude\u0142ek marki.<\/li>\n<li>Us\u0142uga proofingu (7-10 dni), minimalna ilo\u015b\u0107 zam\u00f3wienia 12 000 sztuk, wsparcie elastycznej produkcji ma\u0142ych partii.<\/li>\n<\/ul>\n<h2 id=\"-applicable-scenarios-\"><strong>Obowi\u0105zuj\u0105ce scenariusze<\/strong><\/h2>\n<ul>\n<li><strong>Profesjonalny wiza\u017cysta<\/strong>: Przeno\u015bna konstrukcja nadaje si\u0119 do scen mobilnych, takich jak film i telewizja, scena, makija\u017c \u015blubny.<\/li>\n<li><strong>Marka kosmetyk\u00f3w do makija\u017cu<\/strong>: Personalizacja partii jako opakowania produktu w celu wzmocnienia wizerunku marki.<\/li>\n<li><strong>Studio urody<\/strong>: Niet\u0142uk\u0105ca si\u0119 struktura nadaje si\u0119 do u\u017cytku z wysok\u0105 cz\u0119stotliwo\u015bci\u0105, co jest wygodne dla klient\u00f3w, aby wypr\u00f3bowa\u0107 kolor.<\/li>\n<\/ul>\n<h2 id=\"-cooperation-advantages-\"><strong>Zalety wsp\u00f3\u0142pracy<\/strong><\/h2>\n<ul>\n<li><strong>Bezpo\u015brednia dostawa z fabryki \u017ar\u00f3d\u0142owej<\/strong>: Profesjonalni producenci materia\u0142\u00f3w opakowaniowych w Zhuhai, Shantou i innych miejscach, 25 lat do\u015bwiadczenia w formowaniu wtryskowym \/ t\u0142oczeniu, certyfikat jako\u015bci ISO.<\/li>\n<li><strong>Kompleksowa obs\u0142uga<\/strong>: \u015aledzenie od projektu, proofingu do masowej produkcji, wsparcie dostaw transgranicznych (Amazon, niezale\u017cna stacja i inne platformy adaptacyjne).<\/li>\n<\/ul>\n<p><strong>Skontaktuj si\u0119 z nami<\/strong>: Uzyskaj bezp\u0142atne pr\u00f3bki i wyceny oraz spersonalizuj swoj\u0105 ekskluzywn\u0105 t\u0119czow\u0105 palet\u0119 do makija\u017cu!<\/p>","protected":false},"excerpt":{"rendered":"<p>Wszechstronna konstrukcja - mie\u015bci proszki, kremy lub mieszanki.<br \/>\nWytrzyma\u0142o\u015b\u0107 na poziomie artystycznym - wytrzymuje codzienne u\u017cytkowanie w studio.<br \/>\nBulk Branding Ready - konfigurowalne miejsce na pokryw\u0119 dla salon\u00f3w\/sprzedawc\u00f3w detalicznych.<br \/>\nTravel-Smart - Smuk\u0142y profil mie\u015bci si\u0119 w profesjonalnych zestawach do makija\u017cu.<br \/>\nEstetyka zgodna z trendami - opalizuj\u0105ce wyko\u0144czenie wpisuje si\u0119 w luksusowe trendy kosmetyczne.<\/p>","protected":false},"featured_media":8769,"template":"","meta":[],"product_brand":[],"product_cat":[30,390,424,31],"product_tag":[975,976,977],"class_list":{"0":"post-8768","1":"product","2":"type-product","3":"status-publish","4":"has-post-thumbnail","6":"product_cat-by-industry","7":"product_cat-custom-cosmetics-boxes","8":"product_cat-magnetic-closure-boxes","9":"product_cat-paper-box-style","10":"product_tag-custom-eyeshadow-palette-packaging","11":"product_tag-custom-makeup-boxes","12":"product_tag-eyeshadow-packaging-wholesale","14":"first","15":"instock","16":"shipping-taxable","17":"product-type-simple"},"_links":{"self":[{"href":"https:\/\/zojopackaging.com\/pl\/wp-json\/wp\/v2\/product\/8768","targetHints":{"allow":["GET"]}}],"collection":[{"href":"https:\/\/zojopackaging.com\/pl\/wp-json\/wp\/v2\/product"}],"about":[{"href":"https:\/\/zojopackaging.com\/pl\/wp-json\/wp\/v2\/types\/product"}],"version-history":[{"count":1,"href":"https:\/\/zojopackaging.com\/pl\/wp-json\/wp\/v2\/product\/8768\/revisions"}],"predecessor-version":[{"id":8775,"href":"https:\/\/zojopackaging.com\/pl\/wp-json\/wp\/v2\/product\/8768\/revisions\/8775"}],"wp:featuredmedia":[{"embeddable":true,"href":"https:\/\/zojopackaging.com\/pl\/wp-json\/wp\/v2\/media\/8769"}],"wp:attachment":[{"href":"https:\/\/zojopackaging.com\/pl\/wp-json\/wp\/v2\/media?parent=8768"}],"wp:term":[{"taxonomy":"product_brand","embeddable":true,"href":"https:\/\/zojopackaging.com\/pl\/wp-json\/wp\/v2\/product_brand?post=8768"},{"taxonomy":"product_cat","embeddable":true,"href":"https:\/\/zojopackaging.com\/pl\/wp-json\/wp\/v2\/product_cat?post=8768"},{"taxonomy":"product_tag","embeddable":true,"href":"https:\/\/zojopackaging.com\/pl\/wp-json\/wp\/v2\/product_tag?post=8768"}],"curies":[{"name":"wp","href":"https:\/\/api.w.org\/{rel}","templated":true}]}}