{"id":8776,"date":"2025-03-31T13:30:33","date_gmt":"2025-03-31T05:30:33","guid":{"rendered":"https:\/\/zojopackaging.com\/?post_type=product&#038;p=8776"},"modified":"2025-03-31T13:48:57","modified_gmt":"2025-03-31T05:48:57","slug":"personalize-custom-nail-polish-packaging-boxes-wholesale","status":"publish","type":"product","link":"https:\/\/zojopackaging.com\/pl\/product\/personalize-custom-nail-polish-packaging-boxes-wholesale\/","title":{"rendered":"Personalizuj niestandardowe opakowania hurtowe na lakier do paznokci"},"content":{"rendered":"<h2 id=\"-core-design-concept-\"><strong>Podstawowa koncepcja projektowa<\/strong><\/h2>\n<p>To papierowe pude\u0142ko na lakier do paznokci z szuflad\u0105 jest wy\u015brodkowane na <strong>\"Minimalistyczna estetyka + funkcjonalna ochrona\"<\/strong>i jest przeznaczony dla wysokiej klasy salon\u00f3w paznokci, luksusowych marek kosmetycznych i spersonalizowanych potrzeb personalizacji. \u0141\u0105cz\u0105c koncepcj\u0119 ochrony \u015brodowiska i matow\u0105 tekstur\u0119 brazylijskiej serii Hidrabene na stronie internetowej, a tak\u017ce modu\u0142owe do\u015bwiadczenie produkcyjne wiod\u0105cej fabryki strony internetowej w Chinach, g\u0142\u0119boko integruje artyzm i praktyczno\u015b\u0107, aby zaspokoi\u0107 podw\u00f3jne potrzeby marki.\u00a0<strong>Wysokiej jako\u015bci obraz wyj\u015bciowy<\/strong>\u00a0oraz\u00a0<strong>ochrona produktu<\/strong>.<\/p>\n<h2 id=\"-product-highlights-and-function-analysis-\"><strong>Najwa\u017cniejsze cechy produktu i analiza funkcji<\/strong><\/h2>\n<h3 id=\"1-luxury-appearance-and-customized-brand-presentation-\">1.\u00a0<strong>Luksusowy wygl\u0105d i spersonalizowana prezentacja marki<\/strong><\/h3>\n<ul>\n<li><strong>Matowe wyko\u0144czenie + proces drukowania na folii<\/strong>: Korzystanie z\u00a0<strong>matowy materia\u0142 dotykowy<\/strong>\u00a0wspomniane na stronie internetowej, w po\u0142\u0105czeniu z technologi\u0105 druku foli\u0105, tak\u0105 jak t\u0142oczenie na gor\u0105co \/ gor\u0105ce srebro, aby zapewni\u0107, \u017ce logo marki jest wyra\u017ane bez smug i r\u00f3\u017cnic kolorystycznych, nadaj\u0105c opakowaniu stonowany i luksusowy efekt wizualny.<\/li>\n<li><strong>Wysuwana konstrukcja otwierania i zamykania<\/strong>: Zainspirowany wygod\u0105 przeno\u015bnego pude\u0142ka do przechowywania na stronie internetowej, w po\u0142\u0105czeniu z odwr\u00f3con\u0105 struktur\u0105 ok\u0142adki pude\u0142ka w kszta\u0142cie ksi\u0105\u017cki na stronie internetowej, wzmacnia poczucie ceremonii rozpakowywania i nadaje si\u0119 do scen na poziomie prezent\u00f3w.<\/li>\n<\/ul>\n<h3 id=\"2-modular-multifunctional-lining-\">2.\u00a0<strong>Modu\u0142owa, wielofunkcyjna podszewka<\/strong><\/h3>\n<ul>\n<li><strong>Regulowana warstwa po\u015brednia z pianki EVA<\/strong>: 12-siatkowa konstrukcja typu \"k\u00f3\u0142ko i krzy\u017cyk\" firmy Huangshi Huahong Carton Factory w dzielnicy Baiyun w Guangzhou na stronie internetowej, z wbudowan\u0105 wyjmowan\u0105 piank\u0105 EVA (opcjonalna g\u0119sto\u015b\u0107 0,3-0,5 g\/cm\u00b3), elastycznie dostosowuje si\u0119 do 12 butelek lakieru do paznokci o pojemno\u015bci 15 ml oraz p\u0119dzli, narz\u0119dzi do suszenia i innych akcesori\u00f3w, aby zapobiec kolizjom podczas transportu.<\/li>\n<li><strong>Puste miejsce na personalizacj\u0119 wewn\u0119trznej ok\u0142adki<\/strong>: Pusty obszar jest zarezerwowany na g\u00f3rze, wspieraj\u0105c drukowanie UV, wyt\u0142aczanie i inne procesy w celu osadzenia LOGO marki lub wzor\u00f3w artystycznych w celu wzmocnienia punkt\u00f3w pami\u0119ci marki.<\/li>\n<\/ul>\n<h3 id=\"3-all-round-customization-service-\">3.\u00a0<strong>Kompleksowa us\u0142uga dostosowywania<\/strong><\/h3>\n<ul>\n<li><strong>Elastyczne dostosowanie rozmiaru i materia\u0142u<\/strong>: Obs\u0142uguje dostosowywanie od standardowych pude\u0142ek na 12 butelek do pude\u0142ek prezentowych o bardzo du\u017cej pojemno\u015bci, a materia\u0142y mo\u017cna wybiera\u0107 spo\u015br\u00f3d przyjaznej dla \u015brodowiska szarej tektury, bia\u0142ego kartonu, specjalnego papieru, a tak\u017ce mo\u017cna je ulepszy\u0107 do luksusowych materia\u0142\u00f3w opakowaniowych, takich jak fornir sk\u00f3rzany.<\/li>\n<li><strong>Zr\u00f3\u017cnicowana technologia powierzchni<\/strong>: Zapewnienie matowego kleju, t\u0142oczenia na gor\u0105co, wyt\u0142aczania UV i innych efekt\u00f3w w celu zaspokojenia zr\u00f3\u017cnicowanych potrzeb matowych, b\u0142yszcz\u0105cych, teksturowanych itp.<\/li>\n<\/ul>\n<h3 id=\"4-advantages-of-china-s-source-factory-\">4.\u00a0<strong>Zalety chi\u0144skiej fabryki \u017ar\u00f3d\u0142owej<\/strong><\/h3>\n<ul>\n<li><strong>Bezp\u0142atne pr\u00f3bki i wsparcie projektowe<\/strong>: Wsparcie bezp\u0142atnego proofingu i indywidualnych propozycji od profesjonalnych zespo\u0142\u00f3w projektowych w celu zapewnienia dok\u0142adnego wdro\u017cenia od rysunk\u00f3w do gotowych produkt\u00f3w.<\/li>\n<\/ul>\n<h2 id=\"-applicable-scenarios-and-industry-trends-\"><strong>Odpowiednie scenariusze i trendy bran\u017cowe<\/strong><\/h2>\n<ul>\n<li><strong>Profesjonalny salon<\/strong>: Modu\u0142owa konstrukcja u\u0142atwia ekspozycj\u0119 i przechowywanie oraz pozycjonowanie wysokiej klasy us\u0142ug.<\/li>\n<li><strong>Marki luksusowe<\/strong>: Technologia druku matowego i foliowego pasuje do minimalistycznego, luksusowego trendu na stronie internetowej i spe\u0142nia ujednolicone potrzeby wizualne marki.<\/li>\n<li><strong>Transgraniczny handel elektroniczny<\/strong>: Spe\u0142nia surowe standardy Amazon, TikTok i innych platform internetowych w zakresie projektowania opakowa\u0144 i bezpiecze\u0144stwa transportu.<\/li>\n<\/ul>\n<h2 id=\"-customization-process-and-service-commitment-\"><strong>Proces dostosowywania i zobowi\u0105zanie do \u015bwiadczenia us\u0142ug<\/strong><\/h2>\n<ol>\n<li><strong>Komunikacja na \u017c\u0105danie<\/strong>: Podaj parametry, takie jak rozmiar, materia\u0142 i proces.<\/li>\n<li><strong>Potwierdzenie proofingu 3D<\/strong>: Pe\u0142na produkcja pr\u00f3bki w ci\u0105gu 7 dni roboczych.<\/li>\n<li><strong>Produkcja masowa<\/strong>: Dostawa w ci\u0105gu 7-14 dni, z kontrol\u0105 jako\u015bci w trakcie ca\u0142ego procesu.<\/li>\n<li><strong>Gwarancja posprzeda\u017cna<\/strong>\u015bwiadczy\u0107 us\u0142ugi takie jak wymiana uszkodzonego sprz\u0119tu i odroczone odszkodowanie<\/li>\n<\/ol>\n<p><strong>Wnioski<\/strong>\u00a0Ten produkt przyjmuje modu\u0142ow\u0105 konstrukcj\u0119, matow\u0105 tekstur\u0119 i g\u0142\u0119bok\u0105 personalizacj\u0119 jako swoj\u0105 podstawow\u0105 konkurencyjno\u015b\u0107, integruj\u0105c minimalistyczn\u0105 estetyk\u0119 strony internetowej i wydajne zalety produkcyjne \u0142a\u0144cucha dostaw strony internetowej w Chinach, pomagaj\u0105c marce stworzy\u0107 zr\u00f3\u017cnicowany wizerunek na rynku kosmetycznym. Od pr\u00f3bek po masow\u0105 produkcj\u0119, obiecujemy zapewni\u0107 luksusowe rozwi\u0105zania opakowaniowe w cenach \u017ar\u00f3d\u0142owych.<\/p>","protected":false},"excerpt":{"rendered":"<ul>\n<li><strong>Przyjazny dla \u015brodowiska<\/strong>: Materia\u0142y nadaj\u0105ce si\u0119 do recyklingu 100% s\u0105 zgodne z globalnymi trendami zr\u00f3wnowa\u017conego rozwoju.<\/li>\n<li><strong>Wzmocnienie marki<\/strong>: Wysokiej klasy wyko\u0144czenia (t\u0142oczenie na gor\u0105co, wyt\u0142aczanie) zwi\u0119kszaj\u0105 atrakcyjno\u015b\u0107 produktu na p\u00f3\u0142ce.<\/li>\n<li><strong>Gotowo\u015b\u0107 logistyczna<\/strong>: P\u0142aska konstrukcja zmniejsza koszty wysy\u0142ki o 40% w por\u00f3wnaniu do wst\u0119pnie zmontowanych pude\u0142ek.<\/li>\n<li><strong>Mo\u017cliwo\u015b\u0107 dostosowania<\/strong>: Wymienne wk\u0142adki obs\u0142uguj\u0105 zestawy do paznokci, \u017cele lub zestawy upominkowe do sprzeda\u017cy detalicznej.<\/li>\n<\/ul>","protected":false},"featured_media":8777,"template":"","meta":[],"product_brand":[],"product_cat":[30,390,31,426],"product_tag":[837,979,978],"class_list":{"0":"post-8776","1":"product","2":"type-product","3":"status-publish","4":"has-post-thumbnail","6":"product_cat-by-industry","7":"product_cat-custom-cosmetics-boxes","8":"product_cat-paper-box-style","9":"product_cat-paper-drawer-boxes","10":"product_tag-custom-nail-polish-packaging","11":"product_tag-nail-polish-boxes-wholesale","12":"product_tag-nail-polish-packaging","14":"first","15":"instock","16":"shipping-taxable","17":"product-type-simple"},"_links":{"self":[{"href":"https:\/\/zojopackaging.com\/pl\/wp-json\/wp\/v2\/product\/8776","targetHints":{"allow":["GET"]}}],"collection":[{"href":"https:\/\/zojopackaging.com\/pl\/wp-json\/wp\/v2\/product"}],"about":[{"href":"https:\/\/zojopackaging.com\/pl\/wp-json\/wp\/v2\/types\/product"}],"version-history":[{"count":1,"href":"https:\/\/zojopackaging.com\/pl\/wp-json\/wp\/v2\/product\/8776\/revisions"}],"predecessor-version":[{"id":8782,"href":"https:\/\/zojopackaging.com\/pl\/wp-json\/wp\/v2\/product\/8776\/revisions\/8782"}],"wp:featuredmedia":[{"embeddable":true,"href":"https:\/\/zojopackaging.com\/pl\/wp-json\/wp\/v2\/media\/8777"}],"wp:attachment":[{"href":"https:\/\/zojopackaging.com\/pl\/wp-json\/wp\/v2\/media?parent=8776"}],"wp:term":[{"taxonomy":"product_brand","embeddable":true,"href":"https:\/\/zojopackaging.com\/pl\/wp-json\/wp\/v2\/product_brand?post=8776"},{"taxonomy":"product_cat","embeddable":true,"href":"https:\/\/zojopackaging.com\/pl\/wp-json\/wp\/v2\/product_cat?post=8776"},{"taxonomy":"product_tag","embeddable":true,"href":"https:\/\/zojopackaging.com\/pl\/wp-json\/wp\/v2\/product_tag?post=8776"}],"curies":[{"name":"wp","href":"https:\/\/api.w.org\/{rel}","templated":true}]}}