{"id":8784,"date":"2025-03-31T13:49:24","date_gmt":"2025-03-31T05:49:24","guid":{"rendered":"https:\/\/zojopackaging.com\/?post_type=product&#038;p=8784"},"modified":"2025-03-31T14:25:06","modified_gmt":"2025-03-31T06:25:06","slug":"custom-printed-coffee-tea-packaging-box-wholesale-supplier","status":"publish","type":"product","link":"https:\/\/zojopackaging.com\/pl\/product\/custom-printed-coffee-tea-packaging-box-wholesale-supplier\/","title":{"rendered":"Niestandardowe drukowane opakowanie na kaw\u0119 i herbat\u0119 Dostawca hurtowy"},"content":{"rendered":"<h2 id=\"1-environmentally-friendly-materials-sustainable-concept\">1. Materia\u0142y przyjazne dla \u015brodowiska, zr\u00f3wnowa\u017cona koncepcja<\/h2>\n<p>Nasze pude\u0142ka do pakowania kawy i herbaty s\u0105 wykonane z\u00a0<strong>Materia\u0142y nadaj\u0105ce si\u0119 do recyklingu i przyjazne dla \u015brodowiska<\/strong>takie jak w\u0142\u00f3kno bambusowe, pulpa z wyt\u0142ok\u00f3w z trzciny cukrowej, papier o wysokiej zawarto\u015bci w\u0142\u00f3kien itp., aby zapewni\u0107, \u017ce produkty spe\u0142niaj\u0105 mi\u0119dzynarodowe normy \u015brodowiskowe (takie jak ISO9001, certyfikat BRCGS). Materia\u0142 jest zar\u00f3wno **trwa\u0142y, jak i lekki<\/p>\n<h2 id=\"2-flexible-customization-to-highlight-brand-personality\">2. Elastyczne dostosowywanie w celu podkre\u015blenia osobowo\u015bci marki<\/h2>\n<ol>\n<li><strong>Logo i projekt graficzny<\/strong>: Obs\u0142uga dodawania logo marki, kod\u00f3w QR, wzor\u00f3w sezonowych lub element\u00f3w kulturowych i prezentowanie precyzyjnych efekt\u00f3w wizualnych za pomoc\u0105 druku offsetowego, fleksograficznego i innych proces\u00f3w. Na przyk\u0142ad, mo\u017cna odnie\u015b\u0107 si\u0119 do tradycyjnego projektu elementu w opakowaniu herbaty, kt\u00f3ry \u0142\u0105czy nowoczesn\u0105 estetyk\u0119 w celu zwi\u0119kszenia rozpoznawalno\u015bci marki.<\/li>\n<li><strong>Indywidualna podszewka i struktura<\/strong>: W zale\u017cno\u015bci od rozmiaru produkt\u00f3w, takich jak ziarna kawy, torebki herbaty, paluszki instant itp., nale\u017cy zaprojektowa\u0107 warstwowe ok\u0142adziny w stylu szuflady lub sta\u0142e rowki, aby zmniejszy\u0107 marnotrawstwo miejsca i zoptymalizowa\u0107 wydajno\u015b\u0107 przechowywania i transportu. Na przyk\u0142ad konstrukcja magnetycznego otwierania i zamykania opakowania herbaty Pu'er uwzgl\u0119dnia zar\u00f3wno praktyczno\u015b\u0107, jak i rytua\u0142.<\/li>\n<\/ol>\n<h2 id=\"3-multiple-styles-adapted-to-market-positioning\">3. Wiele styl\u00f3w, dostosowanych do pozycji rynkowej<\/h2>\n<p>Zapewni\u0107\u00a0<strong>pude\u0142ko upominkowe, pude\u0142ko na karty, cylinder<\/strong>\u00a0i inne style do wyboru:<\/p>\n<ul>\n<li><strong>Sztywne pude\u0142ko<\/strong>nadaje si\u0119 do wysokiej klasy zestaw\u00f3w upominkowych, z metalowymi akcesoriami lub faktur\u0105 drewna, podkre\u015blaj\u0105c luksusowe pozycjonowanie.<\/li>\n<li><strong>karton<\/strong>Lekkie i proste, odpowiednie do codziennej sprzeda\u017cy detalicznej, wykorzystuj\u0105ce przyjazne dla \u015brodowiska powlekane kubki papierowe lub papierowe torby z zabezpieczeniem przed otwarciem, uwzgl\u0119dniaj\u0105ce bezpiecze\u0144stwo i wygod\u0119.<\/li>\n<li><strong>Opakowania papierowe<\/strong>Nadaje si\u0119 do przechowywania ziaren herbaty lub kawy luzem, z degradowaln\u0105 pow\u0142ok\u0105 PLA, zar\u00f3wno uszczelniaj\u0105c\u0105, jak i estetyczn\u0105.<\/li>\n<\/ul>\n<h2 id=\"4-multifunctional-application-scenarios\">4. Wielofunkcyjne scenariusze zastosowa\u0144<\/h2>\n<p>Produkt jest szeroko przystosowany do\u00a0<strong>kawa, herbata, zdrowa \u017cywno\u015b\u0107 i zestawy upominkowe<\/strong>\u00a0i innych dziedzinach:<\/p>\n<ul>\n<li>Pakowanie ziaren kawy: u\u017cywaj pionowych torebek papierowych lub przezroczystych kubk\u00f3w PLA, aby zoptymalizowa\u0107 w\u0142a\u015bciwo\u015bci barierowe i zachowa\u0107 aromat.<\/li>\n<li>Pude\u0142ko prezentowe na torebk\u0119 herbaty: w po\u0142\u0105czeniu z podszewk\u0105 komory i konstrukcj\u0105 poch\u0142aniaj\u0105c\u0105 wilgo\u0107, wyd\u0142u\u017ca okres przydatno\u015bci herbaty do spo\u017cycia.<\/li>\n<li>Napoje instant: lekkie pude\u0142ka papierowe z wewn\u0119trzn\u0105 warstw\u0105 odporn\u0105 na wilgo\u0107, odpowiednie do transportu e-commerce i ekspozycji offline.<\/li>\n<\/ul>\n<h2 id=\"v-efficient-service-and-guarantee\">5. Wydajna obs\u0142uga i gwarancja<\/h2>\n<ol>\n<li><strong>Niska minimalna ilo\u015b\u0107 zam\u00f3wienia<\/strong>minimalna ilo\u015b\u0107 zam\u00f3wienia\u00a0<strong>500 sztuk<\/strong>Obs\u0142uga ma\u0142ych partii pr\u00f3bnych i produkcji na du\u017c\u0105 skal\u0119.<\/li>\n<li><strong>Szybka dostawa<\/strong>Cykl produkcyjny trwa tylko\u00a0<strong>7-12 dni roboczych<\/strong>W\u0142asna fabryka i sprz\u0119t do automatyzacji, aby zapewni\u0107 terminow\u0105 dostaw\u0119.<\/li>\n<li><strong>Bezp\u0142atna us\u0142uga o warto\u015bci dodanej<\/strong>:<\/li>\n<li>Zapewni\u0107\u00a0<strong>bezp\u0142atne pr\u00f3bki<\/strong>\u00a0i weryfikacja projektu, obejmuj\u0105ca testowanie materia\u0142\u00f3w i weryfikacj\u0119 strukturaln\u0105.<\/li>\n<li>Bezpo\u015brednia dostawa z fabryki \u017ar\u00f3d\u0142owej w Chinach, bez r\u00f3\u017cnicy cen po\u015brednik\u00f3w, gwarancja\u00a0<strong>Wysoka wydajno\u015b\u0107 kosztowa<\/strong>.<\/li>\n<\/ol>\n<h2 id=\"reasons-to-choose-us\">Powody, dla kt\u00f3rych warto nas wybra\u0107<\/h2>\n<ul>\n<li><strong>Zalety techniczne<\/strong>: Warsztat oczyszczania na poziomie 300 000 i zaawansowany sprz\u0119t drukarski, aby zapewni\u0107, \u017ce produkty spe\u0142niaj\u0105 normy bezpiecze\u0144stwa \u017cywno\u015bci.<\/li>\n<li><strong>Do\u015bwiadczenie zwi\u0105zane z przypadkiem<\/strong>: Obs\u0142uga krajowych i zagranicznych klient\u00f3w z bran\u017cy spo\u017cywczej, chemicznej i upominkowej.<\/li>\n<\/ul>","protected":false},"excerpt":{"rendered":"<p>\u015awiadomy ekologicznie branding - materia\u0142y nadaj\u0105ce si\u0119 do recyklingu s\u0105 zgodne z nowoczesnymi trendami zr\u00f3wnowa\u017conego rozwoju.<br \/>\nNiskie minimalne zam\u00f3wienia - Zacznij od 500 jednostek do testowania rynku, skaluj do 50k+ \/ miesi\u0105c.<br \/>\nPrecyzja wykonania - tolerancja \u00b10,5 mm zapewnia p\u0142ynne nape\u0142nianie maszyny.<br \/>\nGlobalna zgodno\u015b\u0107 - Spe\u0142nia normy UE\/USA dotycz\u0105ce opakowa\u0144 dla transgranicznego handlu elektronicznego.<br \/>\nUs\u0142uga \"pod klucz\" - bezp\u0142atne szablony projekt\u00f3w + dostawa pr\u00f3bek w ci\u0105gu 48 godzin.<\/p>","protected":false},"featured_media":8787,"template":"","meta":[],"product_brand":[],"product_cat":[30,422,424,31],"product_tag":[980,982,981],"class_list":{"0":"post-8784","1":"product","2":"type-product","3":"status-publish","4":"has-post-thumbnail","6":"product_cat-by-industry","7":"product_cat-custom-gourmet-boxes-by-industry","8":"product_cat-magnetic-closure-boxes","9":"product_cat-paper-box-style","10":"product_tag-custom-coffee-packaging","11":"product_tag-tea-box-wholesale","12":"product_tag-tea-packaging-box","14":"first","15":"instock","16":"shipping-taxable","17":"product-type-simple"},"_links":{"self":[{"href":"https:\/\/zojopackaging.com\/pl\/wp-json\/wp\/v2\/product\/8784","targetHints":{"allow":["GET"]}}],"collection":[{"href":"https:\/\/zojopackaging.com\/pl\/wp-json\/wp\/v2\/product"}],"about":[{"href":"https:\/\/zojopackaging.com\/pl\/wp-json\/wp\/v2\/types\/product"}],"version-history":[{"count":2,"href":"https:\/\/zojopackaging.com\/pl\/wp-json\/wp\/v2\/product\/8784\/revisions"}],"predecessor-version":[{"id":8794,"href":"https:\/\/zojopackaging.com\/pl\/wp-json\/wp\/v2\/product\/8784\/revisions\/8794"}],"wp:featuredmedia":[{"embeddable":true,"href":"https:\/\/zojopackaging.com\/pl\/wp-json\/wp\/v2\/media\/8787"}],"wp:attachment":[{"href":"https:\/\/zojopackaging.com\/pl\/wp-json\/wp\/v2\/media?parent=8784"}],"wp:term":[{"taxonomy":"product_brand","embeddable":true,"href":"https:\/\/zojopackaging.com\/pl\/wp-json\/wp\/v2\/product_brand?post=8784"},{"taxonomy":"product_cat","embeddable":true,"href":"https:\/\/zojopackaging.com\/pl\/wp-json\/wp\/v2\/product_cat?post=8784"},{"taxonomy":"product_tag","embeddable":true,"href":"https:\/\/zojopackaging.com\/pl\/wp-json\/wp\/v2\/product_tag?post=8784"}],"curies":[{"name":"wp","href":"https:\/\/api.w.org\/{rel}","templated":true}]}}