{"id":8786,"date":"2025-03-31T13:50:43","date_gmt":"2025-03-31T05:50:43","guid":{"rendered":"https:\/\/zojopackaging.com\/?post_type=product&#038;p=8786"},"modified":"2025-03-31T16:05:28","modified_gmt":"2025-03-31T08:05:28","slug":"retail-premium-perfume-folding-carton-box-mamufacturer","status":"publish","type":"product","link":"https:\/\/zojopackaging.com\/pl\/product\/retail-premium-perfume-folding-carton-box-mamufacturer\/","title":{"rendered":"Producent detalicznych sk\u0142adanych pude\u0142ek kartonowych Premium Perfume"},"content":{"rendered":"<div class=\"widget block block-static-block\">\n<div class=\"landing-page-section option-bottom\">\n<div class=\"custom-materials-tabs-content container container-adjustment\">\n<div class=\"custom-materials-tab-content active\">\n<div class=\"widget block block-static-block\">\n<div class=\"options-items\">\n<div class=\"flex-grid-row-option\">\n<div class=\"flex-grid-item-option\">\n<div class=\"material-box\">\n<h2 id=\"-retail-high-quality-perfume-folding-carton-manufacturers-the-perfect-combination-of-high-end-customization-and-environmental-innovation-\"><strong>Detaliczni producenci wysokiej jako\u015bci sk\u0142adanych karton\u00f3w na perfumy<\/strong><\/h2>\n<p>Na rynku sprzeda\u017cy detalicznej perfum opakowanie to nie tylko \"odzie\u017c wierzchnia\" produktu, ale tak\u017ce g\u0142\u00f3wny no\u015bnik warto\u015bci marki i do\u015bwiadczenia u\u017cytkownika. Wysokiej jako\u015bci sk\u0142adane kartony zapewniaj\u0105 markom perfum rozwi\u0105zania, kt\u00f3re s\u0105 zar\u00f3wno estetyczne, jak i praktyczne dzi\u0119ki doborowi materia\u0142\u00f3w, innowacjom procesowym i funkcjonalnemu projektowi. Poni\u017cej przeanalizowano punkty produkcji wysokiej jako\u015bci sk\u0142adanych karton\u00f3w na perfumy w wielu wymiarach:<\/p>\n<h3 id=\"-1-350g-single-powder-card-material-dual-advantages-of-lightweight-and-cost-optimization-\"><strong>1. 350 g pojedynczego materia\u0142u karty proszkowej: podw\u00f3jne zalety lekko\u015bci i optymalizacji koszt\u00f3w<\/strong><\/h3>\n<p>Pojedyncza tektura proszkowa (znana r\u00f3wnie\u017c jako pojedynczy papier miedziany) ma typow\u0105 wag\u0119 350 g, kt\u00f3ra jest zar\u00f3wno elastyczna, jak i sztywna. Mo\u017ce nie tylko spe\u0142ni\u0107 wymagania dotycz\u0105ce tr\u00f3jwymiarowej struktury pude\u0142ka na perfumy, ale tak\u017ce zmniejszy\u0107 obj\u0119to\u015b\u0107 transportu i koszty logistyczne dzi\u0119ki sk\u0142adanej konstrukcji. Jego powierzchnia jest g\u0142adka i delikatna, zapewniaj\u0105c wysokiej jako\u015bci baz\u0119 dla proces\u00f3w takich jak t\u0142oczenie na gor\u0105co i druk UV, zapewniaj\u0105c odwzorowanie kolor\u00f3w i trwa\u0142o\u015b\u0107.<\/p>\n<h2 id=\"-2-neutral-design-adapt-to-the-tone-of-multiple-brands-\"><strong>2. Neutralny design: dostosowanie do tonu wielu marek<\/strong><\/h2>\n<p>Neutralne pude\u0142ka na perfumy opieraj\u0105 si\u0119 g\u0142\u00f3wnie na prostych liniach i czystych kolorach i s\u0105 dostosowane do r\u00f3\u017cnych styl\u00f3w marki poprzez modu\u0142owy projekt strukturalny (taki jak g\u00f3rne i dolne pokrywy, styl szuflady). Na przyk\u0142ad marki z wy\u017cszej p\u00f3\u0142ki mog\u0105 zwi\u0119kszy\u0107 poczucie luksusu poprzez t\u0142oczenie na gor\u0105co, podczas gdy marki niszowe mog\u0105 podkre\u015bli\u0107 swoj\u0105 osobowo\u015b\u0107 poprzez lokalny druk UV lub wyt\u0142aczanie. Niekt\u00f3rzy producenci zapewniaj\u0105 bezp\u0142atne us\u0142ugi projektowania online, wspieraj\u0105 szybkie sprawdzanie i modyfikacj\u0119 oraz spe\u0142niaj\u0105 potrzeby marki w zakresie szybkiej iteracji od koncepcji do gotowego produktu.<\/p>\n<h3 id=\"-3-hot-stamping-process-the-core-touchpoint-to-enhance-brand-premium-\"><strong>3. Proces t\u0142oczenia na gor\u0105co: g\u0142\u00f3wny punkt styku w celu zwi\u0119kszenia warto\u015bci marki<\/strong><\/h3>\n<p>Technologia t\u0142oczenia na gor\u0105co przenosi metalow\u0105 foli\u0119 poprzez prasowanie na gor\u0105co, tworz\u0105c tr\u00f3jwymiarowy wz\u00f3r o wysokim po\u0142ysku na powierzchni papierowego pude\u0142ka, kt\u00f3ry ma zar\u00f3wno wp\u0142yw wizualny, jak i funkcje zapobiegaj\u0105ce podrabianiu. Na przyk\u0142ad kluczowe informacje, takie jak LOGO marki i nazwa produktu, mo\u017cna wzmocni\u0107 za pomoc\u0105 technologii t\u0142oczenia na gor\u0105co, jednocze\u015bnie poprawiaj\u0105c tekstur\u0119 produktu. Badania wykaza\u0142y, \u017ce wska\u017anik premium produkt\u00f3w perfumeryjnych z opakowaniami t\u0142oczonymi na gor\u0105co mo\u017ce osi\u0105gn\u0105\u0107 20%-30%.<\/p>\n<h3 id=\"-4-fsc-certification-a-global-passport-for-sustainable-packaging-\"><strong>4. Certyfikacja FSC: globalny paszport dla zr\u00f3wnowa\u017conych opakowa\u0144<\/strong><\/h3>\n<p>Ochrona \u015brodowiska sta\u0142a si\u0119 wa\u017cnym trendem w przemy\u015ble perfumeryjnym. Kartony z certyfikatem FSC s\u0105 wykonane z pulpy drzewnej pochodz\u0105cej z las\u00f3w zarz\u0105dzanych w spos\u00f3b zr\u00f3wnowa\u017cony, a ca\u0142y proces, od zbierania surowc\u00f3w po produkcj\u0119, spe\u0142nia mi\u0119dzynarodowe normy \u015brodowiskowe. Na przyk\u0142ad niekt\u00f3rzy producenci u\u017cywaj\u0105 papieru z pulpy bambusowej lub papieru z recyklingu, aby zast\u0105pi\u0107 pierwotn\u0105 pulp\u0119 drzewn\u0105 w celu dalszego zmniejszenia \u015bladu w\u0119glowego i spe\u0142nienia wymog\u00f3w prawnych, takich jak EU REACH i US CA Prop 65.<\/p>\n<p><strong>5. Technologia folii dotykowej: ulepszenie sensoryczne dla wysokiej jako\u015bci wra\u017ce\u0144<\/strong>Proces nak\u0142adania folii dotykowej tworzy delikatny zamsz na powierzchni kartonu, kt\u00f3ry jest mi\u0119kki jak aksamit i ma w\u0142a\u015bciwo\u015bci zapobiegaj\u0105ce odciskom palc\u00f3w i zarysowaniom. Proces ten jest najcz\u0119\u015bciej stosowany w pude\u0142kach luksusowych perfum, takich jak Dior, Chanel i innych marek, aby wzmocni\u0107 ton marki poprzez dotyk. Niekt\u00f3re folie dotykowe obs\u0142uguj\u0105 r\u00f3wnie\u017c druk UV, uzyskuj\u0105c podw\u00f3jne ulepszenie wzoru i tekstury.<\/p>\n<h3 id=\"-6-built-in-paper-tray-the-last-line-of-defense-for-transportation-safety-\"><strong>6. Wbudowany podajnik papieru: ostatnia linia obrony dla bezpiecze\u0144stwa transportu<\/strong><\/h3>\n<p>Krucha natura butelek perfum wymaga silnej amortyzacji opakowania. Wbudowana taca papierowa jest wykonana z materia\u0142\u00f3w przyjaznych dla \u015brodowiska, takich jak pulpa z trzciny cukrowej lub pulpa bambusowa, i jest dostosowana do r\u00f3\u017cnych kszta\u0142t\u00f3w butelek dzi\u0119ki precyzyjnemu otworowi formy, kt\u00f3ry nie tylko mocuje korpus butelki, ale tak\u017ce zapobiega wyt\u0142aczaniu i deformacji. Zintegrowana konstrukcja papierowej tacy i papierowego pude\u0142ka mo\u017ce r\u00f3wnie\u017c upro\u015bci\u0107 proces pakowania i poprawi\u0107 wydajno\u015b\u0107 pakowania.<\/p>\n<\/div>\n<\/div>\n<\/div>\n<\/div>\n<\/div>\n<\/div>\n<\/div>\n<\/div>\n<\/div>\n<div class=\"widget block block-static-block\">\n<div class=\"landing-page-section option-bottom\">\n<div class=\"custom-materials-tabs-content container container-adjustment\">\n<div class=\"custom-materials-tab-content active\">\n<div class=\"widget block block-static-block\">\n<p><!---end of option item--><\/p>\n<\/div>\n<\/div>\n<\/div>\n<\/div>\n<\/div>","protected":false},"excerpt":{"rendered":"<p>Wysokiej jako\u015bci producenci sk\u0142adanych pude\u0142ek papierowych na perfumy zapewniaj\u0105 markom kompleksowe rozwi\u0105zanie od projektu do dostawy poprzez innowacje materia\u0142owe, modernizacj\u0119 proces\u00f3w i certyfikacj\u0119 \u015brodowiskow\u0105. W przysz\u0142o\u015bci, wraz z popularyzacj\u0105 narz\u0119dzi do projektowania AI (takich jak platforma X-FUN), wydajno\u015b\u0107 produkcji dostosowana do indywidualnych potrzeb b\u0119dzie dalej poprawiana, a integracja zr\u00f3wnowa\u017conych materia\u0142\u00f3w i inteligentnych struktur b\u0119dzie nadal promowa\u0107 rozw\u00f3j bran\u017cy opakowa\u0144 perfum w kierunku ekologicznych i inteligentnych kierunk\u00f3w.<\/p>","protected":false},"featured_media":8802,"template":"","meta":[],"product_brand":[],"product_cat":[30,417,430,31],"product_tag":[994,992,993],"class_list":{"0":"post-8786","1":"product","2":"type-product","3":"status-publish","4":"has-post-thumbnail","6":"product_cat-by-industry","7":"product_cat-custom-perfume-boxes-by-industry","8":"product_cat-folding-cartons","9":"product_cat-paper-box-style","10":"product_tag-perfume-box-mamufacturer","11":"product_tag-perfume-folding-carton-box","12":"product_tag-retail-premium-box","14":"first","15":"instock","16":"shipping-taxable","17":"product-type-grouped"},"_links":{"self":[{"href":"https:\/\/zojopackaging.com\/pl\/wp-json\/wp\/v2\/product\/8786","targetHints":{"allow":["GET"]}}],"collection":[{"href":"https:\/\/zojopackaging.com\/pl\/wp-json\/wp\/v2\/product"}],"about":[{"href":"https:\/\/zojopackaging.com\/pl\/wp-json\/wp\/v2\/types\/product"}],"version-history":[{"count":5,"href":"https:\/\/zojopackaging.com\/pl\/wp-json\/wp\/v2\/product\/8786\/revisions"}],"predecessor-version":[{"id":8840,"href":"https:\/\/zojopackaging.com\/pl\/wp-json\/wp\/v2\/product\/8786\/revisions\/8840"}],"wp:featuredmedia":[{"embeddable":true,"href":"https:\/\/zojopackaging.com\/pl\/wp-json\/wp\/v2\/media\/8802"}],"wp:attachment":[{"href":"https:\/\/zojopackaging.com\/pl\/wp-json\/wp\/v2\/media?parent=8786"}],"wp:term":[{"taxonomy":"product_brand","embeddable":true,"href":"https:\/\/zojopackaging.com\/pl\/wp-json\/wp\/v2\/product_brand?post=8786"},{"taxonomy":"product_cat","embeddable":true,"href":"https:\/\/zojopackaging.com\/pl\/wp-json\/wp\/v2\/product_cat?post=8786"},{"taxonomy":"product_tag","embeddable":true,"href":"https:\/\/zojopackaging.com\/pl\/wp-json\/wp\/v2\/product_tag?post=8786"}],"curies":[{"name":"wp","href":"https:\/\/api.w.org\/{rel}","templated":true}]}}