{"id":8795,"date":"2025-03-31T14:26:32","date_gmt":"2025-03-31T06:26:32","guid":{"rendered":"https:\/\/zojopackaging.com\/?post_type=product&#038;p=8795"},"modified":"2025-03-31T14:52:33","modified_gmt":"2025-03-31T06:52:33","slug":"luxury-fork-knife-cutlery-spoon-tableware-set-packaging-box","status":"publish","type":"product","link":"https:\/\/zojopackaging.com\/pl\/product\/luxury-fork-knife-cutlery-spoon-tableware-set-packaging-box\/","title":{"rendered":"Luksusowy widelec N\u00f3\u017c Sztu\u0107ce \u0141y\u017cka Zestaw zastawy sto\u0142owej Opakowanie Pude\u0142ko"},"content":{"rendered":"<h2 id=\"-product-overview-\"><strong>Przegl\u0105d produkt\u00f3w<\/strong><\/h2>\n<p>Luksusowe opakowanie na widelec, n\u00f3\u017c, sztu\u0107ce i \u0142y\u017ck\u0119 zosta\u0142o zaprojektowane z my\u015bl\u0105 o wysokiej klasy zastawie sto\u0142owej, \u0142\u0105cz\u0105c w sobie estetyk\u0119 i praktyczno\u015b\u0107. Wykorzystuje przyjazne dla \u015brodowiska materia\u0142y i wykwintne rzemios\u0142o. Nadaje si\u0119 na wesela, hotele, wysokiej klasy sklepy detaliczne i inne sceny, a tak\u017ce poprawia wizerunek marki i wra\u017cenia u\u017cytkownika dzi\u0119ki doskona\u0142ej jako\u015bci.<\/p>\n<h2 id=\"-core-selling-points-\"><strong>G\u0142\u00f3wne punkty sprzeda\u017cy<\/strong><\/h2>\n<ol>\n<li><strong>Luksusowy design i bezpiecze\u0144stwo<\/strong><\/li>\n<li><strong>Aksamitna podszewka + komora bezpiecze\u0144stwa<\/strong>: Podszewka czarnego pude\u0142ka prezentowego wykonana jest z mi\u0119kkiego aksamitu, kt\u00f3ry jest delikatny i odporny na zarysowania; dostosowana konstrukcja przegrody zapewnia, \u017ce sztu\u0107ce, widelec, \u0142y\u017cka i zastawa sto\u0142owa s\u0105 umieszczone stabilnie, aby unikn\u0105\u0107 kolizji podczas transportu lub przechowywania.<\/li>\n<li><strong>Konstrukcja umo\u017cliwiaj\u0105ca sztaplowanie<\/strong>: Modu\u0142owa konstrukcja umo\u017cliwia wydajne uk\u0142adanie w stosy, oszcz\u0119dza przestrze\u0144 magazynow\u0105 i transportow\u0105, zmniejsza koszty logistyczne i utrzymuje stabilno\u015b\u0107 konstrukcji opakowania.<\/li>\n<li><strong>Ochrona \u015brodowiska i trwa\u0142o\u015b\u0107<\/strong><\/li>\n<li><strong>Materia\u0142 nadaj\u0105cy si\u0119 do recyklingu<\/strong>: G\u0142\u00f3wny korpus wykonany jest z przyjaznego dla \u015brodowiska drewna pochodz\u0105cego z recyklingu, nadaj\u0105cego si\u0119 do recyklingu 100% i spe\u0142niaj\u0105cego mi\u0119dzynarodowe normy \u015brodowiskowe.<\/li>\n<li><strong>Trwa\u0142o\u015b\u0107<\/strong>: Powierzchnia jest pokryta matow\u0105 pow\u0142ok\u0105 odporn\u0105 na zu\u017cycie, kt\u00f3ra jest odporna na nacisk i wilgo\u0107, nadaje si\u0119 do wielokrotnego u\u017cytku i zachowuje schludny wygl\u0105d przez d\u0142ugi czas.<\/li>\n<li><strong>Rzemios\u0142o i zapewnienie jako\u015bci<\/strong><\/li>\n<li><strong>Znakomita jako\u015b\u0107 wykonania<\/strong>: Kraw\u0119dzie opakowania s\u0105 g\u0142adkie i pozbawione zadzior\u00f3w, szwy precyzyjne, a otwieranie i zamykanie p\u0142ynne.<\/li>\n<li><strong>Mo\u017cliwo\u015b\u0107 dostosowania zastawy sto\u0142owej<\/strong>: Obs\u0142uguje niestandardowe rozmiary, idealnie pasuje do zestaw\u00f3w no\u017cy, widelc\u00f3w i \u0142y\u017cek ze stali nierdzewnej (takich jak zestawy 24-cz\u0119\u015bciowe, 36-cz\u0119\u015bciowe) i dostosowuje si\u0119 do r\u00f3\u017cnych potrzeb zwi\u0105zanych z \u0142\u0105czeniem zastawy sto\u0142owej.<\/li>\n<li><strong>Wielofunkcyjne scenariusze zastosowa\u0144<\/strong><\/li>\n<li><strong>Biznes i uroczysto\u015bci<\/strong>: Nadaje si\u0119 do pami\u0105tek \u015blubnych, bankiet\u00f3w hotelowych, upomink\u00f3w promocyjnych marki i innych scenariuszy w celu zwi\u0119kszenia poziomu aktywno\u015bci; obs\u0142uguje technologi\u0119 grawerowania laserowego LOGO lub t\u0142oczenia na gor\u0105co w celu zwi\u0119kszenia rozpoznawalno\u015bci marki.<\/li>\n<li><strong>Wysokiej klasy sprzeda\u017c detaliczna<\/strong>: Mo\u017ce by\u0107 u\u017cywany jako opakowanie ekspozycyjne dla luksusowej zastawy sto\u0142owej, aby przyci\u0105gn\u0105\u0107 uwag\u0119 konsument\u00f3w i zwi\u0119kszy\u0107 warto\u015b\u0107 dodan\u0105 produktu.<\/li>\n<li><strong>Wydajna dostawa i wsparcie serwisowe<\/strong><\/li>\n<li><strong>Cykl produkcyjny<\/strong>: Minimalna ilo\u015b\u0107 zam\u00f3wienia wynosi 500 sztuk, a produkcja jest zako\u0144czona w ci\u0105gu 7-12 dni roboczych, aby zapewni\u0107 terminow\u0105 dostaw\u0119.<\/li>\n<li><strong>Us\u0142uga dostosowana do potrzeb klienta<\/strong>: Fabryka \u017ar\u00f3d\u0142owa w Chinach zapewnia bezp\u0142atne pr\u00f3bki, konsultacje projektowe i dostosowanie materia\u0142\u00f3w (takie jak polerowanie lustra ko\u0142a tkaniny, dostosowanie tekstury drewnianego pude\u0142ka), aby zaspokoi\u0107 r\u00f3\u017cnorodne potrzeby.<\/li>\n<\/ol>\n<h2 id=\"-technical-parameters-\"><strong>Parametry techniczne<\/strong><\/h2>\n<table>\n<thead>\n<tr>\n<th>Projekt<\/th>\n<th>Specyfikacje<\/th>\n<\/tr>\n<\/thead>\n<tbody>\n<tr>\n<td>Podszewka<\/td>\n<td>Czarny aksamit + warstwa buforowa EVA<\/td>\n<\/tr>\n<tr>\n<td>Rozmiar<\/td>\n<td>Mo\u017cliwo\u015b\u0107 dostosowania (standard odniesienia: 25 cm \u00d7 18 cm \u00d7 6 cm)<\/td>\n<\/tr>\n<tr>\n<td>No\u015bno\u015b\u0107<\/td>\n<td>\u22645kg<\/td>\n<\/tr>\n<tr>\n<td>Certyfikacja \u015brodowiskowa<\/td>\n<td>Certyfikat FSC, standard ROHS<\/td>\n<\/tr>\n<\/tbody>\n<\/table>\n<h2 id=\"-cooperation-advantages-\"><strong>Zalety wsp\u00f3\u0142pracy<\/strong><\/h2>\n<ul>\n<li><strong>Przewaga cenowa<\/strong>: Opieraj\u0105c si\u0119 na zasobach chi\u0144skiego klastra produkcyjnego, zapewniaj\u0105c op\u0142acalne rozwi\u0105zania, cena jednostkowa jest 30%-50% ni\u017csza ni\u017c podobnych produkt\u00f3w w Europie i Stanach Zjednoczonych.<\/li>\n<li><strong>Kompleksowa obs\u0142uga<\/strong>: Monitorowanie od projektu, proofingu do masowej produkcji, wsparcie logistyki transgranicznej i us\u0142ug spedycyjnych.<\/li>\n<\/ul>\n<p><strong>Skonsultuj si\u0119 teraz z bezp\u0142atnymi pr\u00f3bkami i rozpocznij swoj\u0105 przygod\u0119 z dostosowywaniem wysokiej klasy opakowa\u0144 do zastawy sto\u0142owej!<\/strong><\/p>","protected":false},"excerpt":{"rendered":"<p>\u015awiadomy ekologicznie branding - materia\u0142y nadaj\u0105ce si\u0119 do recyklingu s\u0105 zgodne z nowoczesnymi trendami zr\u00f3wnowa\u017conego rozwoju.<br \/>\nNiskie minimalne zam\u00f3wienia - Zacznij od 500 jednostek do testowania rynku, skaluj do 50k+ \/ miesi\u0105c.<br \/>\nPrecyzja wykonania - tolerancja \u00b10,5 mm zapewnia p\u0142ynne nape\u0142nianie maszyny.<br \/>\nGlobalna zgodno\u015b\u0107 - Spe\u0142nia normy UE\/USA dotycz\u0105ce opakowa\u0144 dla transgranicznego handlu elektronicznego.<br \/>\nUs\u0142uga \"pod klucz\" - bezp\u0142atne szablony projekt\u00f3w + dostawa pr\u00f3bek w ci\u0105gu 48 godzin.<\/p>","protected":false},"featured_media":8801,"template":"","meta":[],"product_brand":[],"product_cat":[30,413,428,31],"product_tag":[984,983,985],"class_list":{"0":"post-8795","1":"product","2":"type-product","3":"status-publish","4":"has-post-thumbnail","6":"product_cat-by-industry","7":"product_cat-consumer-electronics-boxes","8":"product_cat-irregular-shaped-gift-boxes","9":"product_cat-paper-box-style","10":"product_tag-cutlery-spoon-packaging","11":"product_tag-fork-knife-packaging-box","12":"product_tag-tableware-set-packaging-box","14":"first","15":"instock","16":"shipping-taxable","17":"product-type-simple"},"_links":{"self":[{"href":"https:\/\/zojopackaging.com\/pl\/wp-json\/wp\/v2\/product\/8795","targetHints":{"allow":["GET"]}}],"collection":[{"href":"https:\/\/zojopackaging.com\/pl\/wp-json\/wp\/v2\/product"}],"about":[{"href":"https:\/\/zojopackaging.com\/pl\/wp-json\/wp\/v2\/types\/product"}],"version-history":[{"count":3,"href":"https:\/\/zojopackaging.com\/pl\/wp-json\/wp\/v2\/product\/8795\/revisions"}],"predecessor-version":[{"id":8811,"href":"https:\/\/zojopackaging.com\/pl\/wp-json\/wp\/v2\/product\/8795\/revisions\/8811"}],"wp:featuredmedia":[{"embeddable":true,"href":"https:\/\/zojopackaging.com\/pl\/wp-json\/wp\/v2\/media\/8801"}],"wp:attachment":[{"href":"https:\/\/zojopackaging.com\/pl\/wp-json\/wp\/v2\/media?parent=8795"}],"wp:term":[{"taxonomy":"product_brand","embeddable":true,"href":"https:\/\/zojopackaging.com\/pl\/wp-json\/wp\/v2\/product_brand?post=8795"},{"taxonomy":"product_cat","embeddable":true,"href":"https:\/\/zojopackaging.com\/pl\/wp-json\/wp\/v2\/product_cat?post=8795"},{"taxonomy":"product_tag","embeddable":true,"href":"https:\/\/zojopackaging.com\/pl\/wp-json\/wp\/v2\/product_tag?post=8795"}],"curies":[{"name":"wp","href":"https:\/\/api.w.org\/{rel}","templated":true}]}}