{"id":8812,"date":"2025-03-31T14:53:11","date_gmt":"2025-03-31T06:53:11","guid":{"rendered":"https:\/\/zojopackaging.com\/?post_type=product&#038;p=8812"},"modified":"2025-03-31T15:17:40","modified_gmt":"2025-03-31T07:17:40","slug":"luxury-perfume-oil-packaging-gift-box-wholesale-with-insert","status":"publish","type":"product","link":"https:\/\/zojopackaging.com\/pl\/product\/luxury-perfume-oil-packaging-gift-box-wholesale-with-insert\/","title":{"rendered":"Luksusowe opakowanie na olejki zapachowe Pude\u0142ko prezentowe hurtowo z wk\u0142adk\u0105"},"content":{"rendered":"<h2 id=\"-core-product-highlights-\"><strong>Najwa\u017cniejsze cechy produktu<\/strong><\/h2>\n<ol>\n<li><strong>Podw\u00f3jny luksus widzenia i dotyku<\/strong><\/li>\n<li><strong>Dopasowanie kolor\u00f3w i wzor\u00f3w<\/strong>: G\u0142\u00f3wne kolory to g\u0142\u0119boki szafirowy b\u0142\u0119kit i ciep\u0142a burgundowa czerwie\u0144, tworz\u0105ce klasyczny kontrast, przekazuj\u0105cy stonowany i luksusowy j\u0119zyk wizualny; powierzchnia pude\u0142ka jest inkrustowana poz\u0142acanym wzorem czterolistnej koniczyny, symbolizuj\u0105cym szcz\u0119\u015bcie i wieczno\u015b\u0107, a tr\u00f3jwymiarowo\u015b\u0107 jest wzmocniona dzi\u0119ki lokalnej technologii UV, aby stworzy\u0107 zr\u00f3\u017cnicowan\u0105 to\u017csamo\u015b\u0107 wizualn\u0105 marki.<\/li>\n<li><strong>Obr\u00f3bka powierzchni<\/strong>: Technologia matowej laminacji dotykowej zapobiega pozostawianiu odcisk\u00f3w palc\u00f3w, nadaj\u0105c obudowie delikatn\u0105 matow\u0105 tekstur\u0119, jednocze\u015bnie zwi\u0119kszaj\u0105c odporno\u015b\u0107 na zu\u017cycie, aby zapewni\u0107 doskona\u0142y wygl\u0105d podczas transportu i wy\u015bwietlania.<\/li>\n<li><strong>Wyb\u00f3r materia\u0142\u00f3w, kt\u00f3ry k\u0142adzie nacisk zar\u00f3wno na ochron\u0119 \u015brodowiska, jak i jako\u015b\u0107<\/strong><\/li>\n<li><strong>Karton z certyfikatem FSC<\/strong>: G\u0142\u00f3wny korpus wykonany jest z szarej tektury rdzeniowej o grubo\u015bci 1,5 mm z certyfikatem FSC, z podw\u00f3jn\u0105 miedzian\u0105 pow\u0142ok\u0105 o wadze 157 g, kt\u00f3ra ma zar\u00f3wno odporno\u015b\u0107 na nacisk, jak i w\u0142a\u015bciwo\u015bci ochrony \u015brodowiska oraz spe\u0142nia mi\u0119dzynarodowe standardy zr\u00f3wnowa\u017conego zaopatrzenia.<\/li>\n<li><strong>Niestandardowa podszewka<\/strong>: Dost\u0119pny jest blister EVA lub aksamitne opakowanie PU, kt\u00f3re mo\u017cna precyzyjnie dopasowa\u0107 do butelki olejku perfumowanego o pojemno\u015bci 5 ml-30 ml. Podszewka mo\u017ce by\u0107 dostosowana do kolor\u00f3w marki (takich jak szampa\u0144skie z\u0142oto i czerwone wino), aby wzmocni\u0107 poczucie ceremonii podczas otwierania pude\u0142ka.<\/li>\n<li><strong>Inteligentna konstrukcja funkcjonalna<\/strong><\/li>\n<li><strong>Magnetyczny system uszczelniaj\u0105cy<\/strong>: Wbudowane niewidoczne zapi\u0119cia magnetyczne umo\u017cliwiaj\u0105 otwieranie i zamykanie jedn\u0105 r\u0119k\u0105. Po zamkni\u0119ciu \u015bci\u015ble przylega, aby unikn\u0105\u0107 ryzyka zu\u017cycia tradycyjnej struktury typu j\u0119zyk, kt\u00f3ra jest odpowiednia do cz\u0119stych scen prezentowych.<\/li>\n<li><strong>Panel dostosowany do marki<\/strong>: Wewn\u0119trzna pokrywa zawiera pusty wyt\u0142aczany panel, kt\u00f3ry obs\u0142uguje laserowe, t\u0142oczone na gor\u0105co logo lub drukowanie kodu QR (rozdzielczo\u015b\u0107 \u2265300 dpi), spe\u0142niaj\u0105c r\u00f3\u017cnorodne potrzeby wy\u015bwietlania historii marki, implantacji link\u00f3w do dzia\u0142a\u0144 promocyjnych itp.<\/li>\n<\/ol>\n<h3 id=\"-technical-parameters-and-customized-services-\"><strong>Parametry techniczne i niestandardowe us\u0142ugi<\/strong><\/h3>\n<table>\n<thead>\n<tr>\n<th>Projekt<\/th>\n<th>Specyfikacje<\/th>\n<\/tr>\n<\/thead>\n<tbody>\n<tr>\n<td><strong>Rozmiar podstawowy<\/strong><\/td>\n<td>Standardowy rozmiar 15 \u00d7 6 \u00d7 3 cm (\u015brednica wewn\u0119trzna), obs\u0142uga niestandardowego dostosowywania rozmiaru, b\u0142\u0105d \u22641 mm<\/td>\n<\/tr>\n<tr>\n<td><strong>Minimalna ilo\u015b\u0107 zam\u00f3wienia<\/strong><\/td>\n<td>Zam\u00f3wienia zbiorcze zaczynaj\u0105 si\u0119 od 1000 sztuk, obs\u0142uguj\u0105 produkcj\u0119 mieszanych kolor\u00f3w i wersji mieszanych<\/td>\n<\/tr>\n<tr>\n<td><strong>Opcje procesu<\/strong><\/td>\n<td>T\u0142oczenie na gor\u0105co\/srebro, wyt\u0142aczanie, lokalna jasna folia UV, sitodruk (dopasowanie kolor\u00f3w Pantone)<\/td>\n<\/tr>\n<tr>\n<td><strong>Cykl produkcyjny<\/strong><\/td>\n<td>5 dni na wydruki pr\u00f3bne, 15-18 dni na produkcj\u0119 masow\u0105 (obs\u0142uga us\u0142ug przyspieszonych)<\/td>\n<\/tr>\n<tr>\n<td><strong>Us\u0142ugi pomocnicze<\/strong><\/td>\n<td>Bezp\u0142atny projekt 3D, fizyczny proofing i optymalizacja rozwi\u0105za\u0144 logistycznych, wsparcie transgranicznego eksportu dedykowanych opakowa\u0144<\/td>\n<\/tr>\n<\/tbody>\n<\/table>\n<h2 id=\"-advantages-of-made-in-china-\"><strong>Zalety produkt\u00f3w Made in China<\/strong><\/h2>\n<ul>\n<li><strong>Bezpo\u015brednia dostawa z fabryki \u017ar\u00f3d\u0142owej<\/strong>: Ponad 16 lat do\u015bwiadczenia w bran\u017cy, system jako\u015bci ISO i certyfikat SEDEX, aby zapewni\u0107 mi\u0119dzynarodowy standard kontroli jako\u015bci.<\/li>\n<li><strong>Przewaga kosztowa<\/strong>: Produkcja na du\u017c\u0105 skal\u0119 obni\u017ca cen\u0119 jednostkow\u0105 (zam\u00f3wienia zbiorcze ju\u017c od \u00a50.50\/szt.), bezc\u0142owa wycena wysy\u0142ki jest opcjonalna, a do rozpocz\u0119cia zam\u00f3wienia wymagany jest depozyt 30%.<\/li>\n<li><strong>Us\u0142ugi o warto\u015bci dodanej<\/strong>: Bezp\u0142atny projekt adaptacji marki VI, doradztwo w zakresie zr\u00f3wnowa\u017conych rozwi\u0105za\u0144 opakowaniowych i globalny audyt zgodno\u015bci (np. normy UE REACH).<\/li>\n<\/ul>\n<p><strong>Scenariusze zastosowa\u0144<\/strong>wysokiej klasy pude\u0142ka prezentowe na rocznic\u0119 marki perfum, luksusowe wsp\u00f3lne zestawy transgraniczne, spersonalizowane prezenty dla cz\u0142onk\u00f3w VIP, \u015bwi\u0105teczne opakowania promocyjne e-commerce (takie jak \u015bwi\u0105teczna edycja limitowana).<\/p>","protected":false},"excerpt":{"rendered":"<p>Podkre\u015bl mark\u0119: Z\u0142oty wz\u00f3r czterolistnej koniczyny i dwukolorowy design poprawiaj\u0105 wra\u017cenia podczas rozpakowywania.<br \/>\nEco-Premium: Trwa\u0142e materia\u0142y z recyklingu s\u0105 zgodne z celami zr\u00f3wnowa\u017conego rozwoju bez kompromis\u00f3w w zakresie luksusu.<br \/>\nWydajno\u015b\u0107 hurtowa: Szybka realizacja, konkurencyjne ceny i gotowe do logo panele usprawniaj\u0105 zam\u00f3wienia hurtowe.<br \/>\nGotowo\u015b\u0107 do pracy na ca\u0142ym \u015bwiecie: Kompaktowy, lekki i przetestowany pod k\u0105tem op\u0142acalno\u015bci wysy\u0142ki mi\u0119dzynarodowej.<\/p>","protected":false},"featured_media":8813,"template":"","meta":[],"product_brand":[],"product_cat":[30,415,428,31],"product_tag":[986,988,987],"class_list":{"0":"post-8812","1":"product","2":"type-product","3":"status-publish","4":"has-post-thumbnail","6":"product_cat-by-industry","7":"product_cat-custom-jewelry-boxes-by-industry","8":"product_cat-irregular-shaped-gift-boxes","9":"product_cat-paper-box-style","10":"product_tag-luxury-perfume-oil-packaging","11":"product_tag-perfume-oil-box-wholesale","12":"product_tag-perfume-oil-packaging","14":"first","15":"instock","16":"shipping-taxable","17":"product-type-simple"},"_links":{"self":[{"href":"https:\/\/zojopackaging.com\/pl\/wp-json\/wp\/v2\/product\/8812","targetHints":{"allow":["GET"]}}],"collection":[{"href":"https:\/\/zojopackaging.com\/pl\/wp-json\/wp\/v2\/product"}],"about":[{"href":"https:\/\/zojopackaging.com\/pl\/wp-json\/wp\/v2\/types\/product"}],"version-history":[{"count":1,"href":"https:\/\/zojopackaging.com\/pl\/wp-json\/wp\/v2\/product\/8812\/revisions"}],"predecessor-version":[{"id":8819,"href":"https:\/\/zojopackaging.com\/pl\/wp-json\/wp\/v2\/product\/8812\/revisions\/8819"}],"wp:featuredmedia":[{"embeddable":true,"href":"https:\/\/zojopackaging.com\/pl\/wp-json\/wp\/v2\/media\/8813"}],"wp:attachment":[{"href":"https:\/\/zojopackaging.com\/pl\/wp-json\/wp\/v2\/media?parent=8812"}],"wp:term":[{"taxonomy":"product_brand","embeddable":true,"href":"https:\/\/zojopackaging.com\/pl\/wp-json\/wp\/v2\/product_brand?post=8812"},{"taxonomy":"product_cat","embeddable":true,"href":"https:\/\/zojopackaging.com\/pl\/wp-json\/wp\/v2\/product_cat?post=8812"},{"taxonomy":"product_tag","embeddable":true,"href":"https:\/\/zojopackaging.com\/pl\/wp-json\/wp\/v2\/product_tag?post=8812"}],"curies":[{"name":"wp","href":"https:\/\/api.w.org\/{rel}","templated":true}]}}