{"id":8820,"date":"2025-03-31T15:17:51","date_gmt":"2025-03-31T07:17:51","guid":{"rendered":"https:\/\/zojopackaging.com\/?post_type=product&#038;p=8820"},"modified":"2025-03-31T15:42:24","modified_gmt":"2025-03-31T07:42:24","slug":"custom-classic-wine-packaging-box-wholesale-with-ribbon","status":"publish","type":"product","link":"https:\/\/zojopackaging.com\/pl\/product\/custom-classic-wine-packaging-box-wholesale-with-ribbon\/","title":{"rendered":"Niestandardowe klasyczne opakowanie na wino hurtowo ze wst\u0105\u017ck\u0105"},"content":{"rendered":"<h2 id=\"-1-magnetic-embedded-lid-design-combining-aesthetics-and-durability-\"><strong>1. Konstrukcja pokrywy z wbudowanym magnesem, \u0142\u0105cz\u0105ca estetyk\u0119 i trwa\u0142o\u015b\u0107<\/strong><\/h2>\n<ul>\n<li><strong>Innowacyjna technologia wbudowanego magnesu<\/strong>: Dzi\u0119ki zastosowaniu ukrytej struktury magnetycznej, magnes jest osadzony w korpusie pude\u0142ka za pomoc\u0105 precyzyjnej formy, aby unikn\u0105\u0107 problemu tradycyjnych ods\u0142oni\u0119tych klamer magnetycznych, kt\u00f3re \u0142atwo si\u0119 zu\u017cywaj\u0105 i zarysowuj\u0105. Gdy pokrywa jest zamkni\u0119ta, si\u0142a magnetyczna jest r\u00f3wnomiernie adsorbowana, a otwieranie i zamykanie jest p\u0142ynne i eleganckie, zapewniaj\u0105c jednocze\u015bnie stabilne dzia\u0142anie po wielokrotnym u\u017cyciu.<\/li>\n<li><strong>Ulepszenie ochrony<\/strong>: Punkt magnetyczny jest zlicowany z powierzchni\u0105 korpusu pude\u0142ka, a niewystaj\u0105ca konstrukcja zmniejsza ryzyko kolizji podczas transportu, co jest odpowiednie do transportu morskiego na du\u017ce odleg\u0142o\u015bci i scenariuszy u\u017cytkowania o wysokiej cz\u0119stotliwo\u015bci.<\/li>\n<\/ul>\n<h2 id=\"-2-customized-ribbon-accessories-to-enhance-the-visual-impact-of-the-brand-\"><strong>2. Niestandardowe akcesoria wst\u0105\u017ckowe w celu zwi\u0119kszenia wizualnego wp\u0142ywu marki<\/strong><\/h2>\n<ul>\n<li><strong>Wyb\u00f3r wysokiej klasy materia\u0142\u00f3w<\/strong>: Dost\u0119pne s\u0105 jedwabne, satynowe, aksamitne i inne materia\u0142y wst\u0105\u017cek, a klasyczne czerwone wino, szampa\u0144skie z\u0142oto, ciemnozielone i inne kolory s\u0105 opcjonalne, tworz\u0105c silny wizualny kontrast z czarnym korpusem pude\u0142ka, podkre\u015blaj\u0105c luksusow\u0105 tekstur\u0119.<\/li>\n<li><strong>Dostosowanie logo marki<\/strong>: Obs\u0142uga t\u0142oczenia na gor\u0105co LOGO marki, wyt\u0142aczanego tekstu lub haftu na powierzchni wst\u0105\u017cki, co mo\u017ce wzmocni\u0107 poczucie ceremonii rozpakowywania prezent\u00f3w i zwi\u0119kszy\u0107 rozpoznawalno\u015b\u0107 marki.<\/li>\n<\/ul>\n<h2 id=\"-3-foldable-flat-structure-reducing-logistics-costs-by-50-\"><strong>3. Sk\u0142adana p\u0142aska konstrukcja, zmniejszaj\u0105ca koszty logistyczne o 50%<\/strong><\/h2>\n<ul>\n<li><strong>Sk\u0142adana, opatentowana konstrukcja<\/strong>: Korpus pude\u0142ka wykorzystuje technologi\u0119 wst\u0119pnie prasowanej linii sk\u0142adania, a puste pude\u0142ko mo\u017cna z\u0142o\u017cy\u0107 do 1\/5 pierwotnej obj\u0119to\u015bci, znacznie zmniejszaj\u0105c przestrze\u0144 magazynow\u0105 i transportow\u0105. Po sp\u0142aszczeniu znacznie zmniejsza koszty wysy\u0142ki mi\u0119dzynarodowej.<\/li>\n<li><strong>Szybki monta\u017c<\/strong>: Po otrzymaniu, u\u017cytkownik musi jedynie roz\u0142o\u017cy\u0107 korpus pude\u0142ka i w\u0142o\u017cy\u0107 podszewk\u0119, aby je uformowa\u0107. Nie jest wymagany klej ani narz\u0119dzia, a monta\u017c mo\u017cna zako\u0144czy\u0107 w 30 sekund.<\/li>\n<\/ul>\n<h2 id=\"-4-anti-scratch-matte-coating-anti-fingerprint-and-wear-resistant-dual-protection-\"><strong>4. Matowa pow\u0142oka chroni\u0105ca przed zarysowaniami, odciskami palc\u00f3w i odporna na zu\u017cycie podw\u00f3jna ochrona<\/strong><\/h2>\n<ul>\n<li><strong>Nanopoziomowy proces matuj\u0105cy<\/strong>: Powierzchnia jest pokryta matow\u0105 pow\u0142ok\u0105 olejow\u0105 na bazie wody, a g\u0119sta warstwa ochronna jest tworzona poprzez utwardzanie promieniami UV. Twardo\u015b\u0107 w skali Mohsa wynosi powy\u017cej 3H, co skutecznie chroni przed zarysowaniami transportowymi i eliminuje problemy z odciskami palc\u00f3w.<\/li>\n<li><strong>Optymalizacja dotykowa<\/strong>: Matowa tekstura jest po\u0142\u0105czona z czarn\u0105 obudow\u0105 pude\u0142ka, aby zaprezentowa\u0107 stonowan\u0105 i luksusow\u0105 matow\u0105 tekstur\u0119, kt\u00f3ra podkre\u015bla wysokiej klasy charakter produktu.<\/li>\n<\/ul>\n<h2 id=\"-5-customization-of-blank-inner-panels-supporting-multiple-processes-\"><strong>5. Dostosowanie pustych paneli wewn\u0119trznych, obs\u0142uga wielu proces\u00f3w<\/strong><\/h2>\n<ul>\n<li><strong>Grawerowanie laserowe<\/strong>: Maszyna do znakowania laserem \u015bwiat\u0142owodowym s\u0142u\u017cy do grawerowania informacji o marce, b\u0142ogos\u0142awie\u0144stw lub wzor\u00f3w na wewn\u0119trznej p\u0142ycie ok\u0142adzinowej z dok\u0142adno\u015bci\u0105 do 0,01 mm, co jest odpowiednie dla r\u00f3\u017cnych materia\u0142\u00f3w ok\u0142adzin wewn\u0119trznych, takich jak stal nierdzewna, drewno i EVA.<\/li>\n<li><strong>T\u0142oczenie na gor\u0105co\/druk kod\u00f3w QR<\/strong>: Obs\u0142uguje cz\u0119\u015bciowe t\u0142oczenie na gor\u0105co, wyt\u0142aczanie laserowe i inne procesy lub bezpo\u015brednio drukuje dynamiczne kody QR, aby po\u0142\u0105czy\u0107 si\u0119 z oficjaln\u0105 stron\u0105 internetow\u0105 marki i systemem identyfikowalno\u015bci w celu zwi\u0119kszenia interakcji z klientem.<\/li>\n<\/ul>\n<h2 id=\"-6-all-black-box-body-design-interpreting-the-ultimate-modern-aesthetics-\"><strong>6. Ca\u0142kowicie czarna konstrukcja nadwozia, interpretuj\u0105ca najwy\u017csz\u0105 nowoczesn\u0105 estetyk\u0119<\/strong><\/h2>\n<ul>\n<li><strong>Zastosowanie psychologii kolor\u00f3w<\/strong>: G\u0142\u0119boka czer\u0144 symbolizuje wieczn\u0105 klasyk\u0119, w po\u0142\u0105czeniu z matow\u0105 tekstur\u0105 i magnetycznymi metalowymi detalami, przekazuj\u0105c ton marki \"luksus w stonowanym stylu\", odpowiedni dla wysokiej klasy prezent\u00f3w biznesowych i win z kolekcji.<\/li>\n<li><strong>Wzmocnienie strukturalne<\/strong>: Wykonany z szarej p\u0142yty o gramaturze 1200 g i materia\u0142u kompozytowego ze sk\u00f3ry PU, o no\u015bno\u015bci 10 kg, zapewnia bezpiecze\u0144stwo transportu butelek wina.<\/li>\n<\/ul>\n<h2 id=\"-7-advantages-of-china-s-source-factory-free-design-high-cost-performance-\"><strong>7. Zalety chi\u0144skiej fabryki \u017ar\u00f3d\u0142owej: bezp\u0142atny projekt + wysoka wydajno\u015b\u0107 kosztowa<\/strong><\/h2>\n<ul>\n<li><strong>Odporno\u015b\u0107 na zerowe koszty<\/strong>: Fabryka zapewnia bezp\u0142atn\u0105 dostaw\u0119 pr\u00f3bek (ograniczon\u0105 do 3 podstawowych typ\u00f3w pude\u0142ek), obs\u0142uguje niestandardowe rysunki lub opracowywanie rozwi\u0105za\u0144 1 na 1 przez wy\u0142\u0105cznych projektant\u00f3w.<\/li>\n<li><strong>System notowa\u0144 drabinkowych<\/strong>: Cena zam\u00f3wienia 500 sztuk jest tak niska, jak \u00a537\/sztuk\u0119, a ekskluzywne rabaty s\u0105 dost\u0119pne dla zam\u00f3wie\u0144 powy\u017cej 5000 sztuk, co jest 60% ni\u017csze ni\u017c podobne produkty w Europie i Stanach Zjednoczonych.<\/li>\n<li><strong>Zapewnienie jako\u015bci<\/strong>: Przeszed\u0142 system zarz\u0105dzania jako\u015bci\u0105 ISO 9001 i certyfikat SEDEX 4P, zapewnia 18-miesi\u0119czn\u0105 gwarancj\u0119 i obs\u0142uguje kontrol\u0119 stron trzecich.<\/li>\n<\/ul>","protected":false},"excerpt":{"rendered":"<ul>\n<li>\ud83c\udfc6\u00a0<strong>Zr\u00f3\u017cnicowanie marki<\/strong>: Motywy ze z\u0142otej folii i matowa tekstura tworz\u0105 teatr unboxingu dla pozycjonowania premium.<\/li>\n<li>\ud83c\udf31\u00a0<strong>Zr\u00f3wnowa\u017cony presti\u017c<\/strong>: Materia\u0142y z certyfikatem FSC s\u0105 zgodne z ekologicznymi trendami luksusu.<\/li>\n<li>\ud83d\udee1\ufe0f\u00a0<strong>Gotowo\u015b\u0107 logistyczna<\/strong>: 30% l\u017cejsze ni\u017c skrzynie z litego drewna o doskona\u0142ej odporno\u015bci na zgniatanie.<\/li>\n<li>\ud83d\udcbc\u00a0<strong>Wydajno\u015b\u0107 zam\u00f3wie\u0144 zbiorczych<\/strong>: Produkcja mieszana minimalizuje koszty zapas\u00f3w.<\/li>\n<\/ul>","protected":false},"featured_media":8826,"template":"","meta":[],"product_brand":[],"product_cat":[30,427,419,31],"product_tag":[990,989,991],"class_list":{"0":"post-8820","1":"product","2":"type-product","3":"status-publish","4":"has-post-thumbnail","6":"product_cat-by-industry","7":"product_cat-collapsible-gift-boxes","8":"product_cat-custom-wines-spirits-boxes","9":"product_cat-paper-box-style","10":"product_tag-custom-wine-packaging","11":"product_tag-wine-packaging-box","12":"product_tag-wine-packaging-wholesale","14":"first","15":"instock","16":"shipping-taxable","17":"product-type-simple"},"_links":{"self":[{"href":"https:\/\/zojopackaging.com\/pl\/wp-json\/wp\/v2\/product\/8820","targetHints":{"allow":["GET"]}}],"collection":[{"href":"https:\/\/zojopackaging.com\/pl\/wp-json\/wp\/v2\/product"}],"about":[{"href":"https:\/\/zojopackaging.com\/pl\/wp-json\/wp\/v2\/types\/product"}],"version-history":[{"count":2,"href":"https:\/\/zojopackaging.com\/pl\/wp-json\/wp\/v2\/product\/8820\/revisions"}],"predecessor-version":[{"id":8828,"href":"https:\/\/zojopackaging.com\/pl\/wp-json\/wp\/v2\/product\/8820\/revisions\/8828"}],"wp:featuredmedia":[{"embeddable":true,"href":"https:\/\/zojopackaging.com\/pl\/wp-json\/wp\/v2\/media\/8826"}],"wp:attachment":[{"href":"https:\/\/zojopackaging.com\/pl\/wp-json\/wp\/v2\/media?parent=8820"}],"wp:term":[{"taxonomy":"product_brand","embeddable":true,"href":"https:\/\/zojopackaging.com\/pl\/wp-json\/wp\/v2\/product_brand?post=8820"},{"taxonomy":"product_cat","embeddable":true,"href":"https:\/\/zojopackaging.com\/pl\/wp-json\/wp\/v2\/product_cat?post=8820"},{"taxonomy":"product_tag","embeddable":true,"href":"https:\/\/zojopackaging.com\/pl\/wp-json\/wp\/v2\/product_tag?post=8820"}],"curies":[{"name":"wp","href":"https:\/\/api.w.org\/{rel}","templated":true}]}}