{"id":8829,"date":"2025-03-31T15:43:47","date_gmt":"2025-03-31T07:43:47","guid":{"rendered":"https:\/\/zojopackaging.com\/?post_type=product&#038;p=8829"},"modified":"2025-03-31T16:19:50","modified_gmt":"2025-03-31T08:19:50","slug":"custom-printed-men-underwear-packaging-boxes-wholesale","status":"publish","type":"product","link":"https:\/\/zojopackaging.com\/pl\/product\/custom-printed-men-underwear-packaging-boxes-wholesale\/","title":{"rendered":"Niestandardowe drukowane pude\u0142ka do pakowania bielizny m\u0119skiej hurtowo"},"content":{"rendered":"<h2 id=\"-product-overview-\"><strong>Przegl\u0105d produkt\u00f3w<\/strong><\/h2>\n<p>Ten produkt to wysokiej klasy przyjazne dla \u015brodowiska opakowanie prezentowe przeznaczone dla marek bielizny m\u0119skiej. \u0141\u0105czy w sobie praktyczno\u015b\u0107 i funkcje ekspozycji marki i nadaje si\u0119 do zestaw\u00f3w upominkowych, \u015bwi\u0105tecznych pude\u0142ek upominkowych lub codziennych scenariuszy sprzeda\u017cy detalicznej. Wykorzystuje przyjazne dla \u015brodowiska materia\u0142y i doskona\u0142e rzemios\u0142o, obs\u0142uguje spersonalizowane us\u0142ugi w pe\u0142nym procesie i spe\u0142nia potrzeby zwi\u0105zane z r\u00f3\u017cnicowaniem marki.<\/p>\n<h3 id=\"-core-selling-points-\"><strong>G\u0142\u00f3wne punkty sprzeda\u017cy<\/strong><\/h3>\n<ol>\n<li><strong>Przyjazne dla \u015brodowiska materia\u0142y i wysokiej jako\u015bci druk<\/strong><\/li>\n<li><strong>350gsm zag\u0119szczony bia\u0142y karton\/tektura z recyklingu<\/strong>zapewnia stabilno\u015b\u0107 uk\u0142adania w stosy i odporno\u015b\u0107 na nacisk, spe\u0142nia normy \u015brodowiskowe oraz nadaje si\u0119 do recyklingu i degradacji.<\/li>\n<li><strong>Precyzyjna technologia druku<\/strong>Obs\u0142uguje druk czterokolorowy, t\u0142oczenie punktowe, laminowanie UV i inne procesy, prezentuje logo marki, instrukcje piel\u0119gnacji lub kody QR, odwzorowanie kolor\u00f3w osi\u0105ga \u0394E\u22641,5 i nie blaknie po 30 praniach.<\/li>\n<li><strong>Elastyczne opcje projektowania<\/strong><\/li>\n<li><strong>Wariant z przezroczystym oknem<\/strong>: G\u00f3rn\u0105 lub boczn\u0105 cz\u0119\u015b\u0107 pude\u0142ka mo\u017cna dostosowa\u0107 za pomoc\u0105 p\u00f3\u0142okr\u0105g\u0142ego \/ prostok\u0105tnego przezroczystego okienka z folii PET, aby intuicyjnie wy\u015bwietla\u0107 kolor i styl produktu (np. model z czerwonym rokiem zodiaku, seria modalnego jedwabiu lodowego).<\/li>\n<li><strong>Integracja element\u00f3w marki<\/strong>Obs\u0142uga dodawania wyt\u0142aczanego logo, tekstu t\u0142oczonego na gor\u0105co, kart z histori\u0105 marki itp. w celu zwi\u0119kszenia wysokiej jako\u015bci pude\u0142ka upominkowego.<\/li>\n<li><strong>Precyzyjna struktura i praktyczne funkcje<\/strong><\/li>\n<li><strong>Wewn\u0119trzna od\u0142\u0105czana przegroda<\/strong>Oddzielne 3-5 sztuk bielizny (np. bokserki, antybakteryjne, sportowe), aby unikn\u0105\u0107 przemieszczania si\u0119 podczas transportu i dostosowa\u0107 si\u0119 do r\u00f3\u017cnych kombinacji produkt\u00f3w.<\/li>\n<li><strong>Bezszwowy proces sk\u0142adania<\/strong>Precyzyjne ci\u0119cie laserowe, brak klejenia, szybki monta\u017c w 10 sekund, zaokr\u0105glone kraw\u0119dzie bez zadzior\u00f3w.<\/li>\n<\/ol>\n<h3 id=\"-customized-service-and-production-advantages-\"><strong>Dostosowane us\u0142ugi i zalety produkcji<\/strong><\/h3>\n<ol>\n<li><strong>Minimalna ilo\u015b\u0107 zam\u00f3wienia i cykl dostawy<\/strong><\/li>\n<li><strong>Minimalna ilo\u015b\u0107 zam\u00f3wienia 500 sztuk<\/strong>Ma\u0142e zam\u00f3wienia pr\u00f3bne s\u0105 elastyczne i wspieraj\u0105 wst\u0119pne testy rynkowe marek.<\/li>\n<li><strong>Rabat hurtowy<\/strong>Zam\u00f3wienia przekraczaj\u0105ce 10 000 sztuk maj\u0105 zr\u00f3\u017cnicowane ceny (cena jednostkowa ju\u017c od 0,25 jena za sztuk\u0119), a cykl produkcyjny jest skr\u00f3cony do 7 dni.<\/li>\n<li><strong>Bezp\u0142atna us\u0142uga o warto\u015bci dodanej<\/strong><\/li>\n<li><strong>Projekt 3D i pr\u00f3bka<\/strong>: Fabryka zapewnia modyfikacj\u0119 pliku \u017ar\u00f3d\u0142owego AI\/CDR i wysy\u0142a fizyczne pr\u00f3bki za darmo (1-3 dni robocze).<\/li>\n<li><strong>Kompleksowe rozwi\u0105zanie<\/strong>: Obejmuje ca\u0142y proces projektowania opakowa\u0144, doboru materia\u0142\u00f3w i pakowania logistycznego (niezale\u017cne pakowanie pude\u0142 z tektury falistej).<\/li>\n<\/ol>\n<h3 id=\"-application-scenarios-and-case-references-\"><strong>Scenariusze zastosowa\u0144 i odniesienia do przypadk\u00f3w<\/strong><\/h3>\n<ul>\n<li><strong>Festiwalowe pude\u0142ko upominkowe<\/strong>: Na przyk\u0142ad czerwone pude\u0142ko upominkowe na Rok Smoka jest po\u0142\u0105czone z przezroczystym okienkiem, z wbudowanymi 3 sztukami bielizny antybakteryjnej i zawiera markowe tabletki do aromaterapii.<\/li>\n<\/ul>\n<h3 id=\"-cooperation-process-\"><strong>Proces wsp\u00f3\u0142pracy<\/strong><\/h3>\n<ol>\n<li><strong>Potwierdzenie \u017c\u0105dania<\/strong>: Dostarczenie projektu\/pr\u00f3bki, wyb\u00f3r materia\u0142\u00f3w i proces\u00f3w.<\/li>\n<li><strong>Przegl\u0105d sprawdzania<\/strong>: Pe\u0142na produkcja pr\u00f3bki w ci\u0105gu 3 dni roboczych.<\/li>\n<li><strong>Produkcja masowa<\/strong>: Dostawa w ci\u0105gu 7-15 dni od potwierdzenia, przy wsparciu globalnej logistyki (DHL\/FedEx do drzwi).<\/li>\n<\/ol>\n<hr \/>\n<h3 id=\"-factory-qualification-\"><strong>Kwalifikacja fabryczna<\/strong><\/h3>\n<ul>\n<li><strong>China Source Factory<\/strong>: Certyfikat ISO 9001, wyposa\u017cony w o\u015bmiokolorow\u0105 offsetow\u0105 maszyn\u0119 drukarsk\u0105 Heidelberg i w pe\u0142ni automatyczny sprz\u0119t do sztancowania, o rocznej zdolno\u015bci produkcyjnej ponad 10 milion\u00f3w sztuk.<\/li>\n<li><strong>Zr\u00f3wnowa\u017cony rozw\u00f3j<\/strong>: Zapewnienie opcji drukowania na papierze z recyklingu i tuszu sojowym, zgodnie z pozycjonowaniem marki w zakresie ochrony \u015brodowiska.<\/li>\n<\/ul>\n<p><strong>Skonsultuj si\u0119 teraz<\/strong>: Ekskluzywne wyceny i rozwi\u0105zania projektowe, odpowied\u017a w ci\u0105gu 24 godzin!<\/p>","protected":false},"excerpt":{"rendered":"<p>\u2705\u00a0<strong>\u015awiadomy ekologicznie<\/strong>\u00a0- Materia\u0142y nadaj\u0105ce si\u0119 do recyklingu 100% zmniejszaj\u0105 wp\u0142yw na \u015brodowisko<br \/>\n\u2705\u00a0<strong>Wzmacniacz marki<\/strong>\u00a0- Druk w wysokiej rozdzielczo\u015bci zwi\u0119ksza postrzegan\u0105 warto\u015b\u0107 produktu<br \/>\n\u2705\u00a0<strong>Efektywno\u015b\u0107 kosztowa<\/strong>\u00a0- Ceny hurtowe od $0,30\/szt.<br \/>\n\u2705\u00a0<strong>Globalna zgodno\u015b\u0107<\/strong>\u00a0- Przeszed\u0142 testy bezpiecze\u0144stwa EU REACH i US CPSIA<\/p>","protected":false},"featured_media":8830,"template":"","meta":[],"product_brand":[],"product_cat":[30,414,430,31],"product_tag":[996,995,491],"class_list":{"0":"post-8829","1":"product","2":"type-product","3":"status-publish","4":"has-post-thumbnail","6":"product_cat-by-industry","7":"product_cat-custom-apparel-boxes","8":"product_cat-folding-cartons","9":"product_cat-paper-box-style","10":"product_tag-custom-underwear-packaging-boxes","11":"product_tag-men-underwear-packaging","12":"product_tag-underwear-packaging-wholesale","14":"first","15":"instock","16":"shipping-taxable","17":"product-type-simple"},"_links":{"self":[{"href":"https:\/\/zojopackaging.com\/pl\/wp-json\/wp\/v2\/product\/8829","targetHints":{"allow":["GET"]}}],"collection":[{"href":"https:\/\/zojopackaging.com\/pl\/wp-json\/wp\/v2\/product"}],"about":[{"href":"https:\/\/zojopackaging.com\/pl\/wp-json\/wp\/v2\/types\/product"}],"version-history":[{"count":2,"href":"https:\/\/zojopackaging.com\/pl\/wp-json\/wp\/v2\/product\/8829\/revisions"}],"predecessor-version":[{"id":8849,"href":"https:\/\/zojopackaging.com\/pl\/wp-json\/wp\/v2\/product\/8829\/revisions\/8849"}],"wp:featuredmedia":[{"embeddable":true,"href":"https:\/\/zojopackaging.com\/pl\/wp-json\/wp\/v2\/media\/8830"}],"wp:attachment":[{"href":"https:\/\/zojopackaging.com\/pl\/wp-json\/wp\/v2\/media?parent=8829"}],"wp:term":[{"taxonomy":"product_brand","embeddable":true,"href":"https:\/\/zojopackaging.com\/pl\/wp-json\/wp\/v2\/product_brand?post=8829"},{"taxonomy":"product_cat","embeddable":true,"href":"https:\/\/zojopackaging.com\/pl\/wp-json\/wp\/v2\/product_cat?post=8829"},{"taxonomy":"product_tag","embeddable":true,"href":"https:\/\/zojopackaging.com\/pl\/wp-json\/wp\/v2\/product_tag?post=8829"}],"curies":[{"name":"wp","href":"https:\/\/api.w.org\/{rel}","templated":true}]}}