{"id":8841,"date":"2025-03-31T16:15:36","date_gmt":"2025-03-31T08:15:36","guid":{"rendered":"https:\/\/zojopackaging.com\/?post_type=product&#038;p=8841"},"modified":"2025-03-31T16:45:59","modified_gmt":"2025-03-31T08:45:59","slug":"eco-friendly-custom-logo-printed-parfum-folding-carton-box","status":"publish","type":"product","link":"https:\/\/zojopackaging.com\/pl\/product\/eco-friendly-custom-logo-printed-parfum-folding-carton-box\/","title":{"rendered":"Ekologiczne, niestandardowe pude\u0142ko kartonowe z nadrukowanym logo"},"content":{"rendered":"<div class=\"widget block block-static-block\">\n<div class=\"landing-page-section option-bottom\">\n<div class=\"custom-materials-tabs-content container container-adjustment\">\n<div class=\"custom-materials-tab-content active\">\n<div class=\"widget block block-static-block\">\n<div class=\"options-items\">\n<div class=\"flex-grid-row-option\">\n<div class=\"flex-grid-item-option\">\n<div class=\"material-box\">\n<p>Na rynku konsumpcji perfum opakowanie jest nie tylko \"zewn\u0119trzn\u0105 wizyt\u00f3wk\u0105\" produktu, ale tak\u017ce g\u0142\u00f3wnym no\u015bnikiem warto\u015bci marki i do\u015bwiadczenia u\u017cytkownika. Przyjazne dla \u015brodowiska sk\u0142adane opakowania na perfumy z nadrukowanym logo zapewniaj\u0105 markom rozwi\u0105zania, kt\u00f3re \u0142\u0105cz\u0105 estetyk\u0119 i ochron\u0119 \u015brodowiska dzi\u0119ki innowacjom materia\u0142owym, ulepszeniom proces\u00f3w i funkcjonalnemu projektowi. Poni\u017cej przeanalizowano jego podstawowe zalety w wielu wymiarach:<\/p>\n<h4 id=\"-1-white-card-material-smooth-base-suitable-for-multiple-printing-needs-\"><strong>1. Materia\u0142 bia\u0142ej karty: g\u0142adka podstawa, odpowiednia do wielu potrzeb drukowania<\/strong><\/h4>\n<p>Dzi\u0119ki zastosowaniu pojedynczej karty proszkowej o gramaturze 350 g lub bia\u0142ego papieru kartonowego (takiego jak karta pierwszej klasy Invercote), powierzchnia jest delikatna i g\u0142adka, z siln\u0105 absorpcj\u0105 atramentu i mo\u017ce by\u0107 poddawana z\u0142o\u017conym procesom, takim jak t\u0142oczenie na gor\u0105co i druk czterokolorowy. Grubo\u015b\u0107 papieru jest opcjonalna (np. od 125 g do 350 g), co nie tylko zapewnia sztywno\u015b\u0107 i odporno\u015b\u0107 na nacisk korpusu pude\u0142ka, ale tak\u017ce zmniejsza obj\u0119to\u015b\u0107 transportu i koszty logistyczne dzi\u0119ki sk\u0142adanej konstrukcji. Na przyk\u0142ad pude\u0142ko na wino Remy Martin XO wykorzystuje karton Invercote G i osi\u0105ga znakomity efekt wyt\u0142aczania dzi\u0119ki technologii druku wkl\u0119s\u0142ego i t\u0142oczenia na gor\u0105co. Technologia ta nadaje si\u0119 r\u00f3wnie\u017c do prezentacji delikatnej tekstury pude\u0142ek na perfumy.<\/p>\n<h4 id=\"-2-feminine-and-elegant-tone-gentle-colors-and-big-brand-texture-\"><strong>2. Kobiecy i elegancki ton: delikatne kolory i tekstura du\u017cej marki<\/strong><\/h4>\n<p>Neutralny design jest dopasowany do kolor\u00f3w Morandi (takich jak zamglony niebieski i fiolet taro), a metalowa tekstura jest wzmocniona przez technologi\u0119 t\u0142oczenia na gor\u0105co srebra, kt\u00f3ra kontrastuje z delikatnymi tonami czterokolorowego druku, tworz\u0105c wci\u0105gaj\u0105ce wizualne wra\u017cenia \"mglistego zapachu\". Na przyk\u0142ad pude\u0142ko perfum Polo Earth firmy Ralph Lauren wykorzystuje karton z certyfikatem FSC i szklane butelki nadaj\u0105ce si\u0119 do recyklingu, aby przekaza\u0107 koncepcj\u0119 ochrony \u015brodowiska poprzez prosty design, podczas gdy sk\u0142adany karton perfum CK EVERYONE osi\u0105ga r\u00f3wnowag\u0119 mi\u0119dzy ochron\u0105 \u015brodowiska a tekstur\u0105 dzi\u0119ki zastosowaniu materia\u0142\u00f3w pochodz\u0105cych z recyklingu 30%.<\/p>\n<h4 id=\"-3-hot-stamping-silver-four-color-printing-upgraded-technology-outstanding-details-\"><strong>3. Srebrne t\u0142oczenie na gor\u0105co + czterokolorowy nadruk: ulepszona technologia, wyj\u0105tkowe detale<\/strong><\/h4>\n<p>Srebrna technologia t\u0142oczenia na gor\u0105co przenosi metalow\u0105 foli\u0119 poprzez prasowanie na gor\u0105co, tworz\u0105c tr\u00f3jwymiarowy wz\u00f3r o wysokim po\u0142ysku na powierzchni papierowego pude\u0142ka, kt\u00f3ry ma zar\u00f3wno funkcj\u0119 zapobiegaj\u0105c\u0105 podrabianiu, jak i luksus; czterokolorowy nadruk dok\u0142adnie przywraca logo marki i szczeg\u00f3\u0142y ilustracji, a przej\u015bcie kolor\u00f3w jest naturalne i mi\u0119kkie. Na przyk\u0142ad pude\u0142ka na szampana Cattier wykorzystuj\u0105 karton Invercote G z wyt\u0142oczonym procesem t\u0142oczenia na gor\u0105co, aby uzyska\u0107 elegancki i nowoczesny wyraz wizualny. Proces ten nadaje si\u0119 r\u00f3wnie\u017c do dostosowywania logo pude\u0142ek na perfumy, takich jak nadaj\u0105ca si\u0119 do recyklingu aluminiowa butelka i przyjazne dla \u015brodowiska papierowe pude\u0142ko na wk\u0142ady Dior Dior.<\/p>\n<h4 id=\"-4-fsc-certification-a-global-passport-for-sustainable-materials-\"><strong>4. Certyfikacja FSC: globalny paszport dla zr\u00f3wnowa\u017conych materia\u0142\u00f3w<\/strong><\/h4>\n<p>Fabryka wykorzystuje tektur\u0119 z certyfikatem FSC (tak\u0105 jak MetsBoard Natural FBB), surowce pochodz\u0105 z las\u00f3w zarz\u0105dzanych w spos\u00f3b zr\u00f3wnowa\u017cony, a proces produkcji jest zgodny z przepisami \u015brodowiskowymi, takimi jak EU REACH i US CA Prop 65. Na przyk\u0142ad papierowe pude\u0142ka, etykiety i drewniane wieczka perfum Ralph Lauren posiadaj\u0105 certyfikat FSC, a produkcja kartonu Invercote Grade 1 pomaga marce osi\u0105gn\u0105\u0107 cel neutralno\u015bci w\u0119glowej poprzez zmniejszenie emisji dwutlenku w\u0119gla i zu\u017cycia wody.<\/p>\n<h4 id=\"-5-touch-film-technology-a-sensory-upgrade-for-high-end-experience-\"><strong>5. Technologia folii dotykowej: ulepszenie sensoryczne dla wysokiej klasy do\u015bwiadcze\u0144<\/strong><\/h4>\n<p>Proces folii dotykowej tworzy delikatny zamsz na powierzchni papierowego pude\u0142ka, kt\u00f3ry jest mi\u0119kki jak aksamit i ma w\u0142a\u015bciwo\u015bci zapobiegaj\u0105ce odciskom palc\u00f3w i zarysowaniom. Proces ten jest najcz\u0119\u015bciej wykorzystywany do pakowania towar\u00f3w luksusowych. Na przyk\u0142ad pude\u0142ka na szampana Taittinger wykorzystuj\u0105 foli\u0119 z soczewk\u0105 Fresnela, aby stworzy\u0107 iluzj\u0119 b\u0105belk\u00f3w 3D, podczas gdy pude\u0142ka na perfumy wykorzystuj\u0105 folie dotykowe, aby wzmocni\u0107 ton marki, co spe\u0142nia potrzeby wysokiej klasy u\u017cytkownik\u00f3w w zakresie poczucia rytua\u0142u.<\/p>\n<h4 id=\"-6-customized-paper-tray-structure-the-last-line-of-defense-for-transportation-safety-\"><strong>6. Indywidualna konstrukcja podajnika papieru: ostatnia linia obrony dla bezpiecze\u0144stwa transportu<\/strong><\/h4>\n<p>Wbudowana taca papierowa mo\u017ce by\u0107 wykonana z materia\u0142\u00f3w przyjaznych dla \u015brodowiska, takich jak miazga z trzciny cukrowej i miazga bambusowa. Dzi\u0119ki precyzyjnemu otwarciu formy, mo\u017ce ona dostosowa\u0107 si\u0119 do r\u00f3\u017cnych kszta\u0142t\u00f3w butelek (takich jak smuk\u0142e szyjki lub kwadratowe butelki), co mo\u017ce nie tylko naprawi\u0107 korpus butelki, ale tak\u017ce unikn\u0105\u0107 deformacji wyt\u0142aczania. Na przyk\u0142ad pude\u0142ko na perfumy wydrukowane przez Guangzhou Ruideli zapewnia wewn\u0119trzn\u0105 tac\u0119 z per\u0142owej bawe\u0142ny i struktur\u0119 jedwabnej tkaniny, podczas gdy pude\u0142ko na wino Ferrari Maximum zapewnia bezpiecze\u0144stwo transportu dzi\u0119ki wytrzyma\u0142ej tekturze i konstrukcji bufora.<\/p>\n<\/div>\n<\/div>\n<\/div>\n<\/div>\n<\/div>\n<\/div>\n<\/div>\n<\/div>\n<\/div>\n<div class=\"widget block block-static-block\">\n<div class=\"landing-page-section option-bottom\">\n<div class=\"custom-materials-tabs-content container container-adjustment\">\n<div class=\"custom-materials-tab-content active\">\n<div class=\"widget block block-static-block\">\n<p><!---end of option item--><\/p>\n<\/div>\n<\/div>\n<\/div>\n<\/div>\n<\/div>","protected":false},"excerpt":{"rendered":"<p>Przyjazne dla \u015brodowiska sk\u0142adane pude\u0142ko papierowe na perfumy z nadrukowanym logo g\u0142\u0119boko integruje ton marki, wra\u017cenia u\u017cytkownika i zr\u00f3wnowa\u017cone koncepcje dzi\u0119ki bia\u0142emu materia\u0142owi kartonowemu, czterokolorowemu procesowi gor\u0105cego srebra, certyfikacji FSC i technologii folii dotykowej. W przysz\u0142o\u015bci, wraz z rozwojem narz\u0119dzi projektowych AI i technologii druku cyfrowego, wydajno\u015b\u0107 produkcji dostosowanej do indywidualnych potrzeb b\u0119dzie dalej poprawiana, a innowacje w zakresie materia\u0142\u00f3w pochodz\u0105cych z recyklingu i inteligentnych struktur b\u0119d\u0105 nadal nap\u0119dza\u0107 ewolucj\u0119 bran\u017cy opakowa\u0144 perfum w kierunku ekologicznym i wysokiej klasy.<\/p>","protected":false},"featured_media":8847,"template":"","meta":[],"product_brand":[],"product_cat":[30,417,430,31],"product_tag":[1000,999,1001],"class_list":{"0":"post-8841","1":"product","2":"type-product","3":"status-publish","4":"has-post-thumbnail","6":"product_cat-by-industry","7":"product_cat-custom-perfume-boxes-by-industry","8":"product_cat-folding-cartons","9":"product_cat-paper-box-style","10":"product_tag-custom-logo-printed-box","11":"product_tag-eco-friendly-box","12":"product_tag-parfum-folding-carton-box","14":"first","15":"instock","16":"shipping-taxable","17":"product-type-grouped"},"_links":{"self":[{"href":"https:\/\/zojopackaging.com\/pl\/wp-json\/wp\/v2\/product\/8841","targetHints":{"allow":["GET"]}}],"collection":[{"href":"https:\/\/zojopackaging.com\/pl\/wp-json\/wp\/v2\/product"}],"about":[{"href":"https:\/\/zojopackaging.com\/pl\/wp-json\/wp\/v2\/types\/product"}],"version-history":[{"count":1,"href":"https:\/\/zojopackaging.com\/pl\/wp-json\/wp\/v2\/product\/8841\/revisions"}],"predecessor-version":[{"id":8866,"href":"https:\/\/zojopackaging.com\/pl\/wp-json\/wp\/v2\/product\/8841\/revisions\/8866"}],"wp:featuredmedia":[{"embeddable":true,"href":"https:\/\/zojopackaging.com\/pl\/wp-json\/wp\/v2\/media\/8847"}],"wp:attachment":[{"href":"https:\/\/zojopackaging.com\/pl\/wp-json\/wp\/v2\/media?parent=8841"}],"wp:term":[{"taxonomy":"product_brand","embeddable":true,"href":"https:\/\/zojopackaging.com\/pl\/wp-json\/wp\/v2\/product_brand?post=8841"},{"taxonomy":"product_cat","embeddable":true,"href":"https:\/\/zojopackaging.com\/pl\/wp-json\/wp\/v2\/product_cat?post=8841"},{"taxonomy":"product_tag","embeddable":true,"href":"https:\/\/zojopackaging.com\/pl\/wp-json\/wp\/v2\/product_tag?post=8841"}],"curies":[{"name":"wp","href":"https:\/\/api.w.org\/{rel}","templated":true}]}}