{"id":8859,"date":"2025-03-31T16:44:45","date_gmt":"2025-03-31T08:44:45","guid":{"rendered":"https:\/\/zojopackaging.com\/?post_type=product&#038;p=8859"},"modified":"2025-03-31T17:12:44","modified_gmt":"2025-03-31T09:12:44","slug":"custom-press-on-nail-packaging-box-wholesale-with-window","status":"publish","type":"product","link":"https:\/\/zojopackaging.com\/pl\/product\/custom-press-on-nail-packaging-box-wholesale-with-window\/","title":{"rendered":"Niestandardowe pude\u0142ko do pakowania paznokci hurtowo z oknem"},"content":{"rendered":"<h3 id=\"-1-transparent-pvc-window-design-intuitive-display-of-products-\"><strong>1. Przezroczysta konstrukcja okna z PVC, intuicyjne wy\u015bwietlanie produkt\u00f3w<\/strong><\/h3>\n<p>Okno wizualne jest wykonane z materia\u0142u PVC o wysokiej przepuszczalno\u015bci, kt\u00f3ry mo\u017ce wyra\u017anie wy\u015bwietla\u0107 wewn\u0119trzne style paznokci (takie jak tr\u00f3jwymiarowe rze\u017aby, kolory gradientowe itp.) Bez otwierania pude\u0142ka, zmniejszaj\u0105c straty zwi\u0105zane z rozpakowywaniem podczas zakupu przez konsument\u00f3w. Kraw\u0119d\u017a okna jest precyzyjnie wyci\u0119ta laserowo i idealnie pasuje do korpusu pude\u0142ka, \u0142\u0105cz\u0105c pi\u0119kno i szczelno\u015b\u0107, spe\u0142niaj\u0105c wymagania dotycz\u0105ce ekspozycji wysokiej klasy produkt\u00f3w do paznokci.<\/p>\n<h3 id=\"-2-magnetic-embedded-closure-system-double-protection-\"><strong>2. Wbudowany magnetyczny system zamykania, podw\u00f3jna ochrona<\/strong><\/h3>\n<p>W obudowie zastosowano precyzyjnie wyci\u0119t\u0105 struktur\u0119 magnetyczn\u0105 z wbudowanymi magnesami o wysokiej wytrzyma\u0142o\u015bci (si\u0142a magnetyczna mo\u017ce osi\u0105gn\u0105\u0107 0,8-1,2 T), co zapewnia wygodne otwieranie i zamykanie \"jednym klikni\u0119ciem\", jednocze\u015bnie unikaj\u0105c problemu zu\u017cycia spowodowanego przez tradycyjne ods\u0142oni\u0119te magnesy. W pe\u0142ni owini\u0119ta konstrukcja pokrywy mo\u017ce skutecznie izolowa\u0107 kurz i wilgo\u0107, chroni\u0107 ko\u0144c\u00f3wki paznokci przed wp\u0142ywem transportu lub \u015brodowiska przechowywania oraz wyd\u0142u\u017cy\u0107 okres trwa\u0142o\u015bci produktu.<\/p>\n<h3 id=\"-3-lightweight-structure-and-environmentally-friendly-materials-\"><strong>3. Lekka konstrukcja i przyjazne dla \u015brodowiska materia\u0142y<\/strong><\/h3>\n<p>G\u0142\u00f3wny korpus przyjmuje\u00a0<strong>Powlekany papier artystyczny C2S 157 g + sztywny karton 1200 g<\/strong>\u00a0Proces kompozytowy, uwzgl\u0119dniaj\u0105cy zar\u00f3wno odporno\u015b\u0107 na nacisk, jak i lekko\u015b\u0107 (waga pojedynczego pude\u0142ka mo\u017ce by\u0107 kontrolowana na poziomie 15-30 g), zmniejszaj\u0105c koszty logistyczne. Materia\u0142 posiada certyfikat FSC, wspiera recykling i degradacj\u0119, jest zgodny z unijnymi normami ochrony \u015brodowiska REACH i pomaga marce przekazywa\u0107 koncepcj\u0119 zr\u00f3wnowa\u017conego rozwoju.<\/p>\n<h3 id=\"-4-full-link-customized-service-\"><strong>4. Pe\u0142na us\u0142uga dostosowana do potrzeb klienta<\/strong><\/h3>\n<ul>\n<li><strong>Rozmiar i typ pude\u0142ka<\/strong>: Obs\u0142uguje dostosowywanie kwadratowych, okr\u0105g\u0142ych, specjalnych pude\u0142ek itp., nadaje si\u0119 do gwo\u017adzi wciskanych o r\u00f3\u017cnych specyfikacjach (takich jak kr\u00f3tkie gwo\u017adzie, d\u0142ugie gwo\u017adzie, zestawy gwo\u017adzi itp.), a minimalna ilo\u015b\u0107 zam\u00f3wienia mo\u017ce wynosi\u0107 zaledwie 500 sztuk;<\/li>\n<li><strong>Drukowanie i proces<\/strong>: Powierzchnia pude\u0142ka mo\u017ce by\u0107 przetwarzana przez wyt\u0142aczanie UV, t\u0142oczenie na gor\u0105co \/ srebro, matow\u0105 \/ jasn\u0105 foli\u0119 itp. i obs\u0142uguje dwustronne drukowanie wewn\u0105trz i na zewn\u0105trz, w tym LOGO marki, kod QR (link do samouczka lub obs\u0142ugi posprzeda\u017cnej), wieloj\u0119zyczne instrukcje konserwacji itp;<\/li>\n<li><strong>Dopasowanie kolor\u00f3w i materia\u0142\u00f3w<\/strong>: Dost\u0119pne s\u0105 przezroczyste, matowe i kolorowe okna z PVC, korpus pude\u0142ka mo\u017ce by\u0107 zadrukowany punktowymi kolorami Pantone lub kolorami gradientowymi, a materia\u0142 mo\u017ce zosta\u0107 ulepszony do tworzyw sztucznych przeznaczonych do kontaktu z \u017cywno\u015bci\u0105, takich jak PET\/PP, aby spe\u0142ni\u0107 potrzeby r\u00f3\u017cnych pozycji rynkowych.<\/li>\n<\/ul>\n<h3 id=\"-5-advantages-of-china-s-source-factory-\"><strong>5. Zalety chi\u0144skiej fabryki \u017ar\u00f3d\u0142owej<\/strong><\/h3>\n<p>Jako profesjonalny producent opakowa\u0144 do paznokci zapewniamy:<\/p>\n<ul>\n<li><strong>Bezp\u0142atny proofing<\/strong>: Fizyczne pr\u00f3bki zostan\u0105 wys\u0142ane w ci\u0105gu 3-5 dni roboczych, co pozwoli w pe\u0142ni dostosowa\u0107 rozmiar, materia\u0142 i efekt drukowania;<\/li>\n<li><strong>Kompleksowa konstrukcja<\/strong>: Zesp\u00f3\u0142 projektant\u00f3w zapewnia optymalizacj\u0119 struktury opakowania i us\u0142ugi dostosowywania rozwi\u0105za\u0144 wizualnych w oparciu o ton marki, a op\u0142ata za projekt w wysoko\u015bci 0 juan\u00f3w pomaga wyr\u00f3\u017cni\u0107 mark\u0119;<\/li>\n<li><strong>Przewaga kosztowa<\/strong>: Produkcja na du\u017c\u0105 skal\u0119 mo\u017ce skompresowa\u0107 cen\u0119 jednostkow\u0105 do 0,1-1,8 juana \/ sztuk\u0119 (w zale\u017cno\u015bci od z\u0142o\u017cono\u015bci dostosowywania), obs\u0142uguj\u0105c zaliczk\u0119 30% + p\u0142atno\u015b\u0107 ko\u0144cow\u0105 w trybie dostawy.<\/li>\n<\/ul>\n<p><strong>Obowi\u0105zuj\u0105ce scenariusze<\/strong>sieci salon\u00f3w paznokci, marki paznokci e-commerce, niezale\u017cne stacje transgraniczne, wysokiej klasy sklepy z kolekcjami kosmetyk\u00f3w itp.\u00a0<strong>Proces wsp\u00f3\u0142pracy<\/strong>komunikacja na \u017c\u0105danie \u2192 bezp\u0142atny projekt \u2192 potwierdzenie pr\u00f3bki \u2192 produkcja masowa \u2192 kontrola jako\u015bci i dostawa (czas dostawy 7-15 dni).<\/p>\n<p>W celu uzyskania instrukcji obs\u0142ugi produkt\u00f3w lub om\u00f3wienia wsp\u00f3\u0142pracy prosimy o kontakt z przedstawicielem chi\u0144skiej fabryki. Wzmocnimy Twoj\u0105 mark\u0119 dzi\u0119ki cenom \u017ar\u00f3d\u0142owym i elastycznym mo\u017cliwo\u015bciom \u0142a\u0144cucha dostaw.<\/p>","protected":false},"excerpt":{"rendered":"<p>\u2705\u00a0<strong>Odporno\u015b\u0107 na uszkodzenia<\/strong>: Chroni delikatne paznokcie podczas transportu dzi\u0119ki odpornym na zgniatanie \u015bciankom.<br \/>\n\u2705\u00a0<strong>Natychmiastowa atrakcyjno\u015b\u0107 wizualna<\/strong>: Okno PVC zwi\u0119ksza zakupy impulsowe o 40% .<br \/>\n\u2705\u00a0<strong>Wzmacniacz marki<\/strong>: Nadruk na ca\u0142ej powierzchni zamienia pude\u0142ka w mini billboardy.<br \/>\n\u2705\u00a0<strong>Oszcz\u0119dno\u015b\u0107 miejsca<\/strong>: Smuk\u0142y profil obni\u017ca koszty magazynowania.<br \/>\n\u2705\u00a0<strong>\u015awiadomy ekologicznie<\/strong>: Materia\u0142y nadaj\u0105ce si\u0119 do recyklingu s\u0105 zgodne ze zr\u00f3wnowa\u017conymi warto\u015bciami marki.<\/p>","protected":false},"featured_media":8860,"template":"","meta":[],"product_brand":[],"product_cat":[30,390,424,31],"product_tag":[1002,639,1003],"class_list":{"0":"post-8859","1":"product","2":"type-product","3":"status-publish","4":"has-post-thumbnail","6":"product_cat-by-industry","7":"product_cat-custom-cosmetics-boxes","8":"product_cat-magnetic-closure-boxes","9":"product_cat-paper-box-style","10":"product_tag-custom-press-on-nail-box","11":"product_tag-press-on-nail-packaging","12":"product_tag-press-on-nail-packaging-wholesale","14":"first","15":"instock","16":"shipping-taxable","17":"product-type-simple"},"_links":{"self":[{"href":"https:\/\/zojopackaging.com\/pl\/wp-json\/wp\/v2\/product\/8859","targetHints":{"allow":["GET"]}}],"collection":[{"href":"https:\/\/zojopackaging.com\/pl\/wp-json\/wp\/v2\/product"}],"about":[{"href":"https:\/\/zojopackaging.com\/pl\/wp-json\/wp\/v2\/types\/product"}],"version-history":[{"count":1,"href":"https:\/\/zojopackaging.com\/pl\/wp-json\/wp\/v2\/product\/8859\/revisions"}],"predecessor-version":[{"id":8878,"href":"https:\/\/zojopackaging.com\/pl\/wp-json\/wp\/v2\/product\/8859\/revisions\/8878"}],"wp:featuredmedia":[{"embeddable":true,"href":"https:\/\/zojopackaging.com\/pl\/wp-json\/wp\/v2\/media\/8860"}],"wp:attachment":[{"href":"https:\/\/zojopackaging.com\/pl\/wp-json\/wp\/v2\/media?parent=8859"}],"wp:term":[{"taxonomy":"product_brand","embeddable":true,"href":"https:\/\/zojopackaging.com\/pl\/wp-json\/wp\/v2\/product_brand?post=8859"},{"taxonomy":"product_cat","embeddable":true,"href":"https:\/\/zojopackaging.com\/pl\/wp-json\/wp\/v2\/product_cat?post=8859"},{"taxonomy":"product_tag","embeddable":true,"href":"https:\/\/zojopackaging.com\/pl\/wp-json\/wp\/v2\/product_tag?post=8859"}],"curies":[{"name":"wp","href":"https:\/\/api.w.org\/{rel}","templated":true}]}}