{"id":8867,"date":"2025-03-31T16:46:31","date_gmt":"2025-03-31T08:46:31","guid":{"rendered":"https:\/\/zojopackaging.com\/?post_type=product&#038;p=8867"},"modified":"2025-03-31T17:47:47","modified_gmt":"2025-03-31T09:47:47","slug":"customization-high-end-perfume-folding-carton-supplier-in-china","status":"publish","type":"product","link":"https:\/\/zojopackaging.com\/pl\/product\/customization-high-end-perfume-folding-carton-supplier-in-china\/","title":{"rendered":"Dostosowanie wysokiej klasy sk\u0142adanego kartonu perfum w Chinach"},"content":{"rendered":"<p>Na rynku konsumpcji perfum opakowanie jest nie tylko \"zewn\u0119trzn\u0105 wizyt\u00f3wk\u0105\" produktu, ale tak\u017ce g\u0142\u00f3wnym no\u015bnikiem warto\u015bci marki i do\u015bwiadczenia u\u017cytkownika. Dostosowany do indywidualnych potrzeb chi\u0144ski dostawca wysokiej klasy sk\u0142adanych karton\u00f3w na perfumy zapewnia markom rozwi\u0105zania, kt\u00f3re s\u0105 zar\u00f3wno estetyczne, jak i praktyczne dzi\u0119ki innowacjom technologicznym, ulepszeniom proces\u00f3w i spersonalizowanym us\u0142ugom. Poni\u017cej przeanalizowano jego podstawowe zalety w wielu wymiarach:<\/p>\n<h4 id=\"-1-simple-design-suitable-for-popular-best-selling-models-flexible-customization-of-materials-and-sizes-\"><strong>1. Prosta konstrukcja, odpowiednia dla popularnych, najlepiej sprzedaj\u0105cych si\u0119 modeli, elastyczne dostosowywanie materia\u0142\u00f3w i rozmiar\u00f3w<\/strong><\/h4>\n<p>Chi\u0144scy dostawcy zapewniaj\u0105 pe\u0142n\u0105 gam\u0119 sk\u0142adanych karton\u00f3w, od podstawowych modeli po wysokiej klasy personalizacj\u0119, wykorzystuj\u0105c 350g pojedyncz\u0105 kart\u0119 proszkow\u0105 lub bia\u0142y karton (taki jak karta Invercote Grade 1) jako materia\u0142 bazowy, o g\u0142adkiej i delikatnej powierzchni, odpowiedni do z\u0142o\u017conych proces\u00f3w, takich jak t\u0142oczenie na gor\u0105co i druk UV. Projekt jest g\u0142\u00f3wnie neutralny w stylu, z kolorami Morandi (takimi jak zamglony niebieski i fioletowy taro), co nie tylko jest zgodne z estetyk\u0105 publiczn\u0105, ale tak\u017ce rezerwuje miejsce na dostosowanie logo marki, ilustracji itp. Na przyk\u0142ad, niekt\u00f3rzy producenci wspieraj\u0105 bezp\u0142atne us\u0142ugi projektowania online, a pr\u00f3bki mog\u0105 by\u0107 wyprodukowane najszybciej w ci\u0105gu 24 godzin.<\/p>\n<h4 id=\"-2-foldable-card-box-save-freight-and-storage-costs-\"><strong>2. Sk\u0142adane pude\u0142ko na karty: oszcz\u0119dno\u015b\u0107 koszt\u00f3w transportu i przechowywania<\/strong><\/h4>\n<p>Znaczne obni\u017cenie koszt\u00f3w logistyki i magazynowania. Jego odporno\u015b\u0107 na \u015bciskanie i sztywno\u015b\u0107 s\u0105 gwarantowane przez precyzyjn\u0105 technologi\u0119 sztancowania, kt\u00f3ra jest szczeg\u00f3lnie odpowiednia do transportu delikatnych butelek perfum. Dane pokazuj\u0105, \u017ce koszty logistyki produkt\u00f3w perfumeryjnych przy u\u017cyciu sk\u0142adanych karton\u00f3w mo\u017cna zmniejszy\u0107 o 20%-30%.<\/p>\n<h4 id=\"-3-heidelberg-printing-technology-accurate-restoration-of-design-colors-\"><strong>3. Technologia druku Heidelberg: dok\u0142adne odtworzenie kolor\u00f3w projektu<\/strong><\/h4>\n<p>Wysokiej klasy dostawcy wprowadzili niemieckie maszyny drukarskie Heidelberg, w po\u0142\u0105czeniu z czterokolorowym drukiem i technologi\u0105 hot silver, aby osi\u0105gn\u0105\u0107 wysok\u0105 precyzj\u0119 przywracania przestrzeni kolor\u00f3w CMYK. ZOJO Print wykorzystuje sprz\u0119t Heidelberg do drukowania matowych karton\u00f3w foliowych, a odchylenie nasycenia kolor\u00f3w jest kontrolowane w zakresie 3%, spe\u0142niaj\u0105c mi\u0119dzynarodowe standardy luksusowych opakowa\u0144. Niekt\u00f3re firmy \u015bwiadcz\u0105 r\u00f3wnie\u017c us\u0142ugi wirtualnego testowania kolor\u00f3w AR, aby pom\u00f3c klientom w podgl\u0105dzie efektu drukowania.<\/p>\n<h4 id=\"-4-matt-film-technology-high-end-texture-and-moisture-proof-and-waterproof-\"><strong>4. Technologia matowej folii: wysokiej jako\u015bci tekstura, odporno\u015b\u0107 na wilgo\u0107 i wodoodporno\u015b\u0107<\/strong><\/h4>\n<p>Technologia powlekania matow\u0105 foli\u0105 jest wykorzystywana do tworzenia delikatnej zamszowej powierzchni na powierzchni kartonu, kt\u00f3ra jest mi\u0119kka jak aksamit i ma w\u0142a\u015bciwo\u015bci zapobiegaj\u0105ce odciskom palc\u00f3w i zarysowaniom. Materia\u0142 pow\u0142oki zosta\u0142 poddany specjalnej obr\u00f3bce, aby spe\u0142ni\u0107 norm\u0119 wodoodporno\u015bci IP65 i jest odporny na niewielkie wycieki spowodowane ulatnianiem si\u0119 perfum. Na przyk\u0142ad, zawarto\u015b\u0107 wilgoci w pude\u0142ku z matowej folii papierowej wyprodukowanym przez producenta w Guangzhou wzros\u0142a tylko o 1,2% w 48-godzinnym te\u015bcie wilgotno\u015bci.<\/p>\n<h4 id=\"-5-automated-production-in-our-own-factory-fast-delivery-in-5-7-days-\"><strong>5. Zautomatyzowana produkcja we w\u0142asnej fabryce, szybka dostawa w ci\u0105gu 5-7 dni<\/strong><\/h4>\n<p>Mamy przewag\u0119 skali inteligentnych linii produkcyjnych i dzienn\u0105 zdolno\u015b\u0107 produkcyjn\u0105 ponad 100 000 sztuk. Dzi\u0119ki systemowi ERP mo\u017cemy uzyska\u0107 p\u0142ynne po\u0142\u0105czenie od sprawdzenia projektu do masowej produkcji, a dostawa mo\u017ce zosta\u0107 zrealizowana w ci\u0105gu zaledwie 5 dni roboczych. Na przyk\u0142ad, klient dostosowa\u0142 100 000 zestaw\u00f3w neutralnych pude\u0142ek na perfumy, co zaj\u0119\u0142o tylko 6 dni od potwierdzenia planu do pakowania i wysy\u0142ki.<\/p>\n<h4 id=\"-6-professional-sales-team-full-process-support-for-customized-packaging-solutions-\"><strong>6. Profesjonalny zesp\u00f3\u0142 sprzeda\u017cy: pe\u0142ne wsparcie procesu dla niestandardowych rozwi\u0105za\u0144 opakowaniowych<\/strong><\/h4>\n<p>Dostawca jest wyposa\u017cony w zesp\u00f3\u0142 z r\u00f3\u017cnych dziedzin, w tym projektant\u00f3w, in\u017cynier\u00f3w druku i ekspert\u00f3w logistycznych, zapewniaj\u0105c kompleksowe us\u0142ugi od bada\u0144 rynku, wyboru materia\u0142\u00f3w po optymalizacj\u0119 transportu. Na przyk\u0142ad, dla potrzeb marek z wy\u017cszej p\u00f3\u0142ki, mo\u017cemy poleci\u0107 pude\u0142ka papierowe z masy bambusowej z certyfikatem FSC + wbudowane rozwi\u0105zania struktury buforowej z bawe\u0142ny per\u0142owej; dla rynku masowego zalecamy pude\u0142ka papierowe z recyklingu + uproszczone kombinacje proces\u00f3w.<\/p>","protected":false},"excerpt":{"rendered":"<p>Chi\u0144scy dostawcy zindywidualizowanych, wysokiej klasy sk\u0142adanych opakowa\u0144 kartonowych na perfumy zmieniaj\u0105 globalny przemys\u0142 opakowaniowy poprzez innowacje technologiczne i optymalizacj\u0119 proces\u00f3w. W przysz\u0142o\u015bci, wraz z popularyzacj\u0105 narz\u0119dzi projektowych AI i technologii druku cyfrowego, wydajno\u015b\u0107 produkcji dostosowanej do indywidualnych potrzeb b\u0119dzie dalej poprawiana, a integracja zr\u00f3wnowa\u017conych materia\u0142\u00f3w i inteligentnych struktur b\u0119dzie nadal nap\u0119dza\u0107 przemys\u0142 w kierunku ekologicznym i inteligentnym.<\/p>","protected":false},"featured_media":8877,"template":"","meta":[],"product_brand":[],"product_cat":[30,417,430,31],"product_tag":[1004,1005,1006],"class_list":{"0":"post-8867","1":"product","2":"type-product","3":"status-publish","4":"has-post-thumbnail","6":"product_cat-by-industry","7":"product_cat-custom-perfume-boxes-by-industry","8":"product_cat-folding-cartons","9":"product_cat-paper-box-style","10":"product_tag-customization-folding-carton","11":"product_tag-folding-carton-supplier-in-china","12":"product_tag-luxury-perfume-folding-carton","14":"first","15":"instock","16":"shipping-taxable","17":"product-type-grouped"},"_links":{"self":[{"href":"https:\/\/zojopackaging.com\/pl\/wp-json\/wp\/v2\/product\/8867","targetHints":{"allow":["GET"]}}],"collection":[{"href":"https:\/\/zojopackaging.com\/pl\/wp-json\/wp\/v2\/product"}],"about":[{"href":"https:\/\/zojopackaging.com\/pl\/wp-json\/wp\/v2\/types\/product"}],"version-history":[{"count":2,"href":"https:\/\/zojopackaging.com\/pl\/wp-json\/wp\/v2\/product\/8867\/revisions"}],"predecessor-version":[{"id":8903,"href":"https:\/\/zojopackaging.com\/pl\/wp-json\/wp\/v2\/product\/8867\/revisions\/8903"}],"wp:featuredmedia":[{"embeddable":true,"href":"https:\/\/zojopackaging.com\/pl\/wp-json\/wp\/v2\/media\/8877"}],"wp:attachment":[{"href":"https:\/\/zojopackaging.com\/pl\/wp-json\/wp\/v2\/media?parent=8867"}],"wp:term":[{"taxonomy":"product_brand","embeddable":true,"href":"https:\/\/zojopackaging.com\/pl\/wp-json\/wp\/v2\/product_brand?post=8867"},{"taxonomy":"product_cat","embeddable":true,"href":"https:\/\/zojopackaging.com\/pl\/wp-json\/wp\/v2\/product_cat?post=8867"},{"taxonomy":"product_tag","embeddable":true,"href":"https:\/\/zojopackaging.com\/pl\/wp-json\/wp\/v2\/product_tag?post=8867"}],"curies":[{"name":"wp","href":"https:\/\/api.w.org\/{rel}","templated":true}]}}