{"id":8879,"date":"2025-03-31T17:13:27","date_gmt":"2025-03-31T09:13:27","guid":{"rendered":"https:\/\/zojopackaging.com\/?post_type=product&#038;p=8879"},"modified":"2025-03-31T17:39:50","modified_gmt":"2025-03-31T09:39:50","slug":"custom-printed-durable-golf-balls-box-packaging-supplier","status":"publish","type":"product","link":"https:\/\/zojopackaging.com\/pl\/product\/custom-printed-durable-golf-balls-box-packaging-supplier\/","title":{"rendered":"Niestandardowe drukowane trwa\u0142e pude\u0142ko na pi\u0142ki golfowe Dostawca opakowa\u0144"},"content":{"rendered":"<h2 id=\"-core-design-features-of-the-product-\"><strong>Podstawowe cechy konstrukcyjne produktu<\/strong><\/h2>\n<ol>\n<li><strong>Konstrukcja w kszta\u0142cie pude\u0142ka z g\u00f3rn\u0105 i doln\u0105 pokryw\u0105<\/strong>\u00a0G\u00f3rna i dolna pokrywa s\u0105 zamkni\u0119te, a korpus pude\u0142ka i pokrywa s\u0105 \u015bci\u015ble dopasowane dzi\u0119ki precyzyjnym procesom szczelinowania i sk\u0142adania. Korpus pude\u0142ka wykonany jest z bia\u0142ej tektury o wysokiej sztywno\u015bci (takiej jak Mets\u00e4 Board Pro FBB Bright) lub twardej tektury i jest wzmocniony naro\u017cnikami, aby skutecznie buforowa\u0107 uderzenia zewn\u0119trzne i chroni\u0107 wewn\u0119trzne pi\u0142ki golfowe przed wyt\u0142aczaniem lub uszkodzeniem w wyniku kolizji. Wewn\u0119trzna \u015bciana pokrywy pude\u0142ka mo\u017ce by\u0107 wyposa\u017cona w antypo\u015blizgow\u0105 flanel\u0119 lub warstw\u0119 buforow\u0105 EVA, aby jeszcze bardziej zwi\u0119kszy\u0107 ochron\u0119.<\/li>\n<li><strong>Konfigurowalna przegroda na podszewk\u0119<\/strong>\u00a0Wy\u015bci\u00f3\u0142ka wykonana jest z materia\u0142u EVA (kopolimer etylenu i octanu winylu) o wysokiej g\u0119sto\u015bci, a struktur\u0119 plastra miodu lub niezale\u017cnych rowk\u00f3w mo\u017cna dostosowa\u0107 do rozmiaru pi\u0142ki golfowej (standardowa \u015brednica 42,67 mm). Pojedyncze pude\u0142ko mo\u017ce pomie\u015bci\u0107 do 6 pi\u0142ek. Materia\u0142 EVA charakteryzuje si\u0119 dobr\u0105 elastyczno\u015bci\u0105, odporno\u015bci\u0105 na zu\u017cycie i wilgo\u0107. \u015aci\u015ble przylega do pi\u0142ki, aby zmniejszy\u0107 wstrz\u0105sy podczas transportu i zoptymalizowa\u0107 wykorzystanie przestrzeni. Obs\u0142uguje przegrody, takie jak ekskluzywne przegr\u00f3dki na akcesoria, takie jak kolce i r\u0119kawice.<\/li>\n<li><strong>Kompleksowa us\u0142uga dostosowywania<\/strong><\/li>\n<li><strong>Rozmiar i typ pude\u0142ka<\/strong>: Obs\u0142uga pude\u0142ek kwadratowych, okr\u0105g\u0142ych i o specjalnych kszta\u0142tach, o rozmiarach od przeno\u015bnych z jedn\u0105 kulk\u0105 do pude\u0142ek prezentowych z wieloma kulkami (takich jak standardowe 14 \u00d7 8 \u00d7 9 cm lub specyfikacje okre\u015blone przez klienta).<\/li>\n<li><strong>Wyb\u00f3r materia\u0142u<\/strong>: Bia\u0142y karton, papier artystyczny, przyjazny dla \u015brodowiska papier pakowy, sk\u00f3ra PU lub drewniane pude\u0142ka (takie jak mahoniowe pude\u0142ka na prezenty).<\/li>\n<li><strong>Efekt powierzchniowy<\/strong>: Opcjonalna folia b\u0142yszcz\u0105ca (lustrzane odbicie), folia matowa (matowa tekstura) lub folia dotykowa, w\u015br\u00f3d kt\u00f3rych proces folii b\u0142yszcz\u0105cej mo\u017ce znacznie poprawi\u0107 nasycenie kolor\u00f3w i odporno\u015b\u0107 na zarysowania drukowanego wzoru.<\/li>\n<li><strong>Technologia druku<\/strong>: Obs\u0142uguje t\u0142oczenie na gor\u0105co, cz\u0119\u015bciowe wyt\u0142aczanie UV, sitodruk itp. i mo\u017ce dostosowywa\u0107 logo marki, logo wydarze\u0144 lub spersonalizowane wzory.<\/li>\n<\/ol>\n<h2 id=\"-production-process-and-quality-control-\"><strong>Proces produkcji i kontrola jako\u015bci<\/strong><\/h2>\n<ol>\n<li><strong>System zarz\u0105dzania MES umo\u017cliwia przejrzyst\u0105 produkcj\u0119<\/strong>\u00a0Warsztat wykorzystuje system MES (manufacturing execution system) do monitorowania post\u0119pu zam\u00f3wie\u0144, zapas\u00f3w materia\u0142\u00f3w i stanu sprz\u0119tu w czasie rzeczywistym, aby zapewni\u0107 mo\u017cliwo\u015b\u0107 \u015bledzenia ca\u0142ego procesu od sprawdzenia projektu do masowej produkcji. System automatycznie planuje produkcj\u0119 i ostrzega o nieprawid\u0142owo\u015bciach, rozwi\u0105zuj\u0105c problem op\u00f3\u017anie\u0144 w dostawach w tradycyjnych fabrykach, a cykl dostaw mo\u017cna skr\u00f3ci\u0107 do 7-12 dni (w zale\u017cno\u015bci od z\u0142o\u017cono\u015bci personalizacji).<\/li>\n<li><strong>Standardy ochrony \u015brodowiska i trwa\u0142o\u015bci<\/strong>\u00a0Materia\u0142y spe\u0142niaj\u0105 wymogi certyfikatu FSC, s\u0105 drukowane farbami na bazie wody, a proces laminacji wykorzystuje bezrozpuszczalnikowy klej przyjazny dla \u015brodowiska. Korpus pude\u0142ka zosta\u0142 przetestowany pod k\u0105tem upadku i poddany eksperymentom ze sta\u0142\u0105 temperatur\u0105 i wilgotno\u015bci\u0105, aby upewni\u0107 si\u0119, \u017ce nie odkszta\u0142ci si\u0119 w \u015brodowisku od -20 \u2103 do 60 \u2103.<\/li>\n<\/ol>\n<h2 id=\"-supplier-service-advantages-\"><strong>Zalety us\u0142ug dostawcy<\/strong><\/h2>\n<ol>\n<li><strong>Bezpo\u015brednia dostawa z fabryki \u017ar\u00f3d\u0142owej<\/strong>\u00a0Lokalna chi\u0144ska fabryka zapewnia bezp\u0142atne us\u0142ugi pr\u00f3bne i obs\u0142uguje minimalne zam\u00f3wienie 1 sztuki. Zesp\u00f3\u0142 projektant\u00f3w mo\u017ce dostarczy\u0107 renderingi 3D i rysunki strukturalne do potwierdzenia zgodnie z potrzebami klienta.<\/li>\n<\/ol>\n<h2 id=\"-application-scenarios-and-market-adaptability-\"><strong>Scenariusze zastosowa\u0144 i mo\u017cliwo\u015bci adaptacji rynkowej<\/strong><\/h2>\n<p>Ma zastosowanie do upomink\u00f3w na turnieje golfowe, wsp\u00f3lnych zestaw\u00f3w marki, opakowa\u0144 detalicznych i innych scenariuszy,<\/p>","protected":false},"excerpt":{"rendered":"<p>1. Typ pude\u0142ka z g\u00f3rn\u0105 i doln\u0105 pokryw\u0105 przyjmuje struktur\u0119 g\u00f3rnej i dolnej pokrywy, co mo\u017ce skutecznie zapobiega\u0107 uszkodzeniu przedmiot\u00f3w w opakowaniu<br \/>\n2. Jego wewn\u0119trzna wy\u015bci\u00f3\u0142ka mo\u017ce bezpiecznie pomie\u015bci\u0107 do 6 pi\u0142ek golfowych<br \/>\n3. Typ pude\u0142ka, rozmiar, kolor, materia\u0142 i efekt drukowania powierzchni mo\u017cna w du\u017cym stopniu dostosowa\u0107 do opakowania pi\u0142ek golfowych<\/p>","protected":false},"featured_media":8883,"template":"","meta":[],"product_brand":[],"product_cat":[30,413,425,31],"product_tag":[1007,1009,1008],"class_list":{"0":"post-8879","1":"product","2":"type-product","3":"status-publish","4":"has-post-thumbnail","6":"product_cat-by-industry","7":"product_cat-consumer-electronics-boxes","8":"product_cat-lid-and-base-gift-box","9":"product_cat-paper-box-style","10":"product_tag-custom-golf-balls-box","11":"product_tag-durable-golf-balls-packaging-box","12":"product_tag-golf-balls-packaging-supplier","14":"first","15":"instock","16":"shipping-taxable","17":"product-type-simple"},"_links":{"self":[{"href":"https:\/\/zojopackaging.com\/pl\/wp-json\/wp\/v2\/product\/8879","targetHints":{"allow":["GET"]}}],"collection":[{"href":"https:\/\/zojopackaging.com\/pl\/wp-json\/wp\/v2\/product"}],"about":[{"href":"https:\/\/zojopackaging.com\/pl\/wp-json\/wp\/v2\/types\/product"}],"version-history":[{"count":1,"href":"https:\/\/zojopackaging.com\/pl\/wp-json\/wp\/v2\/product\/8879\/revisions"}],"predecessor-version":[{"id":8895,"href":"https:\/\/zojopackaging.com\/pl\/wp-json\/wp\/v2\/product\/8879\/revisions\/8895"}],"wp:featuredmedia":[{"embeddable":true,"href":"https:\/\/zojopackaging.com\/pl\/wp-json\/wp\/v2\/media\/8883"}],"wp:attachment":[{"href":"https:\/\/zojopackaging.com\/pl\/wp-json\/wp\/v2\/media?parent=8879"}],"wp:term":[{"taxonomy":"product_brand","embeddable":true,"href":"https:\/\/zojopackaging.com\/pl\/wp-json\/wp\/v2\/product_brand?post=8879"},{"taxonomy":"product_cat","embeddable":true,"href":"https:\/\/zojopackaging.com\/pl\/wp-json\/wp\/v2\/product_cat?post=8879"},{"taxonomy":"product_tag","embeddable":true,"href":"https:\/\/zojopackaging.com\/pl\/wp-json\/wp\/v2\/product_tag?post=8879"}],"curies":[{"name":"wp","href":"https:\/\/api.w.org\/{rel}","templated":true}]}}