{"id":8887,"date":"2025-03-31T17:19:10","date_gmt":"2025-03-31T09:19:10","guid":{"rendered":"https:\/\/zojopackaging.com\/?post_type=product&#038;p=8887"},"modified":"2025-03-31T17:45:32","modified_gmt":"2025-03-31T09:45:32","slug":"custom-perfume-box-for-100ml-bottle-packaging-folding-paper-box-maker","status":"publish","type":"product","link":"https:\/\/zojopackaging.com\/pl\/product\/custom-perfume-box-for-100ml-bottle-packaging-folding-paper-box-maker\/","title":{"rendered":"Niestandardowe pude\u0142ko na perfumy do pakowania butelek 100 ml Sk\u0142adany producent pude\u0142ek papierowych"},"content":{"rendered":"<p>Na rynku konsumpcji perfum opakowanie jest nie tylko \"zewn\u0119trzn\u0105 wizyt\u00f3wk\u0105\" produktu, ale tak\u017ce g\u0142\u00f3wnym no\u015bnikiem warto\u015bci marki i do\u015bwiadczenia u\u017cytkownika. Chi\u0144scy producenci wysokiej klasy sk\u0142adanych opakowa\u0144 kartonowych zapewniaj\u0105 markom rozwi\u0105zania, kt\u00f3re s\u0105 zar\u00f3wno estetyczne, jak i praktyczne dzi\u0119ki innowacjom technologicznym, ulepszeniom proces\u00f3w i spersonalizowanym us\u0142ugom. Poni\u017cej przeanalizowano jego podstawowe zalety w wielu wymiarach:<\/p>\n<h4 id=\"-1-full-dimensional-customization-service-flexible-adaptation-of-size-material-and-process-\"><strong>1. Pe\u0142nowymiarowa us\u0142uga dostosowywania: elastyczne dostosowanie rozmiaru, materia\u0142u i procesu<\/strong><\/h4>\n<p>Chi\u0144scy dostawcy zapewniaj\u0105 pe\u0142n\u0105 gam\u0119 sk\u0142adanych karton\u00f3w, od podstawowych po wysokiej klasy, dostosowuj\u0105c je do butelek o pe\u0142nej pojemno\u015bci, takich jak 100 ml, 50 ml, 30 ml i 10 ml. U\u017cywaj\u0105c 350g pojedynczej karty proszkowej lub bia\u0142ej tektury (takiej jak karta pierwszego poziomu Invercote) jako materia\u0142u bazowego, powierzchnia jest g\u0142adka i delikatna oraz kompatybilna ze z\u0142o\u017conymi procesami, takimi jak t\u0142oczenie na gor\u0105co, druk UV i wyt\u0142aczanie. Na przyk\u0142ad Shenzhen Zongzheng Packaging mo\u017ce dostosowa\u0107 sitodruk, wkl\u0119s\u0142odruk i inne procesy, aby uzyska\u0107 dok\u0142adn\u0105 prezentacj\u0119 LOGO marki i ilustracji.<\/p>\n<h4 id=\"-2-multi-size-compatible-design-adapt-to-different-bottle-types-worry-free-customization-\"><strong>2. Konstrukcja kompatybilna z wieloma rozmiarami: dostosowanie do r\u00f3\u017cnych typ\u00f3w butelek, bezproblemowa personalizacja<\/strong><\/h4>\n<p>Sk\u0142adany karton przyjmuje konstrukcj\u0119 modu\u0142ow\u0105 (tak\u0105 jak g\u00f3rna i dolna pokrywa, typ szuflady). Po roz\u0142o\u017ceniu jest to tr\u00f3jwymiarowe pude\u0142ko. Po z\u0142o\u017ceniu obj\u0119to\u015b\u0107 wynosi tylko 1\/5-1\/3 pierwotnej obj\u0119to\u015bci, co znacznie zmniejsza koszty logistyczne. Niekt\u00f3rzy producenci zapewniaj\u0105 bezp\u0142atne us\u0142ugi projektowania online i wspieraj\u0105 szybkie sprawdzanie i modyfikacj\u0119. Na przyk\u0142ad Shenzhen Mingweiyuan Paper Products mo\u017ce dostosowa\u0107 pude\u0142ka typu flip-top o specjalnym kszta\u0142cie, aby pasowa\u0142y do w\u0105skich w\u0105skich garde\u0142 lub kwadratowych butelek. Dane pokazuj\u0105, \u017ce koszty logistyki produkt\u00f3w perfumeryjnych przy u\u017cyciu sk\u0142adanych karton\u00f3w mo\u017cna zmniejszy\u0107 o 20%-30%.<\/p>\n<h4 id=\"-3-process-upgrade-highlight-the-visual-expression-of-brand-tone-\"><strong>3. Ulepszenie procesu: podkre\u015blenie wizualnego wyrazu tonu marki<\/strong><\/h4>\n<p>Powierzchnia kartonu mo\u017ce by\u0107 dodana za pomoc\u0105 t\u0142oczenia na gor\u0105co, cz\u0119\u015bciowego UV, wyt\u0142aczania i innych proces\u00f3w w celu zwi\u0119kszenia tekstury i funkcji zapobiegaj\u0105cej podrabianiu. Zongzheng Packaging wykorzystuje technologi\u0119 t\u0142oczenia na gor\u0105co w celu wzmocnienia tekstury metalu i \u0142\u0105czy technologi\u0119 pokrywania matow\u0105 foli\u0105, aby uzyska\u0107 wodoodporno\u015b\u0107 IP65, kt\u00f3ra jest odpowiednia dla potrzeb wysokiej klasy perfum. Strona internetowa wskaza\u0142a, \u017ce na chi\u0144skim rynku opakowa\u0144 perfum w 2024 r. wska\u017anik premii produkt\u00f3w wykorzystuj\u0105cych t\u0142oczenie na gor\u0105co, UV i inne procesy mo\u017ce osi\u0105gn\u0105\u0107 20%-30%.<\/p>\n<h4 id=\"-4-china-s-high-end-supply-chain-source-price-helping-brands-quickly-occupy-the-market-\"><strong>4. Chi\u0144ski \u0142a\u0144cuch dostaw wysokiej klasy: cena \u017ar\u00f3d\u0142owa, pomagaj\u0105ca markom szybko zaj\u0105\u0107 rynek<\/strong><\/h4>\n<p>G\u0142\u00f3wni producenci, tacy jak Shenzhen Zongzheng Packaging, zainwestowali 440 milion\u00f3w juan\u00f3w w budow\u0119 parku przemys\u0142owego opakowa\u0144 perfum, z dzienn\u0105 produkcj\u0105 500 000-700 000 zestaw\u00f3w pude\u0142ek papierowych, zmniejszaj\u0105c koszty kra\u0144cowe dzi\u0119ki produkcji na du\u017c\u0105 skal\u0119. W por\u00f3wnaniu z platform\u0105 Taobao, producenci tacy jak Jiali Chuang zapewniaj\u0105 importowane chusteczki do twarzy i precyzyjne us\u0142ugi drukowania z \"cen\u0105 Taobao, mi\u0119dzynarodow\u0105 jako\u015bci\u0105\", na przyk\u0142ad b\u0142\u0105d wagi papierowych pude\u0142ek jest kontrolowany na poziomie 0,1-0,5 mm.<\/p>\n<h4 id=\"-5-high-production-capacity-and-fast-delivery-7-9-days-for-delivery-quality-and-quantity-guaranteed-\"><strong>5. Wysoka zdolno\u015b\u0107 produkcyjna i szybka dostawa: 7-9 dni na dostaw\u0119, gwarantowana jako\u015b\u0107 i ilo\u015b\u0107<\/strong><\/h4>\n<p>Shenzhen Zongzheng Packaging ma dzienn\u0105 zdolno\u015b\u0107 produkcyjn\u0105 wynosz\u0105c\u0105 50 000 zestaw\u00f3w, obs\u0142uguje dostosowywanie ma\u0142ych partii (minimalne zam\u00f3wienie 1) i obiecuje, \u017ce \"op\u00f3\u017aniona dostawa musi zosta\u0107 zrekompensowana\". Strona internetowa pokazuje, \u017ce niekt\u00f3rzy producenci osi\u0105gn\u0119li p\u0142ynne po\u0142\u0105czenie ca\u0142ego procesu projektowania, proofingu i produkcji za po\u015brednictwem systemu ERP, a najszybsza dostawa wynosi 5 dni roboczych.<\/p>\n<h4 id=\"-6-professional-team-support-full-process-customized-solutions-\"><strong>6. Profesjonalne wsparcie zespo\u0142u: w pe\u0142ni dostosowane do procesu rozwi\u0105zania<\/strong><\/h4>\n<p>Dostawcy s\u0105 wyposa\u017ceni w zespo\u0142y obejmuj\u0105ce r\u00f3\u017cne dziedziny, w tym projektant\u00f3w, in\u017cynier\u00f3w druku i ekspert\u00f3w ds. logistyki. Przyk\u0142adowo, Shenzhen Zongzheng Packaging zapewnia bezp\u0142atne us\u0142ugi projektowe, obs\u0142uguje pliki \u017ar\u00f3d\u0142owe w formacie CDR\/AI i gwarantuje jako\u015b\u0107 dzi\u0119ki niemieckiemu certyfikatowi Rhine. Strona internetowa podkre\u015bla, \u017ce profesjonalny zesp\u00f3\u0142 mo\u017ce szybko reagowa\u0107 na potrzeby i zapewnia\u0107 kompleksowe wsparcie od bada\u0144 rynku po optymalizacj\u0119 transportu.<\/p>","protected":false},"excerpt":{"rendered":"<p>Chi\u0144scy producenci niestandardowych opakowa\u0144 kartonowych na perfumy zmieniaj\u0105 globalny przemys\u0142 opakowaniowy poprzez innowacje materia\u0142owe, modernizacj\u0119 proces\u00f3w i us\u0142ugi cyfrowe. W przysz\u0142o\u015bci, wraz z popularyzacj\u0105 narz\u0119dzi projektowych AI i ekologicznych materia\u0142\u00f3w, wydajno\u015b\u0107 produkcji na zam\u00f3wienie b\u0119dzie dalej poprawiana, a integracja zr\u00f3wnowa\u017conej produkcji i inteligentnej struktury b\u0119dzie nadal nap\u0119dza\u0107 ewolucj\u0119 bran\u017cy w kierunku wysokiej klasy i przyjaznych dla \u015brodowiska kierunk\u00f3w. Kierunek ewolucji.<\/p>","protected":false},"featured_media":8890,"template":"","meta":[],"product_brand":[],"product_cat":[30,417,430,31],"product_tag":[1010,329,1011],"class_list":{"0":"post-8887","1":"product","2":"type-product","3":"status-publish","4":"has-post-thumbnail","6":"product_cat-by-industry","7":"product_cat-custom-perfume-boxes-by-industry","8":"product_cat-folding-cartons","9":"product_cat-paper-box-style","10":"product_tag-50ml-bottle-packaging","11":"product_tag-custom-perfume-box","12":"product_tag-paper-box-maker","14":"first","15":"instock","16":"shipping-taxable","17":"product-type-grouped"},"_links":{"self":[{"href":"https:\/\/zojopackaging.com\/pl\/wp-json\/wp\/v2\/product\/8887","targetHints":{"allow":["GET"]}}],"collection":[{"href":"https:\/\/zojopackaging.com\/pl\/wp-json\/wp\/v2\/product"}],"about":[{"href":"https:\/\/zojopackaging.com\/pl\/wp-json\/wp\/v2\/types\/product"}],"version-history":[{"count":1,"href":"https:\/\/zojopackaging.com\/pl\/wp-json\/wp\/v2\/product\/8887\/revisions"}],"predecessor-version":[{"id":8902,"href":"https:\/\/zojopackaging.com\/pl\/wp-json\/wp\/v2\/product\/8887\/revisions\/8902"}],"wp:featuredmedia":[{"embeddable":true,"href":"https:\/\/zojopackaging.com\/pl\/wp-json\/wp\/v2\/media\/8890"}],"wp:attachment":[{"href":"https:\/\/zojopackaging.com\/pl\/wp-json\/wp\/v2\/media?parent=8887"}],"wp:term":[{"taxonomy":"product_brand","embeddable":true,"href":"https:\/\/zojopackaging.com\/pl\/wp-json\/wp\/v2\/product_brand?post=8887"},{"taxonomy":"product_cat","embeddable":true,"href":"https:\/\/zojopackaging.com\/pl\/wp-json\/wp\/v2\/product_cat?post=8887"},{"taxonomy":"product_tag","embeddable":true,"href":"https:\/\/zojopackaging.com\/pl\/wp-json\/wp\/v2\/product_tag?post=8887"}],"curies":[{"name":"wp","href":"https:\/\/api.w.org\/{rel}","templated":true}]}}