{"id":8896,"date":"2025-03-31T17:40:48","date_gmt":"2025-03-31T09:40:48","guid":{"rendered":"https:\/\/zojopackaging.com\/?post_type=product&#038;p=8896"},"modified":"2025-03-31T18:23:15","modified_gmt":"2025-03-31T10:23:15","slug":"custom-baby-pacifier-clip-teether-holder-packaging-boxes","status":"publish","type":"product","link":"https:\/\/zojopackaging.com\/pl\/product\/custom-baby-pacifier-clip-teether-holder-packaging-boxes\/","title":{"rendered":"Niestandardowe pude\u0142ka do pakowania smoczk\u00f3w i gryzak\u00f3w dla niemowl\u0105t"},"content":{"rendered":"<h2 id=\"-1-box-design-of-top-and-bottom-cover-precise-fit-upgraded-protection-\"><strong>1. Pude\u0142kowa konstrukcja pokrywy i podstawy: precyzyjne dopasowanie, ulepszona ochrona<\/strong><\/h2>\n<p>Przyj\u0119to klasyczn\u0105 konstrukcj\u0119 g\u00f3rnej i dolnej pokrywy, kt\u00f3ra sk\u0142ada si\u0119 z g\u00f3rnej pokrywy i dolnej skrzynki, a p\u0142ynne dopasowanie uzyskuje si\u0119 dzi\u0119ki precyzyjnemu dopasowaniu rozmiaru. Rozs\u0105dna szczelina jest zarezerwowana na styku g\u00f3rnej i dolnej pokrywy, co jest wygodne do otwierania i zamykania oraz zapewnia uszczelnienie, skutecznie zapobiegaj\u0105c kurzowi i wilgoci. Korpus pude\u0142ka wykonany jest z twardej szarej tektury lub przyjaznego dla \u015brodowiska kartonu, z precyzyjn\u0105 technologi\u0105 sztancowania, du\u017c\u0105 odporno\u015bci\u0105 na nacisk i mo\u017ce wytrzyma\u0107 uderzenia podczas transportu.<\/p>\n<h2 id=\"-2-customized-lining-buffer-system-safe-protection-without-dead-angles-\"><strong>2. Indywidualny system buforowania podszewki: bezpieczna ochrona bez martwych k\u0105t\u00f3w<\/strong><\/h2>\n<p>Wy\u015bci\u00f3\u0142ka mo\u017ce by\u0107 wykonana z pianki EVA o wysokiej g\u0119sto\u015bci lub materia\u0142u g\u0105bczastego, a smoczek, gryzak i inne przedmioty mog\u0105 by\u0107 dok\u0142adnie przymocowane za pomoc\u0105 niezale\u017cnych rowk\u00f3w lub struktur o strukturze plastra miodu, aby zmniejszy\u0107 zu\u017cycie przez potrz\u0105sanie. Przyk\u0142adowo, g\u0119sto\u015b\u0107 wy\u015bci\u00f3\u0142ki EVA mo\u017cna wybra\u0107 w zakresie 30-50 kg\/m\u00b3, a szybko\u015b\u0107 otwierania struktury plastra miodu wynosi 60-85%, bior\u0105c pod uwag\u0119 zar\u00f3wno buforowanie, jak i wykorzystanie przestrzeni. Obs\u0142uguje konstrukcj\u0119 warstwow\u0105 i nadaje si\u0119 do kombinacji produkt\u00f3w o r\u00f3\u017cnych rozmiarach, takich jak dopasowane przechowywanie smoczk\u00f3w i pude\u0142ek do dezynfekcji.<\/p>\n<h2 id=\"-3-brand-visual-enhancement-printing-technology-and-creative-design-\"><strong>3. Wzmocnienie wizualne marki: technologia druku i kreatywny projekt<\/strong><\/h2>\n<p>Pude\u0142ko zapewnia du\u017cy obszar zadruku 360\u00b0, obs\u0142uguje czterokolorowy druk offsetowy, sitodruk i inne procesy oraz mo\u017ce by\u0107 personalizowane za pomoc\u0105 logo marki, ilustracji lub wzor\u00f3w tematycznych dla niemowl\u0105t. Procesy powierzchniowe obejmuj\u0105:<\/p>\n<ul>\n<li><strong>T\u0142oczenie na gor\u0105co<\/strong>podkre\u015blaj\u0105 luksusowy charakter logo marki;<\/li>\n<li><strong>Cz\u0119\u015bciowe UV<\/strong>podkre\u015blaj\u0105 po\u0142ysk i tr\u00f3jwymiarowo\u015b\u0107 kluczowych element\u00f3w graficznych;<\/li>\n<li><strong>Wyt\u0142oczony<\/strong>Wzmocnienie poziomu dotyku, takie jak symulacja tekstury sk\u00f3ry matek i niemowl\u0105t. Plik projektowy obs\u0142uguje inteligentne generowanie AI, aby zapewni\u0107, \u017ce stopie\u0144 reprodukcji kolor\u00f3w osi\u0105gnie wi\u0119cej ni\u017c 98%.<\/li>\n<\/ul>\n<h2 id=\"-4-full-dimensional-customization-service-flexible-adaptation-to-needs-\"><strong>4. Pe\u0142nowymiarowa us\u0142uga dostosowywania: elastyczne dostosowanie do potrzeb<\/strong><\/h2>\n<ul>\n<li><strong>Rozmiar i typ pude\u0142ka<\/strong>Obs\u0142uguje okr\u0105g\u0142e, kwadratowe, specjalne kszta\u0142ty i inne struktury, kt\u00f3re mog\u0105 odpowiada\u0107 potrzebom pakowania produkt\u00f3w na r\u00f3\u017cnych etapach w wieku 0-3 lat;<\/li>\n<li><strong>Materia\u0142 i ochrona \u015brodowiska<\/strong>Zapewnia bia\u0142\u0105 tektur\u0119 spo\u017cywcz\u0105, degradowaln\u0105 szar\u0105 tektur\u0119 i inne opcje, zgodnie z normami bezpiecze\u0144stwa FDA i UE EN71;<\/li>\n<li><strong>Kolor i proces<\/strong>: Dopasowanie kolor\u00f3w Pantone, obs\u0142uga matowych, b\u0142yszcz\u0105cych, matowych i innych efekt\u00f3w powierzchniowych.<\/li>\n<\/ul>\n<h2 id=\"-5-intelligent-production-and-fast-delivery-\"><strong>5. Inteligentna produkcja i szybka dostawa<\/strong><\/h2>\n<p>Konstrukcja pude\u0142ka jest wysoce modu\u0142owa i kompatybilna z w pe\u0142ni automatycznymi maszynami sztancuj\u0105cymi, maszynami do klejenia pude\u0142ek i innymi urz\u0105dzeniami, o dziennej zdolno\u015bci produkcyjnej do 50 000 sztuk. Warsztat wdra\u017ca system zarz\u0105dzania MES w celu monitorowania w czasie rzeczywistym post\u0119pu produkcji, stanu sprz\u0119tu i danych jako\u015bciowych, a cykl realizacji zam\u00f3wienia skraca si\u0119 do 7-10 dni. Dzi\u0119ki cyfrowemu centrum proofingu, fizyczne potwierdzenie pr\u00f3bki mo\u017ce by\u0107 dostarczone w ci\u0105gu 48 godzin.<\/p>\n<h2 id=\"-6-advantages-of-the-source-factory-high-cost-performance-and-worry-free-service-\"><strong>6. Zalety fabryki \u017ar\u00f3d\u0142owej: wysoka wydajno\u015b\u0107 kosztowa i bezproblemowa obs\u0142uga<\/strong><\/h2>\n<p>Bezpo\u015brednia dostawa z fabryki \u017ar\u00f3d\u0142owej w Chinach, polegaj\u0105ca na produkcji na du\u017c\u0105 skal\u0119 i integracji \u0142a\u0144cucha dostaw, cena jest 15%-30% ni\u017csza ni\u017c \u015brednia cena rynkowa. Dost\u0119pne s\u0105 bezp\u0142atne us\u0142ugi projektowania, podgl\u0105du renderowania 3D i dostarczania pr\u00f3bek, a tak\u017ce dostosowywanie ma\u0142ych partii (minimalna ilo\u015b\u0107 zam\u00f3wienia 500 sztuk). Kontrola jako\u015bci przesz\u0142a certyfikacj\u0119 ISO 9001 i zapewnia 12-miesi\u0119czn\u0105 gwarancj\u0119.<\/p>\n<h2 id=\"-7-environmental-protection-and-sustainability-\"><strong>7. Ochrona \u015brodowiska i zr\u00f3wnowa\u017cony rozw\u00f3j<\/strong><\/h2>\n<p>Przyj\u0119cie papieru z certyfikatem FSC i atramentu na bazie wody wspiera recykling. Opakowanie mo\u017cna przekszta\u0142ci\u0107 w pude\u0142ko do przechowywania dla matki i dziecka lub zabawk\u0119 do wczesnej edukacji, aby wyd\u0142u\u017cy\u0107 cykl \u017cycia.<\/p>\n<p><strong>Proces wsp\u00f3\u0142pracy<\/strong>Komunikacja zapotrzebowania \u2192 bezp\u0142atny projekt \u2192 potwierdzenie proofingu \u2192 planowanie MES \u2192 dostawa partii \u2192 \u015bledzenie posprzeda\u017cowe\u00a0<strong>Obowi\u0105zuj\u0105ce scenariusze<\/strong>zestawy upominkowe dla matek i dzieci, platforma e-commerce, pakowanie pojedynczych produkt\u00f3w, transgraniczne dostawy eksportowe itp.<\/p>\n<p>Dzi\u0119ki integracji projektu, materia\u0142\u00f3w i inteligentnej produkcji, produkt ten zapewnia kompleksowe rozwi\u0105zanie opakowaniowe dla produkt\u00f3w do piel\u0119gnacji niemowl\u0105t, od ochrony po komunikacj\u0119 marki.<\/p>","protected":false},"excerpt":{"rendered":"<p>1. Pokrywa i podstawa s\u0105 zaprojektowane tak, aby g\u00f3rna i dolna pokrywa pasowa\u0142y do siebie i zapewnia\u0142y \u015bcis\u0142e dopasowanie dzi\u0119ki precyzyjnemu dopasowaniu rozmiaru<br \/>\n2. Podszewk\u0119 mo\u017cna dostosowa\u0107 za pomoc\u0105 EVA o wysokiej g\u0119sto\u015bci, g\u0105bki i innych materia\u0142\u00f3w amortyzuj\u0105cych, a elementy s\u0105 mocowane za pomoc\u0105 niezale\u017cnych rowk\u00f3w lub struktur o strukturze plastra miodu, aby zmniejszy\u0107 wstrz\u0105sy i zu\u017cycie<br \/>\n3. Korpus pude\u0142ka zapewnia du\u017cy obszar nadruku, kt\u00f3ry mo\u017cna dostosowa\u0107 za pomoc\u0105 logo marki i wzor\u00f3w artystycznych, aby poprawi\u0107 wizerunek marki<br \/>\n4. Typ pude\u0142ka, rozmiar, kolor, materia\u0142 i efekt drukowania powierzchni mo\u017cna w du\u017cym stopniu dostosowa\u0107 do opakowania smoczka dla niemowl\u0105t i gryzaka dla niemowl\u0105t<\/p>","protected":false},"featured_media":8897,"template":"","meta":[],"product_brand":[],"product_cat":[30,413,425,31],"product_tag":[1013,1014,1012],"class_list":{"0":"post-8896","1":"product","2":"type-product","3":"status-publish","4":"has-post-thumbnail","6":"product_cat-by-industry","7":"product_cat-consumer-electronics-boxes","8":"product_cat-lid-and-base-gift-box","9":"product_cat-paper-box-style","10":"product_tag-baby-teethers-packaging-box","11":"product_tag-custom-baby-pacifier-packaging","12":"product_tag-pacifier-clips-packaging","14":"first","15":"instock","16":"shipping-taxable","17":"product-type-simple"},"_links":{"self":[{"href":"https:\/\/zojopackaging.com\/pl\/wp-json\/wp\/v2\/product\/8896","targetHints":{"allow":["GET"]}}],"collection":[{"href":"https:\/\/zojopackaging.com\/pl\/wp-json\/wp\/v2\/product"}],"about":[{"href":"https:\/\/zojopackaging.com\/pl\/wp-json\/wp\/v2\/types\/product"}],"version-history":[{"count":1,"href":"https:\/\/zojopackaging.com\/pl\/wp-json\/wp\/v2\/product\/8896\/revisions"}],"predecessor-version":[{"id":8911,"href":"https:\/\/zojopackaging.com\/pl\/wp-json\/wp\/v2\/product\/8896\/revisions\/8911"}],"wp:featuredmedia":[{"embeddable":true,"href":"https:\/\/zojopackaging.com\/pl\/wp-json\/wp\/v2\/media\/8897"}],"wp:attachment":[{"href":"https:\/\/zojopackaging.com\/pl\/wp-json\/wp\/v2\/media?parent=8896"}],"wp:term":[{"taxonomy":"product_brand","embeddable":true,"href":"https:\/\/zojopackaging.com\/pl\/wp-json\/wp\/v2\/product_brand?post=8896"},{"taxonomy":"product_cat","embeddable":true,"href":"https:\/\/zojopackaging.com\/pl\/wp-json\/wp\/v2\/product_cat?post=8896"},{"taxonomy":"product_tag","embeddable":true,"href":"https:\/\/zojopackaging.com\/pl\/wp-json\/wp\/v2\/product_tag?post=8896"}],"curies":[{"name":"wp","href":"https:\/\/api.w.org\/{rel}","templated":true}]}}