{"id":8904,"date":"2025-03-31T17:48:04","date_gmt":"2025-03-31T09:48:04","guid":{"rendered":"https:\/\/zojopackaging.com\/?post_type=product&#038;p=8904"},"modified":"2025-03-31T19:21:14","modified_gmt":"2025-03-31T11:21:14","slug":"oem-perfume-pink-folding-paper-box-printing-recycled-foil-box-manufacturer","status":"publish","type":"product","link":"https:\/\/zojopackaging.com\/pl\/product\/oem-perfume-pink-folding-paper-box-printing-recycled-foil-box-manufacturer\/","title":{"rendered":"Perfumy OEM R\u00f3\u017cowe sk\u0142adane pude\u0142ko papierowe Drukowanie Pude\u0142ko z folii z recyklingu Producent"},"content":{"rendered":"<p>Na rynku konsumpcji perfum opakowanie jest nie tylko \"zewn\u0119trzn\u0105 wizyt\u00f3wk\u0105\" produktu, ale tak\u017ce g\u0142\u00f3wnym no\u015bnikiem warto\u015bci marki i do\u015bwiadczenia u\u017cytkownika. Chi\u0144scy producenci wysokiej klasy sk\u0142adanych opakowa\u0144 kartonowych zapewniaj\u0105 markom rozwi\u0105zania, kt\u00f3re s\u0105 zar\u00f3wno estetyczne, jak i praktyczne dzi\u0119ki innowacjom technologicznym, ulepszeniom proces\u00f3w i spersonalizowanym us\u0142ugom. Poni\u017cej przeanalizowano jego podstawowe zalety w wielu wymiarach:<\/p>\n<h3 id=\"-1-350g-single-powder-card-material-thick-and-solid-suitable-for-full-capacity-bottle-types-\"><strong>1. 350 g pojedynczej karty proszkowej: gruby i solidny materia\u0142, odpowiedni do butelek o pe\u0142nej pojemno\u015bci<\/strong><\/h3>\n<p>Dzi\u0119ki zastosowaniu jako materia\u0142u bazowego papieru kartonowego o gramaturze 350 g (np. Invercote first-level card), powierzchnia jest g\u0142adka i delikatna, zar\u00f3wno elastyczna, jak i sztywna, i mo\u017ce by\u0107 dostosowana do butelek o pe\u0142nej pojemno\u015bci, takich jak 100 ml, 50 ml i 30 ml. Wbudowana struktura karty papierowej mocuje butelk\u0119 perfum za pomoc\u0105 precyzyjnej technologii sztancowania, skutecznie zapobiegaj\u0105c wstrz\u0105som podczas transportu i zapewniaj\u0105c bezpiecze\u0144stwo produktu. Dane pokazuj\u0105, \u017ce koszty logistyczne produkt\u00f3w perfumeryjnych przy u\u017cyciu sk\u0142adanych karton\u00f3w mo\u017cna zmniejszy\u0107 o 20%-30%.<\/p>\n<h3 id=\"-2-pink-gradient-design-hazy-mist-advanced-visual-expression-\"><strong>2. R\u00f3\u017cowy gradient: mglista mgie\u0142ka, zaawansowana ekspresja wizualna<\/strong><\/h3>\n<p>Oparty na systemie kolor\u00f3w Morandi, efekt r\u00f3\u017cowego gradientu zosta\u0142 osi\u0105gni\u0119ty dzi\u0119ki technologii druku fleksograficznego i powlekania UV, tworz\u0105c wci\u0105gaj\u0105ce wra\u017cenia wizualne \"mglistego zapachu\". Zesp\u00f3\u0142 projektant\u00f3w obs\u0142uguje pe\u0142n\u0105 personalizacj\u0119 procesu od plik\u00f3w \u017ar\u00f3d\u0142owych w formacie CDR\/AI do gotowych produkt\u00f3w, a pr\u00f3bki mog\u0105 by\u0107 wyprodukowane w ci\u0105gu 24 godzin. Na przyk\u0142ad spersonalizowane gradientowe pude\u0142ko proszkowe klienta wykorzystuje lokalny proces t\u0142oczenia na gor\u0105co w celu wzmocnienia LOGO marki, a wska\u017anik premii rynkowej osi\u0105ga 30%.<\/p>\n<h3 id=\"-3-hot-stamping-black-gold-process-highlight-the-brand-tone-multiple-colors-are-optional-\"><strong>3. Proces t\u0142oczenia na gor\u0105co w kolorze czarnego z\u0142ota: podkre\u015bl ton marki, wiele kolor\u00f3w jest opcjonalnych<\/strong><\/h3>\n<p>Proces t\u0142oczenia na gor\u0105co, a nast\u0119pnie drukowania jest wykorzystywany do tworzenia tr\u00f3jwymiarowego czarnego z\u0142ota o wysokim po\u0142ysku na powierzchni papierowego pude\u0142ka. Kolor t\u0142oczenia na gor\u0105co mo\u017cna dostosowa\u0107 w kolorze czerwonym, niebieskim, zielonym, szampa\u0144skim itp. Zgodnie z danymi Laboratorium Red Sun, seria GR folii do t\u0142oczenia na gor\u0105co o wysokiej przyczepno\u015bci (grubo\u015b\u0107 warstwy kleju \u22651,5 \u03bcm) jest odporna na cofanie si\u0119 tuszu i zapewnia trwa\u0142o\u015b\u0107 kolor\u00f3w. Na przyk\u0142ad, wysokiej klasy marka wykorzystuje proces t\u0142oczenia na gor\u0105co czarnego z\u0142ota, aby uzyska\u0107 warstwow\u0105 superpozycj\u0119 LOGO i gradientowego t\u0142a, i zdoby\u0142a nagrod\u0119 International Packaging Design Award.<\/p>\n<h3 id=\"-4-touch-film-technology-delicate-velvety-feeling-high-end-experience-upgrade-\"><strong>4. Technologia folii dotykowej: delikatne aksamitne uczucie, wysokiej klasy ulepszenie do\u015bwiadczenia<\/strong><\/h3>\n<p>Proces nak\u0142adania folii dotykowej tworzy aksamitnie mi\u0119kki dotyk na powierzchni papierowego pude\u0142ka, a tak\u017ce ma w\u0142a\u015bciwo\u015bci zapobiegaj\u0105ce odciskom palc\u00f3w i zarysowaniom. Materia\u0142 pow\u0142oki jest specjalnie obrabiany, aby osi\u0105gn\u0105\u0107 standard wodoodporno\u015bci IP65, kt\u00f3ry jest odporny na niewielkie wycieki spowodowane ulatnianiem si\u0119 perfum. Dane pokazuj\u0105, \u017ce zadowolenie konsument\u00f3w z papierowych pude\u0142ek z foli\u0105 dotykow\u0105 jest o 40% wy\u017csze ni\u017c w przypadku zwyk\u0142ych pude\u0142ek papierowych.<\/p>\n<h3 id=\"-5-china-s-powerful-factory-automated-production-daily-production-capacity-of-60-000-pieces-\"><strong>5. Pot\u0119\u017cna fabryka w Chinach: zautomatyzowana produkcja, dzienna zdolno\u015b\u0107 produkcyjna 60 000 sztuk<\/strong><\/h3>\n<p>G\u0142\u00f3wni producenci, tacy jak ZOJO Print, zainwestowali 40 milion\u00f3w juan\u00f3w w budow\u0119 inteligentnej linii produkcyjnej, wykorzystuj\u0105cej system ERP do p\u0142ynnego po\u0142\u0105czenia ca\u0142ego procesu projektowania, proofingu i produkcji, z dzienn\u0105 wydajno\u015bci\u0105 60 000 sztuk. W por\u00f3wnaniu z pewn\u0105 platform\u0105 skarb\u00f3w, zapewnia ona importowane chusteczki do twarzy i wysoce precyzyjne us\u0142ugi drukowania w \"\u017ar\u00f3d\u0142owej cenie fabrycznej\", takie jak b\u0142\u0105d wagi papierowego pude\u0142ka jest kontrolowany na poziomie 0,1-0,5 mm.<\/p>\n<h3 id=\"-6-20-year-experience-team-professional-design-solution-full-process-support-\"><strong>6. Zesp\u00f3\u0142 z 20-letnim do\u015bwiadczeniem: profesjonalne rozwi\u0105zanie projektowe, pe\u0142ne wsparcie procesu<\/strong><\/h3>\n<p>Posiadamy zesp\u00f3\u0142 z\u0142o\u017cony z projektant\u00f3w, in\u017cynier\u00f3w druku i ekspert\u00f3w ds. logistyki, zapewniaj\u0105cy kompleksowe us\u0142ugi od bada\u0144 rynkowych po optymalizacj\u0119 transportu. Na przyk\u0142ad, dla potrzeb marek z wy\u017cszej p\u00f3\u0142ki, mo\u017cemy poleci\u0107 pude\u0142ko papierowe z masy bambusowej z certyfikatem FSC + wbudowane rozwi\u0105zanie buforowe z bawe\u0142ny per\u0142owej; dla rynku masowego zalecamy pude\u0142ko papierowe z recyklingu + uproszczon\u0105 kombinacj\u0119 proces\u00f3w.<\/p>\n<h3 id=\"-7-foldable-card-box-save-space-and-freight-control-brand-costs-\"><strong>7. Sk\u0142adane pude\u0142ko na karty: oszcz\u0119dno\u015b\u0107 miejsca i frachtu, kontrola koszt\u00f3w marki<\/strong><\/h3>\n<p>W po\u0142\u0105czeniu ze zautomatyzowanym systemem magazynowym, klient osi\u0105gn\u0105\u0142 3-krotny wzrost wolumenu pojedynczej wysy\u0142ki i redukcj\u0119 koszt\u00f3w magazynowania o 15%.<\/p>","protected":false},"excerpt":{"rendered":"<p>Chi\u0144scy producenci sk\u0142adanych opakowa\u0144 kartonowych na perfumy OEM przekszta\u0142caj\u0105 globalny przemys\u0142 opakowaniowy poprzez innowacje materia\u0142owe, modernizacj\u0119 proces\u00f3w i us\u0142ugi cyfrowe. W przysz\u0142o\u015bci, wraz z popularyzacj\u0105 narz\u0119dzi projektowych AI i ekologicznych materia\u0142\u00f3w, wydajno\u015b\u0107 produkcji dostosowana do indywidualnych potrzeb b\u0119dzie dalej poprawiana, a integracja zr\u00f3wnowa\u017conej produkcji i inteligentnej struktury b\u0119dzie nadal nap\u0119dza\u0107 ewolucj\u0119 bran\u017cy w kierunku wysokiej klasy i przyjaznych dla \u015brodowiska kierunk\u00f3w.<\/p>","protected":false},"featured_media":8910,"template":"","meta":[],"product_brand":[],"product_cat":[30,417,430,31],"product_tag":[1010,329,1011],"class_list":{"0":"post-8904","1":"product","2":"type-product","3":"status-publish","4":"has-post-thumbnail","6":"product_cat-by-industry","7":"product_cat-custom-perfume-boxes-by-industry","8":"product_cat-folding-cartons","9":"product_cat-paper-box-style","10":"product_tag-50ml-bottle-packaging","11":"product_tag-custom-perfume-box","12":"product_tag-paper-box-maker","14":"first","15":"instock","16":"shipping-taxable","17":"product-type-grouped"},"_links":{"self":[{"href":"https:\/\/zojopackaging.com\/pl\/wp-json\/wp\/v2\/product\/8904","targetHints":{"allow":["GET"]}}],"collection":[{"href":"https:\/\/zojopackaging.com\/pl\/wp-json\/wp\/v2\/product"}],"about":[{"href":"https:\/\/zojopackaging.com\/pl\/wp-json\/wp\/v2\/types\/product"}],"version-history":[{"count":1,"href":"https:\/\/zojopackaging.com\/pl\/wp-json\/wp\/v2\/product\/8904\/revisions"}],"predecessor-version":[{"id":8944,"href":"https:\/\/zojopackaging.com\/pl\/wp-json\/wp\/v2\/product\/8904\/revisions\/8944"}],"wp:featuredmedia":[{"embeddable":true,"href":"https:\/\/zojopackaging.com\/pl\/wp-json\/wp\/v2\/media\/8910"}],"wp:attachment":[{"href":"https:\/\/zojopackaging.com\/pl\/wp-json\/wp\/v2\/media?parent=8904"}],"wp:term":[{"taxonomy":"product_brand","embeddable":true,"href":"https:\/\/zojopackaging.com\/pl\/wp-json\/wp\/v2\/product_brand?post=8904"},{"taxonomy":"product_cat","embeddable":true,"href":"https:\/\/zojopackaging.com\/pl\/wp-json\/wp\/v2\/product_cat?post=8904"},{"taxonomy":"product_tag","embeddable":true,"href":"https:\/\/zojopackaging.com\/pl\/wp-json\/wp\/v2\/product_tag?post=8904"}],"curies":[{"name":"wp","href":"https:\/\/api.w.org\/{rel}","templated":true}]}}