{"id":8912,"date":"2025-03-31T18:23:36","date_gmt":"2025-03-31T10:23:36","guid":{"rendered":"https:\/\/zojopackaging.com\/?post_type=product&#038;p=8912"},"modified":"2025-03-31T19:02:28","modified_gmt":"2025-03-31T11:02:28","slug":"custom-luxury-cosmetic-collapsible-rigid-gift-box-wholesale","status":"publish","type":"product","link":"https:\/\/zojopackaging.com\/pl\/product\/custom-luxury-cosmetic-collapsible-rigid-gift-box-wholesale\/","title":{"rendered":"Niestandardowe luksusowe kosmetyczne sk\u0142adane sztywne pude\u0142ko na prezenty hurtowo"},"content":{"rendered":"<h2 id=\"-core-advantages-of-the-product-\"><strong>G\u0142\u00f3wne zalety produktu<\/strong><\/h2>\n<ol>\n<li><strong>Ol\u015bniewaj\u0105cy wygl\u0105d srebrnej karty laserowej<\/strong>\u00a0Powierzchnia korpusu skrzynki jest wykonana z wysokiej precyzji\u00a0<strong>srebrny materia\u0142 karty laserowej<\/strong>kt\u00f3ry jest przetwarzany za pomoc\u0105 druku UV i procesu t\u0142oczenia na gor\u0105co \/ srebra w celu uzyskania dynamicznego efektu \u015bwietlnego, kt\u00f3ry wizualnie \u0142\u0105czy w sobie poczucie technologii i luksusu. Ten projekt nie tylko pasuje do tonacji wysokiej klasy marek kosmetycznych, ale tak\u017ce przyci\u0105ga uwag\u0119 konsument\u00f3w, gdy jest wy\u015bwietlany, i zwi\u0119ksza mo\u017cliwo\u015bci produktu premium.<\/li>\n<li><strong>Niestandardowy kontrast kolor\u00f3w wewn\u0105trz pude\u0142ka<\/strong>\u00a0Obs\u0142uguje\u00a0<strong>Spersonalizowane dostosowanie<\/strong>\u00a0koloru ok\u0142adziny pude\u0142ka. Klienci mog\u0105 okre\u015bli\u0107 numery kolor\u00f3w Pantone lub dostarczy\u0107 rysunki projektowe, aby uzyska\u0107 silny kontrast mi\u0119dzy kolorem wewn\u0119trznej \u015bciany a wygl\u0105dem lasera. Na przyk\u0142ad ciemna podszewka ze srebrnym laserem mo\u017ce wzmocni\u0107 poczucie tajemniczo\u015bci, podczas gdy jasna podszewka mo\u017ce podkre\u015bli\u0107 witalno\u015b\u0107 produktu.<\/li>\n<li><strong>Wygodna konstrukcja sk\u0142adanej klapy<\/strong>\u00a0Przyjmuje\u00a0<strong>Sk\u0142adana pokrywa z klapk\u0105<\/strong>kt\u00f3re po otwarciu mo\u017cna mocno zamkn\u0105\u0107 za pomoc\u0105 magnetycznej konstrukcji ss\u0105cej lub klamry. Po zamkni\u0119ciu grubo\u015b\u0107 wynosi tylko 1\/3 tradycyjnego typu pude\u0142ka, co jest wygodne w transporcie i magazynowaniu. Pude\u0142ko mo\u017cna elastycznie konfigurowa\u0107 za pomoc\u0105 warstwowych przegr\u00f3d lub wewn\u0119trznych tacek EVA, aby dostosowa\u0107 je do kosmetyk\u00f3w o r\u00f3\u017cnych specyfikacjach (takich jak esencja, szminka, puder itp.), aby intuicyjnie wy\u015bwietla\u0107 form\u0119 produktu.<\/li>\n<li><strong>P\u0142aska wysy\u0142ka oszcz\u0119dza koszty<\/strong>\u00a0Gotowy produkt jest wysy\u0142any w postaci\u00a0<strong>p\u0142askie komponenty<\/strong>kt\u00f3re mo\u017cna uformowa\u0107 poprzez proste z\u0142o\u017cenie po otrzymaniu przez klienta. W por\u00f3wnaniu z tradycyjnymi wst\u0119pnie zainstalowanymi pude\u0142kami, mo\u017ce zmniejszy\u0107 obj\u0119to\u015b\u0107 transportu o 60% i obni\u017cy\u0107 koszty logistyki, co jest szczeg\u00f3lnie odpowiednie dla transgranicznego handlu elektronicznego lub scenariuszy zakup\u00f3w hurtowych.<\/li>\n<\/ol>\n<h2 id=\"-customized-service-support-\"><strong>Indywidualne wsparcie serwisowe<\/strong><\/h2>\n<ol>\n<li><strong>Pe\u0142na swoboda projektowania<\/strong><\/li>\n<li><strong>Elastyczny rozmiar<\/strong>: Obs\u0142uguje pe\u0142ne dostosowanie rozmiaru od mini pude\u0142ek na szminki (5\u00d75\u00d72 cm) do pude\u0142ek prezentowych (30\u00d720\u00d710 cm), z kontrol\u0105 b\u0142\u0119du w zakresie \u00b10,5 mm.<\/li>\n<li><strong>Zr\u00f3\u017cnicowane procesy<\/strong>: Zapewnia t\u0142oczenie na gor\u0105co, wyt\u0142aczanie, flokowanie, sitodruk i inne opcje procesowe, a tak\u017ce mo\u017ce by\u0107 wyposa\u017cony w przezroczyste okienka z PVC lub magnetyczne urz\u0105dzenia otwieraj\u0105ce i zamykaj\u0105ce w celu zwi\u0119kszenia funkcjonalno\u015bci i estetyki.<\/li>\n<li><strong>Ulepszenie materia\u0142\u00f3w<\/strong>: Opr\u00f3cz srebrnej karty laserowej, dost\u0119pny jest specjalny papier, sk\u00f3ra PU, p\u0142yta o du\u017cej g\u0119sto\u015bci i inne materia\u0142y, aby zaspokoi\u0107 potrzeby r\u00f3\u017cnych pozycjonowania marki.<\/li>\n<li><strong>Zapewnienie jako\u015bci fabryki \u017ar\u00f3d\u0142owej<\/strong>\u00a0Jak\u00a0<strong>Chi\u0144ski producent wysokiej klasy opakowa\u0144<\/strong>Posiadamy 10 000\u33a1 samoobs\u0142ugowej fabryki i ponad 200 profesjonalnych urz\u0105dze\u0144, wspieraj\u0105cych ca\u0142y proces od sprawdzenia projektu (3-5 dni) do masowej produkcji (7-15 dni). Stosujemy przyjazny dla \u015brodowiska szary papier tekturowy i kleje spo\u017cywcze, przechodzimy certyfikacj\u0119 jako\u015bci ISO i zapewniamy, \u017ce produkt spe\u0142nia mi\u0119dzynarodowe standardy bezpiecze\u0144stwa.<\/li>\n<\/ol>\n<h2 id=\"-price-and-batch-policy-\"><strong>Polityka cenowa i wsadowa<\/strong><\/h2>\n<ul>\n<li><strong>Minimalna ilo\u015b\u0107 zam\u00f3wienia<\/strong>: 500 sztuk, du\u017ca ilo\u015b\u0107 korzysta z wielopoziomowych rabat\u00f3w (rabat 15% dla ponad 5000 sztuk).<\/li>\n<li><strong>Przejrzysta wycena<\/strong>: Cena loco fabryka nie zawiera podatku, paragon\u00f3w ani faktur VAT (koszty fakturowania s\u0105 obliczane osobno) i obs\u0142uguje globaln\u0105 dostaw\u0119 drog\u0105 morsk\u0105\/lotnicz\u0105.<\/li>\n<\/ul>","protected":false},"excerpt":{"rendered":"<p>1. Korpus pude\u0142ka wykonany jest z folii holograficznej t\u0142oczonej na gor\u0105co, kt\u00f3ra ma wspania\u0142y efekt wizualny i zwi\u0119ksza wyczucie mody oraz atrakcyjno\u015b\u0107 produktu.<br \/>\n2. Pude\u0142ko mo\u017cna dostosowa\u0107 za pomoc\u0105 ulubionego koloru, kt\u00f3ry tworzy kontrast kolorystyczny z wygl\u0105dem lasera i podkre\u015bla ekspozycj\u0119 produktu.<br \/>\n3. Sk\u0142adana struktura pude\u0142ek na prezenty jest \u0142atwa do otwarcia i mo\u017ce intuicyjnie wy\u015bwietla\u0107 wewn\u0119trzn\u0105 przestrze\u0144.<\/p>","protected":false},"featured_media":8915,"template":"","meta":[],"product_brand":[],"product_cat":[30,427,390,31],"product_tag":[1016,1015,1017],"class_list":{"0":"post-8912","1":"product","2":"type-product","3":"status-publish","4":"has-post-thumbnail","6":"product_cat-by-industry","7":"product_cat-collapsible-gift-boxes","8":"product_cat-custom-cosmetics-boxes","9":"product_cat-paper-box-style","10":"product_tag-cosmetic-collapsible-rigid-gift-box","11":"product_tag-custom-cosmetic-gift-box","12":"product_tag-luxury-cosmetic-gift-box","14":"first","15":"instock","16":"shipping-taxable","17":"product-type-simple"},"_links":{"self":[{"href":"https:\/\/zojopackaging.com\/pl\/wp-json\/wp\/v2\/product\/8912","targetHints":{"allow":["GET"]}}],"collection":[{"href":"https:\/\/zojopackaging.com\/pl\/wp-json\/wp\/v2\/product"}],"about":[{"href":"https:\/\/zojopackaging.com\/pl\/wp-json\/wp\/v2\/types\/product"}],"version-history":[{"count":2,"href":"https:\/\/zojopackaging.com\/pl\/wp-json\/wp\/v2\/product\/8912\/revisions"}],"predecessor-version":[{"id":8934,"href":"https:\/\/zojopackaging.com\/pl\/wp-json\/wp\/v2\/product\/8912\/revisions\/8934"}],"wp:featuredmedia":[{"embeddable":true,"href":"https:\/\/zojopackaging.com\/pl\/wp-json\/wp\/v2\/media\/8915"}],"wp:attachment":[{"href":"https:\/\/zojopackaging.com\/pl\/wp-json\/wp\/v2\/media?parent=8912"}],"wp:term":[{"taxonomy":"product_brand","embeddable":true,"href":"https:\/\/zojopackaging.com\/pl\/wp-json\/wp\/v2\/product_brand?post=8912"},{"taxonomy":"product_cat","embeddable":true,"href":"https:\/\/zojopackaging.com\/pl\/wp-json\/wp\/v2\/product_cat?post=8912"},{"taxonomy":"product_tag","embeddable":true,"href":"https:\/\/zojopackaging.com\/pl\/wp-json\/wp\/v2\/product_tag?post=8912"}],"curies":[{"name":"wp","href":"https:\/\/api.w.org\/{rel}","templated":true}]}}