{"id":8920,"date":"2025-03-31T18:50:04","date_gmt":"2025-03-31T10:50:04","guid":{"rendered":"https:\/\/zojopackaging.com\/?post_type=product&#038;p=8920"},"modified":"2025-03-31T19:13:44","modified_gmt":"2025-03-31T11:13:44","slug":"durable-custom-printed-kitchen-knife-boxes-wholesale","status":"publish","type":"product","link":"https:\/\/zojopackaging.com\/pl\/product\/durable-custom-printed-kitchen-knife-boxes-wholesale\/","title":{"rendered":"Trwa\u0142e pude\u0142ka na no\u017ce kuchenne z nadrukiem hurtowym"},"content":{"rendered":"<h2 id=\"-core-function-design-\"><strong>Projekt funkcji podstawowej<\/strong><\/h2>\n<ol>\n<li><strong>Szuflada typu Paper Box u\u0142atwiaj\u0105ca otwieranie i zamykanie<\/strong>\u00a0Przyj\u0119cie\u00a0<strong>struktura szuflady przesuwnej<\/strong>Korpus pude\u0142ka mo\u017cna p\u0142ynnie otwiera\u0107 i zamyka\u0107 za pomoc\u0105 precyzyjnych prowadnic, a op\u00f3r przy rozpakowywaniu wynosi \u22642N, co mo\u017cna wykona\u0107 jedn\u0105 r\u0119k\u0105. Gdy korpus pude\u0142ka jest zamkni\u0119ty, grubo\u015b\u0107 jest zmniejszona do 1\/3 tradycyjnego typu pude\u0142ka, co nadaje si\u0119 do szuflad kuchennych lub p\u00f3\u0142ek ekspozycyjnych, bior\u0105c pod uwag\u0119 wygod\u0119 transportu i wygod\u0119 u\u017cytkownika.<\/li>\n<li><strong>Przezroczyste okno dla intuicyjnego wy\u015bwietlania<\/strong>\u00a0A\u00a0<strong>Przezroczyste okno z PVC<\/strong>\u00a0(grubo\u015b\u0107 0,3-0,5 mm) jest osadzony z przodu lub na g\u00f3rze pude\u0142ka, a widoczny obszar odpowiada 30%-50%. Klienci mog\u0105 obserwowa\u0107 kszta\u0142t no\u017ca, szczeg\u00f3\u0142y ostrza i logo marki bez otwierania pude\u0142ka. Kraw\u0119d\u017a okna jest wzmocniona technologi\u0105 laminowania UV, a odporno\u015b\u0107 na zarysowania jest zwi\u0119kszona dzi\u0119ki 60%, co zapobiega zu\u017cyciu i rozmyciu podczas transportu.<\/li>\n<\/ol>\n<h2 id=\"-aesthetics-and-brand-enhancement-\"><strong>Estetyka i wzmocnienie marki<\/strong><\/h2>\n<ol>\n<li><strong>Ulepszenie akcesori\u00f3w dekoracyjnych<\/strong><\/li>\n<li><strong>Niestandardowa wst\u0105\u017cka<\/strong>: Opcjonalna satynowa, matowa lub laserowa ta\u015bma materia\u0142owa, obs\u0142uga t\u0142oczenia na gor\u0105co \/ drukowania LOGO srebrnej marki, zakres szeroko\u015bci 1-3 cm, mo\u017ce by\u0107 mocowana za pomoc\u0105 klamry magnetycznej lub szczeliny.<\/li>\n<li><strong>Etykieta funkcjonalna<\/strong>: Dodatkowa odrywana etykieta chroni\u0105ca przed podrabianiem lub etykieta z parametrami produktu, drukowana tuszem spo\u017cywczym, tworz\u0105ca z ta\u015bm\u0105 tr\u00f3jwymiarow\u0105 warstw\u0119 wizualn\u0105.<\/li>\n<\/ol>\n<h2 id=\"-full-dimensional-customization-service-\"><strong>Pe\u0142nowymiarowa us\u0142uga dostosowywania<\/strong><\/h2>\n<ol>\n<li><strong>Elastyczne dostosowanie do potrzeb pakowania<\/strong><\/li>\n<li><strong>Wyb\u00f3r typu skrzynki<\/strong>: Obs\u0142uguje 6 podstawowych typ\u00f3w pude\u0142ek, takich jak pokrywa g\u00f3rna i dolna, pude\u0142ko na ksi\u0105\u017cki, pude\u0142ko z szufladami itp. i mo\u017ce dostosowywa\u0107 struktury o specjalnych kszta\u0142tach (np. rowki na r\u0119koje\u015bci no\u017cy w kszta\u0142cie \u0142uku).<\/li>\n<li><strong>Kombinacja materia\u0142\u00f3w<\/strong>: Warstwa zewn\u0119trzna wykonana jest z papieru powlekanego 157GSM (matowy\/jasny), warstwa wewn\u0119trzna to szara tektura 1200GSM, kt\u00f3ra przesz\u0142a certyfikacj\u0119 \u015brodowiskow\u0105 FSC i ma no\u015bno\u015b\u0107 10 kg.<\/li>\n<li><strong>Aktualizacja technologii<\/strong>: Dost\u0119pnych jest 12 proces\u00f3w obr\u00f3bki powierzchni, w tym wyt\u0142aczanie, cz\u0119\u015bciowe promieniowanie UV, t\u0142oczenie na gor\u0105co, wyt\u0142aczanie itp.<\/li>\n<\/ol>\n<h2 id=\"-safety-and-environmental-protection-guarantee-\"><strong>Gwarancja bezpiecze\u0144stwa i ochrony \u015brodowiska<\/strong><\/h2>\n<ol>\n<li><strong>Precyzyjna ochrona podszewki<\/strong>\u00a0Dostosowane\u00a0<strong>Podszewka EVA<\/strong>\u00a0(g\u0119sto\u015b\u0107 0,15-0,3 g\/cm\u00b3) w zale\u017cno\u015bci od rozmiaru no\u017ca, precyzyjnie naci\u0119te przez grawerowanie CNC, b\u0142\u0105d \u22640,2 mm, odpowiednie dla r\u00f3\u017cnych typ\u00f3w ostrzy, takich jak no\u017ce do siekania, no\u017ce Santoku i no\u017ce do owoc\u00f3w. Ok\u0142adzina mo\u017ce by\u0107 projektowana warstwowo, a przegrody mog\u0105 by\u0107 dodawane w celu umieszczenia akcesori\u00f3w, takich jak ose\u0142ki i oleje piel\u0119gnacyjne.<\/li>\n<\/ol>\n<h2 id=\"-source-factory-support-policy-\"><strong>Polityka wsparcia fabryki \u017ar\u00f3d\u0142owej<\/strong><\/h2>\n<ol>\n<li><strong>Model wsp\u00f3\u0142pracy bez ryzyka<\/strong><\/li>\n<li><strong>Bezp\u0142atny proofing<\/strong>: Dostarczane s\u0105 3 podstawowe plany projektowe, a pr\u00f3bki fizyczne zostan\u0105 wys\u0142ane w ci\u0105gu 48 godzin.<\/li>\n<li><strong>Wycena drabiny<\/strong>: Minimalne zam\u00f3wienie 500 sztuk, rabat 15% dla ponad 5000 sztuk.<\/li>\n<li><strong>Dostawa globalna<\/strong>: Obs\u0142uga transportu morskiego (30-45 dni), transportu lotniczego (7-10 dni) i transgranicznej dostawy ma\u0142ych partii w handlu elektronicznym.<\/li>\n<\/ol>","protected":false},"excerpt":{"rendered":"<p>1. Konstrukcja szuflady na papier i przesuwne otwieranie u\u0142atwiaj\u0105 u\u017cytkownikom otwieranie i zamykanie, co mo\u017ce skr\u00f3ci\u0107 czas obs\u0142ugi i poprawi\u0107 wra\u017cenia z rozpakowywania.<br \/>\n2. Konstrukcja okna pozwala klientom bardziej intuicyjnie zobaczy\u0107 produkty wewn\u0105trz, co mo\u017ce obni\u017cy\u0107 koszty komunikacji<br \/>\n3. Dzi\u0119ki akcesoriom, takim jak wst\u0105\u017cki, zwi\u0119ksza pi\u0119kno i atrakcyjno\u015b\u0107 wizualn\u0105 oraz zwi\u0119ksza rozpoznawalno\u015b\u0107 marki.<br \/>\n4. Typ pude\u0142ka, rozmiar, kolor, materia\u0142 i efekt drukowania powierzchni mo\u017cna w du\u017cym stopniu dostosowa\u0107 do opakowania no\u017ca kuchennego<\/p>","protected":false},"featured_media":8932,"template":"","meta":[],"product_brand":[],"product_cat":[30,413,31,426],"product_tag":[1018,1019,1020],"class_list":{"0":"post-8920","1":"product","2":"type-product","3":"status-publish","4":"has-post-thumbnail","6":"product_cat-by-industry","7":"product_cat-consumer-electronics-boxes","8":"product_cat-paper-box-style","9":"product_cat-paper-drawer-boxes","10":"product_tag-custom-kitchen-knife-boxes","11":"product_tag-custom-kitchen-knife-boxes-wholesale","12":"product_tag-custom-printed-knife-packaging-boxes","14":"first","15":"instock","16":"shipping-taxable","17":"product-type-simple"},"_links":{"self":[{"href":"https:\/\/zojopackaging.com\/pl\/wp-json\/wp\/v2\/product\/8920","targetHints":{"allow":["GET"]}}],"collection":[{"href":"https:\/\/zojopackaging.com\/pl\/wp-json\/wp\/v2\/product"}],"about":[{"href":"https:\/\/zojopackaging.com\/pl\/wp-json\/wp\/v2\/types\/product"}],"version-history":[{"count":3,"href":"https:\/\/zojopackaging.com\/pl\/wp-json\/wp\/v2\/product\/8920\/revisions"}],"predecessor-version":[{"id":8936,"href":"https:\/\/zojopackaging.com\/pl\/wp-json\/wp\/v2\/product\/8920\/revisions\/8936"}],"wp:featuredmedia":[{"embeddable":true,"href":"https:\/\/zojopackaging.com\/pl\/wp-json\/wp\/v2\/media\/8932"}],"wp:attachment":[{"href":"https:\/\/zojopackaging.com\/pl\/wp-json\/wp\/v2\/media?parent=8920"}],"wp:term":[{"taxonomy":"product_brand","embeddable":true,"href":"https:\/\/zojopackaging.com\/pl\/wp-json\/wp\/v2\/product_brand?post=8920"},{"taxonomy":"product_cat","embeddable":true,"href":"https:\/\/zojopackaging.com\/pl\/wp-json\/wp\/v2\/product_cat?post=8920"},{"taxonomy":"product_tag","embeddable":true,"href":"https:\/\/zojopackaging.com\/pl\/wp-json\/wp\/v2\/product_tag?post=8920"}],"curies":[{"name":"wp","href":"https:\/\/api.w.org\/{rel}","templated":true}]}}