{"id":8937,"date":"2025-03-31T19:13:59","date_gmt":"2025-03-31T11:13:59","guid":{"rendered":"https:\/\/zojopackaging.com\/?post_type=product&#038;p=8937"},"modified":"2025-03-31T19:36:35","modified_gmt":"2025-03-31T11:36:35","slug":"custom-designs-christmas-socks-packaging-boxes-wholesale","status":"publish","type":"product","link":"https:\/\/zojopackaging.com\/pl\/product\/custom-designs-christmas-socks-packaging-boxes-wholesale\/","title":{"rendered":"Niestandardowe wzory opakowa\u0144 na skarpetki \u015bwi\u0105teczne Hurtownia"},"content":{"rendered":"<h2 id=\"-1-precise-customization-perfect-fit-for-the-product-\"><strong>1. Precyzyjne dostosowanie, idealne dopasowanie do produktu<\/strong><\/h2>\n<p>Wspieramy\u00a0<strong>Us\u0142ugi pe\u0142nego dostosowywania proces\u00f3w<\/strong>\u00a0w oparciu o rozmiar, kszta\u0142t i wymagania dotycz\u0105ce wy\u015bwietlania produkt\u00f3w \u015bwi\u0105tecznych, w tym<\/p>\n<ul>\n<li><strong>Elastyczna regulacja rozmiaru<\/strong>: Od mini po\u0144czoch po pogrubione pude\u0142ka prezentowe, mo\u017cna je dostosowa\u0107 do rzeczywistego rozmiaru produktu, aby zapewni\u0107, \u017ce opakowanie \u015bci\u015ble przylega do zawarto\u015bci i zmniejsza wstrz\u0105sy podczas transportu.<\/li>\n<li><strong>Spersonalizowany wz\u00f3r podszewki<\/strong>: Zastosowanie g\u0105bki EVA, per\u0142owej bawe\u0142ny lub flokowanej podszewki nie tylko poprawia ochron\u0119, ale tak\u017ce umo\u017cliwia klasyfikacj\u0119 i przechowywanie wielu kategorii \u015bwi\u0105tecznych po\u0144czoch (takich jak dla doros\u0142ych, dzieci i akcesori\u00f3w) dzi\u0119ki strukturze przegrody, zwi\u0119kszaj\u0105c praktyczno\u015b\u0107 pude\u0142ka prezentowego.<\/li>\n<li><strong>Rozszerzone opcje funkcji<\/strong>: Obs\u0142uguje dodawanie akcesori\u00f3w, takich jak sprz\u0105czki magnetyczne i paski wst\u0105\u017ckowe, aby spe\u0142ni\u0107 wymagania rytua\u0142u otwierania wysokiej klasy pude\u0142ek prezentowych.<\/li>\n<\/ul>\n<h2 id=\"-2-flip-top-structure-taking-into-account-convenience-and-display-\"><strong>2. Megnetyczna struktura zamkni\u0119cia, uwzgl\u0119dniaj\u0105ca wygod\u0119 i wy\u015bwietlacz<\/strong><\/h2>\n<p>Przyj\u0119cie megnetycznego zamkni\u0119cia<strong>\u00a0projekt<\/strong>\u00a0aby zoptymalizowa\u0107 wra\u017cenia u\u017cytkownika:<\/p>\n<ul>\n<li><strong>Elastyczne otwieranie i zamykanie<\/strong>: Pokrywa i korpus pude\u0142ka s\u0105 po\u0142\u0105czone precyzyjnym procesem bigowania, kt\u00f3re mo\u017cna po\u0142o\u017cy\u0107 p\u0142asko pod k\u0105tem 180\u00b0, co jest wygodne w przypadku ekspozycji detalicznej lub intuicyjnej ekspozycji podczas wr\u0119czania prezent\u00f3w.<\/li>\n<li><strong>Tr\u00f3jwymiarowe okno wy\u015bwietlacza<\/strong>: Opcjonalna przezroczysta konstrukcja okna z PVC, z technologi\u0105 matowej folii powlekanej 157 GSM, mo\u017ce chroni\u0107 produkt i podkre\u015bla\u0107 wykwintne szczeg\u00f3\u0142y \u015bwi\u0105tecznego wzoru.<\/li>\n<li><strong>Ulepszona przeno\u015bno\u015b\u0107<\/strong>: Grubo\u015b\u0107 pude\u0142ka jest kontrolowana w zakresie 15 mm, bior\u0105c pod uwag\u0119 zar\u00f3wno no\u015bno\u015b\u0107, jak i lekko\u015b\u0107, odpowiedni\u0105 dla p\u00f3\u0142ek w supermarketach i scenariuszy dostaw ekspresowych.<\/li>\n<\/ul>\n<h2 id=\"-three-high-end-materials-environmental-protection-and-texture-coexist-\"><strong>3. Wysokiej klasy materia\u0142y, ochrona \u015brodowiska i tekstura wsp\u00f3\u0142istniej\u0105 ze sob\u0105<\/strong><\/h2>\n<p>\u015aci\u015ble wybieraj materia\u0142y opakowaniowe spe\u0142niaj\u0105ce mi\u0119dzynarodowe standardy:<\/p>\n<ul>\n<li><strong>Szara p\u0142yta 1200 GSM<\/strong>: Rdze\u0144 z szarego papieru o wysokiej g\u0119sto\u015bci, wytrzyma\u0142o\u015b\u0107 na \u015bciskanie ponad 50 kg, aby zapewni\u0107, \u017ce pude\u0142ko upominkowe nie odkszta\u0142ca si\u0119 podczas uk\u0142adania w stosy i przechowywania, i przesz\u0142o certyfikacj\u0119 SGS, zgodnie z wymogami bezpiecze\u0144stwa kontaktu z \u017cywno\u015bci\u0105.<\/li>\n<li><strong>Papier powlekany 157 GSM<\/strong>: Powierzchnia pokryta jest matow\u0105 \/ b\u0142yszcz\u0105c\u0105 foli\u0105, stopie\u0144 odwzorowania kolor\u00f3w osi\u0105ga 98%, dok\u0142adnie przedstawia \u015awi\u0119tego Miko\u0142aja, p\u0142atki \u015bniegu i \u0142osia oraz inne elementy \u015bwi\u0105teczne, z delikatnym dotykiem i odciskami palc\u00f3w.<\/li>\n<li><strong>Technologia przyjazna dla \u015brodowiska<\/strong>: Wykorzystuj\u0105c druk atramentowy na bazie wody i degradowalne kleje, spe\u0142nia normy \u015brodowiskowe UE REACH i US FDA, pomagaj\u0105c markom przekazywa\u0107 zr\u00f3wnowa\u017cone koncepcje.<\/li>\n<\/ul>\n<h2 id=\"-fourth-heidelberg-printing-technology-vivid-and-lasting-colors-\"><strong>4. Technologia druku Heidelberg, \u017cywe i trwa\u0142e kolory<\/strong><\/h2>\n<p>Poleganie na\u00a0<strong>Niemiecka maszyna drukarska Heidelberg CX 102-8+L<\/strong>Zapewnia wiod\u0105c\u0105 w bran\u017cy jako\u015b\u0107 druku:<\/p>\n<ul>\n<li><strong>Niezwykle wyra\u017ana rozdzielczo\u015b\u0107<\/strong>Wysoka rozdzielczo\u015b\u0107 2400 dpi umo\u017cliwia precyzyjne przywracanie kolor\u00f3w gradientowych i drobnego tekstu (np. logo marki, pozdrowienia z wakacji) oraz unikanie odchyle\u0144 nadruku.<\/li>\n<li><strong>Specjalne b\u0142ogos\u0142awie\u0144stwo procesu<\/strong>: Obs\u0142uguje t\u0142oczenie na gor\u0105co, miejscowe szkliwienie UV, wyt\u0142aczanie 3D i inne efekty, takie jak dodawanie tr\u00f3jwymiarowej tekstury ziaren \u015bniegu lub migaj\u0105ce z\u0142ote kraw\u0119dzie do \u015bwi\u0105tecznych wzor\u00f3w po\u0144czoch, aby podkre\u015bli\u0107 \u015bwi\u0105teczn\u0105 atmosfer\u0119.<\/li>\n<li><strong>\u015acis\u0142a kontrola jako\u015bci<\/strong>: Po ka\u017cdej partii druku r\u00f3\u017cnica kolor\u00f3w (\u0394E\u22642) jest wykrywana za pomoc\u0105 spektrofotometru, aby zapewni\u0107 sp\u00f3jno\u015b\u0107 masowej produkcji.<\/li>\n<\/ul>\n<h2 id=\"-v-large-scale-intelligent-manufacturing-16-years-of-quality-assurance-\"><strong>5. Inteligentna produkcja na du\u017c\u0105 skal\u0119, 16 lat zapewniania jako\u015bci<\/strong><\/h2>\n<p>Poleganie na\u00a0<strong>5 320 metr\u00f3w kwadratowych w\u0142asnej bazy produkcyjnej<\/strong>Zapewniamy wydajne i niezawodne us\u0142ugi w zakresie \u0142a\u0144cucha dostaw:<\/p>\n<ul>\n<li><strong>Pojemno\u015b\u0107 ca\u0142ego \u0142a\u0144cucha<\/strong>: Wyposa\u017cony w automatyczne maszyny sztancuj\u0105ce, maszyny do klejenia pude\u0142ek i linie kontroli jako\u015bci, o dziennej zdolno\u015bci produkcyjnej 100 000 pude\u0142ek, obs\u0142uguj\u0105cy 72-godzinn\u0105 przyspieszon\u0105 dostaw\u0119 pilnych zam\u00f3wie\u0144.<\/li>\n<li><strong>16 lat do\u015bwiadczenia<\/strong>: Obs\u0142ugujemy ponad 500 klient\u00f3w na ca\u0142ym \u015bwiecie, znamy wymogi zgodno\u015bci europejskich i ameryka\u0144skich rynk\u00f3w opakowa\u0144 \u015bwi\u0105tecznych (takie jak certyfikacja FSC).<\/li>\n<li><strong>Kompleksowa obs\u0142uga<\/strong>: Od sprawdzenia projektu (3-5 dni na sprawdzenie) do dystrybucji logistycznej (zapewnienie us\u0142ugi wysy\u0142ki), dedykowany personel \u015bledzi ca\u0142y proces, aby zmniejszy\u0107 koszty komunikacji z klientem.<\/li>\n<\/ul>\n<h2 id=\"-sixth-direct-supply-from-the-source-factory-the-first-choice-for-cost-effectiveness-\"><strong>6. Bezpo\u015brednia dostawa z fabryki \u017ar\u00f3d\u0142owej, pierwszy wyb\u00f3r ze wzgl\u0119du na op\u0142acalno\u015b\u0107<\/strong><\/h2>\n<ul>\n<li><strong>Bezpo\u015brednia sprzeda\u017c hurtowa w cenie fabrycznej<\/strong>: Eliminacja wzrostu cen po\u015brednik\u00f3w, zam\u00f3wienia hurtowe (od 500).<\/li>\n<li><strong>Niestandardowy rabat gradientowy<\/strong>: Bezp\u0142atna modyfikacja projektu dla zam\u00f3wie\u0144 powy\u017cej 50 000 pude\u0142ek oraz dotacje logistyczne dla zam\u00f3wie\u0144 powy\u017cej 100 000 pude\u0142ek, pomagaj\u0105ce markom kontrolowa\u0107 koszty i zwi\u0119ksza\u0107 wydajno\u015b\u0107.<\/li>\n<\/ul>\n<p><strong>Scenariusze zastosowa\u0144<\/strong><\/p>\n<ul>\n<li><strong>Pude\u0142ka na prezenty \u015bwi\u0105teczne<\/strong>: Upominki firmowe o tematyce \u015bwi\u0105tecznej, zestawy detaliczne (np. skarpetki + kartki okoliczno\u015bciowe).<\/li>\n<li><strong>Transgraniczny handel elektroniczny<\/strong>: Zgodno\u015b\u0107 ze specyfikacjami pakowania Amazon FBA i dostosowanie do \u015bwi\u0105tecznych potrzeb zakupowych europejskich i ameryka\u0144skich rodzin.<\/li>\n<li><strong>Brand co-branding<\/strong>: Obs\u0142uga dostosowywania obraz\u00f3w IP (takich jak autoryzowane wzory Disneya) w celu zwi\u0119kszenia przestrzeni premium produktu.<\/li>\n<\/ul>\n<p><strong>Proces wsp\u00f3\u0142pracy<\/strong><\/p>\n<ol>\n<li><strong>Potwierdzenie \u017c\u0105dania<\/strong>: Poda\u0107 rozmiar produktu, szkic projektu lub pr\u00f3bk\u0119 referencyjn\u0105.<\/li>\n<li><strong>Sprawdzanie 3D<\/strong>: Wy\u015blij fizyczne pude\u0142ka z pr\u00f3bkami w ci\u0105gu 72 godzin.<\/li>\n<li><strong>Produkcja masowa<\/strong>: Po potwierdzeniu pr\u00f3bki dostawa zbiorcza zostanie zrealizowana w ci\u0105gu 7-10 dni.<\/li>\n<\/ol>","protected":false},"excerpt":{"rendered":"<p>1. Obs\u0142uga niestandardowego rozmiaru i podszewki zgodnie z produktem, dzi\u0119ki czemu produkt lepiej pasuje do pude\u0142ka<br \/>\n2. megnetyczna konstrukcja zamkni\u0119cia, elastyczna do otwierania i wyjmowania produktu, \u0142atwa do wy\u015bwietlenia<br \/>\n3. Zastosowanie szarej tektury 1200 GSM i powlekanego papieru artystycznego 157 GSM<\/p>","protected":false},"featured_media":8940,"template":"","meta":[],"product_brand":[],"product_cat":[30,414,424,31],"product_tag":[1022,897,1021],"class_list":{"0":"post-8937","1":"product","2":"type-product","3":"status-publish","4":"has-post-thumbnail","6":"product_cat-by-industry","7":"product_cat-custom-apparel-boxes","8":"product_cat-magnetic-closure-boxes","9":"product_cat-paper-box-style","10":"product_tag-christmas-socks-packaging","11":"product_tag-custom-boxes-wholesale","12":"product_tag-socks-packaging-boxes","14":"first","15":"instock","16":"shipping-taxable","17":"product-type-simple"},"_links":{"self":[{"href":"https:\/\/zojopackaging.com\/pl\/wp-json\/wp\/v2\/product\/8937","targetHints":{"allow":["GET"]}}],"collection":[{"href":"https:\/\/zojopackaging.com\/pl\/wp-json\/wp\/v2\/product"}],"about":[{"href":"https:\/\/zojopackaging.com\/pl\/wp-json\/wp\/v2\/types\/product"}],"version-history":[{"count":1,"href":"https:\/\/zojopackaging.com\/pl\/wp-json\/wp\/v2\/product\/8937\/revisions"}],"predecessor-version":[{"id":8952,"href":"https:\/\/zojopackaging.com\/pl\/wp-json\/wp\/v2\/product\/8937\/revisions\/8952"}],"wp:featuredmedia":[{"embeddable":true,"href":"https:\/\/zojopackaging.com\/pl\/wp-json\/wp\/v2\/media\/8940"}],"wp:attachment":[{"href":"https:\/\/zojopackaging.com\/pl\/wp-json\/wp\/v2\/media?parent=8937"}],"wp:term":[{"taxonomy":"product_brand","embeddable":true,"href":"https:\/\/zojopackaging.com\/pl\/wp-json\/wp\/v2\/product_brand?post=8937"},{"taxonomy":"product_cat","embeddable":true,"href":"https:\/\/zojopackaging.com\/pl\/wp-json\/wp\/v2\/product_cat?post=8937"},{"taxonomy":"product_tag","embeddable":true,"href":"https:\/\/zojopackaging.com\/pl\/wp-json\/wp\/v2\/product_tag?post=8937"}],"curies":[{"name":"wp","href":"https:\/\/api.w.org\/{rel}","templated":true}]}}