{"id":8945,"date":"2025-03-31T19:23:57","date_gmt":"2025-03-31T11:23:57","guid":{"rendered":"https:\/\/zojopackaging.com\/?post_type=product&#038;p=8945"},"modified":"2025-03-31T19:52:07","modified_gmt":"2025-03-31T11:52:07","slug":"custom-unique-perfume-packaging-box-saudi-design-manufacturer","status":"publish","type":"product","link":"https:\/\/zojopackaging.com\/pl\/product\/custom-unique-perfume-packaging-box-saudi-design-manufacturer\/","title":{"rendered":"Niestandardowe unikalne opakowanie na perfumy Producent Saudi Design"},"content":{"rendered":"<h3 id=\"-1-350g-single-powder-card-material-retro-texture-and-durability-\"><strong>1. 350 g pojedynczej karty proszkowej: tekstura retro i trwa\u0142o\u015b\u0107<\/strong><\/h3>\n<p>Dzi\u0119ki zastosowaniu pojedynczego papieru kartonowego o gramaturze 350 g, powierzchnia jest g\u0142adka i delikatna. Odcienie retro pomara\u0144czowego wzoru i be\u017cowego t\u0142a s\u0105 dok\u0142adnie odtworzone dzi\u0119ki czterokolorowemu nadrukowi. Dzi\u0119ki zastosowaniu technologii UV na ca\u0142ej powierzchni, wz\u00f3r prezentuje tekstur\u0119 o wysokim po\u0142ysku, symuluj\u0105c efekt farby retro, jednocze\u015bnie zwi\u0119kszaj\u0105c odporno\u015b\u0107 na zarysowania, aby zapewni\u0107, \u017ce nie b\u0119dzie \u0142atwo go nosi\u0107 podczas transportu.<\/p>\n<h3 id=\"-2-retro-clock-pattern-design-visual-symbol-of-brand-concept-\"><strong>2. Wz\u00f3r zegara retro: wizualny symbol koncepcji marki<\/strong><\/h3>\n<p>\u015arodek powierzchni pude\u0142ka przedstawia zegar z cyframi rzymskimi (\u216a, \u216b, \u2160 itp.) z technologi\u0105 rze\u017abienia retro, symbolizuj\u0105c\u0105 \"cenne chwile\", otoczon\u0105 barokowymi wzorami winoro\u015bli, w po\u0142\u0105czeniu z be\u017cowym t\u0142em i pomara\u0144czowym gradientem, tworz\u0105c nostalgiczny luksus, zgodny z narracyjnym tonem wysokiej klasy marek perfum.<\/p>\n<h3 id=\"-3-four-color-printing-full-page-uv-double-upgrade-of-color-and-touch-\"><strong>3. Druk czterokolorowy + ca\u0142ostronicowe UV: podw\u00f3jne ulepszenie koloru i dotyku<\/strong><\/h3>\n<p>Pomara\u0144czowy (Pantone 165C) i be\u017cowy (Pantone Warm Gray 1C) szkic projektu s\u0105 dok\u0142adnie odtworzone przez czterokolorow\u0105 pras\u0119 drukarsk\u0105 Heidelberg, a ca\u0142ostronicowa pow\u0142oka UV pokrywa powierzchni\u0119 pude\u0142ka, tworz\u0105c warstwowy kontrast mi\u0119dzy matowymi i b\u0142yszcz\u0105cymi powierzchniami, z delikatnym dotykiem jak jedwab i wizualnie podkre\u015blaj\u0105c tr\u00f3jwymiarowy efekt reliefu.<\/p>\n<h3 id=\"-4-roman-numerals-and-clock-elements-details-strengthen-the-brand-story-\"><strong>4. Cyfry rzymskie i elementy zegara: szczeg\u00f3\u0142y wzmacniaj\u0105 histori\u0119 marki<\/strong><\/h3>\n<p>Wz\u00f3r zegara na powierzchni pude\u0142ka wykorzystuje technologi\u0119 grawerowania laserowego wkl\u0119s\u0142ego i wypuk\u0142ego, kraw\u0119dzie cyfr s\u0105 wyra\u017ane i ostre, a wz\u00f3r winoro\u015bli prezentuje tr\u00f3jwymiarowy dotyk dzi\u0119ki procesowi wyt\u0142aczania, odzwierciedlaj\u0105c slogan \"THIS IS A CHARMING MOMENT FOR YOU\", przekazuj\u0105c d\u0105\u017cenie marki do rytualnego zmys\u0142u.<\/p>\n<h3 id=\"-5-orange-and-white-contrast-pure-white-background-highly-recognizable-minimalist-aesthetics-\"><strong>5. Pomara\u0144czowy i bia\u0142y kontrast + czyste bia\u0142e t\u0142o: wysoce rozpoznawalna minimalistyczna estetyka<\/strong><\/h3>\n<p>Pomara\u0144czowy wz\u00f3r g\u0142\u00f3wny tworzy kontrast o niskim nasyceniu z be\u017cowym t\u0142em i jest dopasowany do kraw\u0119dzi czystego bia\u0142ego dolnego pude\u0142ka, aby stworzy\u0107 poczucie luksusu; tekst \"PERFUME\" wykorzystuje czcionk\u0119 szeryfow\u0105 z technologi\u0105 gor\u0105cego czarnego z\u0142ota i jest po\u0142\u0105czony z bezszeryfow\u0105 czcionk\u0105 sloganu, aby zr\u00f3wnowa\u017cy\u0107 estetyk\u0119 retro i nowoczesn\u0105.<\/p>\n<h3 id=\"-6-factory-automated-production-7-day-fast-delivery-of-retro-complex-structures-\"><strong>6. Fabrycznie zautomatyzowana produkcja: 7-dniowa szybka dostawa z\u0142o\u017conych konstrukcji retro<\/strong><\/h3>\n<p>W\u0142asna fabryka jest wyposa\u017cona w pe\u0142ni automatyczny sprz\u0119t do sztancowania, kt\u00f3ry obs\u0142uguje precyzyjne sztancowanie z\u0142o\u017conych wzor\u00f3w i cyfr rzymskich (b\u0142\u0105d \u2264 0,1 mm), w po\u0142\u0105czeniu z mo\u017cliwo\u015bci\u0105 szybkiej dostawy w ci\u0105gu 7-9 dni, aby zaspokoi\u0107 potrzeby dostosowywania ma\u0142ych partii (minimalna ilo\u015b\u0107 zam\u00f3wienia 500 sztuk), zapewniaj\u0105c przywr\u00f3cenie projektu.<\/p>\n<h3 id=\"-7-environmental-certification-endorsement-sustainable-technology-is-suitable-for-the-international-market-\"><strong>7. Zatwierdzenie certyfikacji \u015brodowiskowej: Zr\u00f3wnowa\u017cona technologia jest odpowiednia dla rynku mi\u0119dzynarodowego<\/strong><\/h3>\n<p>Zastosowanie tektury z certyfikatem FSC i lakieru na bazie wody spe\u0142nia unijne normy \u015brodowiskowe REACH. Jednocze\u015bnie matowy proces UV zmniejsza zanieczyszczenie lotnym atramentem, pomagaj\u0105c marce stworzy\u0107 koncepcj\u0119 \"przyjaznego dla \u015brodowiska retro\" i zaspokoi\u0107 potrzeby rynk\u00f3w europejskich i ameryka\u0144skich w zakresie zr\u00f3wnowa\u017conych opakowa\u0144.<\/p>","protected":false},"excerpt":{"rendered":"<p>Ten projekt zosta\u0142 dostosowany do potrzeb niszowej europejskiej marki perfum salonowych. Element zegara przekazuje koncepcj\u0119 \"wiecznego klasyka\". Pow\u0142oka UV na powierzchni pude\u0142ka wzmacnia poczucie ceremonii rozpakowywania. Opinie klient\u00f3w pokazuj\u0105, \u017ce wska\u017anik odkupu pude\u0142ek upominkowych wzr\u00f3s\u0142 o 25%.<\/p>","protected":false},"featured_media":8947,"template":"","meta":[],"product_brand":[],"product_cat":[30,417,430,31],"product_tag":[817,1024,1023],"class_list":{"0":"post-8945","1":"product","2":"type-product","3":"status-publish","4":"has-post-thumbnail","6":"product_cat-by-industry","7":"product_cat-custom-perfume-boxes-by-industry","8":"product_cat-folding-cartons","9":"product_cat-paper-box-style","10":"product_tag-custom-box","11":"product_tag-packaging-box-saudi-design","12":"product_tag-unique-perfume-packaging-box","14":"first","15":"instock","16":"shipping-taxable","17":"product-type-grouped"},"_links":{"self":[{"href":"https:\/\/zojopackaging.com\/pl\/wp-json\/wp\/v2\/product\/8945","targetHints":{"allow":["GET"]}}],"collection":[{"href":"https:\/\/zojopackaging.com\/pl\/wp-json\/wp\/v2\/product"}],"about":[{"href":"https:\/\/zojopackaging.com\/pl\/wp-json\/wp\/v2\/types\/product"}],"version-history":[{"count":1,"href":"https:\/\/zojopackaging.com\/pl\/wp-json\/wp\/v2\/product\/8945\/revisions"}],"predecessor-version":[{"id":8959,"href":"https:\/\/zojopackaging.com\/pl\/wp-json\/wp\/v2\/product\/8945\/revisions\/8959"}],"wp:featuredmedia":[{"embeddable":true,"href":"https:\/\/zojopackaging.com\/pl\/wp-json\/wp\/v2\/media\/8947"}],"wp:attachment":[{"href":"https:\/\/zojopackaging.com\/pl\/wp-json\/wp\/v2\/media?parent=8945"}],"wp:term":[{"taxonomy":"product_brand","embeddable":true,"href":"https:\/\/zojopackaging.com\/pl\/wp-json\/wp\/v2\/product_brand?post=8945"},{"taxonomy":"product_cat","embeddable":true,"href":"https:\/\/zojopackaging.com\/pl\/wp-json\/wp\/v2\/product_cat?post=8945"},{"taxonomy":"product_tag","embeddable":true,"href":"https:\/\/zojopackaging.com\/pl\/wp-json\/wp\/v2\/product_tag?post=8945"}],"curies":[{"name":"wp","href":"https:\/\/api.w.org\/{rel}","templated":true}]}}