{"id":8953,"date":"2025-03-31T19:37:25","date_gmt":"2025-03-31T11:37:25","guid":{"rendered":"https:\/\/zojopackaging.com\/?post_type=product&#038;p=8953"},"modified":"2025-03-31T20:03:13","modified_gmt":"2025-03-31T12:03:13","slug":"wholesale-custom-jewelry-ring-packaging-boxes-with-logo","status":"publish","type":"product","link":"https:\/\/zojopackaging.com\/pl\/product\/wholesale-custom-jewelry-ring-packaging-boxes-with-logo\/","title":{"rendered":"Hurtowe niestandardowe pude\u0142ka na bi\u017cuteri\u0119 z logo"},"content":{"rendered":"<h2 id=\"-core-advantages-of-the-product-\"><strong>G\u0142\u00f3wne zalety produktu<\/strong><\/h2>\n<ol>\n<li><strong>Wygodna konstrukcja szuflady<\/strong>\u00a0Dzi\u0119ki konstrukcji w stylu szuflady, wewn\u0119trzne pude\u0142ko mo\u017cna \u0142atwo wyci\u0105gn\u0105\u0107, co u\u0142atwia wy\u015bwietlanie i wyjmowanie pier\u015bcionk\u00f3w z bi\u017cuteri\u0105. Wewn\u0119trzne i zewn\u0119trzne pude\u0142ka s\u0105 ciasno zagnie\u017cd\u017cone, a ich otwieranie i zamykanie jest p\u0142ynne, \u0142\u0105cz\u0105c praktyczno\u015b\u0107 z eleganckim wygl\u0105dem, odpowiednim do ekspozycji wysokiej klasy bi\u017cuterii i prezent\u00f3w.<\/li>\n<li><strong>Proces drukowania Heidelberg<\/strong>\u00a0Druk powierzchniowy wykorzystuje maszyn\u0119 drukarsk\u0105 Heidelberg importowan\u0105 z Niemiec, aby zapewni\u0107, \u017ce wzory, logo i teksty s\u0105 wyra\u017ane i jasne, a kolor jest jednolity i ciep\u0142y. Obs\u0142uguje wysoce precyzyjny druk czterokolorowy i dostosowywanie kolor\u00f3w dodatkowych, aby spe\u0142ni\u0107 potrzeby wizualnej unifikacji marki VI oraz poprawi\u0107 tekstur\u0119 i rozpoznawalno\u015b\u0107 opakowania.<\/li>\n<li><strong>Materia\u0142 przyjazny dla \u015brodowiska o wysokiej wytrzyma\u0142o\u015bci<\/strong>\u00a0G\u0142\u00f3wny korpus wykonany jest z szarej tektury o wysokiej g\u0119sto\u015bci 1200 GSM, kt\u00f3ra jest odporna na nacisk i uderzenia oraz nie jest \u0142atwa do odkszta\u0142cenia podczas transportu; warstwa zewn\u0119trzna pokryta jest papierem powlekanym 157 GSM, kt\u00f3ry jest delikatny w dotyku i dobrze nadaje si\u0119 do drukowania. Materia\u0142 spe\u0142nia mi\u0119dzynarodowe normy \u015brodowiskowe (takie jak certyfikat FSC), bior\u0105c pod uwag\u0119 trwa\u0142o\u015b\u0107 i zr\u00f3wnowa\u017cony rozw\u00f3j.<\/li>\n<li><strong>Elastyczne dostosowanie procesu i rozmiaru<\/strong><\/li>\n<li><strong>Zr\u00f3\u017cnicowany proces<\/strong>: Obs\u0142uga t\u0142oczenia na gor\u0105co, gor\u0105cego srebra, wyt\u0142aczania, UV, sitodruku i innych proces\u00f3w, mo\u017ce by\u0107 \u0142\u0105czona z tonem marki w celu zaprojektowania tr\u00f3jwymiarowego reliefu lub efektu metalicznego po\u0142ysku w celu poprawy jako\u015bci opakowania.<\/li>\n<li><strong>Bezp\u0142atne dopasowanie rozmiaru<\/strong>: Dostosuj specyfikacje pude\u0142ka do pakowania zgodnie z rozmiarem pier\u015bcienia, ilo\u015bci\u0105 i wymaganiami dotycz\u0105cymi wy\u015bwietlania, takimi jak pude\u0142ko z pojedynczym pier\u015bcieniem, pude\u0142ko z kilkoma pier\u015bcieniami lub wielowarstwowe pude\u0142ko z szufladami.<\/li>\n<li><strong>Profesjonalne rozwi\u0105zanie do mocowania ok\u0142adzin<\/strong>\u00a0Konfigurowalna podszewka EVA lub flokowana taca wewn\u0119trzna, precyzyjne szczeliny do mocowania pier\u015bcienia, aby zapobiec wstrz\u0105som i zarysowaniom podczas transportu. Kolor podszewki (taki jak szafirowy niebieski, wysokiej jako\u015bci szary) i materia\u0142 (aksamit\/PU) mo\u017cna wybra\u0107 w zale\u017cno\u015bci od potrzeb, aby zwi\u0119kszy\u0107 ochron\u0119 produktu i jedno\u015b\u0107 wizualn\u0105.<\/li>\n<\/ol>\n<h2 id=\"-production-and-service-guarantee-\"><strong>Gwarancja produkcji i serwisu<\/strong><\/h2>\n<ol>\n<li><strong>16 lat si\u0142y fabryki \u017ar\u00f3d\u0142owej<\/strong>\u00a0W\u0142asne nowoczesne budynki fabryczne i dojrza\u0142e linie produkcyjne, wyposa\u017cone w maszyny drukarskie Heidelberg, w pe\u0142ni automatyczne sklejarki folder\u00f3w i inny sprz\u0119t, o rocznej zdolno\u015bci produkcyjnej ponad 10 milion\u00f3w sztuk, wspieraj\u0105ce sprawn\u0105 realizacj\u0119 du\u017cych zam\u00f3wie\u0144.<\/li>\n<li><strong>Us\u0142uga pe\u0142nej personalizacji procesu<\/strong><\/li>\n<li><strong>Wsparcie projektowe<\/strong>: Zapewnienie bezp\u0142atnego proofingu i potwierdzenia renderowania 3D w celu zapewnienia, \u017ce szczeg\u00f3\u0142y projektu s\u0105 zgodne z rzeczywistym produktem.<\/li>\n<li><strong>Ekskluzywne dopasowanie rozwi\u0105za\u0144<\/strong>: Zalecanie kombinacji rzemios\u0142a i materia\u0142\u00f3w w oparciu o pozycjonowanie marki (lekki luksus, retro, minimalizm itp.) w celu optymalizacji koszt\u00f3w i efekt\u00f3w.<\/li>\n<li><strong>\u015acis\u0142a kontrola jako\u015bci<\/strong>: Pe\u0142na kontrola jako\u015bci od wyboru materia\u0142u do gotowych produkt\u00f3w, kontrola b\u0142\u0119d\u00f3w \u22640,5 mm, aby zapewni\u0107 sp\u00f3jno\u015b\u0107 partii.<\/li>\n<li><strong>Globalna adaptacja logistyki<\/strong>\u00a0Opakowanie jest lekkie (oko\u0142o 0,3-0,5 kg), obs\u0142uguje eksport transgraniczny i jest dostosowane do standard\u00f3w transportowych platform takich jak Amazon i niezale\u017cnych stacji. Opakowanie foliowe odporne na wilgo\u0107 lub niezale\u017cna ochrona worka OPP mog\u0105 by\u0107 zapewnione w celu zapewnienia transportu na du\u017ce odleg\u0142o\u015bci bez uszkodze\u0144.<\/li>\n<\/ol>\n<h2 id=\"-application-scenarios-and-cases-\"><strong>Scenariusze i przypadki zastosowa\u0144<\/strong><\/h2>\n<ul>\n<li><strong>Obudowa marki<\/strong>: Niestandardowe pude\u0142ka z szufladami ze z\u0142otym logo dla europejskich marek luksusowej bi\u017cuterii, z niebiesk\u0105 podszewk\u0105 Tiffany, ze \u015bredni\u0105 miesi\u0119czn\u0105 wysy\u0142k\u0105 ponad 50 000 sztuk.<\/li>\n<li><strong>Obowi\u0105zuj\u0105ce kategorie<\/strong>pier\u015bcionki z brylantami, pier\u015bcionki z kamieniami szlachetnymi, niestandardowe obr\u0105czki \u015blubne, srebrna bi\u017cuteria vintage itp. i mo\u017ce by\u0107 r\u00f3wnie\u017c rozszerzona na naszyjniki, kolczyki i inne wielokategorialne opakowania kombinowane.<\/li>\n<\/ul>\n<p><strong>Proces wsp\u00f3\u0142pracy<\/strong>Komunikacja z zapotrzebowaniem \u2192 sprawdzenie projektu \u2192 potwierdzenie planu \u2192 produkcja masowa \u2192 kontrola jako\u015bci i wysy\u0142ka (cykl 7-15 dni).\u00a0<strong>Minimalna ilo\u015b\u0107 zam\u00f3wienia<\/strong>: 500 szt.<\/p>\n<p>Je\u015bli chcesz dowiedzie\u0107 si\u0119 wi\u0119cej o szczeg\u00f3\u0142ach produktu lub uzyska\u0107 wycen\u0119, skontaktuj si\u0119 z obs\u0142ug\u0105 klienta, aby dostarczy\u0107 szkice projektu i wymagania dotycz\u0105ce dostosowywania. Dobierzemy najlepsze rozwi\u0105zanie w ci\u0105gu 24 godzin!<\/p>\n<h2 id=\"-reference-process-and-material-examples-\"><strong>Przyk\u0142ady referencyjnych proces\u00f3w i materia\u0142\u00f3w<\/strong><\/h2>\n<table>\n<thead>\n<tr>\n<th>Typ procesu<\/th>\n<th>Obowi\u0105zuj\u0105cy efekt<\/th>\n<th>Zalecany scenariusz<\/th>\n<\/tr>\n<\/thead>\n<tbody>\n<tr>\n<td>T\u0142oczenie na gor\u0105co\/srebro<\/td>\n<td>Metaliczny po\u0142ysk, wzmocnienie logo marki<\/td>\n<td>Wysokiej klasy dobra luksusowe, seria \u015blubna<\/td>\n<\/tr>\n<tr>\n<td>T\u0142oczenie + UV<\/td>\n<td>Tr\u00f3jwymiarowy dotyk, odporno\u015b\u0107 na zarysowania<\/td>\n<td>Lekkie luksusowe artyku\u0142y modowe<\/td>\n<\/tr>\n<tr>\n<td>Sitodruk + flokowanie<\/td>\n<td>Matowa tekstura, mi\u0119kka podszewka<\/td>\n<td>Bi\u017cuteria vintage, r\u0119cznie robione akcesoria<\/td>\n<\/tr>\n<\/tbody>\n<\/table>\n<p>Dzi\u0119ki profesjonalnemu dostosowaniu, niech opakowanie stanie si\u0119 przed\u0142u\u017ceniem warto\u015bci marki!<\/p>","protected":false},"excerpt":{"rendered":"<p>1. Szufladowe pude\u0142ko na papier, wewn\u0119trzne pude\u0142ko mo\u017cna wyci\u0105gn\u0105\u0107 jak szuflad\u0119, wygodne do wyjmowania i wy\u015bwietlania produkt\u00f3w<br \/>\n2. Powierzchnia jest drukowana za pomoc\u0105 prasy drukarskiej Heidelberg, zawarto\u015b\u0107 jest wyra\u017ana i jasna, a kolor jest ciep\u0142y<br \/>\n3. Materia\u0142 jest wykonany z odpowiedniej szarej p\u0142yty 1200 GSM i powlekanego papieru artystycznego 157 GSM, kt\u00f3ry nie odkszta\u0142ca si\u0119 podczas transportu<\/p>","protected":false},"featured_media":8954,"template":"","meta":[],"product_brand":[],"product_cat":[30,415,31,426],"product_tag":[890,1025,1026],"class_list":{"0":"post-8953","1":"product","2":"type-product","3":"status-publish","4":"has-post-thumbnail","6":"product_cat-by-industry","7":"product_cat-custom-jewelry-boxes-by-industry","8":"product_cat-paper-box-style","9":"product_cat-paper-drawer-boxes","10":"product_tag-custom-jewelry-packaging","11":"product_tag-ring-packaging-boxes","12":"product_tag-ring-packaging-wholesale","14":"first","15":"instock","16":"shipping-taxable","17":"product-type-simple"},"_links":{"self":[{"href":"https:\/\/zojopackaging.com\/pl\/wp-json\/wp\/v2\/product\/8953","targetHints":{"allow":["GET"]}}],"collection":[{"href":"https:\/\/zojopackaging.com\/pl\/wp-json\/wp\/v2\/product"}],"about":[{"href":"https:\/\/zojopackaging.com\/pl\/wp-json\/wp\/v2\/types\/product"}],"version-history":[{"count":1,"href":"https:\/\/zojopackaging.com\/pl\/wp-json\/wp\/v2\/product\/8953\/revisions"}],"predecessor-version":[{"id":8967,"href":"https:\/\/zojopackaging.com\/pl\/wp-json\/wp\/v2\/product\/8953\/revisions\/8967"}],"wp:featuredmedia":[{"embeddable":true,"href":"https:\/\/zojopackaging.com\/pl\/wp-json\/wp\/v2\/media\/8954"}],"wp:attachment":[{"href":"https:\/\/zojopackaging.com\/pl\/wp-json\/wp\/v2\/media?parent=8953"}],"wp:term":[{"taxonomy":"product_brand","embeddable":true,"href":"https:\/\/zojopackaging.com\/pl\/wp-json\/wp\/v2\/product_brand?post=8953"},{"taxonomy":"product_cat","embeddable":true,"href":"https:\/\/zojopackaging.com\/pl\/wp-json\/wp\/v2\/product_cat?post=8953"},{"taxonomy":"product_tag","embeddable":true,"href":"https:\/\/zojopackaging.com\/pl\/wp-json\/wp\/v2\/product_tag?post=8953"}],"curies":[{"name":"wp","href":"https:\/\/api.w.org\/{rel}","templated":true}]}}