{"id":8960,"date":"2025-03-31T19:52:18","date_gmt":"2025-03-31T11:52:18","guid":{"rendered":"https:\/\/zojopackaging.com\/?post_type=product&#038;p=8960"},"modified":"2025-03-31T20:09:28","modified_gmt":"2025-03-31T12:09:28","slug":"custom-saudi-arabia-unisex-perfume-folding-carton-box-fragrance-wholesale","status":"publish","type":"product","link":"https:\/\/zojopackaging.com\/pl\/product\/custom-saudi-arabia-unisex-perfume-folding-carton-box-fragrance-wholesale\/","title":{"rendered":"Niestandardowa Arabia Saudyjska Perfumy unisex Sk\u0142adane pude\u0142ko kartonowe Zapach hurtowy"},"content":{"rendered":"<h3 id=\"-1-single-powder-card-material-four-color-printing-restore-the-original-color-of-the-design-balance-texture-and-cost-\"><strong>1. Pojedynczy materia\u0142 karty proszkowej + druk czterokolorowy: przywr\u00f3cenie oryginalnego koloru projektu, zr\u00f3wnowa\u017cenie tekstury i koszt\u00f3w<\/strong><\/h3>\n<p>Dzi\u0119ki zastosowaniu papieru kartonowego o gramaturze 350 g (np. Invercote first-grade card), powierzchnia jest g\u0142adka i delikatna, a jasnozielona diamentowa tekstura i pomara\u0144czowy z\u0142o\u017cony wz\u00f3r s\u0105 dok\u0142adnie odtworzone dzi\u0119ki czterokolorowemu drukowi Heidelberg. B\u0142\u0105d nasycenia kolor\u00f3w wynosi \u22643%, zapewniaj\u0105c, \u017ce tekst \"DELICATEPERFUME\" i \"THE FRAGRANCE OF FLOWERS\" s\u0105 wyra\u017ane i ostre, co jest odpowiednie dla wysokich wymaga\u0144 wysokiej klasy marek perfum w zakresie szczeg\u00f3\u0142\u00f3w wizualnych.<\/p>\n<h3 id=\"-2-matt-film-full-page-uv-process-visual-collision-of-matte-and-gloss-\"><strong>2. Folia matowa + ca\u0142ostronicowy proces UV: wizualne zderzenie matu i po\u0142ysku<\/strong><\/h3>\n<p>Powierzchnia jest pokryta matow\u0105 foli\u0105, aby wzmocni\u0107 delikatny dotyk, a ca\u0142ostronicowa pow\u0142oka UV jest u\u017cywana do zwi\u0119kszenia po\u0142ysku wzoru. Na przyk\u0142ad pomara\u0144czowy wz\u00f3r po prawej stronie pude\u0142ka tworzy lokalne odbicie na matowym tle, symuluj\u0105c wci\u0105gaj\u0105cy efekt \"rozpylania zapachu\", dotyk jest g\u0142adki jak jedwab, a odporno\u015b\u0107 na zarysowania zosta\u0142a zwi\u0119kszona o 50%.<\/p>\n<h3 id=\"-3-flat-pack-shipping-design-save-up-to-30-of-logistics-costs-\"><strong>3. P\u0142aski projekt wysy\u0142ki: Oszcz\u0119dno\u015b\u0107 do 30% koszt\u00f3w logistycznych<\/strong><\/h3>\n<p>Pude\u0142ko na karty ma sk\u0142adan\u0105 konstrukcj\u0119. Po roz\u0142o\u017ceniu jest to pude\u0142ko tr\u00f3jwymiarowe. Po z\u0142o\u017ceniu grubo\u015b\u0107 wynosi tylko 1\/3 pierwotnej obj\u0119to\u015bci. Dzi\u0119ki zautomatyzowanemu systemowi magazynowania jednorazowa wielko\u015b\u0107 transportu jest podwojona. Na przyk\u0142ad fabryka dostosowa\u0142a 100 000 zestaw\u00f3w p\u0142askich pude\u0142ek dla klient\u00f3w europejskich, a koszt transportu by\u0142 o 28% ni\u017cszy ni\u017c w przypadku tradycyjnych pude\u0142ek.<\/p>\n<h3 id=\"-4-daily-production-capacity-of-60-000-boxes-7-day-fast-delivery-seize-the-market-opportunity-\"><strong>4. Dzienna zdolno\u015b\u0107 produkcyjna 60 000 pude\u0142ek: 7-dniowa szybka dostawa, wykorzystanie mo\u017cliwo\u015bci rynkowych<\/strong><\/h3>\n<p>W\u0142asna inteligentna linia produkcyjna jest wyposa\u017cona we w pe\u0142ni zautomatyzowane maszyny sztancuj\u0105ce i sprz\u0119t do druku cyfrowego, o dziennej wydajno\u015bci 60 000 sztuk, obs\u0142uguj\u0105ca personalizacj\u0119 ma\u0142ych partii (minimalne zam\u00f3wienie 500 sztuk), a od potwierdzenia projektu do wysy\u0142ki zajmuje tylko 5-7 dni roboczych, spe\u0142niaj\u0105c potrzeby marki w zakresie promocji w szczycie sezonu lub wprowadzania nowych produkt\u00f3w.<\/p>\n<h3 id=\"-5-diamond-texture-clock-element-details-convey-brand-story-\"><strong>5. Diamentowa tekstura + element zegara: szczeg\u00f3\u0142y przekazuj\u0105 histori\u0119 marki<\/strong><\/h3>\n<p>Diamentowa tekstura na lewej powierzchni pude\u0142ka prezentuje tr\u00f3jwymiarowy dotyk dzi\u0119ki technologii grawerowania laserowego wkl\u0119s\u0142ego i wypuk\u0142ego, a pomara\u0144czowy wz\u00f3r po prawej stronie jest po\u0142\u0105czony z wzorem zegara (cyfry rzymskie, takie jak \u216a, \u216b i \u2160), odzwierciedlaj\u0105c kopi\u0119 \"To urocza chwila dla Ciebie\", przekazuj\u0105c koncepcj\u0119 marki \"cenne chwile\" i wzmacniaj\u0105c emocjonalny rezonans konsument\u00f3w.<\/p>\n<h3 id=\"-6-environmental-certification-endorsement-fsc-material-is-suitable-for-the-international-market-\"><strong>6. Potwierdzenie certyfikacji \u015brodowiskowej: Materia\u0142 FSC nadaje si\u0119 na rynek mi\u0119dzynarodowy<\/strong><\/h3>\n<p>Zastosowanie tektury z certyfikatem FSC i lakieru na bazie wody spe\u0142nia unijne normy ochrony \u015brodowiska REACH, a matowy proces UV zmniejsza zanieczyszczenie lotnym atramentem, pomagaj\u0105c marce stworzy\u0107 koncepcj\u0119 \"zr\u00f3wnowa\u017conego luksusu\" i spe\u0142ni\u0107 rygorystyczne wymagania rynk\u00f3w europejskich i ameryka\u0144skich dotycz\u0105ce materia\u0142\u00f3w opakowaniowych.<\/p>\n<h3 id=\"-7-professional-team-support-full-link-service-from-design-to-implementation-\"><strong>7. Profesjonalne wsparcie zespo\u0142u: kompleksowa obs\u0142uga od projektu do wdro\u017cenia<\/strong><\/h3>\n<p>Zesp\u00f3\u0142 projektant\u00f3w opakowa\u0144 z 20-letnim do\u015bwiadczeniem obs\u0142uguje modyfikacj\u0119 plik\u00f3w \u017ar\u00f3d\u0142owych CDR\/AI i zapewnia 3 zestawy schemat\u00f3w kolor\u00f3w za darmo. Na przyk\u0142ad kolor tekstury diamentu (taki jak szampa\u0144skie z\u0142oto i zamglony niebieski) jest dostosowywany do odcienia koloru LOGO klienta, aby zapewni\u0107 wysok\u0105 kompatybilno\u015b\u0107 projektu i produkcji.<\/p>","protected":false},"excerpt":{"rendered":"<p>Ten projekt zosta\u0142 dostosowany do potrzeb wysokiej klasy marki zapach\u00f3w do salon\u00f3w na Bliskim Wschodzie. P\u0142aska struktura pozwoli\u0142a zaoszcz\u0119dzi\u0107 15% koszt\u00f3w wysy\u0142ki, a ca\u0142ostronicowy proces UV sprawi\u0142, \u017ce wz\u00f3r pude\u0142ka by\u0142 bardzo rozpoznawalny nawet w silnym \u015bwietle pustynnym, co zwi\u0119kszy\u0142o wska\u017anik odkupu przez klient\u00f3w o 30%.<\/p>","protected":false},"featured_media":8965,"template":"","meta":[],"product_brand":[],"product_cat":[30,417,430,31],"product_tag":[1028,1027,1029],"class_list":{"0":"post-8960","1":"product","2":"type-product","3":"status-publish","4":"has-post-thumbnail","6":"product_cat-by-industry","7":"product_cat-custom-perfume-boxes-by-industry","8":"product_cat-folding-cartons","9":"product_cat-paper-box-style","10":"product_tag-box-fragrance-wholesale","11":"product_tag-custom-unisex-perfume-box","12":"product_tag-folding-carton-box-fragrance","14":"first","15":"instock","16":"shipping-taxable","17":"product-type-grouped"},"_links":{"self":[{"href":"https:\/\/zojopackaging.com\/pl\/wp-json\/wp\/v2\/product\/8960","targetHints":{"allow":["GET"]}}],"collection":[{"href":"https:\/\/zojopackaging.com\/pl\/wp-json\/wp\/v2\/product"}],"about":[{"href":"https:\/\/zojopackaging.com\/pl\/wp-json\/wp\/v2\/types\/product"}],"version-history":[{"count":1,"href":"https:\/\/zojopackaging.com\/pl\/wp-json\/wp\/v2\/product\/8960\/revisions"}],"predecessor-version":[{"id":8975,"href":"https:\/\/zojopackaging.com\/pl\/wp-json\/wp\/v2\/product\/8960\/revisions\/8975"}],"wp:featuredmedia":[{"embeddable":true,"href":"https:\/\/zojopackaging.com\/pl\/wp-json\/wp\/v2\/media\/8965"}],"wp:attachment":[{"href":"https:\/\/zojopackaging.com\/pl\/wp-json\/wp\/v2\/media?parent=8960"}],"wp:term":[{"taxonomy":"product_brand","embeddable":true,"href":"https:\/\/zojopackaging.com\/pl\/wp-json\/wp\/v2\/product_brand?post=8960"},{"taxonomy":"product_cat","embeddable":true,"href":"https:\/\/zojopackaging.com\/pl\/wp-json\/wp\/v2\/product_cat?post=8960"},{"taxonomy":"product_tag","embeddable":true,"href":"https:\/\/zojopackaging.com\/pl\/wp-json\/wp\/v2\/product_tag?post=8960"}],"curies":[{"name":"wp","href":"https:\/\/api.w.org\/{rel}","templated":true}]}}