{"id":8968,"date":"2025-03-31T20:06:07","date_gmt":"2025-03-31T12:06:07","guid":{"rendered":"https:\/\/zojopackaging.com\/?post_type=product&#038;p=8968"},"modified":"2025-03-31T20:19:36","modified_gmt":"2025-03-31T12:19:36","slug":"custom-jacket-coat-clothes-collapsible-gift-box-wholesale","status":"publish","type":"product","link":"https:\/\/zojopackaging.com\/pl\/product\/custom-jacket-coat-clothes-collapsible-gift-box-wholesale\/","title":{"rendered":"Niestandardowa kurtka P\u0142aszcz Odzie\u017c Sk\u0142adane pude\u0142ko na prezenty Hurtownia"},"content":{"rendered":"<h2 id=\"1-innovative-magnetic-flip-cover-design-fun-and-convenience-\">1.\u00a0<strong>Innowacyjna konstrukcja pokrywy z magnetycznym zamkni\u0119ciem, zabawa i wygoda<\/strong><\/h2>\n<p>Magnetyczna struktura otwierania i zamykania klapki zast\u0119puje tradycyjn\u0105 metod\u0119 zapinania lub przyklejania. U\u017cytkownicy mog\u0105 z \u0142atwo\u015bci\u0105 otworzy\u0107 j\u0105 jedn\u0105 r\u0119k\u0105 i automatycznie wch\u0142ania si\u0119 po zamkni\u0119ciu, co nie tylko poprawia wygod\u0119 u\u017cytkowania, ale tak\u017ce dodaje interaktywnej zabawy. Kraw\u0119d\u017a pokrywy pude\u0142ka jest wzmocniona i nie odkszta\u0142ca si\u0119 po wielokrotnym otwieraniu i zamykaniu, co jest odpowiednie dla prezent\u00f3w biznesowych o wysokiej cz\u0119stotliwo\u015bci lub scenariuszy sprzeda\u017cy detalicznej.<\/p>\n<h2>2. Sk\u0142adany<strong>\u00a0P\u0142aska konstrukcja zmniejszaj\u0105ca koszty transportu<\/strong><\/h2>\n<p>Pude\u0142ko upominkowe przyjmuje modu\u0142ow\u0105 sk\u0142adan\u0105 struktur\u0119 pude\u0142ek upominkowych, kt\u00f3re s\u0105 uk\u0142adane w stos w stanie p\u0142askim podczas wysy\u0142ki. Obj\u0119to\u015b\u0107 transportowa jest zmniejszona o ponad 60% w por\u00f3wnaniu z tradycyjnym typem pude\u0142ka, co znacznie obni\u017ca koszty logistyczne. Wbudowana odporna na wstrz\u0105sy konstrukcja warstwy buforowej zapewnia, \u017ce nie ma ryzyka \u015bci\u015bni\u0119cia i pomarszczenia kurtek podczas transportu. Po dotarciu na miejsce wymagany jest jedynie prosty monta\u017c w celu przywr\u00f3cenia tr\u00f3jwymiarowego kszta\u0142tu, bior\u0105c pod uwag\u0119 koszty i potrzeby w zakresie ochrony produktu.<\/p>\n<h2 id=\"3-full-scene-customized-printing-to-strengthen-the-brand-image-\">3.\u00a0<strong>Spersonalizowane drukowanie na ca\u0142ej powierzchni w celu wzmocnienia wizerunku marki<\/strong><\/h2>\n<p>Obs\u0142uguje wysoce precyzyjn\u0105 technologi\u0119 druku czterokolorowego i mo\u017ce dostosowa\u0107 LOGO powierzchni pude\u0142ka, wz\u00f3r i informacje tekstowe, aby dostosowa\u0107 si\u0119 do korporacyjnego systemu VI lub projektu motywu \u015bwi\u0105tecznego. Na przyk\u0142ad, s\u0142owa kluczowe takie jak \"miejski styl biurowy\" i \"biznesowy casual\" mog\u0105 by\u0107 w\u0142\u0105czone do charakterystyki produktu kurtki, lub historie marki mog\u0105 by\u0107 drukowane w celu zwi\u0119kszenia kulturowej warto\u015bci dodanej. Na wewn\u0119trznej podszewce mo\u017cna r\u00f3wnie\u017c wydrukowa\u0107 instrukcje prania lub sugestie dotycz\u0105ce ubioru, aby rozszerzy\u0107 \u0142a\u0144cuch us\u0142ug marki.<\/p>\n<h2 id=\"4-macaron-color-matching-healing-visual-experience-\">4.\u00a0<strong>Dopasowywanie kolor\u00f3w Macaron, uzdrawiaj\u0105ce wra\u017cenia wizualne<\/strong><\/h2>\n<p>Wybierz kolory makaron\u00f3w o niskim nasyceniu, takie jak jasnor\u00f3\u017cowy, jasnoniebieski i mi\u0119towy zielony, aby zmniejszy\u0107 zm\u0119czenie wzroku, co jest zgodne z preferencjami m\u0142odych konsument\u00f3w dotycz\u0105cymi \"relaksuj\u0105cej, leczniczej\" atmosfery. Dopasowywanie blok\u00f3w kolor\u00f3w wspiera gradient, kontrast i inne rozwi\u0105zania, takie jak szara kurtka z krokodylowym \u017c\u00f3\u0142tym pude\u0142kiem upominkowym, co tworzy wizualny kontrast i zwi\u0119ksza atrakcyjno\u015b\u0107 ekspozycji na p\u00f3\u0142ce.<\/p>\n<h2 id=\"5-high-end-technology-empowers-and-improves-the-texture-level-\">5.\u00a0<strong>Zaawansowana technologia wzmacnia i poprawia poziom tekstury<\/strong><\/h2>\n<ul>\n<li><strong>Technologia z\u0142ota\/srebra<\/strong>: Zastosuj tr\u00f3jwymiarowe z\u0142ote t\u0142oczenie w LOGO marki lub fakturze powierzchni pude\u0142ka, aby zwi\u0119kszy\u0107 poczucie luksusu;<\/li>\n<li><strong>Wyt\u0142oczony<\/strong>: U\u017cyj wkl\u0119s\u0142ych i wypuk\u0142ych form, aby wyt\u0142oczy\u0107 geometryczne tekstury lub logo marki na szarej powierzchni p\u0142yty, z delikatnym dotykiem;<\/li>\n<li><strong>Laminowanie laserowe<\/strong>: Cz\u0119\u015bciowo pokryta fantazyjn\u0105 foli\u0105 laserow\u0105, wykazuj\u0105c\u0105 opalizuj\u0105cy efekt w dynamicznym \u015bwietle, odpowiednia do \u015bwi\u0105tecznych projekt\u00f3w z limitowanej edycji.<\/li>\n<\/ul>\n<h2 id=\"6-high-weight-material-to-ensure-structural-stability-\">6.\u00a0<strong>Wytrzyma\u0142y materia\u0142 zapewniaj\u0105cy stabilno\u015b\u0107 konstrukcji<\/strong><\/h2>\n<p>G\u0142\u00f3wny korpus pude\u0142ka prezentowego wykonany jest z szarej tektury 1200GSM o wytrzyma\u0142o\u015bci na \u015bciskanie 50KG\/\u33a1, a wewn\u0119trzna wy\u015bci\u00f3\u0142ka to powlekany papier 157GSM, z matow\u0105 foli\u0105 na powierzchni, aby zapobiec zarysowaniom. Test no\u015bno\u015bci pude\u0142ka wykaza\u0142, \u017ce mo\u017ce ono stabilnie przenosi\u0107 3 kurtki o standardowej wadze (oko\u0142o 1,2 kg\/sztuk\u0119) i nie ma ryzyka deformacji, gdy jest wy\u015bwietlane w pozycji pionowej, co jest odpowiednie dla scen o wysokiej ekspozycji, takich jak okna centr\u00f3w handlowych lub transmisje na \u017cywo w handlu elektronicznym.<\/p>\n<h2 id=\"vii-direct-supply-from-the-source-factory-professional-solution-support-\">7. <strong>Bezpo\u015brednia dostawa z fabryki \u017ar\u00f3d\u0142owej, profesjonalne wsparcie rozwi\u0105za\u0144<\/strong><\/h2>\n<ol>\n<li><strong>Propozycja oparta na scenariuszu<\/strong>: Na przyk\u0142ad \"pude\u0142ko prezentowe w stylu biura\" z kurtkami Pierre Cardin dla kadry kierowniczej lub \"opakowanie o tematyce przygodowej\" kurtek outdoorowych;<\/li>\n<li><strong>Sugestie dotycz\u0105ce optymalizacji koszt\u00f3w<\/strong>: Rekomendowanie rozwi\u0105za\u0144 w zakresie mieszania i dopasowywania szarego kartonu\/specjalnego papieru w oparciu o wielko\u015b\u0107 zam\u00f3wienia w celu zr\u00f3wnowa\u017cenia jako\u015bci i bud\u017cetu;<\/li>\n<li><strong>Wskaz\u00f3wki dotycz\u0105ce zgodno\u015bci transgranicznej<\/strong>: Zapewnienie opcji materia\u0142\u00f3w z certyfikatem FSC w celu spe\u0142nienia wymog\u00f3w ochrony \u015brodowiska na rynku europejskim i ameryka\u0144skim.<\/li>\n<\/ol>\n<h3 id=\"technical-parameters-and-ordering-process\">Parametry techniczne i proces zamawiania<\/h3>\n<table>\n<thead>\n<tr>\n<th>Projekt<\/th>\n<th>Parametry\/Opis<\/th>\n<\/tr>\n<\/thead>\n<tbody>\n<tr>\n<td><strong>Materia\u0142 podstawowy<\/strong><\/td>\n<td>Szara tektura 1200GSM + papier powlekany 157GSM<\/td>\n<\/tr>\n<tr>\n<td><strong>Proces drukowania<\/strong><\/td>\n<td>Czterokolorowy druk CMYK z dok\u0142adno\u015bci\u0105 rejestracji \u00b10,5 mm<\/td>\n<\/tr>\n<tr>\n<td><strong>Rozmiar po z\u0142o\u017ceniu<\/strong><\/td>\n<td>Dostosowane do rozmiaru kurtki<\/td>\n<\/tr>\n<tr>\n<td><strong>Minimalna ilo\u015b\u0107 zam\u00f3wienia<\/strong><\/td>\n<td>500 sztuk (obs\u0142ugiwane s\u0105 r\u00f3\u017cne kolory i style)<\/td>\n<\/tr>\n<tr>\n<td><strong>Cykl sprawdzania<\/strong><\/td>\n<td>3-5 dni roboczych (op\u0142ata za proofing mo\u017ce zosta\u0107 wykorzystana do zrekompensowania p\u0142atno\u015bci)<\/td>\n<\/tr>\n<\/tbody>\n<\/table>","protected":false},"excerpt":{"rendered":"<p>1. Magnetyczne zamkni\u0119cie pokrywy u\u0142atwia otwieranie i czyni j\u0105 bardziej interesuj\u0105c\u0105<br \/>\n2. Mo\u017ce by\u0107 sk\u0142adany na p\u0142asko do transportu, dzi\u0119ki czemu transport jest bezproblemowy i pomaga zaoszcz\u0119dzi\u0107 koszty transportu.<br \/>\n3. Drukowana tre\u015b\u0107 mo\u017ce by\u0107 dostosowana do produktu, dzi\u0119ki czemu jest bardziej odpowiednia i poprawia wizerunek marki.<br \/>\n4. Schemat kolor\u00f3w macaron zmniejsza zm\u0119czenie wzroku i tworzy relaksuj\u0105c\u0105 i lecznicz\u0105 atmosfer\u0119.<\/p>","protected":false},"featured_media":8970,"template":"","meta":[],"product_brand":[],"product_cat":[30,414,424,31],"product_tag":[1030,1032,1031],"class_list":{"0":"post-8968","1":"product","2":"type-product","3":"status-publish","4":"has-post-thumbnail","6":"product_cat-by-industry","7":"product_cat-custom-apparel-boxes","8":"product_cat-magnetic-closure-boxes","9":"product_cat-paper-box-style","10":"product_tag-clothes-collapsible-gift-box","11":"product_tag-coat-gift-box-wholesale","12":"product_tag-custom-jacket-box","14":"first","15":"instock","16":"shipping-taxable","17":"product-type-simple"},"_links":{"self":[{"href":"https:\/\/zojopackaging.com\/pl\/wp-json\/wp\/v2\/product\/8968","targetHints":{"allow":["GET"]}}],"collection":[{"href":"https:\/\/zojopackaging.com\/pl\/wp-json\/wp\/v2\/product"}],"about":[{"href":"https:\/\/zojopackaging.com\/pl\/wp-json\/wp\/v2\/types\/product"}],"version-history":[{"count":1,"href":"https:\/\/zojopackaging.com\/pl\/wp-json\/wp\/v2\/product\/8968\/revisions"}],"predecessor-version":[{"id":8983,"href":"https:\/\/zojopackaging.com\/pl\/wp-json\/wp\/v2\/product\/8968\/revisions\/8983"}],"wp:featuredmedia":[{"embeddable":true,"href":"https:\/\/zojopackaging.com\/pl\/wp-json\/wp\/v2\/media\/8970"}],"wp:attachment":[{"href":"https:\/\/zojopackaging.com\/pl\/wp-json\/wp\/v2\/media?parent=8968"}],"wp:term":[{"taxonomy":"product_brand","embeddable":true,"href":"https:\/\/zojopackaging.com\/pl\/wp-json\/wp\/v2\/product_brand?post=8968"},{"taxonomy":"product_cat","embeddable":true,"href":"https:\/\/zojopackaging.com\/pl\/wp-json\/wp\/v2\/product_cat?post=8968"},{"taxonomy":"product_tag","embeddable":true,"href":"https:\/\/zojopackaging.com\/pl\/wp-json\/wp\/v2\/product_tag?post=8968"}],"curies":[{"name":"wp","href":"https:\/\/api.w.org\/{rel}","templated":true}]}}