{"id":8976,"date":"2025-03-31T20:11:06","date_gmt":"2025-03-31T12:11:06","guid":{"rendered":"https:\/\/zojopackaging.com\/?post_type=product&#038;p=8976"},"modified":"2025-03-31T20:26:03","modified_gmt":"2025-03-31T12:26:03","slug":"personalized-custom-luxury-perfume-folding-carton-box-whosale","status":"publish","type":"product","link":"https:\/\/zojopackaging.com\/pl\/product\/personalized-custom-luxury-perfume-folding-carton-box-whosale\/","title":{"rendered":"Spersonalizowane niestandardowe luksusowe perfumy sk\u0142adane pude\u0142ko kartonowe Whosale"},"content":{"rendered":"<h4 id=\"-1-material-upgrade-thickened-cardboard-matt-film-protection-to-create-a-invisible-armor-for-perfume-\"><strong>1. Ulepszony materia\u0142: pogrubiony karton + matowa folia ochronna, aby stworzy\u0107 \"niewidzialn\u0105 zbroj\u0119\" dla perfum<\/strong><\/h4>\n<p>Jako materia\u0142u bazowego nale\u017cy u\u017cy\u0107 tektury jednoproszkowej o gramaturze 350 g (np. Invercote Grade 1) z matow\u0105 foli\u0105 na powierzchni, kt\u00f3ra jest zar\u00f3wno odporna na uderzenia, jak i na wilgo\u0107. Warstwa matowej folii mo\u017ce zmniejszy\u0107 straty zwi\u0105zane z tarciem podczas transportu, jednocze\u015bnie izoluj\u0105c wilgo\u0107 od erozji perfum, zapewniaj\u0105c, \u017ce produkt pozostanie nienaruszony od fabryki do terminala.<\/p>\n<h4 id=\"-2-ergonomic-box-type-double-open-card-box-internal-card-fixation-elegant-one-hand-pick-up-\"><strong>2. Ergonomiczny typ pude\u0142ka: Podw\u00f3jnie otwierane pude\u0142ko na karty + wewn\u0119trzne mocowanie kart, eleganckie podnoszenie jedn\u0105 r\u0119k\u0105<\/strong><\/h4>\n<p>Pude\u0142ko na karty z podw\u00f3jnym otwarciem jest wyposa\u017cone we wbudowane sta\u0142e gniazdo na karty, kt\u00f3re jest odpowiednie dla butelek o pe\u0142nej pojemno\u015bci 10 ml-100 ml, a operacj\u0119 otwierania i zamykania mo\u017cna wykona\u0107 jedn\u0105 r\u0119k\u0105. Linie korpusu pude\u0142ka zosta\u0142y zoptymalizowane pod k\u0105tem mechaniki p\u0142yn\u00f3w, z pe\u0142nym uchwytem i stabilnym wizualnym \u015brodkiem ci\u0119\u017cko\u015bci, kt\u00f3ry jest zar\u00f3wno funkcjonalny, jak i ozdobny.<\/p>\n<h4 id=\"-3-technological-innovation-seven-color-overprinting-hot-stamping-starburst-replicating-an-artistic-visual-feast-\"><strong>3. Innowacja technologiczna: siedmiokolorowy nadruk + t\u0142oczona na gor\u0105co gwiazda, odtwarzaj\u0105ca artystyczn\u0105 uczt\u0119 wizualn\u0105<\/strong><\/h4>\n<p>Powierzchnia pude\u0142ka wykorzystuje siedmiokolorow\u0105 technologi\u0119 nadruku, aby uzyska\u0107 gradient corocznych popularnych kolor\u00f3w Pantone (takich jak koralowy pomara\u0144czowy \u2192 elektryczny fiolet), a proces t\u0142oczenia na gor\u0105co sprawia, \u017ce LOGO marki prezentuje efekt wybuchu gwiazdy pod wp\u0142ywem \u015bwiat\u0142a. Lewe pude\u0142ko jest inspirowane ogrodem Moneta, a prawe pude\u0142ko odtwarza artystyczn\u0105 koncepcj\u0119 tuszu i prania g\u00f3r, spe\u0142niaj\u0105c artystyczne potrzeby ekspresji wysokiej klasy perfum.<\/p>\n<h4 id=\"-4-visual-aesthetics-a-fusion-of-eastern-and-western-aesthetics-pantone-colors-calligraphy-to-create-an-immersive-experience-\"><strong>4. Estetyka wizualna: po\u0142\u0105czenie estetyki wschodniej i zachodniej, kolory Pantone + kaligrafia w celu stworzenia wci\u0105gaj\u0105cego do\u015bwiadczenia.<\/strong><\/h4>\n<p>Lewy korpus pude\u0142ka nawi\u0105zuje do nowoczesnej estetyki z \u017cywymi gradientowymi blokami kolor\u00f3w, a prawy czarno-bia\u0142y g\u0142\u00f3wny ton jest dopasowany do kaligraficznej nazwy marki, przekazuj\u0105c orientalny Zen poprzez pust\u0105 przestrze\u0144 i nak\u0142adanie warstw. Zesp\u00f3\u0142 projektant\u00f3w obs\u0142uguje bezpo\u015bredni import plik\u00f3w \u017ar\u00f3d\u0142owych CDR\/AI, a najszybsza iteracja rozwi\u0105zania zosta\u0142a uko\u0144czona w ci\u0105gu 24 godzin.<\/p>\n<h4 id=\"-5-factory-endorsement-iso-certification-12-quality-inspections-transportation-loss-rate-0-3-\"><strong>5. Zatwierdzenie fabryczne: Certyfikat ISO + 12 kontroli jako\u015bci, wska\u017anik strat transportowych \u2264 0,3%<\/strong><\/h4>\n<p>W\u0142asna fabryka przesz\u0142a certyfikacj\u0119 ISO 9001 i przesz\u0142a 12 proces\u00f3w kontroli jako\u015bci, od wyboru materia\u0142\u00f3w po gotowe produkty, w tym 24-godzinny test wilgotno\u015bci (b\u0142\u0105d \u00b1 5%) i test upadku (wysoko\u015b\u0107 1,2 metra). Dane z 2024 r. pokazuj\u0105, \u017ce wska\u017anik uszkodze\u0144 pude\u0142ek upominkowych wykorzystuj\u0105cych ten proces wynosi tylko 1\/5 \u015bredniej w bran\u017cy.<\/p>\n<h4 id=\"-6-vip-customization-service-30-box-type-database-deep-process-customization-\"><strong>6. Us\u0142uga dostosowywania VIP: Baza danych 30+ typ\u00f3w skrzynek + g\u0142\u0119bokie dostosowanie procesu<\/strong><\/h4>\n<p>Zapewnia ponad 30 baz danych typ\u00f3w pude\u0142ek, takich jak dwudrzwiowe, szufladowe, magnetyczne itp., obs\u0142uguje g\u0142\u0119bokie dostosowywanie, takie jak tekst t\u0142oczony na gor\u0105co, wyt\u0142aczane wzory i drukowanie w kolorze dodatkowym. Na przyk\u0142ad europejska marka osi\u0105gn\u0119\u0142a wska\u017anik premii za produkt na poziomie 40% dzi\u0119ki dostosowanej technologii kaligrafii na gor\u0105co.<\/p>\n<h4 id=\"-7-intelligent-production-line-heidelberg-printing-machine-automatic-lamination-daily-production-capacity-of-60-000-pieces-\"><strong>7. Inteligentna linia produkcyjna: Maszyna drukarska Heidelberg + automatyczne laminowanie, dzienna zdolno\u015b\u0107 produkcyjna 60 000 szt.<\/strong><\/h4>\n<p>Wyposa\u017cony w zaawansowany na skal\u0119 mi\u0119dzynarodow\u0105 sprz\u0119t, taki jak Heidelberg CD102 i Komori Lithrone G40, w po\u0142\u0105czeniu z systemem ERP w celu realizacji cyfryzacji ca\u0142ego procesu projektowania, proofingu i produkcji. W por\u00f3wnaniu z tradycyjnymi fabrykami, b\u0142\u0105d gramatury jest kontrolowany w zakresie 0,1 mm i mo\u017ce zako\u0144czy\u0107 proces od proofingu do dostawy partii w ci\u0105gu 7 dni.<\/p>","protected":false},"excerpt":{"rendered":"<p>To pude\u0142ko upominkowe zosta\u0142o spersonalizowane dla mi\u0119dzynarodowej marki zapach\u00f3w do salon\u00f3w. Dzi\u0119ki siedmiokolorowemu procesowi gradientu i magnetycznej klapce sta\u0142o si\u0119 hitem medi\u00f3w spo\u0142eczno\u015bciowych podczas Paryskiego Tygodnia Mody 2024, a wska\u017anik odkupu wzr\u00f3s\u0142 o 35%.<\/p>","protected":false},"featured_media":8978,"template":"","meta":[],"product_brand":[],"product_cat":[30,417,430,31],"product_tag":[1034,992,1033],"class_list":{"0":"post-8976","1":"product","2":"type-product","3":"status-publish","4":"has-post-thumbnail","6":"product_cat-by-industry","7":"product_cat-custom-perfume-boxes-by-industry","8":"product_cat-folding-cartons","9":"product_cat-paper-box-style","10":"product_tag-luxury-perfume-folding-carton-box","11":"product_tag-perfume-folding-carton-box","12":"product_tag-personalized-custom-box","14":"first","15":"instock","16":"shipping-taxable","17":"product-type-grouped"},"_links":{"self":[{"href":"https:\/\/zojopackaging.com\/pl\/wp-json\/wp\/v2\/product\/8976","targetHints":{"allow":["GET"]}}],"collection":[{"href":"https:\/\/zojopackaging.com\/pl\/wp-json\/wp\/v2\/product"}],"about":[{"href":"https:\/\/zojopackaging.com\/pl\/wp-json\/wp\/v2\/types\/product"}],"version-history":[{"count":1,"href":"https:\/\/zojopackaging.com\/pl\/wp-json\/wp\/v2\/product\/8976\/revisions"}],"predecessor-version":[{"id":8990,"href":"https:\/\/zojopackaging.com\/pl\/wp-json\/wp\/v2\/product\/8976\/revisions\/8990"}],"wp:featuredmedia":[{"embeddable":true,"href":"https:\/\/zojopackaging.com\/pl\/wp-json\/wp\/v2\/media\/8978"}],"wp:attachment":[{"href":"https:\/\/zojopackaging.com\/pl\/wp-json\/wp\/v2\/media?parent=8976"}],"wp:term":[{"taxonomy":"product_brand","embeddable":true,"href":"https:\/\/zojopackaging.com\/pl\/wp-json\/wp\/v2\/product_brand?post=8976"},{"taxonomy":"product_cat","embeddable":true,"href":"https:\/\/zojopackaging.com\/pl\/wp-json\/wp\/v2\/product_cat?post=8976"},{"taxonomy":"product_tag","embeddable":true,"href":"https:\/\/zojopackaging.com\/pl\/wp-json\/wp\/v2\/product_tag?post=8976"}],"curies":[{"name":"wp","href":"https:\/\/api.w.org\/{rel}","templated":true}]}}