{"id":8984,"date":"2025-03-31T20:20:06","date_gmt":"2025-03-31T12:20:06","guid":{"rendered":"https:\/\/zojopackaging.com\/?post_type=product&#038;p=8984"},"modified":"2025-03-31T20:33:34","modified_gmt":"2025-03-31T12:33:34","slug":"custom-luxury-skincare-cosmetic-packaging-boxes-wholesale","status":"publish","type":"product","link":"https:\/\/zojopackaging.com\/pl\/product\/custom-luxury-skincare-cosmetic-packaging-boxes-wholesale\/","title":{"rendered":"Niestandardowe luksusowe opakowania kosmetyczne do piel\u0119gnacji sk\u00f3ry Hurtownia"},"content":{"rendered":"<h2 id=\"1-aesthetic-design-concept-\">1.\u00a0<strong>Estetyczna koncepcja projektu<\/strong><\/h2>\n<ol>\n<li><strong>Klasyczna estetyka kontrastuj\u0105cych kolor\u00f3w<\/strong>\u00a0Obudowa pude\u0142ka ma bia\u0142\u0105 zewn\u0119trzn\u0105 i czarn\u0105 wewn\u0119trzn\u0105 dwukolorow\u0105 konstrukcj\u0119. Czysta bia\u0142a matowa tekstura na zewn\u0105trz symbolizuje czyst\u0105 koncepcj\u0119 marki, a czarny satynowy materia\u0142 wewn\u0105trz tworzy tajemnicze i szlachetne wra\u017cenie. Czarna satynowa wst\u0105\u017cka jest dopasowana do spersonalizowanej metalowej przywieszki z logo, aby wzmocni\u0107 poczucie ceremonii i wizualny poziom otwierania pude\u0142ka.<\/li>\n<li><strong>Humanizowany projekt strukturalny<\/strong>\u00a0Dzi\u0119ki zintegrowanej konstrukcji typu flip-top, pokrywa pude\u0142ka i jego korpus s\u0105 p\u0142ynnie po\u0142\u0105czone, a k\u0105t otwierania i zamykania si\u0119ga 120\u00b0, co doskonale eksponuje efekt wy\u015bwietlania produktu. Zawias jest wyposa\u017cony w elastyczn\u0105 blach\u0119 stalow\u0105, kt\u00f3ra nie odkszta\u0142ca si\u0119 po tysi\u0105cach test\u00f3w otwierania i zamykania i nadaje si\u0119 do ekspozycji na ladzie i scen wr\u0119czania prezent\u00f3w.<\/li>\n<\/ol>\n<h2 id=\"2-professional-material-technology-\">2.\u00a0<strong>Profesjonalna technologia materia\u0142owa<\/strong><\/h2>\n<ol>\n<li><strong>Wojskowy materia\u0142 ochronny<\/strong><\/li>\n<li><strong>G\u0142\u00f3wna struktura<\/strong>: 1200 GSM szara tektura o wysokiej g\u0119sto\u015bci + 157 GSM powlekany papier kompozytowy, o wytrzyma\u0142o\u015bci na \u015bciskanie 80 kg\/\u33a1, znacznie przekraczaj\u0105cej standardy bran\u017cowe.<\/li>\n<li><strong>Obr\u00f3bka powierzchni<\/strong>: Pude\u0142ko zewn\u0119trzne jest pokryte pow\u0142ok\u0105 UV, aby zapobiec zarysowaniom, a proces flokowania \u015bcianek wewn\u0119trznych jest delikatny i przeszed\u0142 certyfikacj\u0119 \u015brodowiskow\u0105 UE REACH.<\/li>\n<li><strong>Inteligentny system ok\u0142adzin<\/strong>\u00a0Dostosowana taca wewn\u0119trzna z kompozytu EVA + satyna zgodnie z danymi skanowania 3D produktu, z precyzyjn\u0105 tolerancj\u0105 pozycjonowania \u22640,3 mm, a test antysejsmiczny pokazuje, \u017ce wska\u017anik uszkodze\u0144 transportowych mo\u017cna zmniejszy\u0107 do mniej ni\u017c 0,5%.<\/li>\n<\/ol>\n<h2 id=\"iii-brand-empowerment-value-\">3. <strong>Warto\u015b\u0107 wzmocnienia marki<\/strong><\/h2>\n<ol>\n<li><strong>Wysokiej klasy zdolno\u015b\u0107 adaptacji sceny<\/strong>\u00a0Zaprojektowany dla wysokiej klasy kategorii, takich jak zestawy esencji, pude\u0142ka prezentowe z liofilizowanym proszkiem, perfumy z limitowanej edycji itp., obs\u0142uguje ponad 20 rodzaj\u00f3w dostosowywania proces\u00f3w, takich jak t\u0142oczenie na gor\u0105co \/ t\u0142oczenie \/ grawerowanie laserowe, pomagaj\u0105c zwi\u0119kszy\u0107 premi\u0119 marki o 30%-50%.<\/li>\n<li><strong>Gwarancja pe\u0142nego po\u0142\u0105czenia<\/strong><\/li>\n<li><strong>16 lat do\u015bwiadczenia w inteligentnej produkcji<\/strong>2000\u33a1 znormalizowana fabryka, 50 profesjonalnych zespo\u0142\u00f3w, a cykl dostawy od sprawdzenia projektu do masowej produkcji jest skr\u00f3cony do 15 dni (\u015brednia w bran\u017cy wynosi 25 dni).<\/li>\n<li><strong>System zaopatrzenia handlu zagranicznego<\/strong>: Przeszli\u015bmy inspekcj\u0119 fabryczn\u0105 i certyfikacj\u0119 Amazon, AliExpress i innych platform, zapewniaj\u0105c opakowania z certyfikatem FSC, specjalne szablony transgraniczne i wieloj\u0119zyczne us\u0142ugi r\u0119cznego zagnie\u017cd\u017cania.<\/li>\n<\/ol>\n<h2 id=\"iv-cooperation-process-\">4. <strong>Proces wsp\u00f3\u0142pracy<\/strong><\/h2>\n<ol>\n<li><strong>Komunikacja na \u017c\u0105danie<\/strong>: Dostarczenie danych dotycz\u0105cych rozmiaru\/wagi\/transportu produktu \u2192 Modelowanie 3D<\/li>\n<li><strong>Potwierdzenie proofingu<\/strong>: Wy\u015blij pr\u00f3bki fizyczne w ci\u0105gu 5 dni roboczych (w tym 3 roztwory do wy\u0142o\u017cenia)<\/li>\n<li><strong>Dostawa do produkcji masowej<\/strong>: Minimalne zam\u00f3wienie 500 sztuk, wsparcie 48-godzinnej przyspieszonej produkcji, globalna logistyka DDP do drzwi<\/li>\n<\/ol>","protected":false},"excerpt":{"rendered":"<p>1. Korpus pude\u0142ka jest bia\u0142y na zewn\u0105trz i czarny wewn\u0105trz. Czarno-bia\u0142a kolorystyka jest prosta i elegancka, a dzi\u0119ki czarnej wst\u0105\u017cce jest jeszcze bardziej wyrafinowana.<br \/>\n2. Pokrywa pude\u0142ka jest po\u0142\u0105czona z korpusem pude\u0142ka za pomoc\u0105 sk\u0142adanej konstrukcji, kt\u00f3ra doskonale eksponuje produkt.<br \/>\n3. Materia\u0142 jest wykonany z szarej p\u0142yty 1200 GSM i powlekanego papieru artystycznego 157 GSM, kt\u00f3ry jest twardy i mo\u017ce lepiej chroni\u0107 produkt.<br \/>\n4. Podszewka jest zaprojektowana zgodnie z kszta\u0142tem produktu, a satynowa wy\u015bci\u00f3\u0142ka odgrywa rol\u0119 mocuj\u0105c\u0105, aby zapobiec wstrz\u0105som i kolizjom podczas transportu.<\/p>","protected":false},"featured_media":8987,"template":"","meta":[],"product_brand":[],"product_cat":[30,390,424,31],"product_tag":[1037,1035,1036],"class_list":{"0":"post-8984","1":"product","2":"type-product","3":"status-publish","4":"has-post-thumbnail","6":"product_cat-by-industry","7":"product_cat-custom-cosmetics-boxes","8":"product_cat-magnetic-closure-boxes","9":"product_cat-paper-box-style","10":"product_tag-cosmetic-packaging-boxes-wholesale","11":"product_tag-custom-skincare-packaging","12":"product_tag-luxury-cosmetic-packaging","14":"first","15":"instock","16":"shipping-taxable","17":"product-type-simple"},"_links":{"self":[{"href":"https:\/\/zojopackaging.com\/pl\/wp-json\/wp\/v2\/product\/8984","targetHints":{"allow":["GET"]}}],"collection":[{"href":"https:\/\/zojopackaging.com\/pl\/wp-json\/wp\/v2\/product"}],"about":[{"href":"https:\/\/zojopackaging.com\/pl\/wp-json\/wp\/v2\/types\/product"}],"version-history":[{"count":1,"href":"https:\/\/zojopackaging.com\/pl\/wp-json\/wp\/v2\/product\/8984\/revisions"}],"predecessor-version":[{"id":8998,"href":"https:\/\/zojopackaging.com\/pl\/wp-json\/wp\/v2\/product\/8984\/revisions\/8998"}],"wp:featuredmedia":[{"embeddable":true,"href":"https:\/\/zojopackaging.com\/pl\/wp-json\/wp\/v2\/media\/8987"}],"wp:attachment":[{"href":"https:\/\/zojopackaging.com\/pl\/wp-json\/wp\/v2\/media?parent=8984"}],"wp:term":[{"taxonomy":"product_brand","embeddable":true,"href":"https:\/\/zojopackaging.com\/pl\/wp-json\/wp\/v2\/product_brand?post=8984"},{"taxonomy":"product_cat","embeddable":true,"href":"https:\/\/zojopackaging.com\/pl\/wp-json\/wp\/v2\/product_cat?post=8984"},{"taxonomy":"product_tag","embeddable":true,"href":"https:\/\/zojopackaging.com\/pl\/wp-json\/wp\/v2\/product_tag?post=8984"}],"curies":[{"name":"wp","href":"https:\/\/api.w.org\/{rel}","templated":true}]}}