{"id":8991,"date":"2025-03-31T20:29:01","date_gmt":"2025-03-31T12:29:01","guid":{"rendered":"https:\/\/zojopackaging.com\/?post_type=product&#038;p=8991"},"modified":"2025-03-31T21:02:13","modified_gmt":"2025-03-31T13:02:13","slug":"oem-cardboard-box-perfume-luxury-packaging-box-manufacturer","status":"publish","type":"product","link":"https:\/\/zojopackaging.com\/pl\/product\/oem-cardboard-box-perfume-luxury-packaging-box-manufacturer\/","title":{"rendered":"Pude\u0142ko kartonowe OEM Perfumy Producent luksusowych opakowa\u0144"},"content":{"rendered":"<h4 id=\"-1-material-upgrade-350g-white-card-four-color-printing-environmental-protection-and-texture-are-both-excellent-\"><strong>1. Ulepszenie materia\u0142u: bia\u0142a karta 350g + czterokolorowy nadruk, ochrona \u015brodowiska i tekstura s\u0105 doskona\u0142e<\/strong><\/h4>\n<p>Wykorzystanie bia\u0142ej karty o gramaturze 350 g, czterokolorowy nadruk, wyra\u017any i przyjazny dla \u015brodowiska, mo\u017ce skutecznie chroni\u0107 butelk\u0119 perfum, delikatny i elegancki dotyk.<\/p>\n<h4 id=\"-2-double-card-box-structure-convenient-opening-and-closing-transportation-protection-\"><strong>2. Struktura podw\u00f3jnego pude\u0142ka na karty: wygodne otwieranie i zamykanie + ochrona podczas transportu<\/strong><\/h4>\n<p>Typ pude\u0142ka przyjmuje struktur\u0119 podw\u00f3jnej karty z g\u00f3rn\u0105 i doln\u0105 pokryw\u0105. Pokrywa pude\u0142ka i korpus pude\u0142ka s\u0105 po\u0142\u0105czone precyzyjnym gniazdem na kart\u0119 i mo\u017cna je elegancko otwiera\u0107 i zamyka\u0107 jedn\u0105 r\u0119k\u0105. B\u0142\u0105d procesu wykrawania wynosi \u22640,1 mm, nadaje si\u0119 do butelek o pe\u0142nej pojemno\u015bci 30 ml-100 ml, a wytrzyma\u0142o\u015b\u0107 na \u015bciskanie podczas transportu jest zwi\u0119kszona o 25%.<\/p>\n<h4 id=\"-3-process-innovation-gradient-color-embossed-embossing-dual-upgrade-of-vision-and-touch-\"><strong>3. Innowacyjny proces: kolor gradientowy + wyt\u0142oczenia, podw\u00f3jne ulepszenie widzenia i dotyku<\/strong><\/h4>\n<p>Gradientowy kolor jest marzycielski, a wyra\u017any nadruk dok\u0142adnie przywraca t\u0119 cech\u0119. Kolor po prawej stronie jest wyra\u017any i pi\u0119kny, co mo\u017cna wykorzysta\u0107 jako motyw przewodni letnich perfum.<\/p>\n<h4 id=\"-4-flexible-size-full-capacity-adaptation-to-meet-diversified-needs-\"><strong>4. Elastyczny rozmiar: pe\u0142ne dostosowanie pojemno\u015bci do zr\u00f3\u017cnicowanych potrzeb<\/strong><\/h4>\n<p>Rozmiar mo\u017cna dostosowa\u0107 do butelki perfum, aby zapewni\u0107 odpowiedni rozmiar i stabiln\u0105 butelk\u0119. Pomo\u017cemy Ci wys\u0142a\u0107 butelk\u0119 do fabryki, a my bezp\u0142atnie wykonamy bia\u0142e pude\u0142ko pr\u00f3bne, aby przetestowa\u0107 rozmiar i stabilno\u015b\u0107.<\/p>\n<h4 id=\"-5-factory-strength-iso-certification-daily-production-capacity-of-60-000-pieces-\"><strong>5. Si\u0142a fabryki: Certyfikat ISO + dzienna zdolno\u015b\u0107 produkcyjna 60 000 szt.<\/strong><\/h4>\n<p>W\u0142asna fabryka przesz\u0142a certyfikacj\u0119 systemu zarz\u0105dzania jako\u015bci\u0105 ISO 9001, wyposa\u017cona w maszyn\u0119 drukarsk\u0105 Heidelberg XL7508 + 1, w pe\u0142ni automatyczn\u0105 inteligentn\u0105 maszyn\u0119 do produkcji pude\u0142ek i inny sprz\u0119t, z dzienn\u0105 wydajno\u015bci\u0105 60 000 sztuk i ko\u0144czy od proofingu do dostawy partii w ci\u0105gu 7 dni.<\/p>\n<h4 id=\"-6-vip-customization-service-full-link-support-to-help-brand-upgrade-\"><strong>6. Us\u0142uga dostosowywania VIP: pe\u0142ne wsparcie, aby pom\u00f3c w aktualizacji marki<\/strong><\/h4>\n<p>Zapewnia ponad 30 baz danych typ\u00f3w pude\u0142ek, obs\u0142uguje g\u0142\u0119bokie dostosowywanie, takie jak tekst t\u0142oczony na gor\u0105co, druk punktowy i wyt\u0142aczane wzory. Na przyk\u0142ad europejska marka osi\u0105gn\u0119\u0142a wska\u017anik premii za produkt na poziomie 40% dzi\u0119ki dostosowanej technologii kaligrafii na gor\u0105co.<\/p>\n<h4 id=\"-7-full-process-quality-inspection-from-paper-strength-to-color-calibration-\"><strong>7. Kontrola jako\u015bci ca\u0142ego procesu: od wytrzyma\u0142o\u015bci papieru po kalibracj\u0119 kolor\u00f3w<\/strong><\/h4>\n<p>Wykonaj 12 procedur kontroli jako\u015bci, w tym 24-godzinny test wilgotno\u015bci (b\u0142\u0105d \u00b15%), test upadku (wysoko\u015b\u0107 1,2 metra) i kalibracj\u0119 b\u0142\u0119du CMYK \u22643%, aby upewni\u0107 si\u0119, \u017ce wska\u017anik strat transportowych wynosi \u22640,3%.<\/p>","protected":false},"excerpt":{"rendered":"<p>To pude\u0142ko zosta\u0142o spersonalizowane dla mi\u0119dzynarodowej marki zapach\u00f3w do salon\u00f3w. Dzi\u0119ki gradientowemu procesowi kolorystycznemu sta\u0142o si\u0119 hitem medi\u00f3w spo\u0142eczno\u015bciowych podczas Paryskiego Tygodnia Mody 2024, a wska\u017anik odkupu wzr\u00f3s\u0142 o 35%.<\/p>","protected":false},"featured_media":8994,"template":"","meta":[],"product_brand":[],"product_cat":[30,417,430,31],"product_tag":[934,1038,1039],"class_list":{"0":"post-8991","1":"product","2":"type-product","3":"status-publish","4":"has-post-thumbnail","6":"product_cat-by-industry","7":"product_cat-custom-perfume-boxes-by-industry","8":"product_cat-folding-cartons","9":"product_cat-paper-box-style","10":"product_tag-box-manufacturer","11":"product_tag-oem-cardboard-box","12":"product_tag-perfume-luxury-packaging-box","14":"first","15":"instock","16":"shipping-taxable","17":"product-type-grouped"},"_links":{"self":[{"href":"https:\/\/zojopackaging.com\/pl\/wp-json\/wp\/v2\/product\/8991","targetHints":{"allow":["GET"]}}],"collection":[{"href":"https:\/\/zojopackaging.com\/pl\/wp-json\/wp\/v2\/product"}],"about":[{"href":"https:\/\/zojopackaging.com\/pl\/wp-json\/wp\/v2\/types\/product"}],"version-history":[{"count":1,"href":"https:\/\/zojopackaging.com\/pl\/wp-json\/wp\/v2\/product\/8991\/revisions"}],"predecessor-version":[{"id":9007,"href":"https:\/\/zojopackaging.com\/pl\/wp-json\/wp\/v2\/product\/8991\/revisions\/9007"}],"wp:featuredmedia":[{"embeddable":true,"href":"https:\/\/zojopackaging.com\/pl\/wp-json\/wp\/v2\/media\/8994"}],"wp:attachment":[{"href":"https:\/\/zojopackaging.com\/pl\/wp-json\/wp\/v2\/media?parent=8991"}],"wp:term":[{"taxonomy":"product_brand","embeddable":true,"href":"https:\/\/zojopackaging.com\/pl\/wp-json\/wp\/v2\/product_brand?post=8991"},{"taxonomy":"product_cat","embeddable":true,"href":"https:\/\/zojopackaging.com\/pl\/wp-json\/wp\/v2\/product_cat?post=8991"},{"taxonomy":"product_tag","embeddable":true,"href":"https:\/\/zojopackaging.com\/pl\/wp-json\/wp\/v2\/product_tag?post=8991"}],"curies":[{"name":"wp","href":"https:\/\/api.w.org\/{rel}","templated":true}]}}