{"id":9008,"date":"2025-03-31T21:02:51","date_gmt":"2025-03-31T13:02:51","guid":{"rendered":"https:\/\/zojopackaging.com\/?post_type=product&#038;p=9008"},"modified":"2025-03-31T21:27:31","modified_gmt":"2025-03-31T13:27:31","slug":"custom-logo-soft-touch-cardboard-stock-perfume-paper-box-supplier","status":"publish","type":"product","link":"https:\/\/zojopackaging.com\/pl\/product\/custom-logo-soft-touch-cardboard-stock-perfume-paper-box-supplier\/","title":{"rendered":"Niestandardowe logo Mi\u0119kki w dotyku karton Papierowe pude\u0142ko na perfumy Dostawca"},"content":{"rendered":"<h3 id=\"-1-high-quality-white-card-material-firm-box-type-stable-support-\"><strong>1. Wysokiej jako\u015bci bia\u0142y materia\u0142 kartonowy: mocny typ pude\u0142ka, stabilne wsparcie<\/strong><\/h3>\n<p>Dzi\u0119ki zastosowaniu kartonu jednoproszkowego o gramaturze 350 g (np. kartonu Invercote pierwszej klasy) jako materia\u0142u bazowego, powierzchnia jest g\u0142adka i delikatna, a kolor projektu jest dok\u0142adnie odtworzony dzi\u0119ki czterokolorowemu nadrukowi, a sztywno\u015b\u0107 jest zwi\u0119kszona o 40%. Karton posiada certyfikat FSC i spe\u0142nia unijne normy ochrony \u015brodowiska REACH. Jest delikatny jak jedwab i skutecznie chroni butelk\u0119 perfum.<\/p>\n<h3 id=\"-2-compact-box-design-space-utilization-rate-reaches-95-\"><strong>2. Kompaktowa konstrukcja skrzynki: wska\u017anik wykorzystania przestrzeni si\u0119ga 95%<\/strong><\/h3>\n<p>Typ pude\u0142ka przyjmuje struktur\u0119 podw\u00f3jnej karty z g\u00f3rn\u0105 i doln\u0105 pokryw\u0105. Pokrywa pude\u0142ka i korpus pude\u0142ka s\u0105 po\u0142\u0105czone precyzyjnym gniazdem na kart\u0119. Nadaje si\u0119 do butelek o pe\u0142nej pojemno\u015bci 30 ml-100 ml, a stopie\u0144 wykorzystania przestrzeni jest zwi\u0119kszony o 20% w por\u00f3wnaniu z tradycyjnym typem pude\u0142ka. B\u0142\u0105d procesu sztancowania \u2264 0,1 mm, wytrzyma\u0142o\u015b\u0107 na \u015bciskanie zwi\u0119kszona o 25% podczas transportu.<\/p>\n<h3 id=\"-3-matt-film-coating-process-waterproof-and-wear-resistant-protect-printed-patterns-\"><strong>3. Proces powlekania matow\u0105 foli\u0105: wodoodporny i odporny na zu\u017cycie, chroni nadrukowane wzory<\/strong><\/h3>\n<p>Matowa pow\u0142oka na powierzchni zwi\u0119ksza delikatno\u015b\u0107 dotyku, a pow\u0142oka UV zwi\u0119ksza po\u0142ysk wzoru, symuluj\u0105c wci\u0105gaj\u0105cy efekt \"rozpylania zapachu\", dotyk jest g\u0142adki jak jedwab, a odporno\u015b\u0107 na zarysowania jest zwi\u0119kszona o 50%.<\/p>\n<h3 id=\"-4-professional-mold-customization-adapt-to-diverse-needs-\"><strong>4. Profesjonalne dostosowanie formy: dostosowanie do r\u00f3\u017cnorodnych potrzeb<\/strong><\/h3>\n<p>W\u0142asna fabryka jest wyposa\u017cona w pe\u0142ni automatyczny sprz\u0119t do sztancowania, obs\u0142uguje ponad 30 baz danych typ\u00f3w pude\u0142ek i mo\u017ce g\u0142\u0119boko dostosowywa\u0107 tekst t\u0142oczony na gor\u0105co, wyt\u0142aczane wzory, drukowanie w kolorze dodatkowym itp. Na przyk\u0142ad europejska marka osi\u0105gn\u0119\u0142a wska\u017anik premii za produkt na poziomie 40% dzi\u0119ki dostosowanej technologii kaligraficznego t\u0142oczenia na gor\u0105co.<\/p>\n<h3 id=\"-5-simple-gradient-design-elegance-and-romance-coexist-\"><strong>5. Prosty gradientowy design: elegancja i romantyzm wsp\u00f3\u0142istniej\u0105<\/strong><\/h3>\n<p>Og\u00f3lny projekt opiera si\u0119 na mi\u0119kkim, corocznym popularnym gradiencie kolor\u00f3w Pantone (takim jak koralowy pomara\u0144czowy \u2192 elektryczny fiolet) jako g\u0142\u00f3wnym kolorze, z kaligraficzn\u0105 nazw\u0105 marki, przekazuj\u0105c\u0105 koncepcj\u0119 marki \"cennych chwil\", kt\u00f3ra jest zgodna z estetyczn\u0105 tonacj\u0105 wysokiej klasy perfum.<\/p>\n<h3 id=\"-6-clear-capacity-label-enhanced-information-transmission-function-\"><strong>6. Wyczy\u015b\u0107 etykiet\u0119 pojemno\u015bci: ulepszona funkcja przesy\u0142ania informacji<\/strong><\/h3>\n<p>Korpus pude\u0142ka jest oznaczony etykiet\u0105 o pojemno\u015bci 50 ml, a proces t\u0142oczenia na gor\u0105co sprawia, \u017ce czcionka odbija efekt gwiazdy pod \u015bwiat\u0142o, dzi\u0119ki czemu konsumenci mog\u0105 szybko zidentyfikowa\u0107 specyfikacj\u0119 produktu i poprawi\u0107 wra\u017cenia z zakup\u00f3w.<\/p>\n<h3 id=\"-7-full-process-after-sales-service-first-line-response-worry-free-quality-\"><strong>7. Pe\u0142ny proces obs\u0142ugi posprzeda\u017cnej: reakcja pierwszej linii, bez obaw o jako\u015b\u0107<\/strong><\/h3>\n<p>Przeprowadzanych jest 12 procedur kontroli jako\u015bci, w tym 24-godzinny test wilgotno\u015bci (b\u0142\u0105d \u00b1 5%) i test upadku (wysoko\u015b\u0107 1,2 metra), a wska\u017anik p\u0119kni\u0119\u0107 wynosi \u2264 0,3%. Zapewniamy rekompensat\u0119 za uszkodzenia, ubezpieczenie jako\u015bci i inne gwarancje oraz reagujemy na problemy posprzeda\u017cowe w ci\u0105gu 48 godzin.<\/p>","protected":false},"excerpt":{"rendered":"<p>To pude\u0142ko zosta\u0142o spersonalizowane dla wysokiej klasy marki perfum do salon\u00f3w na Bliskim Wschodzie. Matowa folia sprawia, \u017ce powierzchnia pude\u0142ka jest nadal dobrze rozpoznawalna w silnym \u015bwietle pustyni, a wska\u017anik odkupu klient\u00f3w wzr\u00f3s\u0142 o 30%.<\/p>","protected":false},"featured_media":9013,"template":"","meta":[],"product_brand":[],"product_cat":[30,417,430,31],"product_tag":[1040,1041,864],"class_list":{"0":"post-9008","1":"product","2":"type-product","3":"status-publish","4":"has-post-thumbnail","6":"product_cat-by-industry","7":"product_cat-custom-perfume-boxes-by-industry","8":"product_cat-folding-cartons","9":"product_cat-paper-box-style","10":"product_tag-custom-logo-paper-box","11":"product_tag-paper-box-supplier","12":"product_tag-perfume-paper-box","14":"first","15":"instock","16":"shipping-taxable","17":"product-type-grouped"},"_links":{"self":[{"href":"https:\/\/zojopackaging.com\/pl\/wp-json\/wp\/v2\/product\/9008","targetHints":{"allow":["GET"]}}],"collection":[{"href":"https:\/\/zojopackaging.com\/pl\/wp-json\/wp\/v2\/product"}],"about":[{"href":"https:\/\/zojopackaging.com\/pl\/wp-json\/wp\/v2\/types\/product"}],"version-history":[{"count":1,"href":"https:\/\/zojopackaging.com\/pl\/wp-json\/wp\/v2\/product\/9008\/revisions"}],"predecessor-version":[{"id":9015,"href":"https:\/\/zojopackaging.com\/pl\/wp-json\/wp\/v2\/product\/9008\/revisions\/9015"}],"wp:featuredmedia":[{"embeddable":true,"href":"https:\/\/zojopackaging.com\/pl\/wp-json\/wp\/v2\/media\/9013"}],"wp:attachment":[{"href":"https:\/\/zojopackaging.com\/pl\/wp-json\/wp\/v2\/media?parent=9008"}],"wp:term":[{"taxonomy":"product_brand","embeddable":true,"href":"https:\/\/zojopackaging.com\/pl\/wp-json\/wp\/v2\/product_brand?post=9008"},{"taxonomy":"product_cat","embeddable":true,"href":"https:\/\/zojopackaging.com\/pl\/wp-json\/wp\/v2\/product_cat?post=9008"},{"taxonomy":"product_tag","embeddable":true,"href":"https:\/\/zojopackaging.com\/pl\/wp-json\/wp\/v2\/product_tag?post=9008"}],"curies":[{"name":"wp","href":"https:\/\/api.w.org\/{rel}","templated":true}]}}