{"id":9017,"date":"2025-03-31T21:41:20","date_gmt":"2025-03-31T13:41:20","guid":{"rendered":"https:\/\/zojopackaging.com\/?post_type=product&#038;p=9017"},"modified":"2025-03-31T21:55:07","modified_gmt":"2025-03-31T13:55:07","slug":"custom-printing-perfume-matt-finishing-paper-box-manufacturer","status":"publish","type":"product","link":"https:\/\/zojopackaging.com\/pl\/product\/custom-printing-perfume-matt-finishing-paper-box-manufacturer\/","title":{"rendered":"Niestandardowe drukowanie Perfumy Matowe wyko\u0144czenie Producent pude\u0142ka papierowego"},"content":{"rendered":"<h3 id=\"-1-single-powder-card-material-single-sided-coating-balance-between-printing-accuracy-and-cost-\"><strong>1. Pojedynczy materia\u0142 karty proszkowej + jednostronna pow\u0142oka: r\u00f3wnowaga mi\u0119dzy dok\u0142adno\u015bci\u0105 druku a kosztami<\/strong><\/h3>\n<p>Wykorzystuj\u0105c papier kartonowy o gramaturze 350 g (np. Invercote first-grade card), powierzchnia jest pokryta matow\u0105 pow\u0142ok\u0105, odpowiedni\u0105 do precyzyjnego druku czterokolorowego, zapewniaj\u0105c, \u017ce zegar t\u0142oczony na gor\u0105co i cyfry rzymskie (XII\/I\/VIII itp.) s\u0105 wyra\u017ane i ostre. Proces jednostronnego powlekania nie tylko zmniejsza koszty drukowania, ale tak\u017ce poprawia delikatny dotyk, kt\u00f3ry jest odpowiedni dla wysokiej klasy ton\u00f3w slogan\u00f3w marki, takich jak \"PERFUME OF YOU\".<\/p>\n<h3 id=\"-2-hot-stamping-uv-mirror-process-double-the-visual-impact-\"><strong>2. T\u0142oczenie na gor\u0105co + proces lustrzany UV: podw\u00f3jny efekt wizualny<\/strong><\/h3>\n<p>Lewe pude\u0142ko wykorzystuje t\u0142oczenie na gor\u0105co, aby zaprezentowa\u0107 p\u0142yn\u0105cy zegar i wz\u00f3r winoro\u015bli, a z\u0142oto odbija efekt gwiazdy na matowym tle; prawe pude\u0142ko wykorzystuje technologi\u0119 lustra UV, a pomara\u0144czowo-r\u00f3\u017cowy gradientowy kolor jest tr\u00f3jwymiarowy jak atomizacja zapachu, a dotyk jest g\u0142adki jak jedwab. Oba procesy przesz\u0142y niemieck\u0105 certyfikacj\u0119 Rhine, a odporno\u015b\u0107 na zu\u017cycie osi\u0105ga poziom IP54, zapewniaj\u0105c, \u017ce wz\u00f3r nie zostanie zu\u017cyty podczas transportu.<\/p>\n<h3 id=\"-3-full-dimensional-customization-of-perfume-card-boxes-flexible-adaptation-of-size-material-process-\"><strong>3. Pe\u0142nowymiarowa personalizacja pude\u0142ek na perfumy: elastyczne dostosowanie rozmiaru\/materia\u0142u\/procesu<\/strong><\/h3>\n<p>Obs\u0142uguje dostosowywanie typ\u00f3w butelek 30 ml-100 ml, a b\u0142\u0105d rozmiaru pude\u0142ka wynosi \u2264 \u00b1 1 mm. Materia\u0142 mo\u017cna wybra\u0107 spo\u015br\u00f3d bia\u0142ej karty o gramaturze 350 g lub przyjaznego dla \u015brodowiska papieru z pulpy bambusowej, a proces obejmuje wyt\u0142aczanie, drukowanie punktowe itp. Na przyk\u0142ad magnetyczne pude\u0142ko z klapk\u0105 dostosowane przez europejsk\u0105 mark\u0119 odtwarza wz\u00f3r gwiazdy LOGO marki za pomoc\u0105 technologii gradientu UV, a stawka premium jest zwi\u0119kszona o 40%.<\/p>\n<h3 id=\"-4-zojo-print-16-years-of-industry-experience-paper-box-customization-expert-\"><strong>4. ZOJO Print 16 lat do\u015bwiadczenia w bran\u017cy: ekspert w dziedzinie dostosowywania pude\u0142ek papierowych<\/strong><\/h3>\n<p>Od 16 lat jeste\u015bmy g\u0142\u0119boko zaanga\u017cowani w produkcj\u0119 opakowa\u0144 perfum, obs\u0142uguj\u0105c ponad 500 mi\u0119dzynarodowych marek, takich jak Dior, Jo Malone itp. W\u0142asna fabryka jest wyposa\u017cona w maszyn\u0119 drukarsk\u0105 Heidelberg XL7508 + 1 i w pe\u0142ni automatyczn\u0105 lini\u0119 do sztancowania, o dziennej zdolno\u015bci produkcyjnej 60 000 sztuk i ko\u0144czy si\u0119 od proofingu do dostawy w ci\u0105gu 7 dni i uzyska\u0142a certyfikaty ISO 9001 i FSC.<\/p>\n<h3 id=\"-5-1-3-days-of-ultra-fast-proofing-seize-the-market-opportunity-\"><strong>5. 1-3 dni ultraszybkiego proofingu: wykorzystaj szans\u0119 rynkow\u0105<\/strong><\/h3>\n<p>Opieraj\u0105c si\u0119 na cyfrowym systemie przygotowania do druku, obs\u0142uguje bezpo\u015bredni\u0105 produkcj\u0119 plik\u00f3w \u017ar\u00f3d\u0142owych CDR \/ AI, a najszybsza pr\u00f3bka to 1 dzie\u0144. Na przyk\u0142ad pude\u0142ko z gradientem pustynnego bursztynu, pilnie dostosowane przez mark\u0119 z Bliskiego Wschodu, zaj\u0119\u0142o tylko 24 godziny od potwierdzenia planu do proofingu, co jest o 300% bardziej wydajne ni\u017c tradycyjne fabryki.<\/p>\n<h3 id=\"-6-technical-sales-team-full-link-consultants-who-understand-production-processes-\"><strong>6. Techniczny zesp\u00f3\u0142 sprzeda\u017cy: konsultanci, kt\u00f3rzy rozumiej\u0105 procesy produkcyjne<\/strong><\/h3>\n<p>Zesp\u00f3\u0142 sprzeda\u017cy 100% ma ponad 5-letnie do\u015bwiadczenie w produkcji pude\u0142ek papierowych i mo\u017ce zapewni\u0107 kompleksowe rozwi\u0105zania procesowe, od wyboru materia\u0142u (np. folia matowa vs. pow\u0142oka UV), optymalizacji struktury pude\u0142ka (np. g\u00f3rna i dolna pokrywa vs. typ szuflady) po kontrol\u0119 koszt\u00f3w, aby zapewni\u0107 wysok\u0105 kompatybilno\u015b\u0107 projektu i produkcji.<\/p>\n<h3 id=\"-7-full-process-quality-inspection-12-processes-to-ensure-quality-\"><strong>7. Kontrola jako\u015bci ca\u0142ego procesu: 12 proces\u00f3w zapewniaj\u0105cych jako\u015b\u0107<\/strong><\/h3>\n<p>Przeprowadzenie 12 proces\u00f3w kontroli jako\u015bci, takich jak \"kalibracja kolor\u00f3w druku (b\u0142\u0105d CMYK \u22643%) \u2192 test przyczepno\u015bci t\u0142oczenia na gor\u0105co (eksperyment z odklejaniem ta\u015bmy) \u2192 test upadku (wysoko\u015b\u0107 1,2 metra) \u2192 24-godzinny test wilgotno\u015bci (b\u0142\u0105d \u00b15%)\", wska\u017anik strat transportowych wynosi \u22640,3%, a wska\u017anik reklamacji klient\u00f3w jest ni\u017cszy ni\u017c \u015brednia w bran\u017cy wynosz\u0105ca 90%.<\/p>","protected":false},"excerpt":{"rendered":"<p>Pude\u0142ko upominkowe o tematyce \"Czas i zapach\" spersonalizowane dla francuskiej marki perfum salonowych: -\u00a0<strong>Pole po lewej stronie<\/strong>: Zegar ze z\u0142otymi cyframi rzymskimi (XII\/I\/VIII) jest po\u0142\u0105czony z r\u00f3\u017cow\u0105 gradientow\u0105 pow\u0142ok\u0105 UV Morandi, aby przekaza\u0107 koncepcj\u0119 \"wiecznej elegancji\".\u00a0<strong>Pole po prawej stronie<\/strong>: Lustrzany proces UV odtwarza gwiezdn\u0105 \u015bcie\u017ck\u0119 LOGO marki w po\u0142\u0105czeniu z matowymi wyt\u0142oczonymi wzorami winoro\u015bli, a poczucie ceremonii rozpakowywania jest pe\u0142ne. Ten projekt zosta\u0142 wprowadzony na rynek podczas Festiwalu Filmowego w Cannes w 2024 roku, z ponad 2 milionami ekspozycji w mediach spo\u0142eczno\u015bciowych i 35% wzrostem wska\u017anika odkupu.<\/p>","protected":false},"featured_media":9018,"template":"","meta":[],"product_brand":[],"product_cat":[30,417,430,31],"product_tag":[1045,243,1046],"class_list":{"0":"post-9017","1":"product","2":"type-product","3":"status-publish","4":"has-post-thumbnail","6":"product_cat-by-industry","7":"product_cat-custom-perfume-boxes-by-industry","8":"product_cat-folding-cartons","9":"product_cat-paper-box-style","10":"product_tag-custom-printing-box","11":"product_tag-paper-box-manufacturer","12":"product_tag-perfume-matte-paper-box","14":"first","15":"instock","16":"shipping-taxable","17":"product-type-grouped"},"_links":{"self":[{"href":"https:\/\/zojopackaging.com\/pl\/wp-json\/wp\/v2\/product\/9017","targetHints":{"allow":["GET"]}}],"collection":[{"href":"https:\/\/zojopackaging.com\/pl\/wp-json\/wp\/v2\/product"}],"about":[{"href":"https:\/\/zojopackaging.com\/pl\/wp-json\/wp\/v2\/types\/product"}],"version-history":[{"count":1,"href":"https:\/\/zojopackaging.com\/pl\/wp-json\/wp\/v2\/product\/9017\/revisions"}],"predecessor-version":[{"id":9033,"href":"https:\/\/zojopackaging.com\/pl\/wp-json\/wp\/v2\/product\/9017\/revisions\/9033"}],"wp:featuredmedia":[{"embeddable":true,"href":"https:\/\/zojopackaging.com\/pl\/wp-json\/wp\/v2\/media\/9018"}],"wp:attachment":[{"href":"https:\/\/zojopackaging.com\/pl\/wp-json\/wp\/v2\/media?parent=9017"}],"wp:term":[{"taxonomy":"product_brand","embeddable":true,"href":"https:\/\/zojopackaging.com\/pl\/wp-json\/wp\/v2\/product_brand?post=9017"},{"taxonomy":"product_cat","embeddable":true,"href":"https:\/\/zojopackaging.com\/pl\/wp-json\/wp\/v2\/product_cat?post=9017"},{"taxonomy":"product_tag","embeddable":true,"href":"https:\/\/zojopackaging.com\/pl\/wp-json\/wp\/v2\/product_tag?post=9017"}],"curies":[{"name":"wp","href":"https:\/\/api.w.org\/{rel}","templated":true}]}}