{"id":9026,"date":"2025-03-31T21:49:15","date_gmt":"2025-03-31T13:49:15","guid":{"rendered":"https:\/\/zojopackaging.com\/?post_type=product&#038;p=9026"},"modified":"2025-03-31T22:07:36","modified_gmt":"2025-03-31T14:07:36","slug":"custom-luxury-clothing-apparel-packaging-gift-box-wholesale","status":"publish","type":"product","link":"https:\/\/zojopackaging.com\/pl\/product\/custom-luxury-clothing-apparel-packaging-gift-box-wholesale\/","title":{"rendered":"Niestandardowe opakowania luksusowej odzie\u017cy Pude\u0142ko na prezenty Hurtownia"},"content":{"rendered":"<h2 id=\"-core-advantages-of-products-\"><strong>Podstawowe zalety produkt\u00f3w<\/strong><\/h2>\n<p>Jako fabryka wysokiej klasy niestandardowych opakowa\u0144 w Chinach, koncentrujemy si\u0119 na dostarczaniu luksusowym markom odzie\u017cowym i odzie\u017cowym rozwi\u0105za\u0144 opakowaniowych z g\u00f3rn\u0105 i doln\u0105 pokryw\u0105, kt\u00f3re \u0142\u0105cz\u0105 w sobie walory estetyczne i praktyczne funkcje. Dzi\u0119ki modu\u0142owej strukturze, wysokiej jako\u015bci rzemios\u0142u i elastycznym us\u0142ugom dostosowywania jako podstawowej konkurencyjno\u015bci, pomagamy markom kszta\u0142towa\u0107 wysokiej klasy wizerunek i zwi\u0119ksza\u0107 rozpoznawalno\u015b\u0107 na rynku.<\/p>\n<h2 id=\"-i-top-and-bottom-lid-box-type-simple-structure-and-industrialized-efficient-production-\"><strong>1. Typ g\u00f3rnej i dolnej pokrywy: prosta konstrukcja i uprzemys\u0142owiona wydajna produkcja<\/strong><\/h2>\n<ol>\n<li><strong>Projekt strukturalny<\/strong>\u00a0Typ pude\u0142ka z pokryw\u0105 g\u00f3rn\u0105 i doln\u0105 przyjmuje klasyczny projekt separacji \"pokrywa g\u00f3rna + pude\u0142ko dolne\", o wysokim stopniu modularyzacji, dostosowany do standardowych proces\u00f3w produkcyjnych i uwzgl\u0119dniaj\u0105cy wygod\u0119 otwierania i zamykania oraz integralno\u015b\u0107 wizualn\u0105.<\/li>\n<li><strong>Styl g\u00f3rny-pokrywaj\u0105cy-dolny<\/strong>: G\u00f3rna pokrywa nie zakrywa ca\u0142kowicie dna dolnego pude\u0142ka, pozostawiaj\u0105c miejsce na otwieranie i zamykanie, co jest odpowiednie do pakowania lekkiej, luksusowej odzie\u017cy.<\/li>\n<li><strong>Styl z ods\u0142oni\u0119t\u0105 tali\u0105<\/strong>: Wewn\u0119trzna kraw\u0119d\u017a dolnego pude\u0142ka jest ods\u0142oni\u0119ta, co podkre\u015bla tr\u00f3jwymiarowo\u015b\u0107 warstw i nadaje si\u0119 do umieszczania logo marki lub wyt\u0142ocze\u0144.<\/li>\n<li><strong>Zalety uprzemys\u0142owienia<\/strong>\u00a0Precyzyjne dopasowanie rozmiaru uzyskuje si\u0119 dzi\u0119ki w pe\u0142ni zautomatyzowanej linii produkcyjnej, aby zapewni\u0107 wydajn\u0105 dostaw\u0119 zam\u00f3wie\u0144 seryjnych oraz zmniejszy\u0107 liczb\u0119 b\u0142\u0119d\u00f3w r\u0119cznych i koszty.<\/li>\n<\/ol>\n<h2 id=\"-second-white-box-body-double-enhancement-of-visual-aesthetics-and-brand-image-\"><strong>2. Bia\u0142a obudowa: podw\u00f3jne wzmocnienie estetyki wizualnej i wizerunku marki<\/strong><\/h2>\n<ol>\n<li><strong>Koncepcja projektu<\/strong>\u00a0Z biel\u0105 jako tonem bazowym,\u00a0<strong>Papier artystyczny powlekany C2S 157 g (podw\u00f3jny papier miedziany)<\/strong>\u00a0Powierzchnia jest delikatna i g\u0142adka, a matowa tekstura daje poczucie stonowanego luksusu, zapewniaj\u0105c jednocze\u015bnie czyste p\u0142\u00f3tno dla technologii druku.<\/li>\n<li><strong>Mo\u017cliwo\u015b\u0107 dostosowania marki<\/strong><\/li>\n<li><strong>Prosty i czysty<\/strong>: Bia\u0142y symbolizuje elegancki styl marki, odpowiedni dla wysokiej klasy odzie\u017cy, niestandardowych sukienek i innych scen.<\/li>\n<li><strong>Rozszerzenie wizualne<\/strong>: Mo\u017cna je \u0142\u0105czy\u0107 z t\u0142oczeniem na gor\u0105co, technologi\u0105 UV lub ta\u015bmami w kolorze marki, aby uzyska\u0107 kontrastowy efekt wizualny.<\/li>\n<\/ol>\n<h2 id=\"-third-ribbon-accessories-aesthetic-details-and-brand-recognition-enhancement-\"><strong>3. Akcesoria do wst\u0105\u017cek: estetyczne detale i zwi\u0119kszenie rozpoznawalno\u015bci marki<\/strong><\/h2>\n<ol>\n<li><strong>Wyb\u00f3r materia\u0142u<\/strong>\u00a0Zapewniaj\u0105 satynowe, poliestrowe, jedwabne i inne wielomateria\u0142owe wst\u0105\u017cki, obs\u0142uguj\u0105 niestandardow\u0105 szeroko\u015b\u0107, kolor i logo marki t\u0142oczone na gor\u0105co, wzmacniaj\u0105 poczucie ceremonii i ekskluzywno\u015bci opakowania.<\/li>\n<li><strong>Schemat dekoracji<\/strong><\/li>\n<li><strong>Metoda wi\u0105zania na kokardk\u0119<\/strong>Klasyczna r\u0119czna konstrukcja, odpowiednia do magnetycznych pude\u0142ek prezentowych z klapk\u0105 lub szuflad\u0105, aby poprawi\u0107 wra\u017cenia z rozpakowywania.<\/li>\n<li><strong>Metalowa klamra<\/strong>: Po\u0142\u0105cz wst\u0105\u017ck\u0119 i akrylow\u0105 tabliczk\u0119 znamionow\u0105, aby stworzy\u0107 lekki, luksusowy symbol wizualny.<\/li>\n<\/ol>\n<h2 id=\"-fourth-material-and-process-anti-deformation-performance-and-design-expression-\"><strong>4. materia\u0142 i proces: odporno\u015b\u0107 na odkszta\u0142cenia i ekspresja projektu<\/strong><\/h2>\n<ol>\n<li><strong>Materia\u0142 rdzenia<\/strong><\/li>\n<li><strong>Powlekany papier artystyczny C2S 157 g<\/strong>Powierzchnia o wysokiej bia\u0142o\u015bci, dok\u0142adne odwzorowanie kolor\u00f3w, odpowiednia do czterokolorowego druku offsetowego i druku punktowego.<\/li>\n<li><strong>Sztywna tektura 1200 g<\/strong>Tr\u00f3jwarstwowa struktura falista, wytrzyma\u0142o\u015b\u0107 na \u015bciskanie zwi\u0119kszona o 40%, aby zapewni\u0107 brak deformacji podczas transportu na du\u017ce odleg\u0142o\u015bci.<\/li>\n<li><strong>Proces powierzchniowy<\/strong><\/li>\n<li><strong>Z\u0142oto\/srebro<\/strong>Nadaje si\u0119 do dekoracji logo marki lub ramki, metaliczny po\u0142ysk zwi\u0119ksza poczucie luksusu.<\/li>\n<li><strong>Cz\u0119\u015bciowe UV<\/strong>Matowy i b\u0142yszcz\u0105cy kontrast tworz\u0105 si\u0119 na bia\u0142ej powierzchni pude\u0142ka, podkre\u015blaj\u0105c tr\u00f3jwymiarowo\u015b\u0107 wzoru.<\/li>\n<li><strong>Wyt\u0142aczana tekstura<\/strong>: Tworzenie tekstury sk\u00f3ry i tekstury geometrycznej za pomoc\u0105 technologii wyt\u0142aczania w celu zwi\u0119kszenia punkt\u00f3w pami\u0119ci dotykowej.<\/li>\n<\/ol>\n<h2 id=\"-v-highly-customized-service-flexible-adaptation-to-brand-needs-\"><strong>5. Wysoce spersonalizowana us\u0142uga: Elastyczne dostosowanie do potrzeb marki<\/strong><\/h2>\n<ol>\n<li><strong>Wymiary niestandardowe<\/strong><\/li>\n<li><strong>Typ pude\u0142ka<\/strong>: Obs\u0142uguje g\u00f3rne i dolne pokrywy o specjalnych kszta\u0142tach, takie jak okr\u0105g\u0142e, sze\u015bciok\u0105tne i w kszta\u0142cie ksi\u0105\u017cki, aby spe\u0142ni\u0107 potrzeby pakowania specjalnej odzie\u017cy (takiej jak sukienki i garnitury).<\/li>\n<li><strong>Rozmiar<\/strong>: \u015arednica wewn\u0119trzna \/ zewn\u0119trzna jest precyzyjnie zaprojektowana zgodnie z rozmiarem odzie\u017cy i nadaje si\u0119 do akcesori\u00f3w podszewkowych, takich jak wieszaki i worki na kurz.<\/li>\n<li><strong>Efekt drukowania<\/strong>: Zapewniamy sitodruk, cyfrowe drukowanie atramentowe i inne procesy pozwalaj\u0105ce uzyska\u0107 spersonalizowane efekty, takie jak gradient i kolory fluorescencyjne.<\/li>\n<li><strong>Zalety fabryki \u017ar\u00f3de\u0142<\/strong><\/li>\n<li><strong>W\u0142asna linia produkcyjna<\/strong>: Obejmuj\u0105c ca\u0142y proces projektowania, proofingu i masowej produkcji, niestandardowe zam\u00f3wienia mog\u0105 by\u0107 dostarczone w ci\u0105gu zaledwie 7 dni.<\/li>\n<li><strong>Kontrola koszt\u00f3w<\/strong>: Zaopatrzenie na du\u017c\u0105 skal\u0119 i zautomatyzowana produkcja, cena jest 15%-20% ni\u017csza ni\u017c podobnych produkt\u00f3w na rynku.<\/li>\n<\/ol>\n<h2 id=\"-vi-application-scenarios-and-customer-value-\"><strong>6. Scenariusze zastosowa\u0144 i warto\u015b\u0107 dla klienta<\/strong><\/h2>\n<ol>\n<li><strong>Obowi\u0105zuj\u0105ce pola<\/strong>\u00a0Luksusowa odzie\u017c, wysokiej klasy garnitury na zam\u00f3wienie, suknie \u015blubne, limitowana edycja odzie\u017cy pod wsp\u00f3ln\u0105 mark\u0105 itp.<\/li>\n<li><strong>Zwi\u0119kszenie warto\u015bci marki<\/strong><\/li>\n<li><strong>Ceremonia unboxingu<\/strong>: Konstrukcja magnetycznych klamer, wst\u0105\u017cek i innych detali wzmacnia postrzeganie marki przez konsument\u00f3w.<\/li>\n<li><strong>Obraz \u015brodowiska<\/strong>: Papier z certyfikatem FSC i degradowalne ta\u015bmy s\u0105 u\u017cywane, aby sprosta\u0107 trendowi zr\u00f3wnowa\u017conej mody.<\/li>\n<\/ol>\n<h2 id=\"-cooperation-process-\"><strong>Proces wsp\u00f3\u0142pracy<\/strong><\/h2>\n<ol>\n<li><strong>Komunikacja na \u017c\u0105danie<\/strong>: Podaj kluczowe informacje, takie jak kategorie odzie\u017cy, ton marki, bud\u017cet itp.<\/li>\n<li><strong>Sprawdzanie projektu<\/strong>: Dostarczenie rendering\u00f3w 3D i fizycznych pude\u0142ek z pr\u00f3bkami w ci\u0105gu 3 dni roboczych.<\/li>\n<li><strong>Dostawa do produkcji masowej<\/strong>: Po potwierdzeniu pr\u00f3bki masowa produkcja zostanie zako\u0144czona, a logistyka zostanie zorganizowana w ci\u0105gu 7-14 dni.<\/li>\n<\/ol>","protected":false},"excerpt":{"rendered":"<ul>\n<li><strong>Ekskluzywna estetyka:<\/strong>\u00a0Monochromatyczny kontrast poprawia postrzeganie marki.<\/li>\n<li><strong>Przyjazny dla \u015brodowiska:<\/strong>\u00a0Materia\u0142y nadaj\u0105ce si\u0119 do recyklingu s\u0105 zgodne z zasadami zr\u00f3wnowa\u017conego rozwoju marki.<\/li>\n<li><strong>Op\u0142acalno\u015b\u0107:<\/strong>\u00a0Ceny hurtowe dla partner\u00f3w hurtowych\/detalicznych.<\/li>\n<li><strong>Szybka realizacja:<\/strong> Niestandardowy rozmiar i branding w ci\u0105gu 7-14 dni.<\/li>\n<li><strong>Wielozadaniowo\u015b\u0107:<\/strong>\u00a0Idealny do sklep\u00f3w odzie\u017cowych, na wesela lub imprezy firmowe.<\/li>\n<\/ul>","protected":false},"featured_media":9027,"template":"","meta":[],"product_brand":[],"product_cat":[30,414,425,31],"product_tag":[1047,1048,477],"class_list":{"0":"post-9026","1":"product","2":"type-product","3":"status-publish","4":"has-post-thumbnail","6":"product_cat-by-industry","7":"product_cat-custom-apparel-boxes","8":"product_cat-lid-and-base-gift-box","9":"product_cat-paper-box-style","10":"product_tag-apparel-packaging-gift-boxe","11":"product_tag-custom-apparel-boxe-wholesale","12":"product_tag-custom-clothing-packaging","14":"first","15":"instock","16":"shipping-taxable","17":"product-type-simple"},"_links":{"self":[{"href":"https:\/\/zojopackaging.com\/pl\/wp-json\/wp\/v2\/product\/9026","targetHints":{"allow":["GET"]}}],"collection":[{"href":"https:\/\/zojopackaging.com\/pl\/wp-json\/wp\/v2\/product"}],"about":[{"href":"https:\/\/zojopackaging.com\/pl\/wp-json\/wp\/v2\/types\/product"}],"version-history":[{"count":1,"href":"https:\/\/zojopackaging.com\/pl\/wp-json\/wp\/v2\/product\/9026\/revisions"}],"predecessor-version":[{"id":9034,"href":"https:\/\/zojopackaging.com\/pl\/wp-json\/wp\/v2\/product\/9026\/revisions\/9034"}],"wp:featuredmedia":[{"embeddable":true,"href":"https:\/\/zojopackaging.com\/pl\/wp-json\/wp\/v2\/media\/9027"}],"wp:attachment":[{"href":"https:\/\/zojopackaging.com\/pl\/wp-json\/wp\/v2\/media?parent=9026"}],"wp:term":[{"taxonomy":"product_brand","embeddable":true,"href":"https:\/\/zojopackaging.com\/pl\/wp-json\/wp\/v2\/product_brand?post=9026"},{"taxonomy":"product_cat","embeddable":true,"href":"https:\/\/zojopackaging.com\/pl\/wp-json\/wp\/v2\/product_cat?post=9026"},{"taxonomy":"product_tag","embeddable":true,"href":"https:\/\/zojopackaging.com\/pl\/wp-json\/wp\/v2\/product_tag?post=9026"}],"curies":[{"name":"wp","href":"https:\/\/api.w.org\/{rel}","templated":true}]}}