{"id":9035,"date":"2025-03-31T22:08:47","date_gmt":"2025-03-31T14:08:47","guid":{"rendered":"https:\/\/zojopackaging.com\/?post_type=product&#038;p=9035"},"modified":"2025-03-31T22:26:27","modified_gmt":"2025-03-31T14:26:27","slug":"custom-luxury-highed-baby-skincare-packaging-gift-boxes-odm","status":"publish","type":"product","link":"https:\/\/zojopackaging.com\/pl\/product\/custom-luxury-highed-baby-skincare-packaging-gift-boxes-odm\/","title":{"rendered":"Niestandardowe luksusowe opakowania do piel\u0119gnacji sk\u00f3ry dla niemowl\u0105t ODM"},"content":{"rendered":"<h2 id=\"-core-parameters-of-product-design-\"><strong>Podstawowe parametry projektowania produktu<\/strong><\/h2>\n<ol>\n<li><strong>Typ i struktura skrzynki<\/strong><\/li>\n<li><strong>Typ g\u00f3rnej i dolnej skrzynki<\/strong>: Przyjmuje zintegrowan\u0105 struktur\u0119 g\u00f3rnej i dolnej pokrywy, kt\u00f3ra jest wygodna do otwierania i zamykania oraz ma silne uszczelnienie, co jest zgodne z pozycjonowaniem wysokiej klasy pude\u0142ek upominkowych. Wewn\u0119trzne pude\u0142ko i zewn\u0119trzna pokrywa s\u0105 p\u0142ynnie dopasowane dzi\u0119ki precyzyjnej technologii sztancowania, z wysokim stopniem modelowania, odpowiednim do masowej produkcji i szybkiej dostawy.<\/li>\n<li><strong>Adaptacja wyk\u0142adziny wewn\u0119trznej<\/strong>: Podszewk\u0119 EVA mo\u017cna dostosowa\u0107, a form\u0119 mo\u017cna dok\u0142adnie otworzy\u0107 zgodnie z rozmiarem produktu, aby uzyska\u0107 stabilne mocowanie produktu, zmniejszy\u0107 ryzyko wibracji podczas transportu i zoptymalizowa\u0107 wykorzystanie przestrzeni, aby unikn\u0105\u0107 nadmiernego pakowania.<\/li>\n<li><strong>Materia\u0142 i ochrona \u015brodowiska<\/strong><\/li>\n<li><strong>Dwuwarstwowy materia\u0142 kompozytowy<\/strong>: Warstwa zewn\u0119trzna to powlekany papier artystyczny C2S o gramaturze 157 g (podw\u00f3jny papier miedziany), charakteryzuj\u0105cy si\u0119 wysokim odwzorowaniem kolor\u00f3w i delikatnym dotykiem; warstwa wewn\u0119trzna to sztywny karton (tektura) o gramaturze 1200 g, kt\u00f3ry ma du\u017c\u0105 no\u015bno\u015b\u0107 i doskona\u0142\u0105 odporno\u015b\u0107 na nacisk.<\/li>\n<li><strong>Zr\u00f3wnowa\u017cona certyfikacja<\/strong>: Materia\u0142 spe\u0142nia standardy ochrony \u015brodowiska FSC i nadaje si\u0119 do recyklingu i degradacji, co spe\u0142nia podw\u00f3jne potrzeby bezpiecze\u0144stwa i ochrony \u015brodowiska w bran\u017cy matek i dzieci.<\/li>\n<li><strong>Rzemios\u0142o i prezentacja wizualna<\/strong><\/li>\n<li><strong>T\u0142oczenie na gor\u0105co<\/strong>: Metalowa folia jest przenoszona na powierzchni\u0119 pude\u0142ka za pomoc\u0105 technologii prasowania na gor\u0105co w wysokiej temperaturze, aby uzyska\u0107 luksusowy metaliczny po\u0142ysk. Mo\u017cna j\u0105 dostosowa\u0107 za pomoc\u0105 efekt\u00f3w wielokolorowych, takich jak z\u0142oto, r\u00f3\u017cowe z\u0142oto i laser, aby zwi\u0119kszy\u0107 rozpoznawalno\u015b\u0107 marki.<\/li>\n<li><strong>Superpozycja proces\u00f3w powierzchniowych<\/strong>: Obs\u0142uguje cz\u0119\u015bciowe UV (wysoki po\u0142ysk\/mat), wyt\u0142aczanie (wyt\u0142aczana tekstura), sitodruk i inne kombinacje proces\u00f3w, takie jak wyt\u0142aczanie logo marki + t\u0142oczenie na gor\u0105co lub wz\u00f3r UV i t\u0142oczenie na gor\u0105co, aby zwi\u0119kszy\u0107 tr\u00f3jwymiarowy poziom wizualny.<\/li>\n<li><strong>Wysoce spersonalizowana us\u0142uga<\/strong><\/li>\n<li><strong>Pe\u0142nowymiarowa personalizacja<\/strong>: Od rozmiaru pude\u0142ka (obs\u0142uga ci\u0119cia w specjalnym kszta\u0142cie), schematu kolor\u00f3w (dopasowanie numeru koloru Pantone), materia\u0142u (wyb\u00f3r matowej\/b\u0142yszcz\u0105cej podstawy papieru) do kombinacji proces\u00f3w powierzchniowych, mo\u017cna go elastycznie dostosowa\u0107 do potrzeb marki.<\/li>\n<li><strong>Dostosowanie stylu projektowania<\/strong>: Mo\u017ce zawiera\u0107 elementy takie jak chi\u0144ski styl, proste nordyckie i kresk\u00f3wkowe IP, takie jak zarysowanie orientalnych wzor\u00f3w za pomoc\u0105 linii t\u0142oczonych na gor\u0105co lub po\u0142\u0105czenie technologii wyt\u0142aczania w celu zaprezentowania uroczego obrazu IP.<\/li>\n<li><strong>Zalety fabryki \u017ar\u00f3d\u0142owej<\/strong><\/li>\n<li><strong>Integracja \u0142a\u0144cucha dostaw<\/strong>: Lokalna chi\u0144ska fabryka opakowa\u0144 do piel\u0119gnacji sk\u00f3ry dziecka, zapewniaj\u0105ca kompleksow\u0105 obs\u0142ug\u0119 od projektowania, sprawdzania do masowej produkcji, skracaj\u0105ca cykl dostaw i obni\u017caj\u0105ca koszty o 30%-50% w por\u00f3wnaniu z opakowaniami importowanymi.<\/li>\n<li><strong>Gwarancja kontroli jako\u015bci<\/strong>: Przeszed\u0142 certyfikacj\u0119 systemu zarz\u0105dzania jako\u015bci\u0105 ISO 9001, \u015bci\u015ble kontroluj\u0105c kluczowe wska\u017aniki, takie jak odporno\u015b\u0107 na sk\u0142adanie kartonu i przyczepno\u015b\u0107 t\u0142oczenia na gor\u0105co, aby zapewni\u0107, \u017ce gotowy produkt spe\u0142nia normy bezpiecze\u0144stwa dla produkt\u00f3w dla niemowl\u0105t (takie jak GB 31701).<\/li>\n<\/ol>\n<h2 id=\"-summary-of-advantages-\"><strong>Podsumowanie zalet<\/strong><\/h2>\n<ol>\n<li><strong>Najwy\u017csze mo\u017cliwo\u015bci personalizacji<\/strong><\/li>\n<li>Pocz\u0105wszy od struktury pude\u0142ka, a sko\u0144czywszy na technologii powierzchni, zapewnia pe\u0142ne rozwi\u0105zania w zakresie dostosowywania, aby wspiera\u0107 potrzeby projektowe zwi\u0105zane z r\u00f3\u017cnicowaniem marki. Na przyk\u0142ad, technologia t\u0142oczenia na gor\u0105co i wyt\u0142aczania mo\u017ce by\u0107 po\u0142\u0105czona w celu stworzenia podw\u00f3jnego wra\u017cenia \"dotykowego + wizualnego\" lub konstrukcja przegr\u00f3dki z wy\u015bci\u00f3\u0142k\u0105 EVA mo\u017ce by\u0107 wykorzystana do uzyskania kombinacji opakowa\u0144 produkt\u00f3w wielu kategorii.<\/li>\n<li><strong>Luksusowe rzemios\u0142o i kompatybilno\u015b\u0107 z ochron\u0105 \u015brodowiska<\/strong><\/li>\n<li>Proces t\u0142oczenia na gor\u0105co jest stosowany w celu podniesienia jako\u015bci pude\u0142ka upominkowego, podczas gdy stosowane s\u0105 przyjazne dla \u015brodowiska materia\u0142y papierowe, kt\u00f3re spe\u0142niaj\u0105 trend zr\u00f3wnowa\u017conego pakowania na globalnym rynku matek i niemowl\u0105t (np. przepisy UE REACH).<\/li>\n<li><strong>Optymalna r\u00f3wnowaga mi\u0119dzy kosztami a jako\u015bci\u0105<\/strong><\/li>\n<li>Opieraj\u0105c si\u0119 na zaletach chi\u0144skiego \u0142a\u0144cucha dostaw, model bezpo\u015brednich dostaw z fabryki \u017ar\u00f3d\u0142owej osi\u0105ga wysok\u0105 wydajno\u015b\u0107 kosztow\u0105, zapewniaj\u0105c, \u017ce cena jednostkowa zam\u00f3wie\u0144 hurtowych jest 15%-20% ni\u017csza ni\u017c \u015brednia w bran\u017cy, a jako\u015b\u0107 jest por\u00f3wnywalna z mi\u0119dzynarodowymi markami wysokiej klasy.<\/li>\n<\/ol>\n<hr \/>\n<p><strong>Obowi\u0105zuj\u0105ce scenariusze<\/strong>wysokiej klasy pude\u0142ka upominkowe marek do piel\u0119gnacji sk\u00f3ry niemowl\u0105t (takie jak zestaw krem + olejek do masa\u017cu), limitowane edycje \u015bwi\u0105teczne, wsp\u00f3lne serie IP itp., aby pom\u00f3c markom w zdobyciu rynku luksusowej piel\u0119gnacji dla matek i niemowl\u0105t.\u00a0<strong>Proces wsp\u00f3\u0142pracy<\/strong>Komunikacja z zapotrzebowaniem \u2192 Projektowanie struktury 3D \u2192 Sprawdzanie procesu \u2192 Dostarczanie masowej produkcji (ca\u0142y proces mo\u017ce zosta\u0107 zako\u0144czony w ci\u0105gu 15 dni roboczych).<\/p>","protected":false},"excerpt":{"rendered":"<p>\ud83d\udee1\ufe0f Ekologiczny i bezpieczny - papier z certyfikatem FSC i podszewka dopuszczona do kontaktu z \u017cywno\u015bci\u0105 zapewniaj\u0105 bezpiecze\u0144stwo dzieci.<br \/>\nTrwa\u0142a konstrukcja - wzmocniona konstrukcja chroni delikatne produkty do piel\u0119gnacji sk\u00f3ry podczas transportu.<br \/>\nGlobalna zgodno\u015b\u0107 - Spe\u0142nia normy bezpiecze\u0144stwa UE\/USA dla bezproblemowego eksportu.<br \/>\nSzybka us\u0142uga \"pod klucz\" - niskie MOQ i skalowalna produkcja dla startup\u00f3w i uznanych marek.<\/p>","protected":false},"featured_media":9036,"template":"","meta":[],"product_brand":[],"product_cat":[30,390,425,31],"product_tag":[1049,1050,1051],"class_list":{"0":"post-9035","1":"product","2":"type-product","3":"status-publish","4":"has-post-thumbnail","6":"product_cat-by-industry","7":"product_cat-custom-cosmetics-boxes","8":"product_cat-lid-and-base-gift-box","9":"product_cat-paper-box-style","10":"product_tag-baby-skincare-packaging","11":"product_tag-custom-skincare-gift-boxes","12":"product_tag-skincare-packaging","14":"first","15":"instock","16":"shipping-taxable","17":"product-type-simple"},"_links":{"self":[{"href":"https:\/\/zojopackaging.com\/pl\/wp-json\/wp\/v2\/product\/9035","targetHints":{"allow":["GET"]}}],"collection":[{"href":"https:\/\/zojopackaging.com\/pl\/wp-json\/wp\/v2\/product"}],"about":[{"href":"https:\/\/zojopackaging.com\/pl\/wp-json\/wp\/v2\/types\/product"}],"version-history":[{"count":1,"href":"https:\/\/zojopackaging.com\/pl\/wp-json\/wp\/v2\/product\/9035\/revisions"}],"predecessor-version":[{"id":9042,"href":"https:\/\/zojopackaging.com\/pl\/wp-json\/wp\/v2\/product\/9035\/revisions\/9042"}],"wp:featuredmedia":[{"embeddable":true,"href":"https:\/\/zojopackaging.com\/pl\/wp-json\/wp\/v2\/media\/9036"}],"wp:attachment":[{"href":"https:\/\/zojopackaging.com\/pl\/wp-json\/wp\/v2\/media?parent=9035"}],"wp:term":[{"taxonomy":"product_brand","embeddable":true,"href":"https:\/\/zojopackaging.com\/pl\/wp-json\/wp\/v2\/product_brand?post=9035"},{"taxonomy":"product_cat","embeddable":true,"href":"https:\/\/zojopackaging.com\/pl\/wp-json\/wp\/v2\/product_cat?post=9035"},{"taxonomy":"product_tag","embeddable":true,"href":"https:\/\/zojopackaging.com\/pl\/wp-json\/wp\/v2\/product_tag?post=9035"}],"curies":[{"name":"wp","href":"https:\/\/api.w.org\/{rel}","templated":true}]}}