{"id":9043,"date":"2025-04-01T09:21:15","date_gmt":"2025-04-01T01:21:15","guid":{"rendered":"https:\/\/zojopackaging.com\/?post_type=product&#038;p=9043"},"modified":"2025-04-01T09:39:10","modified_gmt":"2025-04-01T01:39:10","slug":"luxury-cardbox-vip-credit-business-card-packaging-gift-box","status":"publish","type":"product","link":"https:\/\/zojopackaging.com\/pl\/product\/luxury-cardbox-vip-credit-business-card-packaging-gift-box\/","title":{"rendered":"Luksusowe pude\u0142ko na karty kredytowe Vip Opakowanie na wizyt\u00f3wki Pude\u0142ko upominkowe"},"content":{"rendered":"<h2 id=\"-luxury-card-box-vip-credit-card-business-card-packaging-gift-box-product-description-\"><strong>Luksusowe pude\u0142ko na karty kredytowe VIP opakowanie na wizyt\u00f3wki pude\u0142ko upominkowe\u00a0<\/strong><\/h2>\n<h2 id=\"-product-design-highlights-\"><strong>Najwa\u017cniejsze cechy projektu produktu<\/strong><\/h2>\n<ol>\n<li><strong>Magnetyczny wbudowany korpus skrzynki<\/strong>\u00a0Ukryta konstrukcja magnesu zapobiega zu\u017cyciu spowodowanemu przez ods\u0142oni\u0119te magnesy, precyzyjna adsorpcja po zamkni\u0119ciu, p\u0142ynne otwieranie i zamykanie. Ca\u0142e pude\u0142ko nie ma dodatkowych akcesori\u00f3w sprz\u0119towych, a minimalistyczne linie podkre\u015blaj\u0105 nowoczesn\u0105 estetyk\u0119, wizualnie skupiaj\u0105c si\u0119 na szlachetnych atrybutach karty.<\/li>\n<li><strong>Przyjazny dla \u015brodowiska materia\u0142 wysokiej klasy<\/strong>\u00a0G\u0142\u00f3wna cz\u0119\u015b\u0107 pude\u0142ka wykorzystuje\u00a0<strong>Powlekany papier artystyczny C2S 157 g<\/strong>\u00a0(podw\u00f3jny papier miedziany) z\u00a0<strong>Sztywna tektura 1200 g<\/strong>\u00a0(sztywna tektura o wysokiej gramaturze), bior\u0105c pod uwag\u0119 ochron\u0119 \u015brodowiska i trwa\u0142o\u015b\u0107. Papier przeszed\u0142 certyfikacj\u0119 le\u015bn\u0105 FSC i mo\u017ce by\u0107 w pe\u0142ni poddany recyklingowi i degradacji, co jest zgodne z globalnym trendem ekologicznych opakowa\u0144.<\/li>\n<li><strong>Pe\u0142na czarna matowa podstawa + z\u0142ota folia do t\u0142oczenia na gor\u0105co<\/strong> Korpus pude\u0142ka jest w kolorze g\u0142\u0119bokiej matowej czerni, symbolizuj\u0105cej stonowany luksus, a powierzchnia jest pokryta z\u0142otem<strong>\u00a0t\u0142oczenie na gor\u0105co<\/strong> Folia (taka jak LOGO lub wz\u00f3r), kt\u00f3ra tworzy tr\u00f3jwymiarowy efekt \u015bwiat\u0142a i cienia poprzez t\u0142oczenie folii metalowej w wysokiej temperaturze, z delikatnym dotykiem i bogatymi poziomami wizualnymi, wzmacniaj\u0105c wysokiej klasy tonacj\u0119 marki.<\/li>\n<li><strong>Pe\u0142nowymiarowa us\u0142uga dostosowywania<\/strong><\/li>\n<li><strong>Typ i rozmiar pude\u0142ka<\/strong>: Obs\u0142uguje 16 typ\u00f3w pude\u0142ek, takich jak g\u00f3rne i dolne pokrywy, pude\u0142ka z szufladami i pude\u0142ka w kszta\u0142cie ksi\u0105\u017cki, kt\u00f3re mog\u0105 dok\u0142adnie pasowa\u0107 do r\u00f3\u017cnych specyfikacji, takich jak karty kredytowe i wizyt\u00f3wki.<\/li>\n<li><strong>Kolor i materia\u0142<\/strong>: Mo\u017cliwo\u015b\u0107 dostosowania kolor\u00f3w Pantone, opcjonalny czarny matowy\/b\u0142yszcz\u0105cy, z\u0142oty i srebrny karton lub specjalny papier, aby zaspokoi\u0107 potrzeby zr\u00f3\u017cnicowanego wizerunku marki.<\/li>\n<li><strong>Technologia powierzchniowa<\/strong>: Opr\u00f3cz t\u0142oczenia na gor\u0105co\/srebra, mo\u017cna na\u0142o\u017cy\u0107 lokalne efekty UV, wyt\u0142aczania, laserowe i inne, aby zwi\u0119kszy\u0107 rozpoznawalno\u015b\u0107 opakowania.<\/li>\n<li><strong>Podszewka EVA jest precyzyjnie dopasowana<\/strong>\u00a0Dostosowane do rozmiaru karty\u00a0<strong>Podszewka EVA o wysokiej g\u0119sto\u015bci<\/strong>Dzi\u0119ki grubo\u015bci i dok\u0142adno\u015bci rowk\u00f3w \u00b10,1 mm zapewnia odporn\u0105 na wstrz\u0105sy ochron\u0119 bufora, jednocze\u015bnie optymalizuj\u0105c wykorzystanie przestrzeni, a podszewka jest wyjmowana i wymienna, dostosowuj\u0105c si\u0119 do wielu gniazd kart lub po\u0142\u0105czonych scenariuszy przechowywania.<\/li>\n<\/ol>","protected":false},"excerpt":{"rendered":"<p><strong>\"Mo\u017cliwo\u015b\u0107 pe\u0142nej personalizacji na najwy\u017cszym poziomie\"<\/strong>: Od projektu pude\u0142ka, przez wyb\u00f3r przyjaznych dla \u015brodowiska materia\u0142\u00f3w, po proces t\u0142oczenia na gor\u0105co i dostosowanie podszewki EVA, wszystkie s\u0105 wykonywane przez fabryk\u0119 \u017ar\u00f3d\u0142ow\u0105 (tak\u0105 jak wysokiej klasy producenci dostosowuj\u0105cy w Dongguan, Shenzhen itp.), realizuj\u0105c p\u0142ynne po\u0142\u0105czenie \"projektowania - sprawdzania - produkcji masowej\". Fabryka jest wyposa\u017cona w niemiecki sprz\u0119t CNC (taki jak linia produkcyjna Homag), wspieraj\u0105cy elastyczn\u0105 produkcj\u0119 ma\u0142oseryjn\u0105, zapewniaj\u0105c jednocze\u015bnie luksusow\u0105 jako\u015b\u0107, koszt jest 30% ni\u017cszy ni\u017c tradycyjny model OEM<\/p>","protected":false},"featured_media":9047,"template":"","meta":[],"product_brand":[],"product_cat":[30,413,424,31],"product_tag":[1053,1054,1052],"class_list":{"0":"post-9043","1":"product","2":"type-product","3":"status-publish","4":"has-post-thumbnail","6":"product_cat-by-industry","7":"product_cat-consumer-electronics-boxes","8":"product_cat-magnetic-closure-boxes","9":"product_cat-paper-box-style","10":"product_tag-credit-business-packaging-box","11":"product_tag-vip-card-gift-box","12":"product_tag-vip-credit-gift-box","14":"first","15":"instock","16":"shipping-taxable","17":"product-type-simple"},"_links":{"self":[{"href":"https:\/\/zojopackaging.com\/pl\/wp-json\/wp\/v2\/product\/9043","targetHints":{"allow":["GET"]}}],"collection":[{"href":"https:\/\/zojopackaging.com\/pl\/wp-json\/wp\/v2\/product"}],"about":[{"href":"https:\/\/zojopackaging.com\/pl\/wp-json\/wp\/v2\/types\/product"}],"version-history":[{"count":1,"href":"https:\/\/zojopackaging.com\/pl\/wp-json\/wp\/v2\/product\/9043\/revisions"}],"predecessor-version":[{"id":9050,"href":"https:\/\/zojopackaging.com\/pl\/wp-json\/wp\/v2\/product\/9043\/revisions\/9050"}],"wp:featuredmedia":[{"embeddable":true,"href":"https:\/\/zojopackaging.com\/pl\/wp-json\/wp\/v2\/media\/9047"}],"wp:attachment":[{"href":"https:\/\/zojopackaging.com\/pl\/wp-json\/wp\/v2\/media?parent=9043"}],"wp:term":[{"taxonomy":"product_brand","embeddable":true,"href":"https:\/\/zojopackaging.com\/pl\/wp-json\/wp\/v2\/product_brand?post=9043"},{"taxonomy":"product_cat","embeddable":true,"href":"https:\/\/zojopackaging.com\/pl\/wp-json\/wp\/v2\/product_cat?post=9043"},{"taxonomy":"product_tag","embeddable":true,"href":"https:\/\/zojopackaging.com\/pl\/wp-json\/wp\/v2\/product_tag?post=9043"}],"curies":[{"name":"wp","href":"https:\/\/api.w.org\/{rel}","templated":true}]}}