{"id":9051,"date":"2025-04-01T09:39:24","date_gmt":"2025-04-01T01:39:24","guid":{"rendered":"https:\/\/zojopackaging.com\/?post_type=product&#038;p=9051"},"modified":"2025-04-01T09:56:44","modified_gmt":"2025-04-01T01:56:44","slug":"oem-odm-order-custom-press-on-nail-packaging-boxes-in-bulk","status":"publish","type":"product","link":"https:\/\/zojopackaging.com\/pl\/product\/oem-odm-order-custom-press-on-nail-packaging-boxes-in-bulk\/","title":{"rendered":"OEM ODM Zam\u00f3w niestandardowe pude\u0142ka do pakowania gwo\u017adzi luzem"},"content":{"rendered":"<h2 id=\"oem-odm-customized-press-on-nail-packaging-box-product-description\">OEM ODM Dostosowane pude\u0142ko do pakowania paznokci na wcisk<\/h2>\n<h2 id=\"-1-innovative-box-design-double-sided-magnetic-box-\"><strong>1. Innowacyjna konstrukcja pude\u0142ka: Dwustronne pude\u0142ko magnetyczne<\/strong><\/h2>\n<p>Przyj\u0119cie\u00a0<strong>Precyzyjna technologia magnetycznego otwierania i zamykania<\/strong>\u00a0aby zapewni\u0107 p\u0142ynn\u0105 adsorpcj\u0119 mi\u0119dzy pokryw\u0105 pude\u0142ka a jego korpusem, p\u0142ynne otwieranie i zamykanie bez zacinania si\u0119 oraz zwi\u0119kszy\u0107 komfort u\u017cytkowania. Unikalna konstrukcja dwustronnego pude\u0142ka magnetycznego \u0142\u0105czy w sobie\u00a0<strong>Efekt wizualny i funkcjonalno\u015b\u0107<\/strong>kt\u00f3ra mo\u017ce zwi\u0119kszy\u0107 rozpoznawalno\u015b\u0107 marki i jest odpowiednia dla wysokiej klasy marek paznokci lub produkt\u00f3w z limitowanej edycji.<\/p>\n<h2 id=\"-2-minimalist-white-box-body-\"><strong>2. Minimalistyczny bia\u0142y korpus<\/strong><\/h2>\n<p>Korpus skrzynki wykorzystuje\u00a0<strong>czysto bia\u0142e pod\u0142o\u017ce<\/strong>\u00a0aby zmaksymalizowa\u0107 przejrzysto\u015b\u0107 i nasycenie kolor\u00f3w drukowanych tre\u015bci, co jest szczeg\u00f3lnie odpowiednie do wy\u015bwietlania logo marki, wzor\u00f3w artystycznych lub informacji o produkcie, tworz\u0105c \"atrakcj\u0119 pierwszego wejrzenia\" dla konsument\u00f3w.<\/p>\n<h2 id=\"-3-environmentally-friendly-material-combination-\"><strong>3. Po\u0142\u0105czenie materia\u0142\u00f3w przyjaznych dla \u015brodowiska<\/strong><\/h2>\n<p>Przyj\u0119cie\u00a0<strong>Powlekany papier artystyczny C2S 157 g + twardy karton 1200 g<\/strong>bior\u0105c pod uwag\u0119 zar\u00f3wno wytrzyma\u0142o\u015b\u0107, jak i tekstur\u0119. Powierzchnia papieru C2S jest delikatna i g\u0142adka, odpowiednia do precyzyjnego drukowania; sztywna tektura zapewnia odporno\u015b\u0107 na nacisk, dostosowuje si\u0119 do\u00a0<strong>zr\u00f3wnowa\u017cony trend w opakowaniach<\/strong>\u00a0(nadaje si\u0119 do recyklingu i degradacji) i spe\u0142nia wymagania certyfikacji \u015brodowiskowej na rynku europejskim i ameryka\u0144skim.<\/p>\n<h2 id=\"-4-luxury-hot-stamping-process-\"><strong>4. Luksusowy proces t\u0142oczenia na gor\u0105co<\/strong><\/h2>\n<p>Przez\u00a0<strong>Niestandardowy proces t\u0142oczenia na gor\u0105co<\/strong>\u00a0(opcjonalnie z\u0142oto\/srebro\/r\u00f3\u017cowe z\u0142oto i inne kolory), efekt metalicznego po\u0142ysku uzyskuje si\u0119 w kluczowych obszarach powierzchni pude\u0142ka (takich jak LOGO marki, obramowanie), wzmacniaj\u0105c\u00a0<strong>Wysokiej jako\u015bci tekstury i poziom wizualny<\/strong>\u00a0opakowania, kt\u00f3re nadaje si\u0119 do lekkich luksusowych marek paznokci lub \u015bwi\u0105tecznych pude\u0142ek prezentowych.<\/p>\n<h2 id=\"-5-flexible-customization-service-\"><strong>5. Elastyczna us\u0142uga dostosowywania<\/strong><\/h2>\n<ul>\n<li><strong>Rozw\u00f3j typu pude\u0142kowego<\/strong>: Obs\u0142uga specjalnych projekt\u00f3w konstrukcyjnych, takich jak pude\u0142ka o specjalnych kszta\u0142tach i pude\u0142ka z szufladami, oraz opracowywanie\u00a0<strong>opatentowane typy skrzynek<\/strong>\u00a0zgodnie z potrzebami marki, aby zwi\u0119kszy\u0107 zr\u00f3\u017cnicowan\u0105 konkurencyjno\u015b\u0107.<\/li>\n<li><strong>Podszewka EVA<\/strong>: Dostosuj\u00a0<strong>precyzyjnie naci\u0119ta wy\u015bci\u00f3\u0142ka EVA<\/strong>\u00a0w zale\u017cno\u015bci od rozmiaru i kszta\u0142tu wciskanych produkt\u00f3w do paznokci, aby zamocowa\u0107 produkt, aby zapobiec zu\u017cyciu podczas transportu, jednocze\u015bnie optymalizuj\u0105c wykorzystanie przestrzeni i zmniejszaj\u0105c koszty pakowania.<\/li>\n<li><strong>Pe\u0142na personalizacja parametr\u00f3w<\/strong>Rozmiar, kolor, materia\u0142, efekt nadruku (taki jak lokalny lakier UV, wyt\u0142aczanie) mo\u017cna dostosowa\u0107 do potrzeb r\u00f3\u017cnych linii produkt\u00f3w.<\/li>\n<\/ul>\n<h2 id=\"-6-advantages-of-the-source-factory-\"><strong>6. Zalety fabryki \u017ar\u00f3d\u0142owej<\/strong><\/h2>\n<p>Jako \u017ar\u00f3d\u0142owa fabryka wysokiej klasy opakowa\u0144 w Chinach zapewnia\u00a0<strong>Kompleksowe us\u0142ugi ODM\/OEM<\/strong>:<\/p>\n<ul>\n<li><strong>Konkurencyjno\u015b\u0107 cenowa<\/strong>: W\u0142asna linia produkcyjna i zaopatrzenie na du\u017c\u0105 skal\u0119 w celu zapewnienia optymalnych koszt\u00f3w.<\/li>\n<li><strong>Zapewnienie jako\u015bci<\/strong>: Przeszed\u0142 certyfikacj\u0119 systemu zarz\u0105dzania jako\u015bci\u0105 ISO 9001 i rygorystyczny proces kontroli jako\u015bci.<\/li>\n<li><strong>Szybki proofing<\/strong>: Dostarczenie fizycznych pr\u00f3bek w ci\u0105gu 3-5 dni roboczych w celu skr\u00f3cenia cyklu wprowadzania produktu na rynek.<\/li>\n<\/ul>\n<p>(Uwaga: Powy\u017csze rozwi\u0105zanie mo\u017cna elastycznie dostosowa\u0107 do produkt\u00f3w takich jak lakiery do paznokci, paznokcie do noszenia, narz\u0119dzia do zdobienia paznokci itp., obs\u0142ugiwa\u0107 minimalne zam\u00f3wienie 500 sztuk i zaspokaja\u0107 potrzeby ma\u0142ej i \u015bredniej produkcji pr\u00f3bnej).<\/p>\n<p>Je\u015bli chcesz dowiedzie\u0107 si\u0119 wi\u0119cej na temat rozwi\u0105zania typu box lub uzyska\u0107 wycen\u0119, skontaktuj si\u0119 z naszym zespo\u0142em projektowym.<\/p>","protected":false},"excerpt":{"rendered":"<p><strong>\"Mo\u017cliwo\u015b\u0107 pe\u0142nego dostosowania od projektu do dostawy\"<\/strong>: Opieraj\u0105c si\u0119 na samodzielnie opracowanej bazie danych typu pude\u0142kowego i elastycznej linii produkcyjnej, mo\u017cemy nie tylko spe\u0142ni\u0107\u00a0<strong>precyzyjne pude\u0142ko magnetyczne, materia\u0142y przyjazne dla \u015brodowiska, proces t\u0142oczenia na gor\u0105co<\/strong>\u00a0i inne podstawowe potrzeby, ale tak\u017ce \u0142\u0105czy\u0107 pozycjonowanie marki i trendy rynkowe w celu opracowania\u00a0<strong>Opatentowany typ skrzynki i innowacyjna struktura<\/strong>\u00a0(takie jak magnetyczny mechanizm ss\u0105cy, kt\u00f3ry mo\u017cna wielokrotnie otwiera\u0107 i zamyka\u0107, modu\u0142owy system ok\u0142adzin), aby pom\u00f3c markom w ustaleniu\u00a0<strong>punkty pami\u0119ci wizualnej i bariery do\u015bwiadczenia u\u017cytkownika<\/strong> na rynku zdobienia paznokci<\/p>","protected":false},"featured_media":9060,"template":"","meta":[],"product_brand":[],"product_cat":[30,413,428,31],"product_tag":[1056,1057,1055],"class_list":{"0":"post-9051","1":"product","2":"type-product","3":"status-publish","4":"has-post-thumbnail","6":"product_cat-by-industry","7":"product_cat-consumer-electronics-boxes","8":"product_cat-irregular-shaped-gift-boxes","9":"product_cat-paper-box-style","10":"product_tag-custom-press-on-nail-packaging","11":"product_tag-oem-odm-press-on-nail-boxes","12":"product_tag-press-on-nail-packaging-boxes","14":"first","15":"instock","16":"shipping-taxable","17":"product-type-simple"},"_links":{"self":[{"href":"https:\/\/zojopackaging.com\/pl\/wp-json\/wp\/v2\/product\/9051","targetHints":{"allow":["GET"]}}],"collection":[{"href":"https:\/\/zojopackaging.com\/pl\/wp-json\/wp\/v2\/product"}],"about":[{"href":"https:\/\/zojopackaging.com\/pl\/wp-json\/wp\/v2\/types\/product"}],"version-history":[{"count":1,"href":"https:\/\/zojopackaging.com\/pl\/wp-json\/wp\/v2\/product\/9051\/revisions"}],"predecessor-version":[{"id":9063,"href":"https:\/\/zojopackaging.com\/pl\/wp-json\/wp\/v2\/product\/9051\/revisions\/9063"}],"wp:featuredmedia":[{"embeddable":true,"href":"https:\/\/zojopackaging.com\/pl\/wp-json\/wp\/v2\/media\/9060"}],"wp:attachment":[{"href":"https:\/\/zojopackaging.com\/pl\/wp-json\/wp\/v2\/media?parent=9051"}],"wp:term":[{"taxonomy":"product_brand","embeddable":true,"href":"https:\/\/zojopackaging.com\/pl\/wp-json\/wp\/v2\/product_brand?post=9051"},{"taxonomy":"product_cat","embeddable":true,"href":"https:\/\/zojopackaging.com\/pl\/wp-json\/wp\/v2\/product_cat?post=9051"},{"taxonomy":"product_tag","embeddable":true,"href":"https:\/\/zojopackaging.com\/pl\/wp-json\/wp\/v2\/product_tag?post=9051"}],"curies":[{"name":"wp","href":"https:\/\/api.w.org\/{rel}","templated":true}]}}