{"id":9064,"date":"2025-04-01T09:57:02","date_gmt":"2025-04-01T01:57:02","guid":{"rendered":"https:\/\/zojopackaging.com\/?post_type=product&#038;p=9064"},"modified":"2025-04-01T10:13:42","modified_gmt":"2025-04-01T02:13:42","slug":"custom-luxury-perfume-packaging-gift-box-wholesale-supplier","status":"publish","type":"product","link":"https:\/\/zojopackaging.com\/pl\/product\/custom-luxury-perfume-packaging-gift-box-wholesale-supplier\/","title":{"rendered":"Niestandardowe luksusowe opakowanie na perfumy Pude\u0142ko upominkowe Dostawca hurtowy"},"content":{"rendered":"<h2 id=\"customized-luxury-perfume-packaging-gift-box-wholesale-supplier-product-description\">Dostosowane luksusowe opakowanie na perfumy Pude\u0142ko upominkowe Dostawca hurtowy Opis produktu<\/h2>\n<p>Jako fabryka wysokiej klasy niestandardowych opakowa\u0144 w Chinach, koncentrujemy si\u0119 na dostarczaniu markom perfum\u00a0<strong>Luksusowe pude\u0142ka prezentowe z klapk\u0105<\/strong>\u00a0kt\u00f3re s\u0105 zar\u00f3wno estetyczne, jak i praktyczne, spe\u0142niaj\u0105c r\u00f3\u017cnorodne potrzeby marki w zakresie luksusu, funkcjonalno\u015bci i wydajno\u015bci produkcji. Poni\u017cej przedstawiono najwa\u017cniejsze cechy produktu:<\/p>\n<h2 id=\"1-one-handed-opening-and-closing-flip-design-efficient-and-convenient-\">1.\u00a0<strong>Otwieranie i zamykanie jedn\u0105 r\u0119k\u0105, wydajne i wygodne<\/strong><\/h2>\n<p>Dzi\u0119ki zastosowaniu innowacyjnej konstrukcji typu flip box, precyzyjnych zawias\u00f3w i ergonomicznego rowka, u\u017cytkownicy musz\u0105 tylko nacisn\u0105\u0107 jedn\u0105 r\u0119k\u0105, aby szybko otworzy\u0107 i zamkn\u0105\u0107 urz\u0105dzenie. Dotykowe informacje zwrotne (takie jak wyra\u017any d\u017awi\u0119k) s\u0105 dostarczane, gdy pokrywa pude\u0142ka jest zamkni\u0119ta, aby zapewni\u0107 intuicyjn\u0105 i niezawodn\u0105 obs\u0142ug\u0119. Wn\u0119trze jest dopasowane do niestandardowej podszewki EVA, aby przymocowa\u0107 korpus butelki perfum. Po otwarciu pokrywy mo\u017cna j\u0105 bezpo\u015brednio wyj\u0105\u0107, unikaj\u0105c \u017cmudnych czynno\u015bci i dostosowuj\u0105c si\u0119 do szybkich scenariuszy konsumpcji.<\/p>\n<h2 id=\"2-pure-black-background-color-enhanced-visual-clarity-\">2.\u00a0<strong>Czysty czarny kolor t\u0142a, zwi\u0119kszona przejrzysto\u015b\u0107 wizualna<\/strong><\/h2>\n<p>G\u0142\u00f3wny korpus pude\u0142ka prezentowego przyjmuje czarne pod\u0142o\u017ce o wysokiej czysto\u015bci (takie jak szara tektura z podw\u00f3jnym papierem miedzianym 157g lub specjalna tektura), a kontrast jest wzmocniony przez matow\u0105 \/ b\u0142yszcz\u0105c\u0105 obr\u00f3bk\u0119. Czarne t\u0142o mo\u017ce zmaksymalizowa\u0107 szczeg\u00f3\u0142y tekstu t\u0142oczonego na gor\u0105co, logo marki lub wyt\u0142oczonego wzoru i jest szczeg\u00f3lnie odpowiednie do wy\u015bwietlania z\u0142o\u017conych projekt\u00f3w graficznych lub precyzyjnych informacji o marce. Na przyk\u0142ad po\u0142\u0105czenie czerni i z\u0142ota mo\u017ce zwi\u0119kszy\u0107 efekt wizualny o 40%, co \u0142atwiej przyci\u0105ga uwag\u0119 konsument\u00f3w na p\u00f3\u0142kach sklepowych.<\/p>\n<h2 id=\"3-hot-stamping-technology-luxurious-texture-upgrade-\">3. Z\u0142ota h<strong>Technologia t\u0142oczenia folii, luksusowe ulepszenie tekstury<\/strong><\/h2>\n<p>Korzystaj\u0105c z technologii t\u0142oczenia 3D z\u0142ot\u0105 foli\u0105 na gor\u0105co, metalowa folia jest dok\u0142adnie przenoszona na powierzchni\u0119 pude\u0142ka za pomoc\u0105 wysokiej temperatury i wysokiego ci\u015bnienia, tworz\u0105c tr\u00f3jwymiarow\u0105 tekstur\u0119 (tak\u0105 jak LOGO marki, relief kwiatowy). Kontrast mi\u0119dzy metalicznym po\u0142yskiem i czarnym t\u0142em tworzy <strong>\"z\u0142ocenie ciemn\u0105 noc\u0105\"<\/strong>\u00a0efekt, kt\u00f3ry jest delikatny, odporny na zu\u017cycie i zarysowania. Obs\u0142uguje wielokolorowe t\u0142oczenie na gor\u0105co (z\u0142oto\/srebro\/r\u00f3\u017cowe z\u0142oto) i cz\u0119\u015bciowo wydr\u0105\u017con\u0105 konstrukcj\u0119, aby zaspokoi\u0107 potrzeby zr\u00f3\u017cnicowanej tonacji marki.<\/p>\n<h2 id=\"4-spot-uv-ink-technology-to-improve-production-efficiency-\">4.\u00a0<strong>Technologia punktowego atramentu UV zwi\u0119kszaj\u0105ca wydajno\u015b\u0107 produkcji<\/strong><\/h2>\n<p>Wykorzystuj\u0105c technologi\u0119 lokalnego szklenia UV, atrament jest szybko utwardzany przez promienie ultrafioletowe, a czas schni\u0119cia jest skr\u00f3cony przez 70% w por\u00f3wnaniu z tradycyjnymi procesami. Technologia ta umo\u017cliwia p\u0142ynne po\u0142\u0105czenie druku ci\u0105g\u0142ego z obr\u00f3bk\u0105 ko\u0144cow\u0105 (tak\u0105 jak t\u0142oczenie na gor\u0105co i wyt\u0142aczanie), z dzienn\u0105 wydajno\u015bci\u0105 produkcyjn\u0105 do 10 000 sztuk, znacznie skracaj\u0105c cykl dostawy. Jednocze\u015bnie pow\u0142oka UV mo\u017ce selektywnie zwi\u0119ksza\u0107 po\u0142ysk wzoru (np. naprzemiennie matowy i b\u0142yszcz\u0105cy), wzbogacaj\u0105c warstwowo\u015b\u0107 opakowania.<\/p>\n<h2 id=\"5-full-dimensional-customization-service-precise-adaptation-to-needs-\">5.\u00a0<strong>Pe\u0142nowymiarowa us\u0142uga personalizacji, precyzyjne dostosowanie do potrzeb<\/strong><\/h2>\n<ul>\n<li><strong>Elastyczny rozmiar<\/strong>: Dostosuj wewn\u0119trzn\u0105 \u015brednic\u0119 pude\u0142ka prezentowego do wysoko\u015bci i \u015brednicy butelki perfum, z kontrol\u0105 b\u0142\u0119du \u00b11 mm.<\/li>\n<li><strong>Materia\u0142y opcjonalne<\/strong>: Zapewnia do 12 przyjaznych dla \u015brodowiska materia\u0142\u00f3w, takich jak podw\u00f3jny papier miedziany 157, szara tektura, specjalna sk\u00f3ra itp. oraz obs\u0142uguje drukowanie na papierze z recyklingu i tuszu sojowym.<\/li>\n<li><strong>Optymalizacja funkcji<\/strong>: Wy\u015bci\u00f3\u0142ka EVA jest formowana zgodnie z kszta\u0142tem butelki, wydajno\u015b\u0107 amortyzacji poprawia si\u0119 o 50%, a wska\u017anik wykorzystania przestrzeni wynosi 95%.<\/li>\n<li><strong>Technologia powierzchniowa<\/strong>: Ponad 20 efekt\u00f3w, takich jak t\u0142oczenie na gor\u0105co, wyt\u0142aczanie, laser itp. s\u0105 opcjonalne, wspieraj\u0105c projektowanie wzor\u00f3w na wy\u0142\u0105czno\u015b\u0107 marki.<\/li>\n<\/ul>\n<h2 id=\"6-advantages-of-the-source-factory-both-quality-and-cost-\">6.\u00a0<strong>Zalety fabryki \u017ar\u00f3d\u0142owej, zar\u00f3wno pod wzgl\u0119dem jako\u015bci, jak i koszt\u00f3w<\/strong><\/h2>\n<p>Jako lokalny producent wysokiej klasy opakowa\u0144 w Chinach, integrujemy zasoby \u0142a\u0144cucha dostaw, przyjmujemy zautomatyzowane linie produkcyjne (dzienna produkcja 1 000 000 sztuk), zmniejszamy r\u00f3\u017cnic\u0119 cen po\u015brednik\u00f3w i zapewniamy klientom oferty hurtowe\u00a0<strong>15%-20% ni\u017csza ni\u017c cena rynkowa<\/strong>. Jednocze\u015bnie przeszli\u015bmy system certyfikacji jako\u015bci ISO, aby zapewni\u0107 pe\u0142n\u0105 kontrol\u0119 jako\u015bci procesu od proofingu (dostawa w ci\u0105gu 3 dni) do masowej produkcji (7-15 dni).<\/p>","protected":false},"excerpt":{"rendered":"<p><strong>Model \"Bezpo\u015brednia dostawa z fabryki \u017ar\u00f3d\u0142owej + pe\u0142ne dostosowanie \u0142\u0105cza\"<\/strong>: Jako wysokiej klasy producent opakowa\u0144 w Chinach, osi\u0105gn\u0119li\u015bmy\u00a0<strong>\"Wysoka wydajno\u015b\u0107 kosztowa + szybka reakcja\"<\/strong>\u00a0Podw\u00f3jny prze\u0142om dzi\u0119ki w\u0142asnej bazie produkcyjnej i zintegrowanym us\u0142ugom (projektowanie \u2192 proofing \u2192 produkcja \u2192 logistyka). Klienci mog\u0105 cieszy\u0107 si\u0119 p\u0142ynnym po\u0142\u0105czeniem od kreatywno\u015bci do gotowych produkt\u00f3w, jednocze\u015bnie polegaj\u0105c na produkcji na du\u017c\u0105 skal\u0119 w celu obni\u017cenia koszt\u00f3w, zapewniaj\u0105c, \u017ce ka\u017cde pude\u0142ko na perfumy ma zar\u00f3wno luksusow\u0105 tekstur\u0119, jak i wydajno\u015b\u0107 klasy przemys\u0142owej.<\/p>","protected":false},"featured_media":9065,"template":"","meta":[],"product_brand":[],"product_cat":[30,417,424,31],"product_tag":[498,342,1058],"class_list":{"0":"post-9064","1":"product","2":"type-product","3":"status-publish","4":"has-post-thumbnail","6":"product_cat-by-industry","7":"product_cat-custom-perfume-boxes-by-industry","8":"product_cat-magnetic-closure-boxes","9":"product_cat-paper-box-style","10":"product_tag-custom-perfume-packaging","11":"product_tag-perfume-gift-box","12":"product_tag-perfume-packaging","14":"first","15":"instock","16":"shipping-taxable","17":"product-type-simple"},"_links":{"self":[{"href":"https:\/\/zojopackaging.com\/pl\/wp-json\/wp\/v2\/product\/9064","targetHints":{"allow":["GET"]}}],"collection":[{"href":"https:\/\/zojopackaging.com\/pl\/wp-json\/wp\/v2\/product"}],"about":[{"href":"https:\/\/zojopackaging.com\/pl\/wp-json\/wp\/v2\/types\/product"}],"version-history":[{"count":1,"href":"https:\/\/zojopackaging.com\/pl\/wp-json\/wp\/v2\/product\/9064\/revisions"}],"predecessor-version":[{"id":9071,"href":"https:\/\/zojopackaging.com\/pl\/wp-json\/wp\/v2\/product\/9064\/revisions\/9071"}],"wp:featuredmedia":[{"embeddable":true,"href":"https:\/\/zojopackaging.com\/pl\/wp-json\/wp\/v2\/media\/9065"}],"wp:attachment":[{"href":"https:\/\/zojopackaging.com\/pl\/wp-json\/wp\/v2\/media?parent=9064"}],"wp:term":[{"taxonomy":"product_brand","embeddable":true,"href":"https:\/\/zojopackaging.com\/pl\/wp-json\/wp\/v2\/product_brand?post=9064"},{"taxonomy":"product_cat","embeddable":true,"href":"https:\/\/zojopackaging.com\/pl\/wp-json\/wp\/v2\/product_cat?post=9064"},{"taxonomy":"product_tag","embeddable":true,"href":"https:\/\/zojopackaging.com\/pl\/wp-json\/wp\/v2\/product_tag?post=9064"}],"curies":[{"name":"wp","href":"https:\/\/api.w.org\/{rel}","templated":true}]}}