{"id":9072,"date":"2025-04-01T10:14:11","date_gmt":"2025-04-01T02:14:11","guid":{"rendered":"https:\/\/zojopackaging.com\/?post_type=product&#038;p=9072"},"modified":"2025-04-01T10:24:16","modified_gmt":"2025-04-01T02:24:16","slug":"luxury-custom-cosmetic-skin-care-packaging-boxes-wholesale","status":"publish","type":"product","link":"https:\/\/zojopackaging.com\/pl\/product\/luxury-custom-cosmetic-skin-care-packaging-boxes-wholesale\/","title":{"rendered":"Luksusowe niestandardowe opakowania kosmetyczne do piel\u0119gnacji sk\u00f3ry hurtowo"},"content":{"rendered":"<h2 id=\"-product-features-and-core-advantages-\"><strong>Cechy produktu i jego g\u0142\u00f3wne zalety<\/strong><\/h2>\n<ol>\n<li><strong>Sk\u0142adana, p\u0142aska konstrukcja, wydajny transport i redukcja koszt\u00f3w<\/strong>\u00a0Innowacyjna sk\u0142adana struktura mo\u017ce zosta\u0107 sp\u0142aszczona do 1\/5 pierwotnej obj\u0119to\u015bci podczas transportu, znacznie zmniejszaj\u0105c zajmowan\u0105 przestrze\u0144 transportow\u0105 i redukuj\u0105c koszty logistyczne. Na przyk\u0142ad, podobnie do logiki optymalizacji sk\u0142adanych pojemnik\u00f3w, to opakowanie nadaje si\u0119 do standardowego za\u0142adunku palet po z\u0142o\u017ceniu, zmniejszaj\u0105c koszt zwrotu pustego pude\u0142ka i oszcz\u0119dzaj\u0105c ponad 20% koszt\u00f3w transportu.<\/li>\n<li><strong>Magnetyczne zamkni\u0119cie, wygodne i przyjemne<\/strong>\u00a0Pokrywa ma wbudowany precyzyjny element magnetyczny, kt\u00f3ry otwiera si\u0119 i zamyka p\u0142ynnie i pewnie, daj\u0105c u\u017cytkownikom \"poczucie rytua\u0142u\". Na przyk\u0142ad po tym, jak pewna **marka kosmetyczna przyj\u0119\u0142a to samo magnetyczne pude\u0142ko upominkowe, klienci zg\u0142osili, \u017ce wygoda otwierania wzros\u0142a o 50%, a wska\u017anik odkupu znacznie wzr\u00f3s\u0142.<\/li>\n<li><strong>Ca\u0142kowicie czarna obudowa + proces t\u0142oczenia na gor\u0105co, interpretuj\u0105cy luksusow\u0105 estetyk\u0119<\/strong>\u00a0Korpus pude\u0142ka wykorzystuje matow\u0105 czarn\u0105 tektur\u0119 lub sk\u00f3r\u0119 PU, w po\u0142\u0105czeniu z 24-karatowym prawdziwym z\u0142otem t\u0142oczonym na gor\u0105co, prezentuj\u0105c stonowany i luksusowy efekt wizualny. Logo t\u0142oczone na gor\u0105co za\u0142amuje po\u0142ysk pod r\u00f3\u017cnymi k\u0105tami padania \u015bwiat\u0142a, wzmacniaj\u0105c rozpoznawalno\u015b\u0107 marki i dostosowuj\u0105c si\u0119 do pozycjonowania wysokiej klasy kosmetyk\u00f3w.<\/li>\n<li><strong>Wysoce spersonalizowana us\u0142uga, precyzyjne dopasowanie do potrzeb produktu<\/strong><\/li>\n<li><strong>Dostosowanie rozmiaru<\/strong>: Obs\u0142uguje precyzyjne dostosowanie na poziomie 0,5 cm, idealnie pasuje do produkt\u00f3w o specjalnych kszta\u0142tach, takich jak wciskany lakier do paznokci i liofilizowany proszek, oraz zmniejsza marnotrawstwo wewn\u0119trznej przestrzeni opakowania.<\/li>\n<li><strong>Materia\u0142 i proces<\/strong>: Opcjonalny bia\u0142y karton, z\u0142oty i srebrny karton, specjalna sk\u00f3ra i inne materia\u0142y, w po\u0142\u0105czeniu z drukiem UV, wyt\u0142aczaniem, laserem i innymi procesami, aby zaspokoi\u0107 potrzeby zr\u00f3\u017cnicowanego wizerunku marki.<\/li>\n<li><strong>Kolor i struktura<\/strong>: Mo\u017cliwo\u015b\u0107 dostosowania kolor\u00f3w specjalnych Pantone, obs\u0142uga wielu typ\u00f3w pude\u0142ek, takich jak pokrywa g\u00f3rna i dolna, typ szuflady, pokrywa magnetyczna itp. z uwzgl\u0119dnieniem funkcjonalno\u015bci i wygl\u0105du.<\/li>\n<li><strong>Bezpo\u015brednia dostawa z fabryki \u017ar\u00f3d\u0142owej, podw\u00f3jna gwarancja jako\u015bci i wydajno\u015bci kosztowej<\/strong>\u00a0Jako wysokiej klasy producent opakowa\u0144 w Chinach, posiada 2000 metr\u00f3w kwadratowych znormalizowanych budynk\u00f3w fabrycznych i profesjonalny zesp\u00f3\u0142 50 os\u00f3b, integruj\u0105c zasoby \u0142a\u0144cucha dostaw, aby osi\u0105gn\u0105\u0107 15-20 dni niezwykle szybkiej dostawy od projektu do masowej produkcji. Dzi\u0119ki produkcji na du\u017c\u0105 skal\u0119 i wyrafinowanemu zarz\u0105dzaniu cena jest 15%-30% ni\u017csza ni\u017c na rynku przy tej samej jako\u015bci.<\/li>\n<\/ol>","protected":false},"excerpt":{"rendered":"<p><strong>Podw\u00f3jne zalety \"sk\u0142adanej konstrukcji + bezpo\u015bredniej dostawy z fabryki \u017ar\u00f3d\u0142owej\"<\/strong>: Dzi\u0119ki transportowi p\u0142askiemu koszty logistyczne s\u0105 zmniejszone o 30%, a bezpo\u015brednie zaopatrzenie fabryki w surowce i produkcja na du\u017c\u0105 skal\u0119 s\u0105 po\u0142\u0105czone w celu osi\u0105gni\u0119cia ceny jednostkowej opakowania ko\u0144cowego ni\u017cszej ni\u017c \u015brednia w bran\u017cy. Jednocze\u015bnie gwarantowana jest standardowa kontrola jako\u015bci ISO i mo\u017cliwo\u015bci dostawy na miejscu w ci\u0105gu 48-72 godzin, zapewniaj\u0105c klientom kompleksowe rozwi\u0105zanie\u00a0<strong>\"Wysoka wydajno\u015b\u0107 bez uszczerbku dla jako\u015bci\"<\/strong>.<\/p>","protected":false},"featured_media":9076,"template":"","meta":[],"product_brand":[],"product_cat":[30,414,424,31],"product_tag":[1059,1061,1060],"class_list":{"0":"post-9072","1":"product","2":"type-product","3":"status-publish","4":"has-post-thumbnail","6":"product_cat-by-industry","7":"product_cat-custom-apparel-boxes","8":"product_cat-magnetic-closure-boxes","9":"product_cat-paper-box-style","10":"product_tag-cosmetic-packaging","11":"product_tag-custom-cosmetic-boxes-wholesale","12":"product_tag-skin-care-packaging-boxes","14":"first","15":"instock","16":"shipping-taxable","17":"product-type-simple"},"_links":{"self":[{"href":"https:\/\/zojopackaging.com\/pl\/wp-json\/wp\/v2\/product\/9072","targetHints":{"allow":["GET"]}}],"collection":[{"href":"https:\/\/zojopackaging.com\/pl\/wp-json\/wp\/v2\/product"}],"about":[{"href":"https:\/\/zojopackaging.com\/pl\/wp-json\/wp\/v2\/types\/product"}],"version-history":[{"count":1,"href":"https:\/\/zojopackaging.com\/pl\/wp-json\/wp\/v2\/product\/9072\/revisions"}],"predecessor-version":[{"id":9079,"href":"https:\/\/zojopackaging.com\/pl\/wp-json\/wp\/v2\/product\/9072\/revisions\/9079"}],"wp:featuredmedia":[{"embeddable":true,"href":"https:\/\/zojopackaging.com\/pl\/wp-json\/wp\/v2\/media\/9076"}],"wp:attachment":[{"href":"https:\/\/zojopackaging.com\/pl\/wp-json\/wp\/v2\/media?parent=9072"}],"wp:term":[{"taxonomy":"product_brand","embeddable":true,"href":"https:\/\/zojopackaging.com\/pl\/wp-json\/wp\/v2\/product_brand?post=9072"},{"taxonomy":"product_cat","embeddable":true,"href":"https:\/\/zojopackaging.com\/pl\/wp-json\/wp\/v2\/product_cat?post=9072"},{"taxonomy":"product_tag","embeddable":true,"href":"https:\/\/zojopackaging.com\/pl\/wp-json\/wp\/v2\/product_tag?post=9072"}],"curies":[{"name":"wp","href":"https:\/\/api.w.org\/{rel}","templated":true}]}}