{"id":9080,"date":"2025-04-01T10:24:32","date_gmt":"2025-04-01T02:24:32","guid":{"rendered":"https:\/\/zojopackaging.com\/?post_type=product&#038;p=9080"},"modified":"2025-04-01T10:36:15","modified_gmt":"2025-04-01T02:36:15","slug":"luxury-custom-logo-printed-apparel-clothing-packaging-box","status":"publish","type":"product","link":"https:\/\/zojopackaging.com\/pl\/product\/luxury-custom-logo-printed-apparel-clothing-packaging-box\/","title":{"rendered":"Luksusowe opakowanie na odzie\u017c z nadrukowanym logo"},"content":{"rendered":"<h2 id=\"1-foldable-flat-design-to-optimize-transportation-efficiency-\">1. Sk\u0142adany<strong>\u00a0P\u0142aska konstrukcja optymalizuj\u0105ca wydajno\u015b\u0107 transportu<\/strong><\/h2>\n<p>Dzi\u0119ki zastosowaniu innowacyjnej sk\u0142adanej struktury, grubo\u015b\u0107 pustego pude\u0142ka po z\u0142o\u017ceniu wynosi tylko 25% oryginalnego rozmiaru, co znacznie oszcz\u0119dza miejsce do przechowywania i transportu. Dzi\u0119ki zastosowaniu wytrzyma\u0142ego materia\u0142u kartonowego o gramaturze 1200 g, zapewnia on odporno\u015b\u0107 na nacisk i wstrz\u0105sy podczas transportu oraz zmniejsza wsp\u00f3\u0142czynnik p\u0119kni\u0119\u0107. P\u0142aski tryb wysy\u0142ki mo\u017ce obni\u017cy\u0107 koszty logistyczne o ponad 40% i jest odpowiedni dla r\u00f3\u017cnych scenariuszy transportu, takich jak transport morski i lotniczy.<\/p>\n<h2 id=\"2-magnetic-flip-top-fun-opening-and-closing-\">2.\u00a0<strong>Pude\u0142ka z zamkni\u0119ciem magnetycznym<\/strong><\/h2>\n<p>Pokrywa ma wbudowane silne urz\u0105dzenie magnetyczne (si\u0142a magnetyczna ponad 5 N), kt\u00f3re mo\u017cna \u0142atwo otwiera\u0107 i zamyka\u0107 jedn\u0105 r\u0119k\u0105, czemu towarzyszy wyra\u017any efekt d\u017awi\u0119kowy adsorpcji, kt\u00f3ry zwi\u0119ksza poczucie rytua\u0142u rozpakowywania. Struktura magnetyczna ma ukryt\u0105 konstrukcj\u0119, a powierzchnia jest pokryta papierem powlekanym C2S o gramaturze 157 g, kt\u00f3ry jest delikatny w dotyku i nie wp\u0142ywa na efekt drukowania. W por\u00f3wnaniu z tradycyjnym opakowaniem zatrzaskowym, konstrukcja magnetyczna mo\u017ce zmniejszy\u0107 straty zwi\u0105zane z wielokrotnym otwieraniem i zamykaniem o 30%.<\/p>\n<h2 id=\"3-full-dimensional-color-management-system-\">3.\u00a0<strong>Pe\u0142nowymiarowy system zarz\u0105dzania kolorami<\/strong><\/h2>\n<p>Zapewniamy kolory dodatkowe Pantone, druk czterokolorowy i procesy gradientu metalu oraz wspieramy dostosowywanie g\u0142\u00f3wnych kolor\u00f3w zgodnie z tonem marki:<\/p>\n<ul>\n<li><strong>Rynek high-end<\/strong>poz\u0142acany\/per\u0142owy bia\u0142y\/obsydianowy czarny, z procesem t\u0142oczenia na gor\u0105co\/wyt\u0142aczania UV<\/li>\n<li><strong>M\u0142ody trend<\/strong>fluorescencyjny pomara\u0144czowy\/elektrooptyczny niebieski, wykorzystuj\u0105cy technologi\u0119 druku stereo 3D<\/li>\n<li><strong>Koncepcja ochrony \u015brodowiska<\/strong>oryginalny kolor drewna, nadrukowany tuszem sojowym i oznaczony logo certyfikacji \u015brodowiskowej FSC<\/li>\n<\/ul>\n<h2 id=\"4-aesthetic-details-strengthen-brand-recognition-\">4.\u00a0<strong>Estetyczne detale wzmacniaj\u0105 rozpoznawalno\u015b\u0107 marki<\/strong><\/h2>\n<ul>\n<li><strong>Akcesoria do wst\u0105\u017cek<\/strong>opcjonalnie jedwab, prz\u0119dza \u015bnie\u017cna lub materia\u0142y poliestrowe z recyklingu, obs\u0142uga grawerowania laserowego LOGO marki<\/li>\n<li><strong>Konstrukcja podszewki<\/strong>: 3 mm warstwa buforowa EVA + flokowana tkanina, ochrona odzie\u017cy bez zagniece\u0144, wbudowana karta historii marki<\/li>\n<li><strong>Obr\u00f3bka powierzchni<\/strong>matowa\/b\u0142yszcz\u0105ca\/taktyczna pow\u0142oka teksturowa, odporna na odciski palc\u00f3w i zarysowania<\/li>\n<\/ul>\n<h2 id=\"5-full-link-deep-customization-service-\">5.\u00a0<strong>Us\u0142uga g\u0142\u0119bokiego dostosowywania pe\u0142nego \u0142\u0105cza<\/strong><\/h2>\n<ul>\n<li><strong>Typ pude\u0142ka<\/strong>: Dost\u0119pnych jest 12 typ\u00f3w pude\u0142ek, w tym z g\u00f3rn\u0105 i doln\u0105 pokryw\u0105, pude\u0142ko w kszta\u0142cie ksi\u0105\u017cki, pude\u0142ko z szufladami itp., odpowiednie do r\u00f3\u017cnych form odzie\u017cy, takich jak garnitury, cheongsam, odzie\u017c sportowa itp.<\/li>\n<li><strong>Rozmiar<\/strong>: Obs\u0142uguje pe\u0142ne dostosowanie rozmiaru od 50 \u00d7 30 \u00d7 5 cm do 120 \u00d7 80 \u00d7 25 cm, z b\u0142\u0119dem \u22640,5 mm.<\/li>\n<li><strong>Proces drukowania<\/strong>20 kombinacji efekt\u00f3w, takich jak t\u0142oczenie na zimno, cz\u0119\u015bciowe UV, sitodruk, laser holograficzny itp.<\/li>\n<\/ul>\n<h2 id=\"vii-advantages-of-direct-supply-from-chinese-source-factories-\">6. <strong>Zalety bezpo\u015brednich dostaw z chi\u0144skich fabryk \u017ar\u00f3d\u0142owych<\/strong><\/h2>\n<ul>\n<li><strong>Bezp\u0142atny proofing<\/strong>: Dostawa pr\u00f3bek fizycznych w ci\u0105gu 3-5 dni roboczych<\/li>\n<li><strong>0 juan\u00f3w za projekt<\/strong>: Profesjonalny zesp\u00f3\u0142 zapewnia rozwi\u0105zania integracji VI, AI generuje renderingi 3D<\/li>\n<li><strong>Wycena drabiny<\/strong>: Minimalna ilo\u015b\u0107 zam\u00f3wienia wynosi 500 sztuk, a cena jednostkowa jest 15%-20% ni\u017csza ni\u017c \u015brednia cena rynkowa<\/li>\n<\/ul>","protected":false},"excerpt":{"rendered":"<p>Dzi\u0119ki integracji projektu interakcji magnetycznej, materia\u0142\u00f3w przyjaznych dla \u015brodowiska i w pe\u0142ni powi\u0105zanych us\u0142ug dostosowanych do indywidualnych potrzeb, wsp\u00f3\u0142czynnik konwersji pude\u0142ek opakowaniowych ulega poprawie, dzi\u0119ki czemu proces rozpakowywania przez klienta jest kluczowym punktem styku dla przekazywania warto\u015bci marki. Bior\u0105c za przyk\u0142ad lekk\u0105 luksusow\u0105 mark\u0119 odzie\u017cy damskiej, po zastosowaniu poz\u0142acanych pude\u0142ek magnetycznych + jedwabnych wst\u0105\u017cek, wska\u017anik odkupu wzr\u00f3s\u0142 o 19%, a liczba film\u00f3w z rozpakowywania w mediach spo\u0142eczno\u015bciowych przekroczy\u0142a 5 milion\u00f3w razy.<\/p>","protected":false},"featured_media":9081,"template":"","meta":[],"product_brand":[],"product_cat":[30,414,424,31],"product_tag":[1063,1062,1064],"class_list":{"0":"post-9080","1":"product","2":"type-product","3":"status-publish","4":"has-post-thumbnail","6":"product_cat-by-industry","7":"product_cat-custom-apparel-boxes","8":"product_cat-magnetic-closure-boxes","9":"product_cat-paper-box-style","10":"product_tag-clothing-packaging-box","11":"product_tag-custom-apparel-box","12":"product_tag-luxury-clothing-box","14":"first","15":"instock","16":"shipping-taxable","17":"product-type-simple"},"_links":{"self":[{"href":"https:\/\/zojopackaging.com\/pl\/wp-json\/wp\/v2\/product\/9080","targetHints":{"allow":["GET"]}}],"collection":[{"href":"https:\/\/zojopackaging.com\/pl\/wp-json\/wp\/v2\/product"}],"about":[{"href":"https:\/\/zojopackaging.com\/pl\/wp-json\/wp\/v2\/types\/product"}],"version-history":[{"count":1,"href":"https:\/\/zojopackaging.com\/pl\/wp-json\/wp\/v2\/product\/9080\/revisions"}],"predecessor-version":[{"id":9086,"href":"https:\/\/zojopackaging.com\/pl\/wp-json\/wp\/v2\/product\/9080\/revisions\/9086"}],"wp:featuredmedia":[{"embeddable":true,"href":"https:\/\/zojopackaging.com\/pl\/wp-json\/wp\/v2\/media\/9081"}],"wp:attachment":[{"href":"https:\/\/zojopackaging.com\/pl\/wp-json\/wp\/v2\/media?parent=9080"}],"wp:term":[{"taxonomy":"product_brand","embeddable":true,"href":"https:\/\/zojopackaging.com\/pl\/wp-json\/wp\/v2\/product_brand?post=9080"},{"taxonomy":"product_cat","embeddable":true,"href":"https:\/\/zojopackaging.com\/pl\/wp-json\/wp\/v2\/product_cat?post=9080"},{"taxonomy":"product_tag","embeddable":true,"href":"https:\/\/zojopackaging.com\/pl\/wp-json\/wp\/v2\/product_tag?post=9080"}],"curies":[{"name":"wp","href":"https:\/\/api.w.org\/{rel}","templated":true}]}}