{"id":9087,"date":"2025-04-01T10:36:46","date_gmt":"2025-04-01T02:36:46","guid":{"rendered":"https:\/\/zojopackaging.com\/?post_type=product&#038;p=9087"},"modified":"2025-04-01T10:49:10","modified_gmt":"2025-04-01T02:49:10","slug":"custom-logo-cardboard-sex-bra-lingerie-bikini-packaging-box","status":"publish","type":"product","link":"https:\/\/zojopackaging.com\/pl\/product\/custom-logo-cardboard-sex-bra-lingerie-bikini-packaging-box\/","title":{"rendered":"Niestandardowe logo kartonowe pude\u0142ko na seks biustonosz bielizna bikini"},"content":{"rendered":"<h2 id=\"1-core-design-highlights\">1. Najwa\u017cniejsze cechy projektu<\/h2>\n<ol>\n<li><strong>Wysuwane, wygodne otwieranie i zamykanie<\/strong><\/li>\n<li>Dzi\u0119ki konstrukcji wysuwanej skrzynki, u\u017cytkownicy musz\u0105 jedynie popchn\u0105\u0107 korpus skrzynki, aby j\u0105 otworzy\u0107, co jest p\u0142ynne i pracoch\u0142onne oraz zmniejsza liczb\u0119 etap\u00f3w demonta\u017cu. Wewn\u0119trzna struktura prowadnicy zosta\u0142a precyzyjnie wyregulowana, aby zapewni\u0107 p\u0142ynne otwieranie i zamykanie bez zaci\u0119\u0107. Jednocze\u015bnie, po zamkni\u0119ciu korpus pojemnika jest szczelnie zamkni\u0119ty, aby chroni\u0107 produkt przed \u015bci\u015bni\u0119ciem lub zanieczyszczeniem.<\/li>\n<li><strong>Przezroczyste okno dla intuicyjnego wy\u015bwietlania<\/strong><\/li>\n<li>Powierzchnia pude\u0142ka jest osadzona w przezroczystym akrylowym oknie o wysokiej wytrzyma\u0142o\u015bci, kt\u00f3re mo\u017ce wy\u015bwietla\u0107 styl, kolor i szczeg\u00f3\u0142y materia\u0142u bielizny w 360 \u00b0 bez martwych k\u0105t\u00f3w. Mo\u017cna intuicyjnie poczu\u0107 jako\u015b\u0107 produktu bez rozpakowywania, zmniejszaj\u0105c obawy klient\u00f3w zwi\u0105zane z zakupem. Kraw\u0119d\u017a okna wykorzystuje technologi\u0119 ci\u0119cia laserowego, aby unikn\u0105\u0107 zadzior\u00f3w i zwi\u0119kszy\u0107 og\u00f3ln\u0105 wykwintno\u015b\u0107.<\/li>\n<li><strong>Akcesoria do wst\u0105\u017cek zwi\u0119kszaj\u0105 rozpoznawalno\u015b\u0107 marki<\/strong><\/li>\n<li><strong>R\u00f3\u017cowa estetyka lecznicza<\/strong><\/li>\n<li>Og\u00f3lne zastosowanie r\u00f3\u017cowych odcieni o niskim nasyceniu (takich jak r\u00f3\u017cowy kwiat wi\u015bni, koralowy r\u00f3\u017c), z technologi\u0105 gradientu lub cz\u0119\u015bciowym t\u0142oczeniem na gor\u0105co \/ srebrn\u0105 dekoracj\u0105, tworzy romantyczn\u0105 i mi\u0119kk\u0105 atmosfer\u0119 wizualn\u0105, kt\u00f3ra pasuje do emocjonalnych preferencji konsumentek. Podszewka wykorzystuje aksamit lub przyjazny dla \u015brodowiska papier z recyklingu w tym samym kolorze, kt\u00f3ry jest delikatny w dotyku, przyjazny dla \u015brodowiska i nieszkodliwy.<\/li>\n<\/ol>\n<h2 id=\"2-in-depth-customization-service\">2. Dog\u0142\u0119bna us\u0142uga dostosowywania<\/h2>\n<ol>\n<li><strong>Elastyczna personalizacja w pe\u0142nym wymiarze<\/strong><\/li>\n<li><strong>Typ i rozmiar pude\u0142ka<\/strong>: Obs\u0142uguje wiele struktur, takich jak szuflada, pude\u0142ko w kszta\u0142cie ksi\u0105\u017cki oraz g\u00f3rna i dolna pokrywa. Dostosuj przegrod\u0119 podszewki do rodzaju bielizny (np. biustonosz z mi\u0119kkimi miseczkami, bikini ze stalowym wsparciem), dok\u0142adnie dopasuj rozmiar produktu i popraw wykorzystanie przestrzeni.<\/li>\n<li><strong>Materia\u0142 i wykonanie<\/strong>: Opcjonalny przyjazny dla \u015brodowiska bia\u0142y karton, papier artystyczny lub papier specjalny (taki jak folia dotykowa, papier per\u0142owy), powierzchnia mo\u017ce by\u0107 cz\u0119\u015bciowo jasna UV, wyt\u0142aczana, wyt\u0142aczana i inne procesy poprawiaj\u0105ce tekstur\u0119.<\/li>\n<li><strong>Drukowanie i elementy marki<\/strong>: Obs\u0142uga druku cyfrowego, sitodruku lub technologii t\u0142oczenia na gor\u0105co, elastyczna prezentacja logo marki, wzor\u00f3w i copywritingu oraz zapewnienie, \u017ce opakowanie i styl produktu s\u0105 wysoce ujednolicone.<\/li>\n<\/ol>\n<h2 id=\"3-one-stop-professional-guarantee\">3. Kompleksowa gwarancja profesjonalizmu<\/h2>\n<ol>\n<li><strong>16-letnie wsparcie fabryczne<\/strong><\/li>\n<li>Opieraj\u0105c si\u0119 na 16-letnim do\u015bwiadczeniu w bran\u017cy, zapewniamy kompleksowe us\u0142ugi od optymalizacji projektu, potwierdzenia proofingu po masow\u0105 produkcj\u0119, zapewniaj\u0105c 7-dniowy szybki proofing i 30-dniow\u0105 sprawn\u0105 dostaw\u0119. Fabryka jest wyposa\u017cona w inteligentny system \u015bledzenia, kt\u00f3ry monitoruje post\u0119p produkcji w czasie rzeczywistym, aby zapewni\u0107, \u017ce wska\u017anik terminowo\u015bci zam\u00f3wie\u0144 przekracza 99%.<\/li>\n<\/ol>","protected":false},"excerpt":{"rendered":"<p><strong>Kompleksowa, wysoce spersonalizowana us\u0142uga<\/strong>: Jako 16-letnia fabryka \u017ar\u00f3d\u0142owa, g\u0142\u0119boko integrujemy innowacje projektowe i do\u015bwiadczenie produkcyjne i mo\u017cemy dok\u0142adnie dopasowa\u0107 si\u0119 do potrzeb klienta, od struktury pude\u0142ka, projektu wizualnego po szczeg\u00f3\u0142y funkcjonalne. Na przyk\u0142ad, w przypadku w\u0142a\u015bciwo\u015bci podtrzymuj\u0105cych biustonoszy z fiszbinami, mo\u017cna zaprojektowa\u0107 niezale\u017cne szczeliny podszewki, aby zapobiec deformacji; w przypadku prywatnych atrybut\u00f3w seksownej bielizny, nieprzezroczyste okna mog\u0105 by\u0107 wyposa\u017cone w wydr\u0105\u017cone wzory, aby zr\u00f3wnowa\u017cy\u0107 ekspozycj\u0119 i prywatno\u015b\u0107. Kontroluj\u0105c ca\u0142y \u0142a\u0144cuch, zapewniamy, \u017ce opakowanie nie tylko zwi\u0119ksza warto\u015b\u0107 dodan\u0105 produktu, ale tak\u017ce optymalizuje wra\u017cenia u\u017cytkownika, pomagaj\u0105c markom wyr\u00f3\u017cni\u0107 si\u0119 w konkurencji rynkowej<\/p>","protected":false},"featured_media":9088,"template":"","meta":[],"product_brand":[],"product_cat":[30,414,31,426],"product_tag":[1067,1066,1065],"class_list":{"0":"post-9087","1":"product","2":"type-product","3":"status-publish","4":"has-post-thumbnail","6":"product_cat-by-industry","7":"product_cat-custom-apparel-boxes","8":"product_cat-paper-box-style","9":"product_cat-paper-drawer-boxes","10":"product_tag-custom-bikini-packaging","11":"product_tag-lingerie-packaging-box","12":"product_tag-sex-bra-packaging","14":"first","15":"instock","16":"shipping-taxable","17":"product-type-simple"},"_links":{"self":[{"href":"https:\/\/zojopackaging.com\/pl\/wp-json\/wp\/v2\/product\/9087","targetHints":{"allow":["GET"]}}],"collection":[{"href":"https:\/\/zojopackaging.com\/pl\/wp-json\/wp\/v2\/product"}],"about":[{"href":"https:\/\/zojopackaging.com\/pl\/wp-json\/wp\/v2\/types\/product"}],"version-history":[{"count":1,"href":"https:\/\/zojopackaging.com\/pl\/wp-json\/wp\/v2\/product\/9087\/revisions"}],"predecessor-version":[{"id":9094,"href":"https:\/\/zojopackaging.com\/pl\/wp-json\/wp\/v2\/product\/9087\/revisions\/9094"}],"wp:featuredmedia":[{"embeddable":true,"href":"https:\/\/zojopackaging.com\/pl\/wp-json\/wp\/v2\/media\/9088"}],"wp:attachment":[{"href":"https:\/\/zojopackaging.com\/pl\/wp-json\/wp\/v2\/media?parent=9087"}],"wp:term":[{"taxonomy":"product_brand","embeddable":true,"href":"https:\/\/zojopackaging.com\/pl\/wp-json\/wp\/v2\/product_brand?post=9087"},{"taxonomy":"product_cat","embeddable":true,"href":"https:\/\/zojopackaging.com\/pl\/wp-json\/wp\/v2\/product_cat?post=9087"},{"taxonomy":"product_tag","embeddable":true,"href":"https:\/\/zojopackaging.com\/pl\/wp-json\/wp\/v2\/product_tag?post=9087"}],"curies":[{"name":"wp","href":"https:\/\/api.w.org\/{rel}","templated":true}]}}