{"id":9095,"date":"2025-04-01T10:49:17","date_gmt":"2025-04-01T02:49:17","guid":{"rendered":"https:\/\/zojopackaging.com\/?post_type=product&#038;p=9095"},"modified":"2025-04-01T11:07:31","modified_gmt":"2025-04-01T03:07:31","slug":"luxury-visiting-wedding-invitation-greeting-packaging-box","status":"publish","type":"product","link":"https:\/\/zojopackaging.com\/pl\/product\/luxury-visiting-wedding-invitation-greeting-packaging-box\/","title":{"rendered":"Luksusowe opakowanie na zaproszenie na \u015blub i wesele"},"content":{"rendered":"<h2 id=\"-core-design-highlights-\"><strong>Najwa\u017cniejsze cechy konstrukcji<\/strong><\/h2>\n<ol>\n<li><strong>Innowacyjna konstrukcja magnetycznego zamkni\u0119cia<\/strong> Zastosowano magnetyczn\u0105 struktur\u0119 zamkni\u0119cia. Pokrywa i korpus pude\u0142ka s\u0105 zamykane za pomoc\u0105 precyzyjnych magnes\u00f3w. Pude\u0142ko jest lekkie i g\u0142adkie po otwarciu, co daje poczucie ceremonii i zabawy. Elastyczny pasek i spr\u0119\u017cynowa struktura buforowa s\u0105 uzupe\u0142nione wewn\u0105trz, aby zapewni\u0107, \u017ce nie jest \u0142atwo odkszta\u0142ca\u0107 si\u0119 po wielokrotnym otwieraniu i zamykaniu, a jednocze\u015bnie chroni\u0107 list z zaproszeniem w pude\u0142ku przed \u015bci\u015bni\u0119ciem.<\/li>\n<li><strong>Minimalistyczna estetyka i wysokiej jako\u015bci tekstura<\/strong>\u00a0Zewn\u0119trzny korpus pude\u0142ka jest g\u0142\u00f3wnie czysto bia\u0142y, z matow\u0105 lub b\u0142yszcz\u0105c\u0105 powierzchni\u0105, prezentuj\u0105c prosty i klimatyczny styl wizualny. Powierzchnia obs\u0142uguje t\u0142oczenie na gor\u0105co \/ gor\u0105ce srebro, wyt\u0142aczanie, druk UV i inne procesy. Imiona nowo\u017ce\u0144c\u00f3w, \u015blubne LOGO lub romantyczne wzory mo\u017cna dostosowa\u0107, aby pokaza\u0107 spersonalizowane poczucie luksusu.<\/li>\n<\/ol>\n<h2 id=\"-highly-customized-service-\"><strong>Wysoce spersonalizowana us\u0142uga<\/strong><\/h2>\n<ul>\n<li><strong>Elastyczne dostosowanie rozmiaru<\/strong>: Dostosuj podszewk\u0119 opakowania do rozmiaru listu z zaproszeniem (np. 5 * 7 cali, specyfikacje A5 \/ A6 lub specjalne kszta\u0142ty), aby zoptymalizowa\u0107 wykorzystanie przestrzeni i zmniejszy\u0107 nadmiarowo\u015b\u0107.<\/li>\n<li><strong>R\u00f3\u017cnorodny wyb\u00f3r materia\u0142\u00f3w<\/strong>: Oferujemy przyjazny dla \u015brodowiska papier, aksamit, zamsz, akryl i inne materia\u0142y spe\u0142niaj\u0105ce r\u00f3\u017cne potrzeby w zakresie dotyku i ochrony \u015brodowiska. Na przyk\u0142ad aksamitny materia\u0142 mo\u017ce zwi\u0119kszy\u0107 luksus pude\u0142ek na prezenty, podczas gdy akryl nadaje si\u0119 do tworzenia nowoczesnej przezroczystej tekstury.<\/li>\n<li><strong>Kolor i efekt drukowania<\/strong>: Opr\u00f3cz klasycznej bieli, obs\u0142uguje dostosowywanie kolor\u00f3w tematycznych, takich jak czerwony, niebieski i zielony, i mo\u017ce \u0142\u0105czy\u0107 termotransfer, sitodruk i inne technologie, aby prezentowa\u0107 z\u0142o\u017cone efekty, takie jak gradient i relief.<\/li>\n<\/ul>\n<h2 id=\"-professional-production-and-logistics-guarantee-\"><strong>Gwarancja profesjonalnej produkcji i logistyki<\/strong><\/h2>\n<ul>\n<li><strong>16 lat do\u015bwiadczenia w fabryce \u017ar\u00f3de\u0142<\/strong>: G\u0142\u0119boka kultywacja dziedziny opakowa\u0144, zapewniaj\u0105ca kompleksow\u0105 obs\u0142ug\u0119 od projektu, proofingu do masowej produkcji. Obs\u0142uga g\u0142\u0119bokiego dostosowywania, takiego jak drukowanie LOGO i optymalizacja strukturalna, przy minimalnej ilo\u015bci zam\u00f3wienia wynosz\u0105cej zaledwie 100 sztuk, aby spe\u0142ni\u0107 spersonalizowane potrzeby.<\/li>\n<li><strong>Bezproblemowy transport w handlu zagranicznym<\/strong>: Dzi\u0119ki us\u0142udze gwarancji kredytowej Alibaba International Station zapewniamy bezpiecze\u0144stwo p\u0142atno\u015bci i terminowo\u015b\u0107 logistyki. Zastosuj profesjonalne opakowania, takie jak dwuwarstwowe wzmocnione kartony i pianka odporna na wstrz\u0105sy, dostosuj si\u0119 do mi\u0119dzynarodowych standard\u00f3w transportu i obejmij globaln\u0105 dostaw\u0119.<\/li>\n<\/ul>\n<h2 id=\"-application-scenarios-and-added-value-\"><strong>Scenariusze zastosowa\u0144 i warto\u015b\u0107 dodana<\/strong><\/h2>\n<ul>\n<li><strong>Wielofunkcyjne zastosowanie<\/strong>: Mo\u017ce by\u0107 u\u017cywany nie tylko jako pude\u0142ko na zaproszenia \u015blubne, ale tak\u017ce jako pude\u0142ko na pami\u0105tki lub pude\u0142ko do przechowywania pami\u0105tek, aby zwi\u0119kszy\u0107 praktyczno\u015b\u0107.<\/li>\n<li><strong>Koncepcja ochrony \u015brodowiska<\/strong>: Przyjazny dla \u015brodowiska papier z certyfikatem FSC i biodegradowalne materia\u0142y s\u0105 u\u017cywane, aby sprosta\u0107 trendowi zielonych wesel.<\/li>\n<\/ul>\n<p><strong>Proces dostosowywania<\/strong>:<\/p>\n<ol>\n<li>Podaj rozmiar zaproszenia, projekt lub opis \u017c\u0105dania;<\/li>\n<li>Informacje zwrotne w postaci rendering\u00f3w 3D i wycen w ci\u0105gu 3 dni roboczych;<\/li>\n<li>Gotowy produkt zostanie dostarczony w ci\u0105gu 7-15 dni od potwierdzenia, a pr\u00f3bki zostan\u0105 najpierw sprawdzone.<\/li>\n<\/ol>\n<hr \/>\n<p><strong>Wybierz nas, aby doda\u0107 wieczne wspomnienia do swojego \u015blubu z kunsztem!\u00a0<\/strong>(Aby uzyska\u0107 wi\u0119cej przypadk\u00f3w i wycen w czasie rzeczywistym, prosimy o kontakt z dzia\u0142em obs\u0142ugi klienta w celu uzyskania ekskluzywnych rozwi\u0105za\u0144).<\/p>","protected":false},"excerpt":{"rendered":"<p>Papierowe pude\u0142ko wykonane jest z materia\u0142u o wysokiej gramaturze, a jego powierzchnia pokryta jest matow\u0105 foli\u0105 dotykow\u0105, prezentuj\u0105c minimalistyczny, czysto bia\u0142y wygl\u0105d, z konfigurowalnym z\u0142otym\/srebrnym t\u0142oczonym na gor\u0105co LOGO lub wyt\u0142oczonym ciemnym wzorem, kt\u00f3ry zachowuje prostot\u0119 i wielko\u015b\u0107, jednocze\u015bnie podkre\u015blaj\u0105c lekk\u0105, luksusow\u0105 tekstur\u0119.<\/p>","protected":false},"featured_media":9102,"template":"","meta":[],"product_brand":[],"product_cat":[30,413,424,31],"product_tag":[1070,1068,1069],"class_list":{"0":"post-9095","1":"product","2":"type-product","3":"status-publish","4":"has-post-thumbnail","6":"product_cat-by-industry","7":"product_cat-consumer-electronics-boxes","8":"product_cat-magnetic-closure-boxes","9":"product_cat-paper-box-style","10":"product_tag-greeting-packaging-box","11":"product_tag-visiting-invitation-packaging-box","12":"product_tag-wedding-invitation-packaging","14":"first","15":"instock","16":"shipping-taxable","17":"product-type-simple"},"_links":{"self":[{"href":"https:\/\/zojopackaging.com\/pl\/wp-json\/wp\/v2\/product\/9095","targetHints":{"allow":["GET"]}}],"collection":[{"href":"https:\/\/zojopackaging.com\/pl\/wp-json\/wp\/v2\/product"}],"about":[{"href":"https:\/\/zojopackaging.com\/pl\/wp-json\/wp\/v2\/types\/product"}],"version-history":[{"count":1,"href":"https:\/\/zojopackaging.com\/pl\/wp-json\/wp\/v2\/product\/9095\/revisions"}],"predecessor-version":[{"id":9108,"href":"https:\/\/zojopackaging.com\/pl\/wp-json\/wp\/v2\/product\/9095\/revisions\/9108"}],"wp:featuredmedia":[{"embeddable":true,"href":"https:\/\/zojopackaging.com\/pl\/wp-json\/wp\/v2\/media\/9102"}],"wp:attachment":[{"href":"https:\/\/zojopackaging.com\/pl\/wp-json\/wp\/v2\/media?parent=9095"}],"wp:term":[{"taxonomy":"product_brand","embeddable":true,"href":"https:\/\/zojopackaging.com\/pl\/wp-json\/wp\/v2\/product_brand?post=9095"},{"taxonomy":"product_cat","embeddable":true,"href":"https:\/\/zojopackaging.com\/pl\/wp-json\/wp\/v2\/product_cat?post=9095"},{"taxonomy":"product_tag","embeddable":true,"href":"https:\/\/zojopackaging.com\/pl\/wp-json\/wp\/v2\/product_tag?post=9095"}],"curies":[{"name":"wp","href":"https:\/\/api.w.org\/{rel}","templated":true}]}}